{"id":1816,"date":"2024-12-14T07:48:01","date_gmt":"2024-12-14T07:48:01","guid":{"rendered":"https:\/\/mj-clothing.com\/?post_type=product&#038;p=1816"},"modified":"2024-12-17T06:46:30","modified_gmt":"2024-12-17T06:46:30","slug":"black-suede-jacket","status":"publish","type":"product","link":"https:\/\/mj-clothing.com\/de\/manufacturer\/black-suede-jacket\/","title":{"rendered":"Schwarze Wildlederjacke"},"content":{"rendered":"<p data-sourcepos=\"1:1-1:164\">Eine schwarze Wildlederjacke ist ein zeitloses St\u00fcck, das jedes Outfit aufwerten kann. Es ist ein vielseitiges St\u00fcck, das sowohl nach oben als auch nach unten getragen werden kann, was es zu einem Must-Have f\u00fcr jede Garderobe macht.<\/p>\n<h3 data-sourcepos=\"3:1-3:36\"><strong>Warum eine schwarze Wildlederjacke w\u00e4hlen?<\/strong><\/h3>\n<ul data-sourcepos=\"5:1-9:0\">\n<li data-sourcepos=\"5:1-5:76\"><strong>Zeitloser Stil:<\/strong> Schwarzes Wildleder ist ein Klassiker, der nie aus der Mode kommt.<\/li>\n<li data-sourcepos=\"6:1-6:94\"><strong>Vielseitigkeit:<\/strong> Er kann mit Jeans, Chinos oder sogar einem Anzug f\u00fcr einen formelleren Look kombiniert werden.<\/li>\n<li data-sourcepos=\"7:1-7:78\"><strong>Langlebigkeit:<\/strong> Wildleder ist ein robustes Material, das Verschlei\u00dferscheinungen widerstehen kann.<\/li>\n<li data-sourcepos=\"8:1-9:0\"><strong>Ausgefallen:<\/strong> Schwarzes Wildleder verleiht jedem Outfit einen Hauch von Sch\u00e4rfe.<\/li>\n<\/ul>\n<h3 data-sourcepos=\"10:1-10:38\"><strong>Wie man eine schwarze Wildlederjacke stylt:<\/strong><\/h3>\n<ul data-sourcepos=\"12:1-16:0\">\n<li data-sourcepos=\"12:1-12:84\"><strong>L\u00e4ssiger Look:<\/strong> Kombinieren Sie es mit Jeans, einem T-Shirt und Sneakers f\u00fcr einen l\u00e4ssigen Look.<\/li>\n<li data-sourcepos=\"13:1-13:99\"><strong>Smart Casual:<\/strong> Tragen Sie ihn zu Chinos, einem Hemd mit Knopfleiste und Slippern f\u00fcr einen eleganten Look.<\/li>\n<li data-sourcepos=\"14:1-14:95\"><strong>Ausgefallener Look:<\/strong> Kombinieren Sie es mit einer Lederhose, einem grafischen T-Shirt und Stiefeln f\u00fcr einen Rock-and-Roll-Look.<\/li>\n<li data-sourcepos=\"15:1-16:0\"><strong>Formeller Look:<\/strong> Tragen Sie ihn \u00fcber einer Anzugsjacke, um der formellen Kleidung eine besondere Note zu verleihen.<\/li>\n<\/ul>\n<h3 data-sourcepos=\"17:1-17:43\"><strong>Tipps f\u00fcr die Wahl einer schwarzen Wildlederjacke:<\/strong><\/h3>\n<ul data-sourcepos=\"19:1-22:0\">\n<li data-sourcepos=\"19:1-19:71\"><strong>Passen:<\/strong> W\u00e4hlen Sie eine Jacke, die gut sitzt und Ihrer K\u00f6rperform schmeichelt.<\/li>\n<li data-sourcepos=\"20:1-20:78\"><strong>Material:<\/strong> Achten Sie auf ein hochwertiges Wildleder, das langlebig und bequem ist.<\/li>\n<li data-sourcepos=\"21:1-22:0\"><strong>Stil:<\/strong> Ber\u00fccksichtigen Sie Ihren pers\u00f6nlichen Stil und w\u00e4hlen Sie eine Jacke, die Ihrem Geschmack entspricht.<\/li>\n<\/ul>","protected":false},"excerpt":{"rendered":"<table style=\"height: 494px;\" width=\"458\">\n<tbody>\n<tr>\n<td width=\"146\"><strong><b>Produkt<\/b><\/strong>\u00a0<strong><b>Name:<\/b><\/strong><\/td>\n<td width=\"601\"><strong>Schwarze Wildlederjacke<\/strong><\/td>\n<\/tr>\n<tr>\n<td width=\"146\"><strong><b>Materlal:<\/b><\/strong><\/td>\n<td width=\"601\">Polyester\/Baumwolle<\/td>\n<\/tr>\n<tr>\n<td width=\"146\"><strong><b>Die Technik:<\/b><\/strong><\/td>\n<td width=\"601\">Wolle<\/td>\n<\/tr>\n<tr>\n<td width=\"146\"><strong><b>Stil:<\/b><\/strong><\/td>\n<td width=\"601\">L\u00e4ssig<\/td>\n<\/tr>\n<tr>\n<td width=\"146\"><strong><b>Farbe<\/b><\/strong><strong><b>:<\/b><\/strong><\/td>\n<td width=\"601\">\u00a0Benutzerdefinierte Farben<\/td>\n<\/tr>\n<tr>\n<td width=\"146\"><strong><b>Gr\u00f6\u00dfe:<\/b><\/strong><\/td>\n<td width=\"601\">S \/M \/L \/XL \/2XL<\/td>\n<\/tr>\n<tr>\n<td width=\"146\"><strong><b>OEM\/ODM:<\/b><\/strong><\/td>\n<td width=\"601\">Annehmbar<\/td>\n<\/tr>\n<tr>\n<td width=\"146\"><strong><b>Qualit\u00e4t:<\/b><\/strong><\/td>\n<td width=\"601\">100% Hohe Qualit\u00e4t<\/td>\n<\/tr>\n<tr>\n<td width=\"146\"><strong><b>M<\/b><\/strong><strong><b>OQ:<\/b><\/strong><\/td>\n<td width=\"601\">200 St\u00fcck<\/td>\n<\/tr>\n<\/tbody>\n<\/table>","protected":false},"featured_media":1817,"template":"","meta":[],"product_brand":[],"product_cat":[38],"product_tag":[],"class_list":{"0":"post-1816","1":"product","2":"type-product","3":"status-publish","4":"has-post-thumbnail","6":"product_cat-mens-clothing","8":"first","9":"instock","10":"shipping-taxable","11":"product-type-simple"},"_links":{"self":[{"href":"https:\/\/mj-clothing.com\/de\/wp-json\/wp\/v2\/product\/1816","targetHints":{"allow":["GET"]}}],"collection":[{"href":"https:\/\/mj-clothing.com\/de\/wp-json\/wp\/v2\/product"}],"about":[{"href":"https:\/\/mj-clothing.com\/de\/wp-json\/wp\/v2\/types\/product"}],"wp:featuredmedia":[{"embeddable":true,"href":"https:\/\/mj-clothing.com\/de\/wp-json\/wp\/v2\/media\/1817"}],"wp:attachment":[{"href":"https:\/\/mj-clothing.com\/de\/wp-json\/wp\/v2\/media?parent=1816"}],"wp:term":[{"taxonomy":"product_brand","embeddable":true,"href":"https:\/\/mj-clothing.com\/de\/wp-json\/wp\/v2\/product_brand?post=1816"},{"taxonomy":"product_cat","embeddable":true,"href":"https:\/\/mj-clothing.com\/de\/wp-json\/wp\/v2\/product_cat?post=1816"},{"taxonomy":"product_tag","embeddable":true,"href":"https:\/\/mj-clothing.com\/de\/wp-json\/wp\/v2\/product_tag?post=1816"}],"curies":[{"name":"wp","href":"https:\/\/api.w.org\/{rel}","templated":true}]}}