{"id":1819,"date":"2024-12-14T07:53:41","date_gmt":"2024-12-14T07:53:41","guid":{"rendered":"https:\/\/mj-clothing.com\/?post_type=product&#038;p=1819"},"modified":"2024-12-17T06:39:12","modified_gmt":"2024-12-17T06:39:12","slug":"royal-blue-jacket","status":"publish","type":"product","link":"https:\/\/mj-clothing.com\/de\/manufacturer\/royal-blue-jacket\/","title":{"rendered":"K\u00f6nigsblaue Jacke"},"content":{"rendered":"<p data-sourcepos=\"1:1-1:164\">Eine k\u00f6nigsblaue Jacke ist ein vielseitiges St\u00fcck, das jedes Outfit aufwerten kann. Es ist eine satte, leuchtende Farbe, die Ihrer Garderobe einen Hauch von Raffinesse und Stil verleihen kann.<\/p>\n<h3 data-sourcepos=\"3:1-3:35\"><strong>Warum eine k\u00f6nigsblaue Jacke w\u00e4hlen?<\/strong><\/h3>\n<ul data-sourcepos=\"5:1-8:0\">\n<li data-sourcepos=\"5:1-5:106\"><strong>Vielseitigkeit:<\/strong> Eine k\u00f6nigsblaue Jacke l\u00e4sst sich sowohl nach oben als auch nach unten tragen und eignet sich somit f\u00fcr verschiedene Anl\u00e4sse.<\/li>\n<li data-sourcepos=\"6:1-6:72\"><strong>Raffinesse:<\/strong> Die satte Farbe verleiht ihm einen Hauch von Eleganz und Klasse.<\/li>\n<li data-sourcepos=\"7:1-8:0\"><strong>Einzigartiger Stil:<\/strong> Sie hebt sich von der Masse ab und setzt ein deutliches Zeichen.<\/li>\n<\/ul>\n<h3 data-sourcepos=\"9:1-9:37\"><strong>Wie man eine k\u00f6nigsblaue Jacke stylt:<\/strong><\/h3>\n<ul data-sourcepos=\"11:1-14:0\">\n<li data-sourcepos=\"11:1-11:77\"><strong>L\u00e4ssig:<\/strong> Kombinieren Sie es mit Jeans, einem T-Shirt und Sneakers f\u00fcr einen entspannten Look.<\/li>\n<li data-sourcepos=\"12:1-12:96\"><strong>Smart Casual:<\/strong> Tragen Sie ihn zu Chinos, einem Hemd mit Knopfleiste und Loafers f\u00fcr ein elegantes Outfit.<\/li>\n<li data-sourcepos=\"13:1-14:0\"><strong>Formell:<\/strong> Tragen Sie ihn \u00fcber einer Anzugsjacke, um der formellen Kleidung eine besondere Note zu verleihen.<\/li>\n<\/ul>\n<h3 data-sourcepos=\"15:1-15:42\"><strong>Tipps f\u00fcr die Wahl einer k\u00f6nigsblauen Jacke:<\/strong><\/h3>\n<ul data-sourcepos=\"17:1-20:0\">\n<li data-sourcepos=\"17:1-17:154\"><strong>Material:<\/strong> Achten Sie auf das Material, denn es beeinflusst die W\u00e4rmeleistung, die Haltbarkeit und das Aussehen der Jacke. Wolle, Baumwolle und Leder sind beliebte Materialien.<\/li>\n<li data-sourcepos=\"18:1-18:71\"><strong>Passen:<\/strong> W\u00e4hlen Sie eine Jacke, die gut sitzt und Ihrer K\u00f6rperform schmeichelt.<\/li>\n<li data-sourcepos=\"19:1-20:0\"><strong>Stil:<\/strong> W\u00e4hlen Sie einen Stil, der Ihrem pers\u00f6nlichen Geschmack entspricht, z. B. eine Bomberjacke, eine Feldjacke oder einen Blazer.<\/li>\n<\/ul>","protected":false},"excerpt":{"rendered":"<table style=\"height: 563px;\" width=\"468\">\n<tbody>\n<tr>\n<td width=\"146\"><strong><b>Produkt<\/b><\/strong>\u00a0<strong><b>Name:<\/b><\/strong><\/td>\n<td width=\"601\"><strong>K\u00f6nigsblaue Jacke<\/strong><\/td>\n<\/tr>\n<tr>\n<td width=\"146\"><strong><b>Materlal:<\/b><\/strong><\/td>\n<td width=\"601\">Polyester\/Baumwolle<\/td>\n<\/tr>\n<tr>\n<td width=\"146\"><strong><b>Die Technik:<\/b><\/strong><\/td>\n<td width=\"601\">Einfarbige Baumwolle<\/td>\n<\/tr>\n<tr>\n<td width=\"146\"><strong><b>Stil:<\/b><\/strong><\/td>\n<td width=\"601\">L\u00e4ssig<\/td>\n<\/tr>\n<tr>\n<td width=\"146\"><strong><b>Farbe<\/b><\/strong><strong><b>:<\/b><\/strong><\/td>\n<td width=\"601\">\u00a0Benutzerdefinierte Farben<\/td>\n<\/tr>\n<tr>\n<td width=\"146\"><strong><b>Gr\u00f6\u00dfe:<\/b><\/strong><\/td>\n<td width=\"601\">S \/M \/L \/XL \/2XL<\/td>\n<\/tr>\n<tr>\n<td width=\"146\"><strong><b>OEM\/ODM:<\/b><\/strong><\/td>\n<td width=\"601\">Annehmbar<\/td>\n<\/tr>\n<tr>\n<td width=\"146\"><strong><b>Qualit\u00e4t:<\/b><\/strong><\/td>\n<td width=\"601\">100% Hohe Qualit\u00e4t<\/td>\n<\/tr>\n<tr>\n<td width=\"146\"><strong><b>M<\/b><\/strong><strong><b>OQ:<\/b><\/strong><\/td>\n<td width=\"601\">200 St\u00fcck<\/td>\n<\/tr>\n<\/tbody>\n<\/table>","protected":false},"featured_media":1820,"template":"","meta":[],"product_brand":[],"product_cat":[38],"product_tag":[],"class_list":{"0":"post-1819","1":"product","2":"type-product","3":"status-publish","4":"has-post-thumbnail","6":"product_cat-mens-clothing","8":"first","9":"instock","10":"shipping-taxable","11":"product-type-simple"},"_links":{"self":[{"href":"https:\/\/mj-clothing.com\/de\/wp-json\/wp\/v2\/product\/1819","targetHints":{"allow":["GET"]}}],"collection":[{"href":"https:\/\/mj-clothing.com\/de\/wp-json\/wp\/v2\/product"}],"about":[{"href":"https:\/\/mj-clothing.com\/de\/wp-json\/wp\/v2\/types\/product"}],"wp:featuredmedia":[{"embeddable":true,"href":"https:\/\/mj-clothing.com\/de\/wp-json\/wp\/v2\/media\/1820"}],"wp:attachment":[{"href":"https:\/\/mj-clothing.com\/de\/wp-json\/wp\/v2\/media?parent=1819"}],"wp:term":[{"taxonomy":"product_brand","embeddable":true,"href":"https:\/\/mj-clothing.com\/de\/wp-json\/wp\/v2\/product_brand?post=1819"},{"taxonomy":"product_cat","embeddable":true,"href":"https:\/\/mj-clothing.com\/de\/wp-json\/wp\/v2\/product_cat?post=1819"},{"taxonomy":"product_tag","embeddable":true,"href":"https:\/\/mj-clothing.com\/de\/wp-json\/wp\/v2\/product_tag?post=1819"}],"curies":[{"name":"wp","href":"https:\/\/api.w.org\/{rel}","templated":true}]}}