{"id":1825,"date":"2024-12-16T02:30:24","date_gmt":"2024-12-16T02:30:24","guid":{"rendered":"https:\/\/mj-clothing.com\/?post_type=product&#038;p=1825"},"modified":"2024-12-17T06:30:13","modified_gmt":"2024-12-17T06:30:13","slug":"alchemai-hoodie","status":"publish","type":"product","link":"https:\/\/mj-clothing.com\/de\/manufacturer\/alchemai-hoodie\/","title":{"rendered":"Alchemai Hoodie"},"content":{"rendered":"<h3 data-sourcepos=\"1:1-1:266\">Alchemai Hoodie<\/h3>\n<p data-sourcepos=\"1:1-1:266\">Der Alchemai Hoodie ist ein stilvolles und bequemes Kleidungsst\u00fcck, das sich perfekt f\u00fcr den Alltag eignet. Er besteht aus hochwertigen Materialien und ist in einer Vielzahl von Farben erh\u00e4ltlich. Der Hoodie ist au\u00dferdem sehr erschwinglich, was ihn zu einer gro\u00dfartigen Option f\u00fcr Menschen mit kleinem Budget macht.<\/p>\n<p data-sourcepos=\"3:1-3:57\">Hier sind einige der wichtigsten Merkmale des Alchemai Hoodie:<\/p>\n<ul data-sourcepos=\"5:1-10:0\">\n<li data-sourcepos=\"5:1-5:153\"><strong>Hergestellt aus hochwertigen Materialien:<\/strong> Der Kapuzenpulli ist aus einem weichen und bequemen Fleecematerial gefertigt, das an kalten Tagen perfekt w\u00e4rmt.<\/li>\n<li data-sourcepos=\"6:1-6:122\"><strong>Erh\u00e4ltlich in einer Vielzahl von Farben:<\/strong> Sie k\u00f6nnen aus einer Vielzahl von Farben w\u00e4hlen, um den perfekten Hoodie f\u00fcr Ihren Stil zu finden.<\/li>\n<li data-sourcepos=\"7:1-7:97\"><strong>Erschwinglich:<\/strong> Der Kapuzenpulli ist sehr erschwinglich, was ihn zu einer guten Wahl f\u00fcr Menschen mit kleinem Budget macht.<\/li>\n<li data-sourcepos=\"8:1-8:103\"><strong>Bequem:<\/strong> Der Kapuzenpulli ist dank seines weichen und locker sitzenden Designs sehr angenehm zu tragen.<\/li>\n<li data-sourcepos=\"9:1-10:0\"><strong>Stilvoll:<\/strong> Der Kapuzenpulli ist au\u00dferdem sehr modisch und l\u00e4sst sich sowohl nach oben als auch nach unten tragen.<\/li>\n<\/ul>\n<p data-sourcepos=\"11:1-11:174\">Wenn Sie auf der Suche nach einem modischen und bequemen Kapuzenpullover sind, der auch noch erschwinglich ist, dann ist der Alchemai Hoodie eine gute Wahl. Du kannst ihn online oder bei deinem lokalen H\u00e4ndler finden.<\/p>","protected":false},"excerpt":{"rendered":"<table style=\"height: 538px;\" width=\"470\">\n<tbody>\n<tr>\n<td width=\"146\"><strong><b>Produkt<\/b><\/strong>\u00a0<strong><b>Name:<\/b><\/strong><\/td>\n<td width=\"601\"><strong>Alchemai Hoodie<\/strong><\/td>\n<\/tr>\n<tr>\n<td width=\"146\"><strong><b>Materlal:<\/b><\/strong><\/td>\n<td width=\"601\">Polyester\/Baumwolle<\/td>\n<\/tr>\n<tr>\n<td width=\"146\"><strong><b>Die Technik:<\/b><\/strong><\/td>\n<td width=\"601\">Drucken und F\u00e4rben<\/td>\n<\/tr>\n<tr>\n<td width=\"146\"><strong><b>Stil:<\/b><\/strong><\/td>\n<td width=\"601\">L\u00e4ssig<\/td>\n<\/tr>\n<tr>\n<td width=\"146\"><strong><b>Farbe<\/b><\/strong><strong><b>:<\/b><\/strong><\/td>\n<td width=\"601\">\u00a0Benutzerdefinierte Farben<\/td>\n<\/tr>\n<tr>\n<td width=\"146\"><strong><b>Gr\u00f6\u00dfe:<\/b><\/strong><\/td>\n<td width=\"601\">S \/M \/L \/XL \/2XL<\/td>\n<\/tr>\n<tr>\n<td width=\"146\"><strong><b>OEM\/ODM:<\/b><\/strong><\/td>\n<td width=\"601\">Annehmbar<\/td>\n<\/tr>\n<tr>\n<td width=\"146\"><strong><b>Qualit\u00e4t:<\/b><\/strong><\/td>\n<td width=\"601\">100% Hohe Qualit\u00e4t<\/td>\n<\/tr>\n<tr>\n<td width=\"146\"><strong><b>M<\/b><\/strong><strong><b>OQ:<\/b><\/strong><\/td>\n<td width=\"601\">200 St\u00fcck<\/td>\n<\/tr>\n<\/tbody>\n<\/table>","protected":false},"featured_media":1826,"template":"","meta":[],"product_brand":[],"product_cat":[38],"product_tag":[],"class_list":{"0":"post-1825","1":"product","2":"type-product","3":"status-publish","4":"has-post-thumbnail","6":"product_cat-mens-clothing","8":"first","9":"instock","10":"shipping-taxable","11":"product-type-simple"},"_links":{"self":[{"href":"https:\/\/mj-clothing.com\/de\/wp-json\/wp\/v2\/product\/1825","targetHints":{"allow":["GET"]}}],"collection":[{"href":"https:\/\/mj-clothing.com\/de\/wp-json\/wp\/v2\/product"}],"about":[{"href":"https:\/\/mj-clothing.com\/de\/wp-json\/wp\/v2\/types\/product"}],"wp:featuredmedia":[{"embeddable":true,"href":"https:\/\/mj-clothing.com\/de\/wp-json\/wp\/v2\/media\/1826"}],"wp:attachment":[{"href":"https:\/\/mj-clothing.com\/de\/wp-json\/wp\/v2\/media?parent=1825"}],"wp:term":[{"taxonomy":"product_brand","embeddable":true,"href":"https:\/\/mj-clothing.com\/de\/wp-json\/wp\/v2\/product_brand?post=1825"},{"taxonomy":"product_cat","embeddable":true,"href":"https:\/\/mj-clothing.com\/de\/wp-json\/wp\/v2\/product_cat?post=1825"},{"taxonomy":"product_tag","embeddable":true,"href":"https:\/\/mj-clothing.com\/de\/wp-json\/wp\/v2\/product_tag?post=1825"}],"curies":[{"name":"wp","href":"https:\/\/api.w.org\/{rel}","templated":true}]}}