{"id":1834,"date":"2024-12-16T03:01:13","date_gmt":"2024-12-16T03:01:13","guid":{"rendered":"https:\/\/mj-clothing.com\/?post_type=product&#038;p=1834"},"modified":"2024-12-17T06:27:12","modified_gmt":"2024-12-17T06:27:12","slug":"pullover-hoodie","status":"publish","type":"product","link":"https:\/\/mj-clothing.com\/de\/manufacturer\/pullover-hoodie\/","title":{"rendered":"Pullover Hoodie"},"content":{"rendered":"<p data-sourcepos=\"1:1-1:345\"><span class=\"citation-0 recitation citation-end-0\">Ein Pullover mit Kapuze ist ein l\u00e4ssiges und bequemes Kleidungsst\u00fcck, das sich perfekt f\u00fcr den Alltag eignet.<\/span> <span class=\"citation-1 recitation citation-end-1\">Typische Merkmale sind eine Kapuze, eine K\u00e4ngurutasche sowie elastische B\u00fcndchen an \u00c4rmeln und Bund.<\/span> <span class=\"citation-2 recitation citation-end-2\">Kapuzenpullover sind oft aus weichen und warmen Materialien wie Fleece oder Baumwolle gefertigt und eignen sich daher ideal f\u00fcr k\u00e4lteres Wetter.<\/span><\/p>\n<h3 data-sourcepos=\"3:1-3:38\"><strong>Die wichtigsten Merkmale eines Pullover-Hoodies:<\/strong><\/h3>\n<ul data-sourcepos=\"5:1-9:0\">\n<li data-sourcepos=\"5:1-5:61\"><strong>Kapuze:<\/strong> Bietet W\u00e4rme und Schutz vor den Elementen.<\/li>\n<li data-sourcepos=\"6:1-6:125\"><strong><span class=\"citation-3 recitation\">K\u00e4ngurutasche:<\/span><\/strong><span class=\"citation-3 recitation citation-end-3\"> Eine gro\u00dfe Fronttasche ist ideal, um die H\u00e4nde warm zu halten oder kleine Gegenst\u00e4nde zu transportieren.<\/span><span class=\"button-container hide-from-message-actions ng-star-inserted\"> \u00a0<\/span>\n<div class=\"container ng-tns-c2946245707-75 hide\">\n<div class=\"carousel-container ng-tns-c2946245707-75\"><\/div>\n<\/div>\n<\/li>\n<li data-sourcepos=\"7:1-7:74\"><strong>Elastische B\u00fcndchen an \u00c4rmeln und Saum:<\/strong> Sorgt f\u00fcr einen bequemen und passgenauen Sitz.<\/li>\n<li data-sourcepos=\"8:1-9:0\"><strong><span class=\"citation-4 recitation\">Weiches und warmes Material:<\/span><\/strong><span class=\"citation-4 recitation citation-end-4\"> Oft aus Fleece oder Baumwolle f\u00fcr optimalen Komfort.<\/span>\n<div class=\"container ng-tns-c2946245707-76 hide\">\n<div class=\"carousel-container ng-tns-c2946245707-76\">\n<div class=\"carousel-content ng-tns-c2946245707-76\">\n<div class=\"sources-carousel-source ng-tns-c2946245707-76 hide ng-star-inserted\" data-test-id=\"sources-carousel-source\"><\/div>\n<\/div>\n<\/div>\n<\/div>\n<\/li>\n<\/ul>\n<h3 data-sourcepos=\"10:1-10:35\"><strong>Wie man einen Pullover-Hoodie stylt:<\/strong><\/h3>\n<p data-sourcepos=\"12:1-12:118\"><span class=\"citation-5 recitation citation-end-5\">Kapuzenpullover sind unglaublich vielseitig und k\u00f6nnen auf viele verschiedene Arten gestylt werden.<\/span> Hier sind ein paar Ideen:<\/p>\n<p data-sourcepos=\"12:1-12:118\"><strong>L\u00e4ssig:<\/strong> Kombinieren Sie den Kapuzenpullover mit Jeans und Sneakers f\u00fcr einen entspannten und bequemen Look.<\/p>\n<ul data-sourcepos=\"14:1-18:0\">\n<li data-sourcepos=\"15:1-15:93\"><strong>Sportlich:<\/strong> Tragen Sie einen Pullover-Hoodie mit Jogginghose oder Jogginghose f\u00fcr einen sportlichen und aktiven Look.<\/li>\n<li data-sourcepos=\"16:1-16:92\"><strong>Geschichtet:<\/strong> Ein Pullover-Kapuzenpulli \u00fcber einem T-Shirt oder einem lang\u00e4rmeligen Hemd w\u00e4rmt zus\u00e4tzlich.<\/li>\n<li data-sourcepos=\"17:1-18:0\"><strong>Gepflegt l\u00e4ssig:<\/strong> Kombinieren Sie einen Pullover-Kapuzenpulli mit einer Lederjacke, einer dunklen Jeans und Stiefeln.<\/li>\n<\/ul>\n<h3 data-sourcepos=\"19:1-19:39\"><strong>Beliebte Marken von Pullover-Hoodies:<\/strong><\/h3>\n<ul data-sourcepos=\"21:1-26:0\">\n<li data-sourcepos=\"21:1-21:77\"><strong><span class=\"citation-6 recitation\">Meister:<\/span><\/strong><span class=\"citation-6 recitation citation-end-6\"> Sie sind bekannt f\u00fcr ihre hochwertigen und klassischen Modelle.<\/span><span class=\"button-container hide-from-message-actions ng-star-inserted\"> \u00a0<\/span>\n<div class=\"container ng-tns-c2946245707-78 hide\">\n<div class=\"carousel-container ng-tns-c2946245707-78\"><\/div>\n<\/div>\n<\/li>\n<li data-sourcepos=\"22:1-22:81\"><strong>Nike:<\/strong> Bietet eine gro\u00dfe Auswahl an Kapuzenpullovern in verschiedenen Stilen und Farben.<\/li>\n<li data-sourcepos=\"23:1-23:58\"><strong>Adidas:<\/strong> Bekannt f\u00fcr ihre athletischen und sportlichen Designs.<\/li>\n<li data-sourcepos=\"24:1-24:63\"><strong>H&amp;M:<\/strong> Bietet erschwingliche und trendige Pullover-Hoodies.<\/li>\n<li data-sourcepos=\"25:1-26:0\"><strong>Zara:<\/strong> Bietet stilvolle und modische Pullover-Hoodies.<\/li>\n<\/ul>","protected":false},"excerpt":{"rendered":"<table style=\"height: 508px;\" width=\"446\">\n<tbody>\n<tr>\n<td width=\"146\"><strong><b>Produkt<\/b><\/strong>\u00a0<strong><b>Name:<\/b><\/strong><\/td>\n<td width=\"601\"><strong>Pullover Hoodie<\/strong><\/td>\n<\/tr>\n<tr>\n<td width=\"146\"><strong><b>Materlal:<\/b><\/strong><\/td>\n<td width=\"601\">Polyester\/Baumwolle<\/td>\n<\/tr>\n<tr>\n<td width=\"146\"><strong><b>Die Technik:<\/b><\/strong><\/td>\n<td width=\"601\">Drucken und F\u00e4rben<\/td>\n<\/tr>\n<tr>\n<td width=\"146\"><strong><b>Stil:<\/b><\/strong><\/td>\n<td width=\"601\">L\u00e4ssig<\/td>\n<\/tr>\n<tr>\n<td width=\"146\"><strong><b>Farbe<\/b><\/strong><strong><b>:<\/b><\/strong><\/td>\n<td width=\"601\">\u00a0Benutzerdefinierte Farben<\/td>\n<\/tr>\n<tr>\n<td width=\"146\"><strong><b>Gr\u00f6\u00dfe:<\/b><\/strong><\/td>\n<td width=\"601\">S \/M \/L \/XL \/2XL<\/td>\n<\/tr>\n<tr>\n<td width=\"146\"><strong><b>OEM\/ODM:<\/b><\/strong><\/td>\n<td width=\"601\">Annehmbar<\/td>\n<\/tr>\n<tr>\n<td width=\"146\"><strong><b>Qualit\u00e4t:<\/b><\/strong><\/td>\n<td width=\"601\">100% Hohe Qualit\u00e4t<\/td>\n<\/tr>\n<tr>\n<td width=\"146\"><strong><b>M<\/b><\/strong><strong><b>OQ:<\/b><\/strong><\/td>\n<td width=\"601\">200 St\u00fcck<\/td>\n<\/tr>\n<\/tbody>\n<\/table>","protected":false},"featured_media":1836,"template":"","meta":[],"product_brand":[],"product_cat":[38],"product_tag":[],"class_list":{"0":"post-1834","1":"product","2":"type-product","3":"status-publish","4":"has-post-thumbnail","6":"product_cat-mens-clothing","8":"first","9":"instock","10":"shipping-taxable","11":"product-type-simple"},"_links":{"self":[{"href":"https:\/\/mj-clothing.com\/de\/wp-json\/wp\/v2\/product\/1834","targetHints":{"allow":["GET"]}}],"collection":[{"href":"https:\/\/mj-clothing.com\/de\/wp-json\/wp\/v2\/product"}],"about":[{"href":"https:\/\/mj-clothing.com\/de\/wp-json\/wp\/v2\/types\/product"}],"wp:featuredmedia":[{"embeddable":true,"href":"https:\/\/mj-clothing.com\/de\/wp-json\/wp\/v2\/media\/1836"}],"wp:attachment":[{"href":"https:\/\/mj-clothing.com\/de\/wp-json\/wp\/v2\/media?parent=1834"}],"wp:term":[{"taxonomy":"product_brand","embeddable":true,"href":"https:\/\/mj-clothing.com\/de\/wp-json\/wp\/v2\/product_brand?post=1834"},{"taxonomy":"product_cat","embeddable":true,"href":"https:\/\/mj-clothing.com\/de\/wp-json\/wp\/v2\/product_cat?post=1834"},{"taxonomy":"product_tag","embeddable":true,"href":"https:\/\/mj-clothing.com\/de\/wp-json\/wp\/v2\/product_tag?post=1834"}],"curies":[{"name":"wp","href":"https:\/\/api.w.org\/{rel}","templated":true}]}}