{"id":1843,"date":"2024-12-16T03:21:20","date_gmt":"2024-12-16T03:21:20","guid":{"rendered":"https:\/\/mj-clothing.com\/?post_type=product&#038;p=1843"},"modified":"2024-12-17T06:40:16","modified_gmt":"2024-12-17T06:40:16","slug":"golf-hoodie","status":"publish","type":"product","link":"https:\/\/mj-clothing.com\/de\/manufacturer\/golf-hoodie\/","title":{"rendered":"Golf-Hoodie"},"content":{"rendered":"<p data-sourcepos=\"1:1-1:192\">Ein Golf-Kapuzenpullover ist eine Art von Sportbekleidung, die speziell f\u00fcr Golfer entwickelt wurde und den Komfort und die W\u00e4rme eines traditionellen Kapuzenpullovers mit Leistungsmerkmalen f\u00fcr den Golfplatz kombiniert.<\/p>\n<h3 data-sourcepos=\"3:1-3:34\"><strong>Die wichtigsten Merkmale eines Golf-Hoodies:<\/strong><\/h3>\n<ul data-sourcepos=\"5:1-10:0\">\n<li data-sourcepos=\"5:1-5:283\"><strong>Leistungsstarke Stoffe:<\/strong> Golf-Kapuzenpullis werden h\u00e4ufig aus Hochleistungsstoffen wie Polyester oder einer Mischung aus Polyester und Baumwolle hergestellt. Diese Stoffe sind feuchtigkeitsableitend, atmungsaktiv und dehnbar und sorgen daf\u00fcr, dass Golferinnen und Golfer w\u00e4hrend ihres Schwungs trocken und komfortabel bleiben und nicht eingeschr\u00e4nkt werden.<\/li>\n<li data-sourcepos=\"6:1-6:207\"><strong>Wetterbest\u00e4ndigkeit:<\/strong> Viele Golf-Hoodies sind wasserfest oder wasserabweisend und sch\u00fctzen den Golfer vor leichtem Regen oder Nieselregen. Einige verf\u00fcgen auch \u00fcber eine W\u00e4rmeisolierung, um Golfer bei k\u00e4lterem Wetter warm zu halten.<\/li>\n<li data-sourcepos=\"7:1-7:100\"><strong>Sonnenschutz:<\/strong> Einige Golf-Hoodies bieten UV-Schutz, um Golfer vor sch\u00e4dlichen Sonnenstrahlen zu sch\u00fctzen.<\/li>\n<li data-sourcepos=\"8:1-8:162\"><strong>Funktionelles Design:<\/strong> Golf-Kapuzenpullis verf\u00fcgen oft \u00fcber Funktionen wie Rei\u00dfverschlusstaschen f\u00fcr Wertsachen, verstellbare Kapuzen und Daumenl\u00f6cher, um die \u00c4rmel an ihrem Platz zu halten.<\/li>\n<li data-sourcepos=\"9:1-10:0\"><strong>Stilvolles Design:<\/strong> Golf-Hoodies gibt es in einer Vielzahl von Stilen, Farben und Mustern, so dass Golferinnen und Golfer ihren pers\u00f6nlichen Stil zum Ausdruck bringen k\u00f6nnen, ohne auf Funktionalit\u00e4t verzichten zu m\u00fcssen.<\/li>\n<\/ul>\n<h3 data-sourcepos=\"11:1-11:31\"><strong>Wann man einen Golf-Hoodie tr\u00e4gt:<\/strong><\/h3>\n<p data-sourcepos=\"13:1-13:112\">Golf-Hoodies sind vielseitig und k\u00f6nnen bei verschiedenen Wetterbedingungen getragen werden. Sie sind besonders n\u00fctzlich f\u00fcr:<\/p>\n<ul data-sourcepos=\"15:1-18:0\">\n<li data-sourcepos=\"15:1-15:87\"><strong>K\u00fchleres Wetter:<\/strong> Golf-Kapuzenpullis k\u00f6nnen bei k\u00e4lteren Runden f\u00fcr W\u00e4rme und Komfort sorgen.<\/li>\n<li data-sourcepos=\"16:1-16:101\"><strong>Regnerisches Wetter:<\/strong> Wasserabweisende Golf-Hoodies halten Golfer bei leichtem Regen trocken und komfortabel.<\/li>\n<li data-sourcepos=\"17:1-18:0\"><strong>Schichtung:<\/strong> Golf-Hoodies k\u00f6nnen mit anderer Golfbekleidung kombiniert werden, um ein individuelles Outfit f\u00fcr unterschiedliche Wetterbedingungen zu schaffen.<\/li>\n<\/ul>\n<p data-sourcepos=\"19:1-19:138\">Durch die Wahl eines Golf-Hoodies, der Ihren speziellen Bed\u00fcrfnissen und Vorlieben entspricht, k\u00f6nnen Sie Ihren Komfort und Ihre Leistung auf dem Golfplatz verbessern.<\/p>","protected":false},"excerpt":{"rendered":"<table style=\"height: 543px;\" width=\"471\">\n<tbody>\n<tr>\n<td width=\"146\"><strong><b>Produkt<\/b><\/strong>\u00a0<strong><b>Name:<\/b><\/strong><\/td>\n<td width=\"601\">\n<p data-sourcepos=\"3:1-3:34\"><strong>Golf-Hoodie<\/strong><\/p>\n<\/td>\n<\/tr>\n<tr>\n<td width=\"146\"><strong><b>Materlal:<\/b><\/strong><\/td>\n<td width=\"601\">Polyester\/Baumwolle<\/td>\n<\/tr>\n<tr>\n<td width=\"146\"><strong><b>Die Technik: <\/b><\/strong><\/td>\n<td width=\"601\">Drucken und F\u00e4rben<\/td>\n<\/tr>\n<tr>\n<td width=\"146\"><strong><b>Stil: <\/b><\/strong><\/td>\n<td width=\"601\">L\u00e4ssig<\/td>\n<\/tr>\n<tr>\n<td width=\"146\"><strong><b>Farbe<\/b><\/strong><strong><b>:<\/b><\/strong><\/td>\n<td width=\"601\">Wei\u00df und benutzerdefinierte Farben<\/td>\n<\/tr>\n<tr>\n<td width=\"146\"><strong><b>Gr\u00f6\u00dfe:<\/b><\/strong><\/td>\n<td width=\"601\">S \/M \/L \/XL \/2XL<\/td>\n<\/tr>\n<tr>\n<td width=\"146\"><strong><b>OEM\/ODM:<\/b><\/strong><\/td>\n<td width=\"601\">Annehmbar<\/td>\n<\/tr>\n<tr>\n<td width=\"146\"><strong><b>Qualit\u00e4t:<\/b><\/strong><\/td>\n<td width=\"601\">100% Hohe Qualit\u00e4t<\/td>\n<\/tr>\n<tr>\n<td width=\"146\"><strong><b>M<\/b><\/strong><strong><b>OQ:<\/b><\/strong><\/td>\n<td width=\"601\">200 St\u00fcck<\/td>\n<\/tr>\n<\/tbody>\n<\/table>","protected":false},"featured_media":1844,"template":"","meta":[],"product_brand":[],"product_cat":[38],"product_tag":[],"class_list":{"0":"post-1843","1":"product","2":"type-product","3":"status-publish","4":"has-post-thumbnail","6":"product_cat-mens-clothing","8":"first","9":"instock","10":"shipping-taxable","11":"product-type-simple"},"_links":{"self":[{"href":"https:\/\/mj-clothing.com\/de\/wp-json\/wp\/v2\/product\/1843","targetHints":{"allow":["GET"]}}],"collection":[{"href":"https:\/\/mj-clothing.com\/de\/wp-json\/wp\/v2\/product"}],"about":[{"href":"https:\/\/mj-clothing.com\/de\/wp-json\/wp\/v2\/types\/product"}],"wp:featuredmedia":[{"embeddable":true,"href":"https:\/\/mj-clothing.com\/de\/wp-json\/wp\/v2\/media\/1844"}],"wp:attachment":[{"href":"https:\/\/mj-clothing.com\/de\/wp-json\/wp\/v2\/media?parent=1843"}],"wp:term":[{"taxonomy":"product_brand","embeddable":true,"href":"https:\/\/mj-clothing.com\/de\/wp-json\/wp\/v2\/product_brand?post=1843"},{"taxonomy":"product_cat","embeddable":true,"href":"https:\/\/mj-clothing.com\/de\/wp-json\/wp\/v2\/product_cat?post=1843"},{"taxonomy":"product_tag","embeddable":true,"href":"https:\/\/mj-clothing.com\/de\/wp-json\/wp\/v2\/product_tag?post=1843"}],"curies":[{"name":"wp","href":"https:\/\/api.w.org\/{rel}","templated":true}]}}