{"id":1846,"date":"2024-12-16T03:37:19","date_gmt":"2024-12-16T03:37:19","guid":{"rendered":"https:\/\/mj-clothing.com\/?post_type=product&#038;p=1846"},"modified":"2024-12-17T06:24:41","modified_gmt":"2024-12-17T06:24:41","slug":"weighted-hoodie","status":"publish","type":"product","link":"https:\/\/mj-clothing.com\/de\/manufacturer\/weighted-hoodie\/","title":{"rendered":"Gewichteter Hoodie"},"content":{"rendered":"<p data-sourcepos=\"1:1-1:292\"><span class=\"citation-0 recitation citation-end-0\">Ein beschwerter Kapuzenpulli ist eine Art von Kleidung, bei der gewichtete Materialien, in der Regel Glasperlen oder Kunststoffk\u00fcgelchen, in den Stoff eingearbeitet sind, um eine beruhigende und erdende Wirkung zu erzielen.<\/span> <span class=\"citation-1 recitation citation-end-1\">Dieser sanfte Druck kann helfen, \u00c4ngste abzubauen, die Konzentration zu verbessern und einen besseren Schlaf zu f\u00f6rdern.<\/span><span class=\"button-container hide-from-message-actions ng-star-inserted\"> \u00a0<\/span><\/p>\n<h3 data-sourcepos=\"3:1-3:38\"><strong>Hauptmerkmale eines beschwerten Hoodies:<\/strong><\/h3>\n<ul data-sourcepos=\"5:1-10:0\">\n<li data-sourcepos=\"5:1-5:145\"><strong>Gewichtete Materialien:<\/strong> <span class=\"citation-2 recitation citation-end-2\">Kleine K\u00fcgelchen oder Pellets sind gleichm\u00e4\u00dfig im Hoodie verteilt und \u00fcben einen sanften, beruhigenden Druck aus.<\/span><span class=\"button-container hide-from-message-actions ng-star-inserted\"> \u00a0<\/span>\n<div class=\"container ng-tns-c2946245707-171 hide\">\n<div class=\"carousel-container ng-tns-c2946245707-171\"><\/div>\n<\/div>\n<\/li>\n<li data-sourcepos=\"6:1-6:93\"><strong>Komfort:<\/strong> <span class=\"citation-3 recitation citation-end-3\">Der Hoodie ist weich, kuschelig und angenehm zu tragen.<\/span><span class=\"button-container hide-from-message-actions ng-star-inserted\"> \u00a0<\/span>\n<div class=\"container ng-tns-c2946245707-172 hide\">\n<div class=\"carousel-container ng-tns-c2946245707-172\"><\/div>\n<\/div>\n<\/li>\n<li data-sourcepos=\"7:1-7:108\"><strong>Vielseitigkeit:<\/strong> <span class=\"citation-4 recitation citation-end-4\">Es kann tags\u00fcber zur Entspannung oder nachts f\u00fcr einen besseren Schlaf getragen werden.<\/span><span class=\"button-container hide-from-message-actions ng-star-inserted\"> \u00a0<\/span>\n<div class=\"container ng-tns-c2946245707-173 hide\">\n<div class=\"carousel-container ng-tns-c2946245707-173\"><\/div>\n<\/div>\n<\/li>\n<li data-sourcepos=\"8:1-8:127\"><strong>Beruhigende Wirkung:<\/strong> <span class=\"citation-5 recitation citation-end-5\">Das Gewicht kann dazu beitragen, Stress und \u00c4ngste abzubauen und ein Gef\u00fchl der Ruhe und des Wohlbefindens zu f\u00f6rdern.<\/span><span class=\"button-container hide-from-message-actions ng-star-inserted\">\u00a0<\/span>\n<div class=\"container ng-tns-c2946245707-174 hide\">\n<div class=\"carousel-container ng-tns-c2946245707-174\"><\/div>\n<\/div>\n<\/li>\n<li data-sourcepos=\"9:1-10:0\"><strong><span class=\"citation-6 recitation\">Verbesserter Fokus:<\/span><\/strong><span class=\"citation-6 recitation citation-end-6\"> Der sanfte Druck kann dazu beitragen, den Fokus und die Konzentration zu verbessern.<\/span><span class=\"button-container hide-from-message-actions ng-star-inserted\"> \u00a0<\/span>\n<div class=\"container ng-tns-c2946245707-175 hide\">\n<div class=\"carousel-container ng-tns-c2946245707-175\"><\/div>\n<\/div>\n<\/li>\n<\/ul>\n<h3 data-sourcepos=\"11:1-11:36\"><strong>Wie man einen beschwerten Hoodie ausw\u00e4hlt:<\/strong><\/h3>\n<ul data-sourcepos=\"13:1-17:0\">\n<li data-sourcepos=\"13:1-13:82\"><strong>Gewicht:<\/strong> Das Gewicht des Hoodies sollte etwa 5-10% Ihres K\u00f6rpergewichts betragen.<\/li>\n<li data-sourcepos=\"14:1-14:75\"><strong>Material:<\/strong> W\u00e4hlen Sie ein weiches, atmungsaktives Material wie Baumwolle oder Fleece.<\/li>\n<li data-sourcepos=\"15:1-15:92\"><strong>Verteilung des Gewichts:<\/strong> Achten Sie darauf, dass das Gewicht gleichm\u00e4\u00dfig \u00fcber den Hoodie verteilt ist.<\/li>\n<li data-sourcepos=\"16:1-17:0\"><strong>Komfort:<\/strong> Der Kapuzenpullover sollte bequem sitzen und weder zu eng noch zu weit sein.<\/li>\n<\/ul>\n<h3 data-sourcepos=\"18:1-18:33\"><strong>Wie man einen beschwerten Hoodie benutzt:<\/strong><\/h3>\n<ul data-sourcepos=\"20:1-23:0\">\n<li data-sourcepos=\"20:1-20:72\"><strong>Entspannung:<\/strong> Tragen Sie den Kapuzenpullover beim Entspannen auf der Couch oder im Bett.<\/li>\n<li data-sourcepos=\"21:1-21:81\"><strong><span class=\"citation-7 recitation\">Schlaf:<\/span><\/strong><span class=\"citation-7 recitation citation-end-7\"> Verwenden Sie den Hoodie als Einschlafhilfe, um die Schlafqualit\u00e4t zu verbessern.<\/span><span class=\"button-container hide-from-message-actions ng-star-inserted\"> \u00a0<\/span>\n<div class=\"container ng-tns-c2946245707-176 hide\">\n<div class=\"carousel-container ng-tns-c2946245707-176\"><\/div>\n<\/div>\n<\/li>\n<li data-sourcepos=\"22:1-23:0\"><strong><span class=\"citation-8 recitation\">Schwerpunkt:<\/span><\/strong><span class=\"citation-8 recitation citation-end-8\"> Tragen Sie den Kapuzenpulli beim Lernen, bei der Arbeit oder bei anderen Aktivit\u00e4ten, die Konzentration erfordern.<\/span><span class=\"button-container hide-from-message-actions ng-star-inserted\">\u00a0 \u00a0<\/span>\n<div class=\"container ng-tns-c2946245707-177 hide\">\n<div class=\"carousel-container ng-tns-c2946245707-177\"><\/div>\n<\/div>\n<\/li>\n<\/ul>\n<h3 data-sourcepos=\"24:1-24:40\"><strong>Vorteile der Verwendung eines beschwerten Hoodies:<\/strong><\/h3>\n<ul data-sourcepos=\"26:1-30:0\">\n<li data-sourcepos=\"26:1-26:92\"><strong>Geringere \u00c4ngstlichkeit:<\/strong> <span class=\"citation-9 recitation citation-end-9\">Der sanfte Druck kann zur Beruhigung des Nervensystems beitragen.<\/span><span class=\"button-container hide-from-message-actions ng-star-inserted\"> \u00a0<\/span>\n<div class=\"container ng-tns-c2946245707-178 hide\">\n<div class=\"carousel-container ng-tns-c2946245707-178\"><\/div>\n<\/div>\n<\/li>\n<li data-sourcepos=\"27:1-27:87\"><strong><span class=\"citation-10 recitation\">Verbesserter Schlaf:<\/span><\/strong><span class=\"citation-10 recitation citation-end-10\"> Das Gewicht kann einen tieferen, erholsameren Schlaf f\u00f6rdern.<\/span><span class=\"button-container hide-from-message-actions ng-star-inserted\">\u00a0<\/span>\n<div class=\"container ng-tns-c2946245707-179 hide\">\n<div class=\"carousel-container ng-tns-c2946245707-179\"><\/div>\n<\/div>\n<\/li>\n<li data-sourcepos=\"28:1-28:101\"><strong><span class=\"citation-11 recitation\">Besserer Fokus:<\/span><\/strong><span class=\"citation-11 recitation citation-end-11\"> Der Druck kann dazu beitragen, die Konzentration und die Aufmerksamkeitsspanne zu verbessern.<\/span><span class=\"button-container hide-from-message-actions ng-star-inserted\">\u00a0 \u00a0<\/span>\n<div class=\"container ng-tns-c2946245707-180 hide\">\n<div class=\"carousel-container ng-tns-c2946245707-180\"><\/div>\n<\/div>\n<\/li>\n<li data-sourcepos=\"29:1-30:0\"><strong><span class=\"citation-12 recitation\">Geringerer Stress:<\/span><\/strong><span class=\"citation-12 recitation citation-end-12\"> Die beruhigende Wirkung des Gewichts kann dazu beitragen, das Stressniveau zu senken.<\/span><span class=\"button-container hide-from-message-actions ng-star-inserted\">\u00a0<\/span>\n<div class=\"container ng-tns-c2946245707-181 hide\">\n<div class=\"carousel-container ng-tns-c2946245707-181\"><\/div>\n<\/div>\n<\/li>\n<\/ul>\n<p data-sourcepos=\"31:1-31:269\">Wenn Sie nach einem nat\u00fcrlichen Weg suchen, um Stress und \u00c4ngste abzubauen, k\u00f6nnte ein beschwerter Kapuzenpullover eine gute Option f\u00fcr Sie sein. Es ist jedoch wichtig, dass Sie einen Arzt konsultieren, bevor Sie ein beschwertes Produkt verwenden, insbesondere wenn Sie unter gesundheitlichen Problemen leiden.<\/p>","protected":false},"excerpt":{"rendered":"<table style=\"height: 478px;\" width=\"402\">\n<tbody>\n<tr>\n<td width=\"146\"><strong><b>Produkt<\/b><\/strong>\u00a0<strong><b>Name:<\/b><\/strong><\/td>\n<td width=\"601\"><strong>Gewichteter Hoodie<\/strong><\/td>\n<\/tr>\n<tr>\n<td width=\"146\"><strong><b>Materlal:<\/b><\/strong><\/td>\n<td width=\"601\">Polyester\/Baumwolle<\/td>\n<\/tr>\n<tr>\n<td width=\"146\"><strong><b>Die Technik:<\/b><\/strong><\/td>\n<td width=\"601\">Drucken und F\u00e4rben<\/td>\n<\/tr>\n<tr>\n<td width=\"146\"><strong><b>Stil:<\/b><\/strong><\/td>\n<td width=\"601\">L\u00e4ssig<\/td>\n<\/tr>\n<tr>\n<td width=\"146\"><strong><b>Farbe<\/b><\/strong><strong><b>:<\/b><\/strong><\/td>\n<td width=\"601\">\u00a0Benutzerdefinierte Farben<\/td>\n<\/tr>\n<tr>\n<td width=\"146\"><strong><b>Gr\u00f6\u00dfe:<\/b><\/strong><\/td>\n<td width=\"601\">S \/M \/L \/XL \/2XL<\/td>\n<\/tr>\n<tr>\n<td width=\"146\"><strong><b>OEM\/ODM:<\/b><\/strong><\/td>\n<td width=\"601\">Annehmbar<\/td>\n<\/tr>\n<tr>\n<td width=\"146\"><strong><b>Qualit\u00e4t:<\/b><\/strong><\/td>\n<td width=\"601\">100% Hohe Qualit\u00e4t<\/td>\n<\/tr>\n<tr>\n<td width=\"146\"><strong><b>M<\/b><\/strong><strong><b>OQ:<\/b><\/strong><\/td>\n<td width=\"601\">200 St\u00fcck<\/td>\n<\/tr>\n<\/tbody>\n<\/table>","protected":false},"featured_media":1848,"template":"","meta":[],"product_brand":[],"product_cat":[38],"product_tag":[],"class_list":{"0":"post-1846","1":"product","2":"type-product","3":"status-publish","4":"has-post-thumbnail","6":"product_cat-mens-clothing","8":"first","9":"instock","10":"shipping-taxable","11":"product-type-simple"},"_links":{"self":[{"href":"https:\/\/mj-clothing.com\/de\/wp-json\/wp\/v2\/product\/1846","targetHints":{"allow":["GET"]}}],"collection":[{"href":"https:\/\/mj-clothing.com\/de\/wp-json\/wp\/v2\/product"}],"about":[{"href":"https:\/\/mj-clothing.com\/de\/wp-json\/wp\/v2\/types\/product"}],"wp:featuredmedia":[{"embeddable":true,"href":"https:\/\/mj-clothing.com\/de\/wp-json\/wp\/v2\/media\/1848"}],"wp:attachment":[{"href":"https:\/\/mj-clothing.com\/de\/wp-json\/wp\/v2\/media?parent=1846"}],"wp:term":[{"taxonomy":"product_brand","embeddable":true,"href":"https:\/\/mj-clothing.com\/de\/wp-json\/wp\/v2\/product_brand?post=1846"},{"taxonomy":"product_cat","embeddable":true,"href":"https:\/\/mj-clothing.com\/de\/wp-json\/wp\/v2\/product_cat?post=1846"},{"taxonomy":"product_tag","embeddable":true,"href":"https:\/\/mj-clothing.com\/de\/wp-json\/wp\/v2\/product_tag?post=1846"}],"curies":[{"name":"wp","href":"https:\/\/api.w.org\/{rel}","templated":true}]}}