{"id":1853,"date":"2024-12-16T06:19:44","date_gmt":"2024-12-16T06:19:44","guid":{"rendered":"https:\/\/mj-clothing.com\/?post_type=product&#038;p=1853"},"modified":"2024-12-17T06:22:58","modified_gmt":"2024-12-17T06:22:58","slug":"drake-hoodie","status":"publish","type":"product","link":"https:\/\/mj-clothing.com\/de\/manufacturer\/drake-hoodie\/","title":{"rendered":"Drake Hoodie"},"content":{"rendered":"<p data-sourcepos=\"1:1-1:226\"><span class=\"citation-0 recitation citation-end-0\">Drake Hoodie, der ber\u00fchmte kanadische Rapper, hat eine Reihe von Merchandise-Artikeln inspiriert, darunter auch Hoodies.<\/span> <span class=\"citation-1 recitation citation-end-1\">Diese Kapuzenpullis sind oft mit seinem ikonischen Logo, dem Cover seines Albums oder seinen Songtexten versehen und sprechen damit seine treue Fangemeinde an.<\/span><\/p>\n<h3 data-sourcepos=\"1:1-1:226\"><strong>Die wichtigsten Merkmale eines Drake Hoodies:<\/strong><\/h3>\n<ul data-sourcepos=\"5:1-9:0\">\n<li data-sourcepos=\"5:1-5:125\"><strong><span class=\"citation-2 recitation\">Hochwertiges Material:<\/span><\/strong><span class=\"citation-2 recitation citation-end-2\"> Sie werden oft aus hochwertigen Materialien wie Baumwolle oder Fleece hergestellt, um Komfort und Haltbarkeit zu gew\u00e4hrleisten.<\/span><span class=\"button-container hide-from-message-actions ng-star-inserted\"> \u00a0<\/span><\/li>\n<li data-sourcepos=\"5:1-5:125\"><span class=\"button-container hide-from-message-actions ng-star-inserted\"><strong style=\"font-size: 14.4px;\"><span class=\"citation-3 recitation\">Stilvolles Design:<\/span><\/strong><span class=\"citation-3 recitation citation-end-3\" style=\"font-size: 14.4px;\"> Mit trendigen Designs, auff\u00e4lligen Grafiken und der typischen Drake-\u00c4sthetik.<\/span><span class=\"button-container hide-from-message-actions ng-star-inserted\" style=\"font-size: 14.4px;\"> \u00a0<\/span><\/span>\n<div class=\"container ng-tns-c2946245707-199 hide\">\n<div class=\"carousel-container ng-tns-c2946245707-199\"><\/div>\n<\/div>\n<\/li>\n<li data-sourcepos=\"7:1-7:80\"><strong>Bequeme Passform:<\/strong> Bietet eine entspannte und bequeme Passform f\u00fcr das t\u00e4gliche Tragen.<\/li>\n<li data-sourcepos=\"8:1-9:0\"><strong>Fan Appeal:<\/strong> <span class=\"citation-4 recitation citation-end-4\">Mit kultigen Drake-Bildern und Branding.<\/span><span class=\"button-container hide-from-message-actions ng-star-inserted\"> \u00a0<\/span>\n<div class=\"container ng-tns-c2946245707-200 hide\">\n<div class=\"carousel-container ng-tns-c2946245707-200\"><\/div>\n<\/div>\n<\/li>\n<\/ul>\n<h3 data-sourcepos=\"10:1-10:32\"><strong>Wo man einen Drake Hoodie kaufen kann:<\/strong><\/h3>\n<ul data-sourcepos=\"12:1-15:0\">\n<li data-sourcepos=\"12:1-12:146\"><strong>Offizielle Merchandise Stores:<\/strong> <span class=\"citation-5 recitation citation-end-5\">Drakes offizieller Merchandise Store oder autorisierte Einzelh\u00e4ndler verkaufen oft offiziell lizenzierte Hoodies.<\/span><span class=\"button-container hide-from-message-actions ng-star-inserted\">\u00a0 \u00a0<\/span>\n<div class=\"container ng-tns-c2946245707-201 hide\">\n<div class=\"carousel-container ng-tns-c2946245707-201\"><\/div>\n<\/div>\n<\/li>\n<li data-sourcepos=\"13:1-13:162\"><strong><span class=\"citation-6 recitation\">Online-Marktpl\u00e4tze:<\/span><\/strong><span class=\"citation-6 recitation citation-end-6\"> Plattformen wie eBay, StockX und Grailed bieten eine gro\u00dfe Auswahl an Drake-Hoodies, darunter auch limitierte Auflagen und Vintage-Artikel.<\/span><span class=\"button-container hide-from-message-actions ng-star-inserted\"> \u00a0<\/span>\n<div class=\"container ng-tns-c2946245707-202 hide\">\n<div class=\"carousel-container ng-tns-c2946245707-202\"><\/div>\n<\/div>\n<\/li>\n<li data-sourcepos=\"14:1-15:0\"><strong>Wiederverkaufsl\u00e4den:<\/strong> Schauen Sie sich in den \u00f6rtlichen Streetwear-Boutiquen und Wiederverkaufsl\u00e4den nach m\u00f6glichen Fundst\u00fccken um.<\/li>\n<\/ul>\n<h3 data-sourcepos=\"16:1-16:35\"><strong>Tipps f\u00fcr den Kauf eines Drake-Hoodies:<\/strong><\/h3>\n<ul data-sourcepos=\"18:1-22:0\">\n<li data-sourcepos=\"18:1-18:101\"><strong>Authentizit\u00e4t:<\/strong> \u00dcberpr\u00fcfen Sie die Echtheit des Kapuzenpullis, indem Sie auf offizielle Etiketten und Markenzeichen achten.<\/li>\n<li data-sourcepos=\"19:1-19:85\"><strong>Zustand:<\/strong> Wenn Sie einen gebrauchten Kapuzenpullover kaufen, \u00fcberpr\u00fcfen Sie ihn auf Anzeichen von Verschlei\u00df oder Besch\u00e4digungen.<\/li>\n<li data-sourcepos=\"20:1-20:84\"><strong>Gr\u00f6\u00dfenordnung:<\/strong> Beachten Sie die vom Verk\u00e4ufer bereitgestellte Gr\u00f6\u00dfentabelle, um die richtige Passform zu gew\u00e4hrleisten.<\/li>\n<li data-sourcepos=\"21:1-22:0\"><strong>Preis:<\/strong> Informieren Sie sich \u00fcber die aktuellen Marktpreise, um \u00fcberh\u00f6hte Preise zu vermeiden.<\/li>\n<\/ul>\n<p data-sourcepos=\"23:1-23:123\">Wenn du diese Tipps befolgst, kannst du den perfekten Drake-Kapuzenpullover finden, um deine Liebe f\u00fcr den K\u00fcnstler zu zeigen und deinen Stil zu verbessern.<\/p>","protected":false},"excerpt":{"rendered":"<table style=\"height: 547px;\" width=\"443\">\n<tbody>\n<tr>\n<td width=\"146\"><strong><b>Produkt<\/b><\/strong>\u00a0<strong><b>Name:<\/b><\/strong><\/td>\n<td width=\"601\"><strong>Drake Hoodie<\/strong><\/td>\n<\/tr>\n<tr>\n<td width=\"146\"><strong><b>Materlal:<\/b><\/strong><\/td>\n<td width=\"601\">Polyester\/Baumwolle<\/td>\n<\/tr>\n<tr>\n<td width=\"146\"><strong><b>Die Technik:<\/b><\/strong><\/td>\n<td width=\"601\">Drucken und F\u00e4rben<\/td>\n<\/tr>\n<tr>\n<td width=\"146\"><strong><b>Stil:<\/b><\/strong><\/td>\n<td width=\"601\">L\u00e4ssig<\/td>\n<\/tr>\n<tr>\n<td width=\"146\"><strong><b>Farbe<\/b><\/strong><strong><b>:<\/b><\/strong><\/td>\n<td width=\"601\">\u00a0Schwarz und benutzerdefinierte Farben<\/td>\n<\/tr>\n<tr>\n<td width=\"146\"><strong><b>Gr\u00f6\u00dfe:<\/b><\/strong><\/td>\n<td width=\"601\">S \/M \/L \/XL \/2XL<\/td>\n<\/tr>\n<tr>\n<td width=\"146\"><strong><b>OEM\/ODM:<\/b><\/strong><\/td>\n<td width=\"601\">Annehmbar<\/td>\n<\/tr>\n<tr>\n<td width=\"146\"><strong><b>Qualit\u00e4t:<\/b><\/strong><\/td>\n<td width=\"601\">100% Hohe Qualit\u00e4t<\/td>\n<\/tr>\n<tr>\n<td width=\"146\"><strong><b>M<\/b><\/strong><strong><b>OQ:<\/b><\/strong><\/td>\n<td width=\"601\">200 St\u00fcck<\/td>\n<\/tr>\n<\/tbody>\n<\/table>","protected":false},"featured_media":1857,"template":"","meta":[],"product_brand":[],"product_cat":[38],"product_tag":[],"class_list":{"0":"post-1853","1":"product","2":"type-product","3":"status-publish","4":"has-post-thumbnail","6":"product_cat-mens-clothing","8":"first","9":"instock","10":"shipping-taxable","11":"product-type-simple"},"_links":{"self":[{"href":"https:\/\/mj-clothing.com\/de\/wp-json\/wp\/v2\/product\/1853","targetHints":{"allow":["GET"]}}],"collection":[{"href":"https:\/\/mj-clothing.com\/de\/wp-json\/wp\/v2\/product"}],"about":[{"href":"https:\/\/mj-clothing.com\/de\/wp-json\/wp\/v2\/types\/product"}],"wp:featuredmedia":[{"embeddable":true,"href":"https:\/\/mj-clothing.com\/de\/wp-json\/wp\/v2\/media\/1857"}],"wp:attachment":[{"href":"https:\/\/mj-clothing.com\/de\/wp-json\/wp\/v2\/media?parent=1853"}],"wp:term":[{"taxonomy":"product_brand","embeddable":true,"href":"https:\/\/mj-clothing.com\/de\/wp-json\/wp\/v2\/product_brand?post=1853"},{"taxonomy":"product_cat","embeddable":true,"href":"https:\/\/mj-clothing.com\/de\/wp-json\/wp\/v2\/product_cat?post=1853"},{"taxonomy":"product_tag","embeddable":true,"href":"https:\/\/mj-clothing.com\/de\/wp-json\/wp\/v2\/product_tag?post=1853"}],"curies":[{"name":"wp","href":"https:\/\/api.w.org\/{rel}","templated":true}]}}