{"id":1859,"date":"2024-12-16T06:23:43","date_gmt":"2024-12-16T06:23:43","guid":{"rendered":"https:\/\/mj-clothing.com\/?post_type=product&#038;p=1859"},"modified":"2024-12-17T06:20:37","modified_gmt":"2024-12-17T06:20:37","slug":"white-crew-neck-sweatshirt","status":"publish","type":"product","link":"https:\/\/mj-clothing.com\/de\/manufacturer\/white-crew-neck-sweatshirt\/","title":{"rendered":"Wei\u00dfes Sweatshirt mit Rundhalsausschnitt"},"content":{"rendered":"<p data-sourcepos=\"1:1-1:170\"><span class=\"citation-0 recitation citation-end-0\">Ein wei\u00dfes Sweatshirt mit Rundhalsausschnitt ist ein klassisches und vielseitiges Kleidungsst\u00fcck, das sowohl nach oben als auch nach unten getragen werden kann.<\/span> Es ist ein Grundelement der Garderobe, das das ganze Jahr \u00fcber getragen werden kann.<span class=\"button-container hide-from-message-actions ng-star-inserted\"> \u00a0<\/span><\/p>\n<h3 data-sourcepos=\"3:1-3:49\"><strong>Die wichtigsten Merkmale eines wei\u00dfen Sweatshirts mit Rundhalsausschnitt:<\/strong><\/h3>\n<ul data-sourcepos=\"5:1-9:0\">\n<li data-sourcepos=\"5:1-5:89\"><strong>Einfaches Design:<\/strong> Ein klassisches, minimalistisches Design mit Rundhalsausschnitt und langen \u00c4rmeln.<\/li>\n<li data-sourcepos=\"6:1-6:97\"><strong>Komfort:<\/strong> <span class=\"citation-1 recitation citation-end-1\">Sie bestehen in der Regel aus weichen, atmungsaktiven Materialien wie Baumwolle oder Fleece.<\/span><span class=\"button-container hide-from-message-actions ng-star-inserted\"> \u00a0<\/span>\n<div class=\"container ng-tns-c2946245707-216 hide\">\n<div class=\"carousel-container ng-tns-c2946245707-216\"><\/div>\n<\/div>\n<\/li>\n<li data-sourcepos=\"7:1-7:91\"><strong><span class=\"citation-2 recitation\">Vielseitigkeit:<\/span><\/strong><span class=\"citation-2 recitation citation-end-2\"> Kann mit Jeans, Leggings, R\u00f6cken oder Kleiderhosen kombiniert werden.<\/span>\n<div class=\"container ng-tns-c2946245707-217 hide\">\n<div class=\"carousel-container ng-tns-c2946245707-217\"><\/div>\n<\/div>\n<\/li>\n<li data-sourcepos=\"8:1-9:0\"><strong>Zeitlos:<\/strong> Ein zeitloses St\u00fcck, das nie aus der Mode kommt.<\/li>\n<\/ul>\n<h3 data-sourcepos=\"10:1-10:46\"><strong>Wie man ein wei\u00dfes Sweatshirt mit Rundhalsausschnitt stylt:<\/strong><\/h3>\n<p data-sourcepos=\"12:1-12:66\">Hier sind ein paar Ideen, wie man ein wei\u00dfes Sweatshirt mit Rundhalsausschnitt stylen kann:<\/p>\n<ul data-sourcepos=\"14:1-18:0\">\n<li data-sourcepos=\"14:1-14:67\"><strong>L\u00e4ssig:<\/strong> Kombinieren Sie es mit Jeans und Sneakers f\u00fcr einen l\u00e4ssigen Look.<\/li>\n<li data-sourcepos=\"15:1-15:69\"><strong>Sportlich:<\/strong> Tragen Sie es mit Jogginghosen oder Leggings und Sportschuhen.<\/li>\n<li data-sourcepos=\"16:1-16:73\"><strong>Gepflegt l\u00e4ssig:<\/strong> Kombinieren Sie es mit einem Blazer, einer Anzughose und Slippern.<\/li>\n<li data-sourcepos=\"17:1-18:0\"><strong>Geschichtet:<\/strong> Tragen Sie es unter einer Jeans- oder Lederjacke f\u00fcr einen stilvollen Look.<\/li>\n<\/ul>\n<h3 data-sourcepos=\"19:1-19:51\"><strong>Tipps f\u00fcr die Auswahl eines wei\u00dfen Rundhals-Sweatshirts:<\/strong><\/h3>\n<ul data-sourcepos=\"21:1-24:0\">\n<li data-sourcepos=\"21:1-21:88\"><strong>Material:<\/strong> Achten Sie auf ein weiches, hochwertiges Material, das angenehm zu tragen ist.<\/li>\n<li data-sourcepos=\"22:1-22:109\"><strong>Passen:<\/strong> W\u00e4hlen Sie eine Passform, die zu Ihrem pers\u00f6nlichen Stil passt. Sie k\u00f6nnen sich f\u00fcr eine lockere Passform oder einen taillierten Stil entscheiden.<\/li>\n<li data-sourcepos=\"23:1-24:0\"><strong>Pflege:<\/strong> Befolgen Sie die Pflegehinweise auf dem Etikett, damit Ihr Sweatshirt immer gut aussieht.<\/li>\n<\/ul>\n<p data-sourcepos=\"25:1-25:101\">Wenn Sie diese Tipps befolgen, k\u00f6nnen Sie das perfekte wei\u00dfe Sweatshirt mit Rundhalsausschnitt f\u00fcr Ihre Garderobe finden.<\/p>","protected":false},"excerpt":{"rendered":"<table style=\"height: 481px;\" width=\"465\">\n<tbody>\n<tr>\n<td width=\"146\"><strong><b>Produkt<\/b><\/strong>\u00a0<strong><b>Name:<\/b><\/strong><\/td>\n<td width=\"601\"><strong>Wei\u00dfes Sweatshirt mit Rundhalsausschnitt<\/strong><\/td>\n<\/tr>\n<tr>\n<td width=\"146\"><strong><b>Materlal:<\/b><\/strong><\/td>\n<td width=\"601\">Polyester\/Baumwolle<\/td>\n<\/tr>\n<tr>\n<td width=\"146\"><strong><b>Die Technik:<\/b><\/strong><\/td>\n<td width=\"601\">Drucken und F\u00e4rben<\/td>\n<\/tr>\n<tr>\n<td width=\"146\"><strong><b>Stil:<\/b><\/strong><\/td>\n<td width=\"601\">L\u00e4ssig<\/td>\n<\/tr>\n<tr>\n<td width=\"146\"><strong><b>Farbe<\/b><\/strong><strong><b>:<\/b><\/strong><\/td>\n<td width=\"601\">\u00a0Benutzerdefinierte Farben<\/td>\n<\/tr>\n<tr>\n<td width=\"146\"><strong><b>Gr\u00f6\u00dfe:<\/b><\/strong><\/td>\n<td width=\"601\">S \/M \/L \/XL \/2XL<\/td>\n<\/tr>\n<tr>\n<td width=\"146\"><strong><b>OEM\/ODM:<\/b><\/strong><\/td>\n<td width=\"601\">Annehmbar<\/td>\n<\/tr>\n<tr>\n<td width=\"146\"><strong><b>Qualit\u00e4t:<\/b><\/strong><\/td>\n<td width=\"601\">100% Hohe Qualit\u00e4t<\/td>\n<\/tr>\n<tr>\n<td width=\"146\"><strong><b>M<\/b><\/strong><strong><b>OQ:<\/b><\/strong><\/td>\n<td width=\"601\">200 St\u00fcck<\/td>\n<\/tr>\n<\/tbody>\n<\/table>","protected":false},"featured_media":1860,"template":"","meta":[],"product_brand":[],"product_cat":[38],"product_tag":[],"class_list":{"0":"post-1859","1":"product","2":"type-product","3":"status-publish","4":"has-post-thumbnail","6":"product_cat-mens-clothing","8":"first","9":"instock","10":"shipping-taxable","11":"product-type-simple"},"_links":{"self":[{"href":"https:\/\/mj-clothing.com\/de\/wp-json\/wp\/v2\/product\/1859","targetHints":{"allow":["GET"]}}],"collection":[{"href":"https:\/\/mj-clothing.com\/de\/wp-json\/wp\/v2\/product"}],"about":[{"href":"https:\/\/mj-clothing.com\/de\/wp-json\/wp\/v2\/types\/product"}],"wp:featuredmedia":[{"embeddable":true,"href":"https:\/\/mj-clothing.com\/de\/wp-json\/wp\/v2\/media\/1860"}],"wp:attachment":[{"href":"https:\/\/mj-clothing.com\/de\/wp-json\/wp\/v2\/media?parent=1859"}],"wp:term":[{"taxonomy":"product_brand","embeddable":true,"href":"https:\/\/mj-clothing.com\/de\/wp-json\/wp\/v2\/product_brand?post=1859"},{"taxonomy":"product_cat","embeddable":true,"href":"https:\/\/mj-clothing.com\/de\/wp-json\/wp\/v2\/product_cat?post=1859"},{"taxonomy":"product_tag","embeddable":true,"href":"https:\/\/mj-clothing.com\/de\/wp-json\/wp\/v2\/product_tag?post=1859"}],"curies":[{"name":"wp","href":"https:\/\/api.w.org\/{rel}","templated":true}]}}