{"id":1864,"date":"2024-12-16T06:43:48","date_gmt":"2024-12-16T06:43:48","guid":{"rendered":"https:\/\/mj-clothing.com\/?post_type=product&#038;p=1864"},"modified":"2024-12-17T03:58:09","modified_gmt":"2024-12-17T03:58:09","slug":"collared-sweatshirt","status":"publish","type":"product","link":"https:\/\/mj-clothing.com\/de\/manufacturer\/collared-sweatshirt\/","title":{"rendered":"Sweatshirt mit Kragen"},"content":{"rendered":"<p data-sourcepos=\"1:1-1:242\">Ein Sweatshirt mit Kragen, auch bekannt als Mock Neck oder Rollkragen-Sweatshirt, ist ein vielseitiges Kleidungsst\u00fcck, das den Komfort eines Sweatshirts mit dem Stil eines Kragens kombiniert. Es ist eine beliebte Wahl sowohl f\u00fcr legere als auch f\u00fcr halb-formale Anl\u00e4sse.<\/p>\n<h3 data-sourcepos=\"3:1-3:42\"><strong>Die wichtigsten Merkmale eines Sweatshirts mit Kragen:<\/strong><\/h3>\n<ul data-sourcepos=\"5:1-9:0\">\n<li data-sourcepos=\"5:1-5:174\"><strong>Halsband:<\/strong> Das charakteristische Merkmal eines Sweatshirts mit Kragen ist der Kragen, der entweder ein Mock Neck (kurz und eng anliegend) oder ein Rollkragen sein kann (gr\u00f6\u00dfer und bedeckender).<\/li>\n<li data-sourcepos=\"6:1-6:109\"><strong>Bequemes Material:<\/strong> Sie bestehen in der Regel aus weichen, warmen Materialien wie Baumwolle, Fleece oder einer Mischung aus beidem.<\/li>\n<li data-sourcepos=\"7:1-7:96\"><strong>Vielseitiger Stil:<\/strong> Es kann sowohl nach oben als auch nach unten gekleidet werden und eignet sich daher f\u00fcr eine Vielzahl von Anl\u00e4ssen.<\/li>\n<li data-sourcepos=\"8:1-9:0\"><strong>Schichtungspotenzial:<\/strong> Kann mit anderen Kleidungsst\u00fccken kombiniert werden, z. B. mit einem T-Shirt, einer Jacke oder einer Weste.<\/li>\n<\/ul>\n<h3 data-sourcepos=\"10:1-10:39\"><strong>Wie man ein Sweatshirt mit Kragen stylt:<\/strong><\/h3>\n<p data-sourcepos=\"12:1-12:59\">Hier sind einige Ideen, wie man ein Sweatshirt mit Kragen stylen kann:<\/p>\n<ul data-sourcepos=\"14:1-18:0\">\n<li data-sourcepos=\"14:1-14:65\"><strong>L\u00e4ssig:<\/strong> Kombinieren Sie es mit Jeans und Sneakers f\u00fcr einen l\u00e4ssigen Look.<\/li>\n<li data-sourcepos=\"15:1-15:68\"><strong>Sportlich:<\/strong> Tragen Sie es zu Jogginghosen oder Joggingschuhen und Sportschuhen.<\/li>\n<li data-sourcepos=\"16:1-16:73\"><strong>Gepflegt l\u00e4ssig:<\/strong> Kombinieren Sie es mit einem Blazer, einer Anzughose und Slippern.<\/li>\n<li data-sourcepos=\"17:1-18:0\"><strong>Geschichtet:<\/strong> Tragen Sie es unter einer Jeans- oder Lederjacke f\u00fcr einen stilvollen Look.<\/li>\n<\/ul>\n<h3 data-sourcepos=\"19:1-19:44\"><strong>Tipps f\u00fcr die Auswahl eines Sweatshirts mit Kragen:<\/strong><\/h3>\n<ul data-sourcepos=\"21:1-25:0\">\n<li data-sourcepos=\"21:1-21:88\"><strong>Material:<\/strong> Achten Sie auf ein weiches, hochwertiges Material, das angenehm zu tragen ist.<\/li>\n<li data-sourcepos=\"22:1-22:109\"><strong>Passen:<\/strong> W\u00e4hlen Sie eine Passform, die zu Ihrem pers\u00f6nlichen Stil passt. Sie k\u00f6nnen sich f\u00fcr eine lockere Passform oder einen taillierten Stil entscheiden.<\/li>\n<li data-sourcepos=\"23:1-23:103\"><strong>Farbe:<\/strong> Achten Sie auf die Farbe des Sweatshirts und darauf, wie es Ihre anderen Kleidungsst\u00fccke erg\u00e4nzen wird.<\/li>\n<li data-sourcepos=\"24:1-25:0\"><strong>Kragenstil:<\/strong> Entscheiden Sie sich f\u00fcr die Art des Kragens, die Sie bevorzugen, sei es ein Mock Neck oder ein Rollkragen.<\/li>\n<\/ul>\n<p data-sourcepos=\"26:1-26:94\">Wenn Sie diese Tipps befolgen, k\u00f6nnen Sie das perfekte Sweatshirt mit Kragen f\u00fcr Ihre Garderobe finden.<\/p>","protected":false},"excerpt":{"rendered":"<table style=\"height: 544px;\" width=\"428\">\n<tbody>\n<tr>\n<td width=\"146\"><strong><b>Produkt<\/b><\/strong>\u00a0<strong><b>Name:<\/b><\/strong><\/td>\n<td width=\"601\"><strong>Sweatshirt mit Kragen<\/strong><\/td>\n<\/tr>\n<tr>\n<td width=\"146\"><strong><b>Materlal:<\/b><\/strong><\/td>\n<td width=\"601\">Polyester\/Baumwolle<\/td>\n<\/tr>\n<tr>\n<td width=\"146\"><strong><b>Die Technik: <\/b><\/strong><\/td>\n<td width=\"601\">Drucken und F\u00e4rben<\/td>\n<\/tr>\n<tr>\n<td width=\"146\"><strong><b>Stil: <\/b><\/strong><\/td>\n<td width=\"601\">L\u00e4ssig<\/td>\n<\/tr>\n<tr>\n<td width=\"146\"><strong><b>Farbe<\/b><\/strong><strong><b>:<\/b><\/strong><\/td>\n<td width=\"601\">\u00a0Benutzerdefinierte Farben<\/td>\n<\/tr>\n<tr>\n<td width=\"146\"><strong><b>Gr\u00f6\u00dfe:<\/b><\/strong><\/td>\n<td width=\"601\">S \/M \/L \/XL \/2XL<\/td>\n<\/tr>\n<tr>\n<td width=\"146\"><strong><b>OEM\/ODM:<\/b><\/strong><\/td>\n<td width=\"601\">Annehmbar<\/td>\n<\/tr>\n<tr>\n<td width=\"146\"><strong><b>Qualit\u00e4t:<\/b><\/strong><\/td>\n<td width=\"601\">100% Hohe Qualit\u00e4t<\/td>\n<\/tr>\n<tr>\n<td width=\"146\"><strong><b>M<\/b><\/strong><strong><b>OQ:<\/b><\/strong><\/td>\n<td width=\"601\">200 St\u00fcck<\/td>\n<\/tr>\n<\/tbody>\n<\/table>","protected":false},"featured_media":1865,"template":"","meta":[],"product_brand":[],"product_cat":[38],"product_tag":[],"class_list":{"0":"post-1864","1":"product","2":"type-product","3":"status-publish","4":"has-post-thumbnail","6":"product_cat-mens-clothing","8":"first","9":"instock","10":"shipping-taxable","11":"product-type-simple"},"_links":{"self":[{"href":"https:\/\/mj-clothing.com\/de\/wp-json\/wp\/v2\/product\/1864","targetHints":{"allow":["GET"]}}],"collection":[{"href":"https:\/\/mj-clothing.com\/de\/wp-json\/wp\/v2\/product"}],"about":[{"href":"https:\/\/mj-clothing.com\/de\/wp-json\/wp\/v2\/types\/product"}],"wp:featuredmedia":[{"embeddable":true,"href":"https:\/\/mj-clothing.com\/de\/wp-json\/wp\/v2\/media\/1865"}],"wp:attachment":[{"href":"https:\/\/mj-clothing.com\/de\/wp-json\/wp\/v2\/media?parent=1864"}],"wp:term":[{"taxonomy":"product_brand","embeddable":true,"href":"https:\/\/mj-clothing.com\/de\/wp-json\/wp\/v2\/product_brand?post=1864"},{"taxonomy":"product_cat","embeddable":true,"href":"https:\/\/mj-clothing.com\/de\/wp-json\/wp\/v2\/product_cat?post=1864"},{"taxonomy":"product_tag","embeddable":true,"href":"https:\/\/mj-clothing.com\/de\/wp-json\/wp\/v2\/product_tag?post=1864"}],"curies":[{"name":"wp","href":"https:\/\/api.w.org\/{rel}","templated":true}]}}