{"id":1901,"date":"2024-12-16T07:56:53","date_gmt":"2024-12-16T07:56:53","guid":{"rendered":"https:\/\/mj-clothing.com\/?post_type=product&#038;p=1901"},"modified":"2024-12-17T03:44:39","modified_gmt":"2024-12-17T03:44:39","slug":"ivory-colored-womens-tops","status":"publish","type":"product","link":"https:\/\/mj-clothing.com\/de\/manufacturer\/ivory-colored-womens-tops\/","title":{"rendered":"Elfenbeinfarbene Oberteile f\u00fcr Frauen"},"content":{"rendered":"<div id=\"model-response-message-contentr_512563ff2fe7e496\" class=\"markdown markdown-main-panel response-optimization\" dir=\"ltr\">\n<p data-sourcepos=\"1:1-1:189\">Elfenbeinfarbene Damenoberteile sind ein zeitloser Klassiker, der sich sowohl nach oben als auch nach unten kleiden l\u00e4sst. Diese vielseitige Farbe l\u00e4sst sich gut mit verschiedenen anderen Farben und Mustern kombinieren und ist somit ein Grundnahrungsmittel in jedem Kleiderschrank.<\/p>\n<h3 data-sourcepos=\"5:1-5:51\">Hier sind einige beliebte Modelle von elfenbeinfarbenen Damenoberteilen:<\/h3>\n<div class=\"attachment-container search-images\">\n<div class=\"image-container hide-from-message-actions ng-star-inserted\"><\/div>\n<\/div>\n<ul data-sourcepos=\"7:1-18:0\">\n<li data-sourcepos=\"7:1-9:0\">\n<p data-sourcepos=\"7:3-8:23\"><strong><span class=\"citation-0 recitation\">Blusen:<\/span><\/strong><span class=\"citation-0 recitation citation-end-0\"> Elfenbeinblusen k\u00f6nnen aus verschiedenen Stoffen wie Seide, Baumwolle oder Leinen hergestellt werden.<\/span> Sie k\u00f6nnen mit R\u00f6cken, Hosen oder Jeans kombiniert werden, um einen eleganten und raffinierten Look zu erzielen.<\/p>\n<\/li>\n<li data-sourcepos=\"7:1-9:0\">\n<p data-sourcepos=\"7:3-8:23\"><strong style=\"font-size: 14.4px;\"><span class=\"citation-1 recitation\">T-Shirts:<\/span><\/strong><span class=\"citation-1 recitation citation-end-1\" style=\"font-size: 14.4px;\"> Elfenbeinfarbene T-Shirts sind eine l\u00e4ssige und bequeme Option, die mit Jeans, Shorts oder R\u00f6cken kombiniert werden kann.<\/span><\/p>\n<\/li>\n<li data-sourcepos=\"7:1-9:0\">\n<p data-sourcepos=\"7:3-8:23\"><strong style=\"font-size: 14.4px;\">Pullover:<\/strong><span style=\"font-size: 14.4px;\"> Elfenbeinfarbene Pullover sind perfekt f\u00fcr k\u00fchleres Wetter. Sie k\u00f6nnen mit Jeans, Leggings oder R\u00f6cken getragen werden.<\/span><\/p>\n<\/li>\n<li data-sourcepos=\"7:1-9:0\">\n<p data-sourcepos=\"7:3-8:23\"><strong><span class=\"citation-2 recitation\">Tanktops:<\/span><\/strong><span class=\"citation-2 recitation citation-end-2\"> Elfenbeinfarbene Tanktops sind ein vielseitiges Kleidungsst\u00fcck, das unter anderen Oberteilen oder allein getragen werden kann.<\/span><span class=\"button-container hide-from-message-actions ng-star-inserted\"> \u00a0<\/span><\/p>\n<div class=\"container ng-tns-c2946245707-289 hide\">\n<div class=\"carousel-container ng-tns-c2946245707-289\"><\/div>\n<\/div>\n<div class=\"attachment-container search-images\">\n<div class=\"image-container hide-from-message-actions ng-star-inserted\">\n<div class=\"caption ellipsis gmat-caption ng-star-inserted\" aria-hidden=\"true\"><span style=\"font-size: 20.16px;\">Beachten Sie beim Styling von elfenbeinfarbenen Oberteilen f\u00fcr Damen die folgenden Tipps:<\/span><\/div>\n<\/div>\n<\/div>\n<\/li>\n<\/ul>\n<ul data-sourcepos=\"21:1-25:0\">\n<li data-sourcepos=\"21:1-21:94\"><strong>Ausstatten:<\/strong> F\u00fcgen Sie Accessoires wie Halsketten, Ohrringe und Schals hinzu, um Ihren Look aufzuwerten.<\/li>\n<li data-sourcepos=\"22:1-22:121\"><strong>Spielen Sie mit Texturen:<\/strong> Kombinieren Sie verschiedene Texturen wie Spitze, Samt oder Strick, um interessante Outfits zu kreieren.<\/li>\n<li data-sourcepos=\"23:1-23:110\"><strong>Experimentieren Sie mit Farben:<\/strong> Kombinieren Sie Ihr elfenbeinfarbenes Oberteil mit leuchtenden Farben wie Rot, Blau oder Gr\u00fcn f\u00fcr einen gewagten Look.<\/li>\n<li data-sourcepos=\"24:1-25:0\"><strong>Halten Sie es einfach:<\/strong> Wenn Sie ein aufw\u00e4ndigeres elfenbeinfarbenes Oberteil tragen, halten Sie den Rest Ihres Outfits schlicht.<\/li>\n<\/ul>\n<p data-sourcepos=\"26:1-26:197\">Elfenbeinfarbene Damenoberteile sind eine vielseitige und stilvolle Wahl, die zu jedem Anlass getragen werden kann. Wenn Sie diese Tipps befolgen, k\u00f6nnen Sie atemberaubende Outfits kreieren, in denen Sie sich wohlf\u00fchlen und gut aussehen.<\/p>\n<\/div>\n<div class=\"response-footer gap complete\">\n<div class=\"show-sources-container ng-star-inserted\"><\/div>\n<div class=\"container ng-tns-c2946245707-283\">\n<div class=\"carousel-container ng-tns-c2946245707-283\">\n<div class=\"carousel-content ng-tns-c2946245707-283\">\n<div class=\"sources-carousel-source ng-tns-c2946245707-283 ng-star-inserted\" data-test-id=\"sources-carousel-source\">\n<div class=\"source-card-container\">\n<div class=\"source-card-content\">\n<div class=\"source-card-body\">\n<div class=\"source-card-header\">\n<div class=\"source-card-title\"><\/div>\n<\/div>\n<\/div>\n<\/div>\n<\/div>\n<\/div>\n<\/div>\n<\/div>\n<\/div>\n<\/div>","protected":false},"excerpt":{"rendered":"<table style=\"height: 539px;\" width=\"411\">\n<tbody>\n<tr>\n<td width=\"146\"><strong><b>Produkt<\/b><\/strong>\u00a0<strong><b>Name:<\/b><\/strong><\/td>\n<td width=\"601\"><strong>Elfenbeinfarbene Oberteile f\u00fcr Frauen<\/strong><\/td>\n<\/tr>\n<tr>\n<td width=\"146\"><strong><b>Materlal:<\/b><\/strong><\/td>\n<td width=\"601\">Stricken<\/td>\n<\/tr>\n<tr>\n<td width=\"146\"><strong><b>Die Technik:<\/b><\/strong><\/td>\n<td width=\"601\">Gestickt<\/td>\n<\/tr>\n<tr>\n<td width=\"146\"><strong><b>Stil:<\/b><\/strong><\/td>\n<td width=\"601\">L\u00e4ssig<\/td>\n<\/tr>\n<tr>\n<td width=\"146\"><strong><b>Farbe<\/b><\/strong><strong><b>:<\/b><\/strong><\/td>\n<td width=\"601\">\u00a0Benutzerdefinierte Farben<\/td>\n<\/tr>\n<tr>\n<td width=\"146\"><strong><b>Gr\u00f6\u00dfe:<\/b><\/strong><\/td>\n<td width=\"601\">S \/M \/L \/XL \/2XL<\/td>\n<\/tr>\n<tr>\n<td width=\"146\"><strong><b>OEM\/ODM:<\/b><\/strong><\/td>\n<td width=\"601\">Annehmbar<\/td>\n<\/tr>\n<tr>\n<td width=\"146\"><strong><b>Qualit\u00e4t:<\/b><\/strong><\/td>\n<td width=\"601\">100% Hohe Qualit\u00e4t<\/td>\n<\/tr>\n<tr>\n<td width=\"146\"><strong><b>M<\/b><\/strong><strong><b>OQ:<\/b><\/strong><\/td>\n<td width=\"601\">200 St\u00fcck<\/td>\n<\/tr>\n<\/tbody>\n<\/table>","protected":false},"featured_media":1911,"template":"","meta":[],"product_brand":[],"product_cat":[39],"product_tag":[],"class_list":{"0":"post-1901","1":"product","2":"type-product","3":"status-publish","4":"has-post-thumbnail","6":"product_cat-womens-clothing","8":"first","9":"instock","10":"shipping-taxable","11":"product-type-simple"},"_links":{"self":[{"href":"https:\/\/mj-clothing.com\/de\/wp-json\/wp\/v2\/product\/1901","targetHints":{"allow":["GET"]}}],"collection":[{"href":"https:\/\/mj-clothing.com\/de\/wp-json\/wp\/v2\/product"}],"about":[{"href":"https:\/\/mj-clothing.com\/de\/wp-json\/wp\/v2\/types\/product"}],"wp:featuredmedia":[{"embeddable":true,"href":"https:\/\/mj-clothing.com\/de\/wp-json\/wp\/v2\/media\/1911"}],"wp:attachment":[{"href":"https:\/\/mj-clothing.com\/de\/wp-json\/wp\/v2\/media?parent=1901"}],"wp:term":[{"taxonomy":"product_brand","embeddable":true,"href":"https:\/\/mj-clothing.com\/de\/wp-json\/wp\/v2\/product_brand?post=1901"},{"taxonomy":"product_cat","embeddable":true,"href":"https:\/\/mj-clothing.com\/de\/wp-json\/wp\/v2\/product_cat?post=1901"},{"taxonomy":"product_tag","embeddable":true,"href":"https:\/\/mj-clothing.com\/de\/wp-json\/wp\/v2\/product_tag?post=1901"}],"curies":[{"name":"wp","href":"https:\/\/api.w.org\/{rel}","templated":true}]}}