{"id":1919,"date":"2024-12-16T08:23:18","date_gmt":"2024-12-16T08:23:18","guid":{"rendered":"https:\/\/mj-clothing.com\/?post_type=product&#038;p=1919"},"modified":"2024-12-17T03:44:00","modified_gmt":"2024-12-17T03:44:00","slug":"womens-pink-long-sleeve-tops","status":"publish","type":"product","link":"https:\/\/mj-clothing.com\/de\/manufacturer\/womens-pink-long-sleeve-tops\/","title":{"rendered":"Rosa lang\u00e4rmelige Damen-Oberteile"},"content":{"rendered":"<p data-sourcepos=\"1:1-1:189\">Rosa lang\u00e4rmelige Damenoberteile sind eine vielseitige und stilvolle Wahl f\u00fcr Frauen. <span class=\"citation-0 recitation citation-end-0\">Es gibt sie in verschiedenen Farbt\u00f6nen, von zartem Rouge bis hin zu leuchtendem Pink, und sie k\u00f6nnen zu verschiedenen Anl\u00e4ssen gestylt werden.<\/span><span class=\"button-container hide-from-message-actions ng-star-inserted\"> \u00a0<\/span><\/p>\n<h3 data-sourcepos=\"5:1-5:54\">\u00a0 \u00a0 \u00a0 Hier sind einige beliebte Modelle von rosa Langarm-Tops f\u00fcr Frauen:<\/h3>\n<ul data-sourcepos=\"7:1-18:0\">\n<li data-sourcepos=\"7:1-9:0\">\n<p data-sourcepos=\"7:3-8:22\"><strong><span class=\"citation-1 recitation\">Blusen:<\/span><\/strong><span class=\"citation-1 recitation citation-end-1\"> Rosa Blusen k\u00f6nnen aus verschiedenen Stoffen wie Seide, Baumwolle oder Leinen hergestellt werden.<\/span> Sie k\u00f6nnen mit R\u00f6cken, Hosen oder Jeans kombiniert werden, um einen eleganten und raffinierten Look zu erzielen.<span class=\"button-container hide-from-message-actions ng-star-inserted\">\u00a0 \u00a0<\/span><\/p>\n<\/li>\n<li data-sourcepos=\"7:1-9:0\">\n<p data-sourcepos=\"7:3-8:22\"><strong style=\"font-size: 14.4px;\"><span class=\"citation-2 recitation\">T-Shirts:<\/span><\/strong><span class=\"citation-2 recitation citation-end-2\" style=\"font-size: 14.4px;\"> Rosa T-Shirts sind eine l\u00e4ssige und bequeme Option, die mit Jeans, Shorts oder R\u00f6cken kombiniert werden kann.<\/span><span class=\"button-container hide-from-message-actions ng-star-inserted\" style=\"font-size: 14.4px;\">\u00a0 \u00a0<\/span><\/p>\n<\/li>\n<li data-sourcepos=\"7:1-9:0\">\n<p data-sourcepos=\"7:3-8:22\"><strong style=\"font-size: 14.4px;\"><span class=\"citation-3 recitation\">Pullover:<\/span><\/strong><span class=\"citation-3 recitation citation-end-3\" style=\"font-size: 14.4px;\"> Rosa Pullover sind perfekt f\u00fcr k\u00fchleres Wetter.<\/span><span style=\"font-size: 14.4px;\"> Sie k\u00f6nnen zu Jeans, Leggings oder R\u00f6cken getragen werden.<\/span><\/p>\n<\/li>\n<li data-sourcepos=\"7:1-9:0\">\n<p data-sourcepos=\"7:3-8:22\"><strong style=\"font-size: 14.4px;\"><span class=\"citation-4 recitation\">Tanktops:<\/span><\/strong><span class=\"citation-4 recitation citation-end-4\" style=\"font-size: 14.4px;\"> Rosa Tanktops sind ein vielseitiges Kleidungsst\u00fcck, das sowohl unter anderen Oberteilen als auch allein getragen werden kann.<\/span><span class=\"button-container hide-from-message-actions ng-star-inserted\" style=\"font-size: 14.4px;\">\u00a0 \u00a0<\/span><\/p>\n<div class=\"container ng-tns-c2946245707-318 hide\">\n<div class=\"carousel-container ng-tns-c2946245707-318\"><\/div>\n<\/div>\n<div class=\"attachment-container search-images\">\n<div class=\"image-container hide-from-message-actions ng-star-inserted\">\n<div class=\"caption ellipsis gmat-caption ng-star-inserted\" aria-hidden=\"true\"><span style=\"font-size: 20.16px;\">Beachten Sie bei rosa lang\u00e4rmeligen Oberteilen f\u00fcr Frauen die folgenden Tipps:<\/span><\/div>\n<\/div>\n<\/div>\n<\/li>\n<\/ul>\n<ul data-sourcepos=\"21:1-25:0\">\n<li data-sourcepos=\"21:1-21:94\"><strong>Ausstatten:<\/strong> F\u00fcgen Sie Accessoires wie Halsketten, Ohrringe und Schals hinzu, um Ihren Look aufzuwerten.<\/li>\n<li data-sourcepos=\"22:1-22:121\"><strong>Spielen Sie mit Texturen:<\/strong> Kombinieren Sie verschiedene Texturen wie Spitze, Samt oder Strick, um interessante Outfits zu kreieren.<\/li>\n<li data-sourcepos=\"23:1-23:114\"><strong>Experimentieren Sie mit Farben:<\/strong> Kombinieren Sie Ihr rosafarbenes Oberteil mit anderen Farben wie Schwarz, Wei\u00df oder Denim f\u00fcr einen klassischen Look.<\/li>\n<li data-sourcepos=\"24:1-25:0\"><strong>Halten Sie es einfach:<\/strong> Wenn Sie ein auff\u00e4lliges rosa Oberteil tragen, halten Sie den Rest Ihres Outfits schlicht.<\/li>\n<\/ul>\n<p data-sourcepos=\"26:1-26:192\">Rosa lang\u00e4rmelige Oberteile sind eine vielseitige und stilvolle Wahl, die zu jedem Anlass getragen werden kann. Wenn Sie diese Tipps befolgen, k\u00f6nnen Sie atemberaubende Outfits kreieren, in denen Sie sich wohlf\u00fchlen und gut aussehen.<\/p>","protected":false},"excerpt":{"rendered":"<table style=\"height: 488px;\" width=\"438\">\n<tbody>\n<tr>\n<td width=\"146\"><strong><b>Produkt<\/b><\/strong>\u00a0<strong><b>Name:<\/b><\/strong><\/td>\n<td width=\"601\"><strong>Rosa lang\u00e4rmelige Damen-Oberteile<\/strong><\/td>\n<\/tr>\n<tr>\n<td width=\"146\"><strong><b>Materlal:<\/b><\/strong><\/td>\n<td width=\"601\">Stricken<\/td>\n<\/tr>\n<tr>\n<td width=\"146\"><strong><b>Die Technik:<\/b><\/strong><\/td>\n<td width=\"601\">Gestickt<\/td>\n<\/tr>\n<tr>\n<td width=\"146\"><strong><b>Stil:<\/b><\/strong><\/td>\n<td width=\"601\">L\u00e4ssig<\/td>\n<\/tr>\n<tr>\n<td width=\"146\"><strong><b>Farbe<\/b><\/strong><strong><b>:<\/b><\/strong><\/td>\n<td width=\"601\">\u00a0Benutzerdefinierte Farben<\/td>\n<\/tr>\n<tr>\n<td width=\"146\"><strong><b>Gr\u00f6\u00dfe:<\/b><\/strong><\/td>\n<td width=\"601\">S \/M \/L \/XL \/2XL<\/td>\n<\/tr>\n<tr>\n<td width=\"146\"><strong><b>OEM\/ODM:<\/b><\/strong><\/td>\n<td width=\"601\">Annehmbar<\/td>\n<\/tr>\n<tr>\n<td width=\"146\"><strong><b>Qualit\u00e4t:<\/b><\/strong><\/td>\n<td width=\"601\">100% Hohe Qualit\u00e4t<\/td>\n<\/tr>\n<tr>\n<td width=\"146\"><strong><b>M<\/b><\/strong><strong><b>OQ:<\/b><\/strong><\/td>\n<td width=\"601\">200 St\u00fcck<\/td>\n<\/tr>\n<\/tbody>\n<\/table>","protected":false},"featured_media":1922,"template":"","meta":[],"product_brand":[],"product_cat":[39],"product_tag":[],"class_list":{"0":"post-1919","1":"product","2":"type-product","3":"status-publish","4":"has-post-thumbnail","6":"product_cat-womens-clothing","8":"first","9":"instock","10":"shipping-taxable","11":"product-type-simple"},"_links":{"self":[{"href":"https:\/\/mj-clothing.com\/de\/wp-json\/wp\/v2\/product\/1919","targetHints":{"allow":["GET"]}}],"collection":[{"href":"https:\/\/mj-clothing.com\/de\/wp-json\/wp\/v2\/product"}],"about":[{"href":"https:\/\/mj-clothing.com\/de\/wp-json\/wp\/v2\/types\/product"}],"wp:featuredmedia":[{"embeddable":true,"href":"https:\/\/mj-clothing.com\/de\/wp-json\/wp\/v2\/media\/1922"}],"wp:attachment":[{"href":"https:\/\/mj-clothing.com\/de\/wp-json\/wp\/v2\/media?parent=1919"}],"wp:term":[{"taxonomy":"product_brand","embeddable":true,"href":"https:\/\/mj-clothing.com\/de\/wp-json\/wp\/v2\/product_brand?post=1919"},{"taxonomy":"product_cat","embeddable":true,"href":"https:\/\/mj-clothing.com\/de\/wp-json\/wp\/v2\/product_cat?post=1919"},{"taxonomy":"product_tag","embeddable":true,"href":"https:\/\/mj-clothing.com\/de\/wp-json\/wp\/v2\/product_tag?post=1919"}],"curies":[{"name":"wp","href":"https:\/\/api.w.org\/{rel}","templated":true}]}}