{"id":1937,"date":"2024-12-16T08:58:11","date_gmt":"2024-12-16T08:58:11","guid":{"rendered":"https:\/\/mj-clothing.com\/?post_type=product&#038;p=1937"},"modified":"2024-12-18T06:12:05","modified_gmt":"2024-12-18T06:12:05","slug":"womens-flowy-tops","status":"publish","type":"product","link":"https:\/\/mj-clothing.com\/de\/manufacturer\/womens-flowy-tops\/","title":{"rendered":"Flie\u00dfende Oberteile f\u00fcr Frauen"},"content":{"rendered":"<div id=\"model-response-message-contentr_088ece0303c648c2\" class=\"markdown markdown-main-panel response-optimization\" dir=\"ltr\">\n<p data-sourcepos=\"1:1-1:232\">Flie\u00dfende Oberteile f\u00fcr Frauen sind wegen ihres Komforts und ihrer Vielseitigkeit eine beliebte Wahl f\u00fcr Frauen. <span class=\"citation-0 recitation citation-end-0\">Es gibt sie in verschiedenen Stilen, Farben und Stoffen, so dass sie f\u00fcr unterschiedliche Anl\u00e4sse geeignet sind.<\/span> Hier sind einige beliebte Modelle von flie\u00dfenden Oberteilen:<span class=\"button-container hide-from-message-actions ng-star-inserted\">\u00a0<\/span><\/p>\n<h3 data-sourcepos=\"3:1-3:21\"><strong>1. Damen Flie\u00dfende Oberteile Blusen:<\/strong><\/h3>\n<ul data-sourcepos=\"5:1-11:0\">\n<li data-sourcepos=\"5:1-6:31\"><strong><span class=\"citation-1 recitation\">Blusen mit gerafften \u00c4rmeln:<\/span><\/strong><span class=\"citation-1 recitation citation-end-1\"> Diese Blusen verleihen jedem Outfit einen Hauch von Weiblichkeit und Romantik.<\/span><\/li>\n<li data-sourcepos=\"5:1-6:31\"><span class=\"button-container hide-from-message-actions ng-star-inserted\"><strong style=\"font-size: 14.4px;\"><span class=\"citation-2 recitation\">Off-Shoulder-Blusen:<\/span><\/strong><span class=\"citation-2 recitation citation-end-2\" style=\"font-size: 14.4px;\"> Diese Blusen sind perfekt, um Ihre Schultern zu zeigen und einen koketten Look zu kreieren.<\/span><\/span><\/li>\n<li data-sourcepos=\"5:1-6:31\"><strong><span class=\"citation-3 recitation\">Blusen mit Krawattenfront:<\/span><\/strong><span class=\"citation-3 recitation citation-end-3\"> Diese Blusen bieten eine schmeichelhafte und verstellbare Passform.<\/span>\n<div class=\"container ng-tns-c2946245707-355 hide\">\n<div class=\"carousel-container ng-tns-c2946245707-355\"><\/div>\n<\/div>\n<div class=\"attachment-container search-images\">\n<div class=\"image-container hide-from-message-actions ng-star-inserted\">\n<div class=\"caption ellipsis gmat-caption ng-star-inserted\" aria-hidden=\"true\"><\/div>\n<\/div>\n<\/div>\n<\/li>\n<\/ul>\n<h3 data-sourcepos=\"12:1-12:20\"><strong>2. Damen Flie\u00dfende Oberteile Tuniken:<\/strong><\/h3>\n<ul data-sourcepos=\"14:1-20:0\">\n<li data-sourcepos=\"14:1-15:24\"><strong><span class=\"citation-4 recitation\">Bedruckte Tuniken:<\/span><\/strong><span class=\"citation-4 recitation citation-end-4\"> Diese Tuniken eignen sich perfekt, um Ihrer Garderobe einen Farb- und Mustereffekt zu verleihen.<\/span><\/li>\n<li data-sourcepos=\"14:1-15:24\"><strong style=\"font-size: 14.4px;\">Unifarbene Tuniken:<\/strong><span style=\"font-size: 14.4px;\"> Diese Tuniken sind vielseitig und k\u00f6nnen sowohl nach oben als auch nach unten gekleidet werden.<\/span><\/li>\n<li data-sourcepos=\"14:1-15:24\"><strong style=\"font-size: 14.4px;\">Bestickte Tuniken:<\/strong><span style=\"font-size: 14.4px;\"> Diese Tuniken verleihen einen Hauch von Eleganz und Raffinesse.<\/span>\n<div class=\"attachment-container search-images\">\n<div class=\"image-container hide-from-message-actions ng-star-inserted\">\n<div class=\"caption ellipsis gmat-caption ng-star-inserted\" aria-hidden=\"true\"><\/div>\n<\/div>\n<\/div>\n<\/li>\n<\/ul>\n<h3 data-sourcepos=\"21:1-21:23\"><strong>3.Womens Flowy Tops Tank Tops:<\/strong><\/h3>\n<ul data-sourcepos=\"23:1-29:0\">\n<li data-sourcepos=\"23:1-24:24\"><strong>Spitze Tank Tops:<\/strong> Diese Tanktops sind perfekt, um jedem Outfit einen Hauch von Weiblichkeit und Romantik zu verleihen.<\/li>\n<li data-sourcepos=\"23:1-24:24\"><strong style=\"font-size: 14.4px;\">Riemchen-Tank-Tops:<\/strong><span style=\"font-size: 14.4px;\"> Diese Tanktops eignen sich perfekt zum \u00dcbereinanderziehen oder zum alleinigen Tragen.<\/span><\/li>\n<li data-sourcepos=\"23:1-24:24\"><span class=\"button-container hide-from-message-actions ng-star-inserted\"><strong style=\"font-size: 14.4px;\"><span class=\"citation-5 recitation\">Ger\u00fcschte Tanktops:<\/span><\/strong><span class=\"citation-5 recitation citation-end-5\" style=\"font-size: 14.4px;\"> Diese Tank-Tops verleihen jedem Outfit einen verspielten und koketten Touch.<\/span><span class=\"button-container hide-from-message-actions ng-star-inserted\" style=\"font-size: 14.4px;\"> \u00a0<\/span><\/span>\n<div class=\"container ng-tns-c2946245707-357 hide\">\n<div class=\"carousel-container ng-tns-c2946245707-357\"><\/div>\n<\/div>\n<div class=\"attachment-container search-images\"><\/div>\n<\/li>\n<\/ul>\n<h4 data-sourcepos=\"30:1-30:22\"><strong>4. Flie\u00dfende Pullover:<\/strong><\/h4>\n<ul data-sourcepos=\"32:1-38:0\">\n<li data-sourcepos=\"32:1-33:28\"><strong><span class=\"citation-6 recitation\">\u00dcbergro\u00dfe Pullover:<\/span><\/strong><span class=\"citation-6 recitation citation-end-6\"> Diese Pullover sind perfekt, um sich an einem k\u00fchlen Tag einzukuscheln.<\/span><span class=\"button-container hide-from-message-actions ng-star-inserted\">\u00a0 \u00a0<\/span>\n<div class=\"container ng-tns-c2946245707-358 hide\">\n<div class=\"carousel-container ng-tns-c2946245707-358\"><\/div>\n<\/div>\n<div class=\"attachment-container search-images\"><\/div>\n<\/li>\n<li data-sourcepos=\"34:1-35:29\"><strong><span class=\"citation-7 recitation\">Pullover aus Zopfmuster:<\/span><\/strong><span class=\"citation-7 recitation citation-end-7\"> Diese Pullover sind eine klassische und zeitlose Wahl.<\/span><span class=\"button-container hide-from-message-actions ng-star-inserted\"> \u00a0<\/span><\/li>\n<li data-sourcepos=\"34:1-35:29\"><span class=\"button-container hide-from-message-actions ng-star-inserted\"><strong style=\"font-size: 14.4px;\"><span class=\"citation-8 recitation\">Strickjacken:<\/span><\/strong><span class=\"citation-8 recitation citation-end-8\" style=\"font-size: 14.4px;\"> Diese Pullover eignen sich perfekt f\u00fcr mehrere Schichten und k\u00f6nnen sowohl nach oben als auch nach unten gekleidet werden.<\/span><span class=\"button-container hide-from-message-actions ng-star-inserted\" style=\"font-size: 14.4px;\"> \u00a0<\/span><\/span>\n<div class=\"container ng-tns-c2946245707-360 hide\">\n<div class=\"carousel-container ng-tns-c2946245707-360\"><\/div>\n<\/div>\n<div class=\"attachment-container search-images\">\n<div class=\"image-container hide-from-message-actions ng-star-inserted\">\n<div class=\"caption ellipsis gmat-caption ng-star-inserted\" aria-hidden=\"true\"><\/div>\n<\/div>\n<\/div>\n<\/li>\n<\/ul>\n<h3 data-sourcepos=\"39:1-39:53\">Beachten Sie beim Styling von flie\u00dfenden Oberteilen die folgenden Tipps:<\/h3>\n<ul data-sourcepos=\"41:1-45:0\">\n<li data-sourcepos=\"41:1-41:94\"><strong>Ausstatten:<\/strong> F\u00fcgen Sie Accessoires wie Halsketten, Ohrringe und Schals hinzu, um Ihren Look aufzuwerten.<\/li>\n<li data-sourcepos=\"42:1-42:121\"><strong>Spielen Sie mit Texturen:<\/strong> Kombinieren Sie verschiedene Texturen wie Spitze, Samt oder Strick, um interessante Outfits zu kreieren.<\/li>\n<li data-sourcepos=\"43:1-43:112\"><strong>Experimentieren Sie mit Farben:<\/strong> Kombinieren Sie Ihr flie\u00dfendes Oberteil mit anderen Farben, um ein stilvolles und auff\u00e4lliges Outfit zu kreieren.<\/li>\n<li data-sourcepos=\"44:1-45:0\"><strong>Halten Sie es einfach:<\/strong> Wenn Sie ein gewagtes und farbenfrohes flie\u00dfendes Oberteil tragen, halten Sie den Rest Ihres Outfits schlicht.<\/li>\n<\/ul>\n<\/div>","protected":false},"excerpt":{"rendered":"<table style=\"height: 541px;\" width=\"431\">\n<tbody>\n<tr>\n<td width=\"146\"><strong><b>Produkt<\/b><\/strong>\u00a0<strong><b>Name:<\/b><\/strong><\/td>\n<td width=\"601\"><strong>Flie\u00dfende Oberteile f\u00fcr Frauen<\/strong><\/td>\n<\/tr>\n<tr>\n<td width=\"146\"><strong><b>Materlal:<\/b><\/strong><\/td>\n<td width=\"601\">Stricken<\/td>\n<\/tr>\n<tr>\n<td width=\"146\"><strong><b>Die Technik:<\/b><\/strong><\/td>\n<td width=\"601\">Gestickt<\/td>\n<\/tr>\n<tr>\n<td width=\"146\"><strong><b>Stil:<\/b><\/strong><\/td>\n<td width=\"601\">L\u00e4ssig<\/td>\n<\/tr>\n<tr>\n<td width=\"146\"><strong><b>Farbe<\/b><\/strong><strong><b>:<\/b><\/strong><\/td>\n<td width=\"601\">\u00a0Benutzerdefinierte Farben<\/td>\n<\/tr>\n<tr>\n<td width=\"146\"><strong><b>Gr\u00f6\u00dfe:<\/b><\/strong><\/td>\n<td width=\"601\">S \/M \/L \/XL \/2XL<\/td>\n<\/tr>\n<tr>\n<td width=\"146\"><strong><b>OEM\/ODM:<\/b><\/strong><\/td>\n<td width=\"601\">Annehmbar<\/td>\n<\/tr>\n<tr>\n<td width=\"146\"><strong><b>Qualit\u00e4t:<\/b><\/strong><\/td>\n<td width=\"601\">100% Hohe Qualit\u00e4t<\/td>\n<\/tr>\n<tr>\n<td width=\"146\"><strong><b>M<\/b><\/strong><strong><b>OQ:<\/b><\/strong><\/td>\n<td width=\"601\">200 St\u00fcck<\/td>\n<\/tr>\n<\/tbody>\n<\/table>","protected":false},"featured_media":1938,"template":"","meta":[],"product_brand":[],"product_cat":[39],"product_tag":[],"class_list":{"0":"post-1937","1":"product","2":"type-product","3":"status-publish","4":"has-post-thumbnail","6":"product_cat-womens-clothing","8":"first","9":"instock","10":"shipping-taxable","11":"product-type-simple"},"_links":{"self":[{"href":"https:\/\/mj-clothing.com\/de\/wp-json\/wp\/v2\/product\/1937","targetHints":{"allow":["GET"]}}],"collection":[{"href":"https:\/\/mj-clothing.com\/de\/wp-json\/wp\/v2\/product"}],"about":[{"href":"https:\/\/mj-clothing.com\/de\/wp-json\/wp\/v2\/types\/product"}],"wp:featuredmedia":[{"embeddable":true,"href":"https:\/\/mj-clothing.com\/de\/wp-json\/wp\/v2\/media\/1938"}],"wp:attachment":[{"href":"https:\/\/mj-clothing.com\/de\/wp-json\/wp\/v2\/media?parent=1937"}],"wp:term":[{"taxonomy":"product_brand","embeddable":true,"href":"https:\/\/mj-clothing.com\/de\/wp-json\/wp\/v2\/product_brand?post=1937"},{"taxonomy":"product_cat","embeddable":true,"href":"https:\/\/mj-clothing.com\/de\/wp-json\/wp\/v2\/product_cat?post=1937"},{"taxonomy":"product_tag","embeddable":true,"href":"https:\/\/mj-clothing.com\/de\/wp-json\/wp\/v2\/product_tag?post=1937"}],"curies":[{"name":"wp","href":"https:\/\/api.w.org\/{rel}","templated":true}]}}