{"id":1939,"date":"2024-12-16T09:14:41","date_gmt":"2024-12-16T09:14:41","guid":{"rendered":"https:\/\/mj-clothing.com\/?post_type=product&#038;p=1939"},"modified":"2024-12-17T03:42:51","modified_gmt":"2024-12-17T03:42:51","slug":"womens-spring-tops-2024","status":"publish","type":"product","link":"https:\/\/mj-clothing.com\/de\/manufacturer\/womens-spring-tops-2024\/","title":{"rendered":"Damen Fr\u00fchjahrs-Oberteile 2024"},"content":{"rendered":"<p data-sourcepos=\"1:1-1:118\"><span class=\"citation-0 recitation citation-end-0\">Die Womens Spring Tops 2024 sind ein Mix aus klassischen Styles mit modernen Akzenten.<\/span> Hier sind einige der wichtigsten Trends:<\/p>\n<h3 data-sourcepos=\"1:1-1:118\"><strong>1. Fr\u00fchlings-Oberteile f\u00fcr Damen 2024 Schnittmuster:<\/strong><\/h3>\n<ul data-sourcepos=\"5:1-7:0\">\n<li data-sourcepos=\"5:1-5:80\"><strong>Zarte Blumen:<\/strong> Zarte, romantische Blumendrucke sind ein klassischer Fr\u00fchlingstrend.<\/li>\n<li data-sourcepos=\"6:1-7:0\"><strong>K\u00fchne Blumen:<\/strong> Gro\u00dfe, lebendige Blumenmuster setzen ein Zeichen.<\/li>\n<\/ul>\n<h3 data-sourcepos=\"8:1-8:20\"><strong>2. Womens Spring Tops 2024 Relaxed Fits:<\/strong><\/h3>\n<ul data-sourcepos=\"10:1-12:0\">\n<li data-sourcepos=\"10:1-10:99\"><strong>\u00dcbergro\u00dfe Silhouetten:<\/strong> Bequeme und modische Oberteile in \u00dcbergr\u00f6\u00dfe sind perfekt f\u00fcr einen l\u00e4ssigen Look.<\/li>\n<li data-sourcepos=\"11:1-12:0\"><strong>Flie\u00dfende Blusen:<\/strong> Leichte und luftige Blusen sind ideal f\u00fcr w\u00e4rmeres Wetter.<\/li>\n<\/ul>\n<h3 data-sourcepos=\"13:1-13:21\"><strong>3. Womens Spring Tops 2024 Bright Colors:<\/strong><\/h3>\n<ul data-sourcepos=\"15:1-17:0\">\n<li data-sourcepos=\"15:1-15:83\"><strong>Kr\u00e4ftige Farbt\u00f6ne:<\/strong> Kr\u00e4ftige Farben wie Rosa, Gelb und Orange sorgen f\u00fcr eine fr\u00f6hliche Note.<\/li>\n<li data-sourcepos=\"16:1-17:0\"><strong>Pastellfarbene T\u00f6ne:<\/strong> Zarte Pastellt\u00f6ne wie Lavendel, Mintgr\u00fcn und Babyblau sind perfekt f\u00fcr einen romantischen Look.<\/li>\n<\/ul>\n<h3 data-sourcepos=\"18:1-18:24\"><strong>4. Einzigartige Ausschnitte:<\/strong><\/h3>\n<ul data-sourcepos=\"20:1-23:0\">\n<li data-sourcepos=\"20:1-20:59\"><strong>Schulterfrei:<\/strong> Ein femininer und schmeichelhafter Ausschnitt.<\/li>\n<li data-sourcepos=\"21:1-21:55\"><strong>Quadratischer Ausschnitt:<\/strong> Ein modernes und anspruchsvolles Aussehen.<\/li>\n<li data-sourcepos=\"22:1-23:0\"><strong>One-Shoulder:<\/strong> Eine mutige und dramatische Entscheidung.<\/li>\n<\/ul>\n<h3 data-sourcepos=\"24:1-24:24\"><strong>5. Strukturierte Stoffe:<\/strong><\/h3>\n<ul data-sourcepos=\"26:1-29:0\">\n<li data-sourcepos=\"26:1-26:52\"><strong>Spitze:<\/strong> Verleiht einen Hauch von Eleganz und Weiblichkeit.<\/li>\n<li data-sourcepos=\"27:1-27:49\"><strong>Stricken:<\/strong> Bequem und gem\u00fctlich f\u00fcr k\u00fchlere Tage.<\/li>\n<li data-sourcepos=\"28:1-29:0\"><strong>Satin:<\/strong> Ein luxuri\u00f6ser und glamour\u00f6ser Stoff.<\/li>\n<\/ul>\n<h3 data-sourcepos=\"30:1-30:27\"><strong>6. Nachhaltige Textilien:<\/strong><\/h3>\n<ul data-sourcepos=\"32:1-35:0\">\n<li data-sourcepos=\"32:1-32:44\"><strong>Bio-Baumwolle:<\/strong> Umweltfreundlich und weich.<\/li>\n<li data-sourcepos=\"33:1-33:50\"><strong>Recyceltes Polyester:<\/strong> Nachhaltig und dauerhaft.<\/li>\n<li data-sourcepos=\"34:1-35:0\"><strong><span class=\"citation-1 recitation\">Tencel:<\/span><\/strong><span class=\"citation-1 recitation citation-end-1\"> Ein atmungsaktives und feuchtigkeitsableitendes Material.<\/span><span class=\"button-container hide-from-message-actions ng-star-inserted\"> \u00a0<\/span>\n<div class=\"container ng-tns-c2946245707-383 hide\">\n<div class=\"carousel-container ng-tns-c2946245707-383\"><\/div>\n<\/div>\n<\/li>\n<\/ul>\n<p data-sourcepos=\"36:1-36:226\">Denken Sie daran, dass Sie das perfekte Oberteil f\u00fcr den Fr\u00fchling am besten finden, wenn Sie mit verschiedenen Stilen, Farben und Stoffen experimentieren. Ber\u00fccksichtigen Sie bei Ihrer Auswahl Ihren pers\u00f6nlichen Stil und den Anlass, zu dem Sie das Oberteil tragen werden.<\/p>","protected":false},"excerpt":{"rendered":"<table style=\"height: 470px;\" width=\"398\">\n<tbody>\n<tr>\n<td width=\"146\"><strong><b>Produkt<\/b><\/strong>\u00a0<strong><b>Name:<\/b><\/strong><\/td>\n<td width=\"601\"><strong>Damen Fr\u00fchjahrs-Oberteile 2024<\/strong><\/td>\n<\/tr>\n<tr>\n<td width=\"146\"><strong><b>Materlal:<\/b><\/strong><\/td>\n<td width=\"601\">Stricken<\/td>\n<\/tr>\n<tr>\n<td width=\"146\"><strong><b>Die Technik:<\/b><\/strong><\/td>\n<td width=\"601\">Gestickt<\/td>\n<\/tr>\n<tr>\n<td width=\"146\"><strong><b>Stil:<\/b><\/strong><\/td>\n<td width=\"601\">L\u00e4ssig<\/td>\n<\/tr>\n<tr>\n<td width=\"146\"><strong><b>Farbe<\/b><\/strong><strong><b>:<\/b><\/strong><\/td>\n<td width=\"601\">\u00a0Benutzerdefinierte Farben<\/td>\n<\/tr>\n<tr>\n<td width=\"146\"><strong><b>Gr\u00f6\u00dfe:<\/b><\/strong><\/td>\n<td width=\"601\">S \/M \/L \/XL \/2XL<\/td>\n<\/tr>\n<tr>\n<td width=\"146\"><strong><b>OEM\/ODM:<\/b><\/strong><\/td>\n<td width=\"601\">Annehmbar<\/td>\n<\/tr>\n<tr>\n<td width=\"146\"><strong><b>Qualit\u00e4t:<\/b><\/strong><\/td>\n<td width=\"601\">100% Hohe Qualit\u00e4t<\/td>\n<\/tr>\n<tr>\n<td width=\"146\"><strong><b>M<\/b><\/strong><strong><b>OQ:<\/b><\/strong><\/td>\n<td width=\"601\">200 St\u00fcck<\/td>\n<\/tr>\n<\/tbody>\n<\/table>","protected":false},"featured_media":1940,"template":"","meta":[],"product_brand":[],"product_cat":[39],"product_tag":[],"class_list":{"0":"post-1939","1":"product","2":"type-product","3":"status-publish","4":"has-post-thumbnail","6":"product_cat-womens-clothing","8":"first","9":"instock","10":"shipping-taxable","11":"product-type-simple"},"_links":{"self":[{"href":"https:\/\/mj-clothing.com\/de\/wp-json\/wp\/v2\/product\/1939","targetHints":{"allow":["GET"]}}],"collection":[{"href":"https:\/\/mj-clothing.com\/de\/wp-json\/wp\/v2\/product"}],"about":[{"href":"https:\/\/mj-clothing.com\/de\/wp-json\/wp\/v2\/types\/product"}],"wp:featuredmedia":[{"embeddable":true,"href":"https:\/\/mj-clothing.com\/de\/wp-json\/wp\/v2\/media\/1940"}],"wp:attachment":[{"href":"https:\/\/mj-clothing.com\/de\/wp-json\/wp\/v2\/media?parent=1939"}],"wp:term":[{"taxonomy":"product_brand","embeddable":true,"href":"https:\/\/mj-clothing.com\/de\/wp-json\/wp\/v2\/product_brand?post=1939"},{"taxonomy":"product_cat","embeddable":true,"href":"https:\/\/mj-clothing.com\/de\/wp-json\/wp\/v2\/product_cat?post=1939"},{"taxonomy":"product_tag","embeddable":true,"href":"https:\/\/mj-clothing.com\/de\/wp-json\/wp\/v2\/product_tag?post=1939"}],"curies":[{"name":"wp","href":"https:\/\/api.w.org\/{rel}","templated":true}]}}