{"id":1946,"date":"2024-12-17T02:48:08","date_gmt":"2024-12-17T02:48:08","guid":{"rendered":"https:\/\/mj-clothing.com\/?post_type=product&#038;p=1946"},"modified":"2024-12-17T03:42:21","modified_gmt":"2024-12-17T03:42:21","slug":"easy-to-sew-womens-tops","status":"publish","type":"product","link":"https:\/\/mj-clothing.com\/de\/manufacturer\/easy-to-sew-womens-tops\/","title":{"rendered":"Leicht zu n\u00e4hende Oberteile f\u00fcr Frauen"},"content":{"rendered":"<div class=\"experimental-mode-disclaimer-container ng-star-inserted\">\n<div class=\"disclaimer\">\n<div class=\"disclaimer-text ng-star-inserted\"><\/div>\n<\/div>\n<\/div>\n<div id=\"model-response-message-contentr_97504a3a3735aa12\" class=\"markdown markdown-main-panel response-optimization\" dir=\"ltr\">\n<p data-sourcepos=\"1:1-1:139\">Es h\u00f6rt sich an, als ob Sie nach Easy To Sew Womens Tops suchen! Hier finden Sie eine Reihe von Ideen und Ressourcen, die Ihnen den Einstieg erleichtern:<\/p>\n<h3 data-sourcepos=\"3:1-3:33\"><strong>Schl\u00fcsselelemente f\u00fcr leicht zu n\u00e4hende Oberteile f\u00fcr Frauen:<\/strong><\/h3>\n<ul data-sourcepos=\"5:1-9:0\">\n<li data-sourcepos=\"5:1-5:153\"><strong>Einfache Formen:<\/strong> Suchen Sie nach Mustern mit Grundformen wie Rechtecken, Quadraten oder minimalen Kurven. Diese erfordern weniger kompliziertes Schneiden und Zusammensetzen.<\/li>\n<li data-sourcepos=\"6:1-6:172\"><strong><span class=\"citation-0 recitation\">Gestrickte Stoffe:<\/span><\/strong><span class=\"citation-0 recitation citation-end-0\"> Diese Stoffe sind dehnbar, so dass sie Anf\u00e4ngern mehr Spielraum lassen.<\/span> Au\u00dferdem m\u00fcssen die Kanten oft nicht nachbearbeitet werden, was Zeit spart.<span class=\"button-container hide-from-message-actions ng-star-inserted\">\u00a0 \u00a0<\/span>\n<div class=\"container ng-tns-c2960411664-24 hide\">\n<div class=\"carousel-container ng-tns-c2960411664-24\"><\/div>\n<\/div>\n<\/li>\n<li data-sourcepos=\"7:1-7:95\"><strong>Minimale N\u00e4hte:<\/strong> Je weniger N\u00e4hte ein Schnittmuster hat, desto schneller und einfacher ist es zu n\u00e4hen.<\/li>\n<li data-sourcepos=\"8:1-9:0\"><strong>Keine komplizierten Verschl\u00fcsse:<\/strong> Vermeiden Sie anfangs Muster mit Rei\u00dfverschl\u00fcssen, Knopfl\u00f6chern oder komplizierten Verschl\u00fcssen.<\/li>\n<\/ul>\n<h3 data-sourcepos=\"10:1-10:32\"><strong>Einfach zu n\u00e4hende Oberteile f\u00fcr Frauen, die Sie ber\u00fccksichtigen sollten:<\/strong><\/h3>\n<ul data-sourcepos=\"12:1-17:0\">\n<li data-sourcepos=\"12:1-12:133\"><strong>T-Shirts:<\/strong> Ein Klassiker aus gutem Grund! <span class=\"citation-1 recitation citation-end-1\">Einfache Muster f\u00fcr T-Shirts sind leicht erh\u00e4ltlich und bieten einen guten Ausgangspunkt.<\/span><span class=\"button-container hide-from-message-actions ng-star-inserted\"> \u00a0<\/span>\n<div class=\"container ng-tns-c2960411664-25 hide\">\n<div class=\"carousel-container ng-tns-c2960411664-25\"><\/div>\n<\/div>\n<\/li>\n<li data-sourcepos=\"13:1-13:96\"><strong>Tank Tops:<\/strong> Einfache Tanktops mit breiten Tr\u00e4gern oder Grundformen sind sehr einfach zu konstruieren.<\/li>\n<li data-sourcepos=\"14:1-14:110\"><strong>Kimono-Oberteile:<\/strong> Dabei werden oft gerade Linien gen\u00e4ht, die aus sch\u00f6nen, drapierbaren Stoffen hergestellt werden k\u00f6nnen.<\/li>\n<li data-sourcepos=\"15:1-15:97\"><strong>Einfache Tuniken:<\/strong> Locker sitzende Tuniken mit minimaler Formgebung sind bequem und einfach zu n\u00e4hen.<\/li>\n<li data-sourcepos=\"16:1-17:0\"><strong>Geraffte Oberteile:<\/strong> Oberteile mit elastischem Halsausschnitt oder gerafften Partien sind \u00fcberraschend einfach zu fertigen.<\/li>\n<\/ul>\n<h3 data-sourcepos=\"18:1-18:43\"><strong>Hier finden Sie Schnittmuster und Inspirationen f\u00fcr leicht zu n\u00e4hende Oberteile f\u00fcr Frauen:<\/strong><\/h3>\n<ul data-sourcepos=\"20:1-24:0\">\n<li data-sourcepos=\"20:1-20:97\"><strong>Unverzichtbar n\u00e4hen:<\/strong> Diese Website bietet eine Vielzahl von anf\u00e4ngerfreundlichen Mustern und Ressourcen.<\/li>\n<li data-sourcepos=\"21:1-21:99\"><strong>Einfach n\u00e4hen:<\/strong> <span class=\"citation-2 recitation citation-end-2\">Sie konzentrieren sich auf einfache und stilvolle Muster mit klaren Anweisungen.<\/span><span class=\"button-container hide-from-message-actions ng-star-inserted\">\u00a0<\/span>\n<div class=\"container ng-tns-c2960411664-26 hide\">\n<div class=\"carousel-container ng-tns-c2960411664-26\"><\/div>\n<\/div>\n<\/li>\n<li data-sourcepos=\"22:1-22:120\"><strong><span class=\"citation-3 recitation\">Pinterest:<\/span><\/strong><span class=\"citation-3 recitation citation-end-3\"> Eine Fundgrube f\u00fcr Heimwerkerideen, darunter viele kostenlose Anleitungen und Muster f\u00fcr einfache Oberteile.<\/span><span class=\"button-container hide-from-message-actions ng-star-inserted\"> \u00a0<\/span>\n<div class=\"container ng-tns-c2960411664-27 hide\">\n<div class=\"carousel-container ng-tns-c2960411664-27\"><\/div>\n<\/div>\n<\/li>\n<li data-sourcepos=\"23:1-24:0\"><strong>Simplicity, McCall's, Butterick:<\/strong> Diese Musterfirmen bieten eine breite Palette von Mustern an, die oft nach Schwierigkeitsgrad kategorisiert sind.<\/li>\n<\/ul>\n<h3 data-sourcepos=\"25:1-25:23\"><strong>Tipps f\u00fcr Einsteiger:<\/strong><\/h3>\n<ul data-sourcepos=\"27:1-31:0\">\n<li data-sourcepos=\"27:1-27:102\"><strong>Beginnen Sie mit einem einfachen Projekt:<\/strong> Versuchen Sie nicht, bei Ihrem ersten Versuch etwas zu Komplexes in Angriff zu nehmen.<\/li>\n<li data-sourcepos=\"28:1-28:99\"><strong>W\u00e4hlen Sie den richtigen Stoff:<\/strong> Maschenstoffe sind im Allgemeinen leichter zu verarbeiten als Webstoffe.<\/li>\n<li data-sourcepos=\"29:1-29:93\"><strong>Lesen Sie die Anweisungen sorgf\u00e4ltig durch:<\/strong> Vergewissern Sie sich, dass Sie die Schritte verstanden haben, bevor Sie beginnen.<\/li>\n<li data-sourcepos=\"30:1-31:0\"><strong>Scheuen Sie sich nicht, um Hilfe zu bitten:<\/strong> Es gibt viele Online-Communities und Ressourcen, die Ihnen helfen, wenn Sie nicht weiterkommen.<\/li>\n<\/ul>\n<p data-sourcepos=\"32:1-32:128\">Ich bin gerne bereit, Ihnen weiterzuhelfen, wenn Sie spezielle Fragen haben oder einen bestimmten Oberteilstil erkunden m\u00f6chten. Lass es mich einfach wissen!<\/p>\n<\/div>\n<div class=\"skeleton-loader-container\"><\/div>","protected":false},"excerpt":{"rendered":"<table style=\"height: 518px;\" width=\"411\">\n<tbody>\n<tr>\n<td width=\"146\"><strong><b>Produkt<\/b><\/strong>\u00a0<strong><b>Name:<\/b><\/strong><\/td>\n<td width=\"601\"><strong>Leicht zu n\u00e4hende Oberteile f\u00fcr Frauen<\/strong><\/td>\n<\/tr>\n<tr>\n<td width=\"146\"><strong><b>Materlal:<\/b><\/strong><\/td>\n<td width=\"601\">Stricken<\/td>\n<\/tr>\n<tr>\n<td width=\"146\"><strong><b>Die Technik:<\/b><\/strong><\/td>\n<td width=\"601\">Gestickt<\/td>\n<\/tr>\n<tr>\n<td width=\"146\"><strong><b>Stil:<\/b><\/strong><\/td>\n<td width=\"601\">L\u00e4ssig<\/td>\n<\/tr>\n<tr>\n<td width=\"146\"><strong><b>Farbe<\/b><\/strong><strong><b>:<\/b><\/strong><\/td>\n<td width=\"601\">\u00a0Benutzerdefinierte Farben<\/td>\n<\/tr>\n<tr>\n<td width=\"146\"><strong><b>Gr\u00f6\u00dfe:<\/b><\/strong><\/td>\n<td width=\"601\">S \/M \/L \/XL \/2XL<\/td>\n<\/tr>\n<tr>\n<td width=\"146\"><strong><b>OEM\/ODM:<\/b><\/strong><\/td>\n<td width=\"601\">Annehmbar<\/td>\n<\/tr>\n<tr>\n<td width=\"146\"><strong><b>Qualit\u00e4t:<\/b><\/strong><\/td>\n<td width=\"601\">100% Hohe Qualit\u00e4t<\/td>\n<\/tr>\n<tr>\n<td width=\"146\"><strong><b>M<\/b><\/strong><strong><b>OQ:<\/b><\/strong><\/td>\n<td width=\"601\">200 St\u00fcck<\/td>\n<\/tr>\n<\/tbody>\n<\/table>","protected":false},"featured_media":1956,"template":"","meta":[],"product_brand":[],"product_cat":[39],"product_tag":[],"class_list":{"0":"post-1946","1":"product","2":"type-product","3":"status-publish","4":"has-post-thumbnail","6":"product_cat-womens-clothing","8":"first","9":"instock","10":"shipping-taxable","11":"product-type-simple"},"_links":{"self":[{"href":"https:\/\/mj-clothing.com\/de\/wp-json\/wp\/v2\/product\/1946","targetHints":{"allow":["GET"]}}],"collection":[{"href":"https:\/\/mj-clothing.com\/de\/wp-json\/wp\/v2\/product"}],"about":[{"href":"https:\/\/mj-clothing.com\/de\/wp-json\/wp\/v2\/types\/product"}],"wp:featuredmedia":[{"embeddable":true,"href":"https:\/\/mj-clothing.com\/de\/wp-json\/wp\/v2\/media\/1956"}],"wp:attachment":[{"href":"https:\/\/mj-clothing.com\/de\/wp-json\/wp\/v2\/media?parent=1946"}],"wp:term":[{"taxonomy":"product_brand","embeddable":true,"href":"https:\/\/mj-clothing.com\/de\/wp-json\/wp\/v2\/product_brand?post=1946"},{"taxonomy":"product_cat","embeddable":true,"href":"https:\/\/mj-clothing.com\/de\/wp-json\/wp\/v2\/product_cat?post=1946"},{"taxonomy":"product_tag","embeddable":true,"href":"https:\/\/mj-clothing.com\/de\/wp-json\/wp\/v2\/product_tag?post=1946"}],"curies":[{"name":"wp","href":"https:\/\/api.w.org\/{rel}","templated":true}]}}