{"id":1957,"date":"2024-12-17T02:54:13","date_gmt":"2024-12-17T02:54:13","guid":{"rendered":"https:\/\/mj-clothing.com\/?post_type=product&#038;p=1957"},"modified":"2024-12-18T06:10:01","modified_gmt":"2024-12-18T06:10:01","slug":"womens-shell-top","status":"publish","type":"product","link":"https:\/\/mj-clothing.com\/de\/manufacturer\/womens-shell-top\/","title":{"rendered":"Muschel-Top f\u00fcr Frauen"},"content":{"rendered":"<p data-sourcepos=\"1:1-1:134\"><span class=\"citation-0 recitation citation-end-0\">Ein Muscheloberteil f\u00fcr Damen ist ein vielseitiges und klassisches Kleidungsst\u00fcck f\u00fcr den Kleiderschrank.<\/span> Hier ist eine \u00dcbersicht dar\u00fcber, was es ist und warum es so beliebt ist:<span class=\"button-container hide-from-message-actions ng-star-inserted\"> \u00a0<\/span><\/p>\n<h3 data-sourcepos=\"3:1-3:24\"><strong>Was ist ein Muscheloberteil f\u00fcr Frauen?<\/strong><\/h3>\n<ul data-sourcepos=\"5:1-9:0\">\n<li data-sourcepos=\"5:1-5:173\"><strong><span class=\"citation-1 recitation\">Einfach und \u00e4rmellos:<\/span><\/strong><span class=\"citation-1 recitation citation-end-1\"> Im Grunde ist es ein einfaches, \u00e4rmelloses Oberteil.<\/span> Es hat oft einen einfachen Ausschnitt (wie einen Rundhalsausschnitt, Rundhalsausschnitt oder V-Ausschnitt) und keinen Kragen.<span class=\"button-container hide-from-message-actions ng-star-inserted\"> \u00a0<\/span>\n<div class=\"container ng-tns-c2960411664-35 hide\">\n<div class=\"carousel-container ng-tns-c2960411664-35\"><\/div>\n<\/div>\n<\/li>\n<li data-sourcepos=\"6:1-6:278\"><strong>Vielseitiger Stoff:<\/strong> <span class=\"citation-2 recitation citation-end-2\">Oberteile k\u00f6nnen aus einer Vielzahl von Stoffen hergestellt werden, darunter Baumwolle, Seide, Leinen, Viskose oder Mischgewebe.<\/span> <span class=\"citation-3 recitation citation-end-3\">Die Wahl des Stoffes kann einen gro\u00dfen Einfluss auf das Aussehen und die Haptik des Oberteils haben, so dass es sich f\u00fcr legere oder formellere Anl\u00e4sse eignet.<\/span>\n<div class=\"container ng-tns-c2960411664-36 hide\">\n<div class=\"carousel-container ng-tns-c2960411664-36\"><\/div>\n<\/div>\n<\/li>\n<li data-sourcepos=\"7:1-7:186\"><strong>Lagenbildung unerl\u00e4sslich:<\/strong> Shell-Oberteile eignen sich hervorragend als Unterschicht unter Strickjacken, Blazern, Jacken oder sogar durchsichtigen Oberteilen. Sie bieten eine weiche Basisschicht, ohne die Arme zu beschweren.<\/li>\n<li data-sourcepos=\"8:1-9:0\"><strong><span class=\"citation-4 recitation\">Alleinstehendes St\u00fcck:<\/span><\/strong><span class=\"citation-4 recitation citation-end-4\"> Shell-Oberteile eignen sich zwar hervorragend zum \u00dcberziehen, k\u00f6nnen aber auch allein getragen werden, vor allem bei w\u00e4rmerem Wetter.<\/span>\n<div class=\"container ng-tns-c2960411664-37 hide\">\n<div class=\"carousel-container ng-tns-c2960411664-37\"><\/div>\n<\/div>\n<\/li>\n<\/ul>\n<h3 data-sourcepos=\"10:1-10:24\"><strong>Wesentliche Merkmale:<\/strong><\/h3>\n<ul data-sourcepos=\"12:1-15:0\">\n<li data-sourcepos=\"12:1-12:120\"><strong>Klare Linien:<\/strong> Muscheloberteile haben in der Regel ein klares und einfaches Design, ohne \u00fcberm\u00e4\u00dfige Verzierungen oder Details.<\/li>\n<li data-sourcepos=\"13:1-13:128\"><strong>Angepasst oder halb-angepasst:<\/strong> Sie sind in der Regel so geschnitten, dass sie relativ eng am K\u00f6rper anliegen und eine schmeichelhafte Silhouette bilden.<\/li>\n<li data-sourcepos=\"14:1-15:0\"><strong>Zeitloser Stil:<\/strong> Das Muscheloberteil ist ein klassisches Kleidungsst\u00fcck, das aufgrund seiner Schlichtheit und Anpassungsf\u00e4higkeit seit Jahrzehnten stilvoll ist.<\/li>\n<\/ul>\n<h3 data-sourcepos=\"16:1-16:25\"><strong>Warum sind Womens Shell Top so beliebt?<\/strong><\/h3>\n<ul data-sourcepos=\"18:1-22:0\">\n<li data-sourcepos=\"18:1-18:95\"><strong>Vielseitigkeit:<\/strong> Wie bereits erw\u00e4hnt, k\u00f6nnen sie nach Belieben gekleidet und in verschiedenen Situationen getragen werden.<\/li>\n<li data-sourcepos=\"19:1-19:130\"><strong>Komfort:<\/strong> Das \u00e4rmellose Design und die oft leichten Stoffe sorgen f\u00fcr ein angenehmes Tragegef\u00fchl, besonders in w\u00e4rmeren Klimazonen.<\/li>\n<li data-sourcepos=\"20:1-20:92\"><strong>F\u00e4higkeit zur Schichtung:<\/strong> Sie eignen sich perfekt, um mehrschichtige Outfits zu kreieren, ohne dabei aufzutragen.<\/li>\n<li data-sourcepos=\"21:1-22:0\"><strong>Zeitlosigkeit:<\/strong> Sie sind ein Klassiker in der Garderobe, der nie aus der Mode kommt.<\/li>\n<\/ul>\n<h3 data-sourcepos=\"23:1-23:28\"><strong>Wie man ein Muscheloberteil f\u00fcr Frauen tr\u00e4gt:<\/strong><\/h3>\n<ul data-sourcepos=\"25:1-28:0\">\n<li data-sourcepos=\"25:1-25:81\"><strong>L\u00e4ssig:<\/strong> Kombinieren Sie es mit Jeans, Shorts oder einem l\u00e4ssigen Rock f\u00fcr einen entspannten Look.<\/li>\n<li data-sourcepos=\"26:1-26:122\"><strong>Business Casual:<\/strong> Tragen Sie ihn unter einem Blazer mit einer Hose oder einem Bleistiftrock f\u00fcr ein professionelles und dennoch bequemes Outfit.<\/li>\n<li data-sourcepos=\"27:1-28:0\"><strong>Schick:<\/strong> W\u00e4hlen Sie ein Oberteil aus einem luxuri\u00f6sen Stoff wie Seide oder Satin und kombinieren Sie es mit einem eleganten Rock oder einer Hose f\u00fcr eine Abendveranstaltung.<\/li>\n<\/ul>\n<p data-sourcepos=\"29:1-29:132\">Egal, ob Sie ein einfaches Lagenkleidungsst\u00fcck oder ein schlichtes Oberteil f\u00fcr warmes Wetter suchen, das Shell-Top ist eine vielseitige und stilvolle Wahl.<\/p>","protected":false},"excerpt":{"rendered":"<table style=\"height: 495px;\" width=\"411\">\n<tbody>\n<tr>\n<td width=\"146\"><strong><b>Produkt<\/b><\/strong>\u00a0<strong><b>Name:<\/b><\/strong><\/td>\n<td width=\"601\"><strong>Muschel-Top f\u00fcr Frauen<\/strong><\/td>\n<\/tr>\n<tr>\n<td width=\"146\"><strong><b>Materlal:<\/b><\/strong><\/td>\n<td width=\"601\">Stricken<\/td>\n<\/tr>\n<tr>\n<td width=\"146\"><strong><b>Die Technik:<\/b><\/strong><\/td>\n<td width=\"601\">Gestickt<\/td>\n<\/tr>\n<tr>\n<td width=\"146\"><strong><b>Stil:<\/b><\/strong><\/td>\n<td width=\"601\">L\u00e4ssig<\/td>\n<\/tr>\n<tr>\n<td width=\"146\"><strong><b>Farbe<\/b><\/strong><strong><b>:<\/b><\/strong><\/td>\n<td width=\"601\">\u00a0Benutzerdefinierte Farben<\/td>\n<\/tr>\n<tr>\n<td width=\"146\"><strong><b>Gr\u00f6\u00dfe:<\/b><\/strong><\/td>\n<td width=\"601\">S \/M \/L \/XL \/2XL<\/td>\n<\/tr>\n<tr>\n<td width=\"146\"><strong><b>OEM\/ODM:<\/b><\/strong><\/td>\n<td width=\"601\">Annehmbar<\/td>\n<\/tr>\n<tr>\n<td width=\"146\"><strong><b>Qualit\u00e4t:<\/b><\/strong><\/td>\n<td width=\"601\">100% Hohe Qualit\u00e4t<\/td>\n<\/tr>\n<tr>\n<td width=\"146\"><strong><b>M<\/b><\/strong><strong><b>OQ:<\/b><\/strong><\/td>\n<td width=\"601\">200 St\u00fcck<\/td>\n<\/tr>\n<\/tbody>\n<\/table>","protected":false},"featured_media":1958,"template":"","meta":[],"product_brand":[],"product_cat":[39],"product_tag":[],"class_list":{"0":"post-1957","1":"product","2":"type-product","3":"status-publish","4":"has-post-thumbnail","6":"product_cat-womens-clothing","8":"first","9":"instock","10":"shipping-taxable","11":"product-type-simple"},"_links":{"self":[{"href":"https:\/\/mj-clothing.com\/de\/wp-json\/wp\/v2\/product\/1957","targetHints":{"allow":["GET"]}}],"collection":[{"href":"https:\/\/mj-clothing.com\/de\/wp-json\/wp\/v2\/product"}],"about":[{"href":"https:\/\/mj-clothing.com\/de\/wp-json\/wp\/v2\/types\/product"}],"wp:featuredmedia":[{"embeddable":true,"href":"https:\/\/mj-clothing.com\/de\/wp-json\/wp\/v2\/media\/1958"}],"wp:attachment":[{"href":"https:\/\/mj-clothing.com\/de\/wp-json\/wp\/v2\/media?parent=1957"}],"wp:term":[{"taxonomy":"product_brand","embeddable":true,"href":"https:\/\/mj-clothing.com\/de\/wp-json\/wp\/v2\/product_brand?post=1957"},{"taxonomy":"product_cat","embeddable":true,"href":"https:\/\/mj-clothing.com\/de\/wp-json\/wp\/v2\/product_cat?post=1957"},{"taxonomy":"product_tag","embeddable":true,"href":"https:\/\/mj-clothing.com\/de\/wp-json\/wp\/v2\/product_tag?post=1957"}],"curies":[{"name":"wp","href":"https:\/\/api.w.org\/{rel}","templated":true}]}}