{"id":1960,"date":"2024-12-17T03:10:50","date_gmt":"2024-12-17T03:10:50","guid":{"rendered":"https:\/\/mj-clothing.com\/?post_type=product&#038;p=1960"},"modified":"2024-12-17T03:10:50","modified_gmt":"2024-12-17T03:10:50","slug":"periwinkle-womens-tops","status":"publish","type":"product","link":"https:\/\/mj-clothing.com\/de\/manufacturer\/periwinkle-womens-tops\/","title":{"rendered":"Periwinkle Womens Tops"},"content":{"rendered":"<div id=\"model-response-message-contentr_7f973865284483ec\" class=\"markdown markdown-main-panel response-optimization\" dir=\"ltr\">\n<p data-sourcepos=\"1:1-1:279\">Periwinkle Womens Tops ist eine sch\u00f6ne, weiche und vielseitige Farbe, die jedem Outfit einen Hauch von Eleganz und Weiblichkeit verleihen kann. <span class=\"citation-0 recitation citation-end-0\">Es ist ein helles Violett mit einem Hauch von Blau, das oft als blasses Lavendel oder helles Violett beschrieben wird.<\/span> Das macht die periwinkelfarbenen Damenoberteile so attraktiv:<span class=\"button-container hide-from-message-actions ng-star-inserted\">\u00a0 \u00a0<\/span><\/p>\n<h3 data-sourcepos=\"3:1-3:39\"><strong>Warum Periwinkle Womens Tops funktioniert gut f\u00fcr Tops:<\/strong><\/h3>\n<ul data-sourcepos=\"5:1-9:0\">\n<li data-sourcepos=\"5:1-5:138\"><strong>Schmeichelhaft f\u00fcr viele Hautt\u00f6ne:<\/strong> Veilchenblau hat sowohl k\u00fchle als auch warme Untert\u00f6ne und schmeichelt damit einer breiten Palette von Teints.<\/li>\n<li data-sourcepos=\"6:1-6:105\"><strong>Sanft und beruhigend:<\/strong> <span class=\"citation-1 recitation citation-end-1\">Es ist eine sanfte Farbe, die Gef\u00fchle von Ruhe und Frieden hervorruft.<\/span><span class=\"button-container hide-from-message-actions ng-star-inserted\"> \u00a0<\/span>\n<div class=\"container ng-tns-c2960411664-45 hide\">\n<div class=\"carousel-container ng-tns-c2960411664-45\"><\/div>\n<\/div>\n<\/li>\n<li data-sourcepos=\"7:1-7:111\"><strong><span class=\"citation-2 recitation\">Vielseitig:<\/span><\/strong><span class=\"citation-2 recitation citation-end-2\"> Periwinkle l\u00e4sst sich sowohl nach oben als auch nach unten kleiden und eignet sich daher f\u00fcr verschiedene Anl\u00e4sse.<\/span><span class=\"button-container hide-from-message-actions ng-star-inserted\"> \u00a0<\/span>\n<div class=\"container ng-tns-c2960411664-46 hide\">\n<div class=\"carousel-container ng-tns-c2960411664-46\"><\/div>\n<\/div>\n<\/li>\n<li data-sourcepos=\"8:1-9:0\"><strong>L\u00e4sst sich gut mit anderen Farben kombinieren:<\/strong> Sie passt zu neutralen Farben wie Wei\u00df, Grau und Beige sowie zu anderen Farben wie Rosa, Gr\u00fcn und sogar Gelb.<\/li>\n<\/ul>\n<h3 data-sourcepos=\"10:1-10:44\"><strong>Arten von Periwinkle Womens Tops Sie finden k\u00f6nnten:<\/strong><\/h3>\n<ul data-sourcepos=\"12:1-16:0\">\n<li data-sourcepos=\"12:1-12:164\"><strong>T-Shirts und Freizeitoberteile:<\/strong> Ein immergr\u00fcnes T-Shirt oder ein l\u00e4ssiges Top ist perfekt f\u00fcr den Alltag. Kombinieren Sie es mit Jeans, Shorts oder einem l\u00e4ssigen Rock f\u00fcr einen entspannten Look.<\/li>\n<li data-sourcepos=\"13:1-13:198\"><strong><span class=\"citation-3 recitation\">Blusen und elegantere Oberteile:<\/span><\/strong><span class=\"citation-3 recitation citation-end-3\"> Eine violette Bluse aus Seide, Satin oder Chiffon kann zu formelleren Anl\u00e4ssen getragen werden.<\/span> Kombinieren Sie ihn mit einer Anzughose, einem Rock oder sogar unter einem Blazer.<span class=\"button-container hide-from-message-actions ng-star-inserted\"> \u00a0<\/span>\n<div class=\"container ng-tns-c2960411664-47 hide\">\n<div class=\"carousel-container ng-tns-c2960411664-47\"><\/div>\n<\/div>\n<\/li>\n<li data-sourcepos=\"14:1-14:110\"><strong>Pullover und Strickjacken:<\/strong> Ein immergr\u00fcner Pullover oder eine Strickjacke ist ein tolles Kleidungsst\u00fcck f\u00fcr k\u00fchleres Wetter.<\/li>\n<li data-sourcepos=\"15:1-16:0\"><strong><span class=\"citation-4 recitation\">Tank Tops und Camisoles:<\/span><\/strong><span class=\"citation-4 recitation citation-end-4\"> Ein veilchenblaues Tank-Top oder Camisole kann bei warmem Wetter allein oder unter anderen Oberteilen getragen werden.<\/span><span class=\"button-container hide-from-message-actions ng-star-inserted\">\u00a0<\/span>\n<div class=\"container ng-tns-c2960411664-48 hide\">\n<div class=\"carousel-container ng-tns-c2960411664-48\">\n<div class=\"carousel-content ng-tns-c2960411664-48\">\n<div class=\"sources-carousel-source ng-tns-c2960411664-48 hide ng-star-inserted\" data-test-id=\"sources-carousel-source\"><\/div>\n<\/div>\n<\/div>\n<\/div>\n<\/li>\n<\/ul>\n<h3 data-sourcepos=\"17:1-17:33\"><strong>So stylen Sie periwinklige Oberteile:<\/strong><\/h3>\n<ul data-sourcepos=\"19:1-23:0\">\n<li data-sourcepos=\"19:1-19:100\"><strong>L\u00e4ssig:<\/strong> Kombinieren Sie ein immergr\u00fcnes T-Shirt mit wei\u00dfen Jeans und Sneakers f\u00fcr einen frischen und l\u00e4ssigen Look.<\/li>\n<li data-sourcepos=\"20:1-20:117\"><strong>Business Casual:<\/strong> Tragen Sie eine periwinkelfarbene Bluse mit einer grauen Hose und Abs\u00e4tzen f\u00fcr ein professionelles und dennoch stilvolles Outfit.<\/li>\n<li data-sourcepos=\"21:1-21:104\"><strong>Schick:<\/strong> Kombinieren Sie ein violettfarbenes Satinoberteil mit einem schwarzen Rock und hohen Abs\u00e4tzen f\u00fcr einen eleganten Abendlook.<\/li>\n<li data-sourcepos=\"22:1-23:0\"><strong>Bohemien:<\/strong> Kombinieren Sie ein lilafarbenes, flie\u00dfendes Oberteil mit einem langen Rock und Sandalen f\u00fcr einen Boh\u00e8me-Look.<\/li>\n<\/ul>\n<p data-sourcepos=\"32:1-32:113\">\n<\/div>","protected":false},"excerpt":{"rendered":"<table style=\"height: 501px;\" width=\"369\">\n<tbody>\n<tr>\n<td width=\"146\"><strong><b>Produkt<\/b><\/strong>\u00a0<strong><b>Name:<\/b><\/strong><\/td>\n<td width=\"601\"><strong>Periwinkle Womens Tops<\/strong><\/td>\n<\/tr>\n<tr>\n<td width=\"146\"><strong><b>Materlal:<\/b><\/strong><\/td>\n<td width=\"601\">Stricken<\/td>\n<\/tr>\n<tr>\n<td width=\"146\"><strong><b>Die Technik: <\/b><\/strong><\/td>\n<td width=\"601\">Gestickt<\/td>\n<\/tr>\n<tr>\n<td width=\"146\"><strong><b>Stil: <\/b><\/strong><\/td>\n<td width=\"601\">L\u00e4ssig<\/td>\n<\/tr>\n<tr>\n<td width=\"146\"><strong><b>Farbe<\/b><\/strong><strong><b>:<\/b><\/strong><\/td>\n<td width=\"601\">\u00a0Benutzerdefinierte Farben<\/td>\n<\/tr>\n<tr>\n<td width=\"146\"><strong><b>Gr\u00f6\u00dfe:<\/b><\/strong><\/td>\n<td width=\"601\">S \/M \/L \/XL \/2XL<\/td>\n<\/tr>\n<tr>\n<td width=\"146\"><strong><b>OEM\/ODM:<\/b><\/strong><\/td>\n<td width=\"601\">Annehmbar<\/td>\n<\/tr>\n<tr>\n<td width=\"146\"><strong><b>Qualit\u00e4t:<\/b><\/strong><\/td>\n<td width=\"601\">100% Hohe Qualit\u00e4t<\/td>\n<\/tr>\n<tr>\n<td width=\"146\"><strong><b>M<\/b><\/strong><strong><b>OQ:<\/b><\/strong><\/td>\n<td width=\"601\">200 St\u00fcck<\/td>\n<\/tr>\n<\/tbody>\n<\/table>","protected":false},"featured_media":1961,"template":"","meta":[],"product_brand":[],"product_cat":[39],"product_tag":[],"class_list":{"0":"post-1960","1":"product","2":"type-product","3":"status-publish","4":"has-post-thumbnail","6":"product_cat-womens-clothing","8":"first","9":"instock","10":"shipping-taxable","11":"product-type-simple"},"_links":{"self":[{"href":"https:\/\/mj-clothing.com\/de\/wp-json\/wp\/v2\/product\/1960","targetHints":{"allow":["GET"]}}],"collection":[{"href":"https:\/\/mj-clothing.com\/de\/wp-json\/wp\/v2\/product"}],"about":[{"href":"https:\/\/mj-clothing.com\/de\/wp-json\/wp\/v2\/types\/product"}],"wp:featuredmedia":[{"embeddable":true,"href":"https:\/\/mj-clothing.com\/de\/wp-json\/wp\/v2\/media\/1961"}],"wp:attachment":[{"href":"https:\/\/mj-clothing.com\/de\/wp-json\/wp\/v2\/media?parent=1960"}],"wp:term":[{"taxonomy":"product_brand","embeddable":true,"href":"https:\/\/mj-clothing.com\/de\/wp-json\/wp\/v2\/product_brand?post=1960"},{"taxonomy":"product_cat","embeddable":true,"href":"https:\/\/mj-clothing.com\/de\/wp-json\/wp\/v2\/product_cat?post=1960"},{"taxonomy":"product_tag","embeddable":true,"href":"https:\/\/mj-clothing.com\/de\/wp-json\/wp\/v2\/product_tag?post=1960"}],"curies":[{"name":"wp","href":"https:\/\/api.w.org\/{rel}","templated":true}]}}