{"id":1999,"date":"2024-12-17T07:46:21","date_gmt":"2024-12-17T07:46:21","guid":{"rendered":"https:\/\/mj-clothing.com\/?post_type=product&#038;p=1999"},"modified":"2024-12-17T08:30:43","modified_gmt":"2024-12-17T08:30:43","slug":"womens-shell-tops","status":"publish","type":"product","link":"https:\/\/mj-clothing.com\/de\/manufacturer\/womens-shell-tops\/","title":{"rendered":"Shell-Oberteile f\u00fcr Frauen"},"content":{"rendered":"<p data-sourcepos=\"1:1-1:189\">Es klingt, als ob Sie sich f\u00fcr Muscheloberteile f\u00fcr Frauen interessieren! Sie sind ein klassisches und vielseitiges Kleidungsst\u00fcck f\u00fcr den Kleiderschrank. Hier erf\u00e4hrst du, was sie sind, ihre wichtigsten Eigenschaften und warum sie so beliebt sind:<\/p>\n<h3 data-sourcepos=\"3:1-3:24\"><strong>Was ist ein Muscheloberteil f\u00fcr Frauen?<\/strong><\/h3>\n<p data-sourcepos=\"5:1-5:161\"><span class=\"citation-0 recitation citation-end-0\">Ein Muscheloberteil ist ein einfaches, \u00e4rmelloses Oberteil mit einem einfachen Halsausschnitt.<\/span> Betrachten Sie es als eine leere Leinwand f\u00fcr Ihr Outfit. Hier sind die wichtigsten Merkmale:<span class=\"button-container hide-from-message-actions ng-star-inserted\"> \u00a0<\/span><\/p>\n<ul data-sourcepos=\"7:1-12:0\">\n<li data-sourcepos=\"7:1-7:148\"><strong>\u00c4rmellos:<\/strong> Dies ist das wichtigste Merkmal. Shell-Oberteile sind immer \u00e4rmellos und eignen sich daher ideal zum \u00dcberziehen oder Tragen bei warmem Wetter.<\/li>\n<li data-sourcepos=\"8:1-8:137\"><strong>Einfacher Ausschnitt:<\/strong> <span class=\"citation-1 recitation citation-end-1\">\u00dcbliche Ausschnitte sind Rundhalsausschnitt, Rundhalsausschnitt, V-Ausschnitt oder sogar ein h\u00f6herer Ausschnitt wie ein Mock Neck.<\/span><span class=\"button-container hide-from-message-actions ng-star-inserted\"> \u00a0<\/span>\n<div class=\"container ng-tns-c2960411664-59 hide\">\n<div class=\"carousel-container ng-tns-c2960411664-59\"><\/div>\n<\/div>\n<\/li>\n<li data-sourcepos=\"9:1-9:165\"><strong>Sauberes Design:<\/strong> Muscheloberteile sind in der Regel frei von \u00fcberm\u00e4\u00dfigen Verzierungen wie R\u00fcschen, Spitze oder gro\u00dfen Drucken. Diese Schlichtheit macht sie unglaublich vielseitig.<\/li>\n<li data-sourcepos=\"10:1-10:226\"><strong><span class=\"citation-2 recitation\">Verschiedene Stoffe:<\/span><\/strong><span class=\"citation-2 recitation citation-end-2\"> Sie k\u00f6nnen aus einer Vielzahl von Stoffen hergestellt werden, darunter Baumwolle, Seide, Leinen, Rayon, Polyester oder Mischgewebe.<\/span> <span class=\"citation-3 recitation citation-end-3\">Die Wahl des Stoffes beeinflusst den Faltenwurf, die Haptik und die Form des Oberteils.<\/span><span class=\"button-container hide-from-message-actions ng-star-inserted\"> \u00a0<\/span>\n<div class=\"container ng-tns-c2960411664-60 hide\">\n<div class=\"carousel-container ng-tns-c2960411664-60\"><\/div>\n<\/div>\n<\/li>\n<li data-sourcepos=\"11:1-12:0\"><strong>Angepasst oder halb-angepasst:<\/strong> Sie sind im Allgemeinen k\u00f6rpernah geschnitten, aber nicht immer hauteng. <span class=\"citation-4 recitation citation-end-4\">Einige Muscheloberteile haben eine etwas lockerere, entspanntere Passform.<\/span><span class=\"button-container hide-from-message-actions ng-star-inserted\"> \u00a0<\/span>\n<div class=\"container ng-tns-c2960411664-61 hide\">\n<div class=\"carousel-container ng-tns-c2960411664-61\"><\/div>\n<\/div>\n<\/li>\n<\/ul>\n<h3 data-sourcepos=\"13:1-13:34\"><strong>Warum sind Muscheloberteile f\u00fcr Frauen so beliebt?<\/strong><\/h3>\n<ul data-sourcepos=\"15:1-19:0\">\n<li data-sourcepos=\"15:1-15:143\"><strong>Vielseitigkeit:<\/strong> Dies ist ihre gr\u00f6\u00dfte St\u00e4rke. <span class=\"citation-5 recitation citation-end-5\">Sie k\u00f6nnen sowohl nach oben als auch nach unten gekleidet werden und eignen sich daher f\u00fcr fast jede Gelegenheit.<\/span><span class=\"button-container hide-from-message-actions ng-star-inserted\">\u00a0 \u00a0<\/span>\n<div class=\"container ng-tns-c2960411664-62 hide\">\n<div class=\"carousel-container ng-tns-c2960411664-62\"><\/div>\n<\/div>\n<\/li>\n<li data-sourcepos=\"16:1-16:168\"><strong>Schichtung:<\/strong> Sie sind perfekt f\u00fcr Schichten unter Strickjacken, Blazern, Jacken und sogar durchsichtigen Oberteilen. Sie bieten eine weiche Basisschicht, ohne an den Armen aufzutragen.<\/li>\n<li data-sourcepos=\"17:1-17:127\"><strong>Komfort:<\/strong> Das \u00e4rmellose Design und die oft leichten Stoffe sorgen f\u00fcr ein angenehmes Tragegef\u00fchl, besonders bei warmem Wetter.<\/li>\n<li data-sourcepos=\"18:1-19:0\"><strong>Zeitloser Stil:<\/strong> Muscheloberteile sind ein Klassiker in der Garderobe, der nie aus der Mode kommt.<\/li>\n<\/ul>\n<h3 data-sourcepos=\"20:1-20:28\"><strong>Wie man ein Muscheloberteil f\u00fcr Frauen tr\u00e4gt:<\/strong><\/h3>\n<ul data-sourcepos=\"22:1-26:0\">\n<li data-sourcepos=\"22:1-22:90\"><strong>L\u00e4ssig:<\/strong> Kombinieren Sie es mit Jeans, Shorts oder einem l\u00e4ssigen Rock f\u00fcr einen entspannten Alltagslook.<\/li>\n<li data-sourcepos=\"23:1-23:122\"><strong>Business Casual:<\/strong> Tragen Sie ihn unter einem Blazer mit einer Hose oder einem Bleistiftrock f\u00fcr ein professionelles und dennoch bequemes Outfit.<\/li>\n<li data-sourcepos=\"24:1-24:138\"><strong>Schick:<\/strong> W\u00e4hlen Sie ein Oberteil aus einem luxuri\u00f6sen Stoff wie Seide oder Satin und kombinieren Sie es mit einem eleganten Rock oder einer Hose f\u00fcr eine Abendveranstaltung.<\/li>\n<li data-sourcepos=\"25:1-26:0\"><strong>Schichtung:<\/strong> Tragen Sie ihn unter einer Strickjacke, einer Jacke oder sogar einem Kleid f\u00fcr zus\u00e4tzliche W\u00e4rme und Stil.<\/li>\n<\/ul>\n<h3 data-sourcepos=\"27:1-27:28\"><strong>Beispiele und Variationen f\u00fcr Muscheloberteile f\u00fcr Frauen:<\/strong><\/h3>\n<ul data-sourcepos=\"29:1-33:0\">\n<li data-sourcepos=\"29:1-29:89\"><strong>Seidenmuschel-Oberteil:<\/strong> Ideal f\u00fcr elegante Anl\u00e4sse, mit einem glatten und eleganten Look.<\/li>\n<li data-sourcepos=\"30:1-30:87\"><strong>Baumwoll-Shell-Top:<\/strong> Perfekt f\u00fcr Freizeitkleidung, bietet Komfort und Atmungsaktivit\u00e4t.<\/li>\n<li data-sourcepos=\"31:1-31:89\"><strong><span class=\"citation-6 recitation\">Rippenstrick-Shell-Top:<\/span><\/strong><span class=\"citation-6 recitation citation-end-6\"> Bietet ein strukturierteres Aussehen und eine engere Passform.<\/span><span class=\"button-container hide-from-message-actions ng-star-inserted\"> \u00a0<\/span>\n<div class=\"container ng-tns-c2960411664-63 hide\">\n<div class=\"carousel-container ng-tns-c2960411664-63\"><\/div>\n<\/div>\n<\/li>\n<li data-sourcepos=\"32:1-33:0\"><strong>Spitzen-Shell-Top:<\/strong> Verleiht einen Hauch von Weiblichkeit und kann sowohl nach oben als auch nach unten getragen werden.<\/li>\n<\/ul>","protected":false},"excerpt":{"rendered":"<table style=\"height: 542px;\" width=\"437\">\n<tbody>\n<tr>\n<td width=\"146\"><strong><b>Produkt<\/b><\/strong>\u00a0<strong><b>Name:<\/b><\/strong><\/td>\n<td width=\"601\">Shell-Oberteile f\u00fcr Frauen<\/td>\n<\/tr>\n<tr>\n<td width=\"146\"><strong><b>Materlal:<\/b><\/strong><\/td>\n<td width=\"601\">Stricken<\/td>\n<\/tr>\n<tr>\n<td width=\"146\"><strong><b>Die Technik:<\/b><\/strong><\/td>\n<td width=\"601\">Gestickt<\/td>\n<\/tr>\n<tr>\n<td width=\"146\"><strong><b>Stil:<\/b><\/strong><\/td>\n<td width=\"601\">L\u00e4ssig<\/td>\n<\/tr>\n<tr>\n<td width=\"146\"><strong><b>Farbe<\/b><\/strong><strong><b>:<\/b><\/strong><\/td>\n<td width=\"601\">\u00a0Benutzerdefinierte Farben<\/td>\n<\/tr>\n<tr>\n<td width=\"146\"><strong><b>Gr\u00f6\u00dfe:<\/b><\/strong><\/td>\n<td width=\"601\">S \/M \/L \/XL \/2XL<\/td>\n<\/tr>\n<tr>\n<td width=\"146\"><strong><b>OEM\/ODM:<\/b><\/strong><\/td>\n<td width=\"601\">Annehmbar<\/td>\n<\/tr>\n<tr>\n<td width=\"146\"><strong><b>Qualit\u00e4t:<\/b><\/strong><\/td>\n<td width=\"601\">100% Hohe Qualit\u00e4t<\/td>\n<\/tr>\n<tr>\n<td width=\"146\"><strong><b>M<\/b><\/strong><strong><b>OQ:<\/b><\/strong><\/td>\n<td width=\"601\">200 St\u00fcck<\/td>\n<\/tr>\n<\/tbody>\n<\/table>","protected":false},"featured_media":2007,"template":"","meta":[],"product_brand":[],"product_cat":[39],"product_tag":[],"class_list":{"0":"post-1999","1":"product","2":"type-product","3":"status-publish","4":"has-post-thumbnail","6":"product_cat-womens-clothing","8":"first","9":"instock","10":"shipping-taxable","11":"product-type-simple"},"_links":{"self":[{"href":"https:\/\/mj-clothing.com\/de\/wp-json\/wp\/v2\/product\/1999","targetHints":{"allow":["GET"]}}],"collection":[{"href":"https:\/\/mj-clothing.com\/de\/wp-json\/wp\/v2\/product"}],"about":[{"href":"https:\/\/mj-clothing.com\/de\/wp-json\/wp\/v2\/types\/product"}],"wp:featuredmedia":[{"embeddable":true,"href":"https:\/\/mj-clothing.com\/de\/wp-json\/wp\/v2\/media\/2007"}],"wp:attachment":[{"href":"https:\/\/mj-clothing.com\/de\/wp-json\/wp\/v2\/media?parent=1999"}],"wp:term":[{"taxonomy":"product_brand","embeddable":true,"href":"https:\/\/mj-clothing.com\/de\/wp-json\/wp\/v2\/product_brand?post=1999"},{"taxonomy":"product_cat","embeddable":true,"href":"https:\/\/mj-clothing.com\/de\/wp-json\/wp\/v2\/product_cat?post=1999"},{"taxonomy":"product_tag","embeddable":true,"href":"https:\/\/mj-clothing.com\/de\/wp-json\/wp\/v2\/product_tag?post=1999"}],"curies":[{"name":"wp","href":"https:\/\/api.w.org\/{rel}","templated":true}]}}