{"id":2001,"date":"2024-12-17T08:02:02","date_gmt":"2024-12-17T08:02:02","guid":{"rendered":"https:\/\/mj-clothing.com\/?post_type=product&#038;p=2001"},"modified":"2024-12-17T08:57:32","modified_gmt":"2024-12-17T08:57:32","slug":"womens-surplice-top","status":"publish","type":"product","link":"https:\/\/mj-clothing.com\/de\/manufacturer\/womens-surplice-top\/","title":{"rendered":"Damen-Surplice-Top"},"content":{"rendered":"<p data-sourcepos=\"1:1-1:164\">Ein Oberteil f\u00fcr Frauen ist ein stilvolles und schmeichelhaftes Kleidungsst\u00fcck, das f\u00fcr seinen markanten Ausschnitt bekannt ist. Hier finden Sie eine \u00dcbersicht \u00fcber die wichtigsten Merkmale und warum es eine beliebte Wahl ist:<\/p>\n<h3 data-sourcepos=\"3:1-3:27\"><strong>Was ist ein Wickeloberteil f\u00fcr Frauen?<\/strong><\/h3>\n<p data-sourcepos=\"5:1-5:212\">Das charakteristische Merkmal eines Miederoberteils ist sein <strong>\u00fcberlappende Frontplatten<\/strong> die einen diagonalen oder V-f\u00f6rmigen Ausschnitt bilden. Dieses Design ist vom traditionellen kirchlichen Gewand, dem Surplice, inspiriert.<\/p>\n<p data-sourcepos=\"7:1-7:27\">Hier sind einige der wichtigsten Merkmale:<\/p>\n<ul data-sourcepos=\"9:1-14:0\">\n<li data-sourcepos=\"9:1-9:98\"><strong>\u00dcberlappende Front:<\/strong> Der Stoff \u00fcberkreuzt sich selbst, so dass ein Wickel- oder Fake-Wickel-Effekt entsteht.<\/li>\n<li data-sourcepos=\"10:1-10:131\"><strong>V-Ausschnitt oder diagonaler Ausschnitt:<\/strong> Dieser Ausschnitt ist in der Regel recht tief und streckend, was vielen K\u00f6rpertypen schmeichelt.<\/li>\n<li data-sourcepos=\"11:1-11:133\"><strong>Verschiedene H\u00fclsenstile:<\/strong> Oberteile mit Sch\u00f6\u00dfchen k\u00f6nnen mit kurzen \u00c4rmeln, langen \u00c4rmeln, Dreiviertel\u00e4rmeln oder sogar \u00e4rmellos sein.<\/li>\n<li data-sourcepos=\"12:1-12:179\"><strong>Verschiedene Stoffe:<\/strong> Sie k\u00f6nnen aus verschiedenen Stoffen hergestellt werden, z. B. aus Strick, Webware, Seide, Jersey und mehr. Die Wahl des Stoffes wirkt sich auf den Fall und das Gesamtbild des Oberteils aus.<\/li>\n<li data-sourcepos=\"13:1-14:0\"><strong>Angepasst oder lose:<\/strong> Die Passform kann je nach Design und Stoff von tailliert bis locker und flie\u00dfend variieren.<\/li>\n<\/ul>\n<h3 data-sourcepos=\"15:1-15:34\"><strong>Warum sind Wickeloberteile f\u00fcr Frauen so beliebt?<\/strong><\/h3>\n<ul data-sourcepos=\"17:1-21:0\">\n<li data-sourcepos=\"17:1-17:188\"><strong>Schmeichelhafter Ausschnitt:<\/strong> Der V-Ausschnitt oder diagonale Ausschnitt verl\u00e4ngert den Hals und den Oberk\u00f6rper und wirkt dadurch schlanker. Er betont auch das Schl\u00fcsselbein und die Brustpartie auf schmeichelhafte Weise.<\/li>\n<li data-sourcepos=\"18:1-18:107\"><strong>Feminin und elegant:<\/strong> Das \u00fcberlappende Design verleiht jedem Outfit einen Hauch von Weiblichkeit und Eleganz.<\/li>\n<li data-sourcepos=\"19:1-19:103\"><strong>Vielseitig:<\/strong> Oberteile mit Sch\u00f6\u00dfchen lassen sich sowohl nach oben als auch nach unten tragen und eignen sich daher f\u00fcr verschiedene Anl\u00e4sse.<\/li>\n<li data-sourcepos=\"20:1-21:0\"><strong>Bequem:<\/strong> Je nach Stoff und Passform k\u00f6nnen sie sehr angenehm zu tragen sein.<\/li>\n<\/ul>\n<h3 data-sourcepos=\"22:1-22:32\"><strong>So stylen Sie ein Wickeloberteil f\u00fcr Frauen:<\/strong><\/h3>\n<ul data-sourcepos=\"24:1-28:0\">\n<li data-sourcepos=\"24:1-24:90\"><strong>L\u00e4ssig:<\/strong> Kombinieren Sie es mit Jeans, Shorts oder einem l\u00e4ssigen Rock f\u00fcr einen entspannten Alltagslook.<\/li>\n<li data-sourcepos=\"25:1-25:114\"><strong>Business Casual:<\/strong> Tragen Sie ihn zu Hosen, einem Bleistiftrock oder unter einem Blazer f\u00fcr ein professionelles Ambiente.<\/li>\n<li data-sourcepos=\"26:1-26:140\"><strong>Schick:<\/strong> W\u00e4hlen Sie ein Oberteil aus einem luxuri\u00f6sen Stoff wie Seide oder Satin und kombinieren Sie es mit einer Hose oder einem Rock f\u00fcr eine Abendveranstaltung.<\/li>\n<li data-sourcepos=\"27:1-28:0\"><strong>Schichtung:<\/strong> Sie k\u00f6nnen ein Oberteil mit Sch\u00f6\u00dfchen unter einer Strickjacke oder einem Sakko tragen, um mehr W\u00e4rme und Stil zu erhalten.<\/li>\n<\/ul>","protected":false},"excerpt":{"rendered":"<table style=\"height: 571px;\" width=\"446\">\n<tbody>\n<tr>\n<td width=\"146\"><strong><b>Produkt<\/b><\/strong>\u00a0<strong><b>Name:<\/b><\/strong><\/td>\n<td width=\"601\"><strong>Damen-Surplice-Top<\/strong><\/td>\n<\/tr>\n<tr>\n<td width=\"146\"><strong><b>Materlal:<\/b><\/strong><\/td>\n<td width=\"601\">Stricken<\/td>\n<\/tr>\n<tr>\n<td width=\"146\"><strong><b>Die Technik:<\/b><\/strong><\/td>\n<td width=\"601\">Gestickt<\/td>\n<\/tr>\n<tr>\n<td width=\"146\"><strong><b>Stil:<\/b><\/strong><\/td>\n<td width=\"601\">L\u00e4ssig<\/td>\n<\/tr>\n<tr>\n<td width=\"146\"><strong><b>Farbe<\/b><\/strong><strong><b>:<\/b><\/strong><\/td>\n<td width=\"601\">\u00a0Benutzerdefinierte Farben<\/td>\n<\/tr>\n<tr>\n<td width=\"146\"><strong><b>Gr\u00f6\u00dfe:<\/b><\/strong><\/td>\n<td width=\"601\">S \/M \/L \/XL \/2XL<\/td>\n<\/tr>\n<tr>\n<td width=\"146\"><strong><b>OEM\/ODM:<\/b><\/strong><\/td>\n<td width=\"601\">Annehmbar<\/td>\n<\/tr>\n<tr>\n<td width=\"146\"><strong><b>Qualit\u00e4t:<\/b><\/strong><\/td>\n<td width=\"601\">100% Hohe Qualit\u00e4t<\/td>\n<\/tr>\n<tr>\n<td width=\"146\"><strong><b>M<\/b><\/strong><strong><b>OQ:<\/b><\/strong><\/td>\n<td width=\"601\">200 St\u00fcck<\/td>\n<\/tr>\n<\/tbody>\n<\/table>","protected":false},"featured_media":2002,"template":"","meta":[],"product_brand":[],"product_cat":[39],"product_tag":[],"class_list":{"0":"post-2001","1":"product","2":"type-product","3":"status-publish","4":"has-post-thumbnail","6":"product_cat-womens-clothing","8":"first","9":"instock","10":"shipping-taxable","11":"product-type-simple"},"_links":{"self":[{"href":"https:\/\/mj-clothing.com\/de\/wp-json\/wp\/v2\/product\/2001","targetHints":{"allow":["GET"]}}],"collection":[{"href":"https:\/\/mj-clothing.com\/de\/wp-json\/wp\/v2\/product"}],"about":[{"href":"https:\/\/mj-clothing.com\/de\/wp-json\/wp\/v2\/types\/product"}],"wp:featuredmedia":[{"embeddable":true,"href":"https:\/\/mj-clothing.com\/de\/wp-json\/wp\/v2\/media\/2002"}],"wp:attachment":[{"href":"https:\/\/mj-clothing.com\/de\/wp-json\/wp\/v2\/media?parent=2001"}],"wp:term":[{"taxonomy":"product_brand","embeddable":true,"href":"https:\/\/mj-clothing.com\/de\/wp-json\/wp\/v2\/product_brand?post=2001"},{"taxonomy":"product_cat","embeddable":true,"href":"https:\/\/mj-clothing.com\/de\/wp-json\/wp\/v2\/product_cat?post=2001"},{"taxonomy":"product_tag","embeddable":true,"href":"https:\/\/mj-clothing.com\/de\/wp-json\/wp\/v2\/product_tag?post=2001"}],"curies":[{"name":"wp","href":"https:\/\/api.w.org\/{rel}","templated":true}]}}