{"id":2005,"date":"2024-12-17T08:27:39","date_gmt":"2024-12-17T08:27:39","guid":{"rendered":"https:\/\/mj-clothing.com\/?post_type=product&#038;p=2005"},"modified":"2024-12-18T06:08:53","modified_gmt":"2024-12-18T06:08:53","slug":"glorya-long-sleeve-hooded-top-womens","status":"publish","type":"product","link":"https:\/\/mj-clothing.com\/de\/manufacturer\/glorya-long-sleeve-hooded-top-womens\/","title":{"rendered":"Glorya Langarm-Oberteil mit Kapuze - Damen"},"content":{"rendered":"<div id=\"model-response-message-contentr_2042c454bde921df\" class=\"markdown markdown-main-panel response-optimization\" dir=\"ltr\">\n<p data-sourcepos=\"1:1-1:220\">Es klingt, als ob Sie sich f\u00fcr das Patagonia Long-Sleeve Glorya Long-Sleeve Hooded Top-Women's interessieren. Dies ist ein beliebtes Teil von Patagonia, das f\u00fcr seinen Komfort und seine Vielseitigkeit bekannt ist. Hier ist eine Aufschl\u00fcsselung dessen, was es auszeichnet:<\/p>\n<h3 data-sourcepos=\"3:1-3:17\"><strong>Hauptmerkmale Glorya Langarm-Kapuzenoberteil - Damen:<\/strong><\/h3>\n<ul data-sourcepos=\"5:1-12:0\">\n<li data-sourcepos=\"5:1-5:186\"><strong>Leicht und bequem:<\/strong> <span class=\"citation-0 recitation citation-end-0\">Dieser Kapuzenpullover besteht aus einer weichen Mischung aus recyceltem Polyester, TENCEL\u2122 Lyocell und Elasthan und bietet Komfort und Bewegungsfreiheit.<\/span>\n<div class=\"container ng-tns-c2960411664-80 hide\">\n<div class=\"carousel-container ng-tns-c2960411664-80\"><\/div>\n<\/div>\n<\/li>\n<li data-sourcepos=\"6:1-6:176\"><strong>Feuchtigkeitsableitend und schnelltrocknend:<\/strong> <span class=\"citation-1 recitation citation-end-1\">Das Material leitet Feuchtigkeit hervorragend ab und trocknet schnell, so dass es sich sowohl f\u00fcr den aktiven als auch f\u00fcr den t\u00e4glichen Gebrauch eignet.<\/span><span class=\"button-container hide-from-message-actions ng-star-inserted\">\u00a0 \u00a0<\/span>\n<div class=\"container ng-tns-c2960411664-81 hide\">\n<div class=\"carousel-container ng-tns-c2960411664-81\"><\/div>\n<\/div>\n<\/li>\n<li data-sourcepos=\"7:1-7:106\"><strong>Entspannte Passform:<\/strong> <span class=\"citation-2 recitation citation-end-2\">Der Glorya Hoody hat eine entspannte Passform und l\u00e4sst sich bequem \u00fcbereinander tragen.<\/span><span class=\"button-container hide-from-message-actions ng-star-inserted\">\u00a0<\/span>\n<div class=\"container ng-tns-c2960411664-82 hide\">\n<div class=\"carousel-container ng-tns-c2960411664-82\"><\/div>\n<\/div>\n<\/li>\n<li data-sourcepos=\"8:1-8:121\"><strong>Verstellbare Kapuze:<\/strong> <span class=\"citation-3 recitation citation-end-3\">Die Kapuze ist mit einem Kordelzug versehen, so dass Sie sie f\u00fcr optimale Abdeckung und W\u00e4rme einstellen k\u00f6nnen.<\/span><span class=\"button-container hide-from-message-actions ng-star-inserted\">\u00a0<\/span>\n<div class=\"container ng-tns-c2960411664-83 hide\">\n<div class=\"carousel-container ng-tns-c2960411664-83\"><\/div>\n<\/div>\n<\/li>\n<li data-sourcepos=\"9:1-9:157\"><strong>Vielseitig:<\/strong> <span class=\"citation-4 recitation citation-end-4\">Es kann allein oder \u00fcber anderen Oberteilen getragen werden und ist damit eine gute Wahl f\u00fcr verschiedene Aktivit\u00e4ten und Wetterbedingungen.<\/span><span class=\"button-container hide-from-message-actions ng-star-inserted\"> \u00a0<\/span>\n<div class=\"container ng-tns-c2960411664-84 hide\">\n<div class=\"carousel-container ng-tns-c2960411664-84\"><\/div>\n<\/div>\n<\/li>\n<li data-sourcepos=\"10:1-10:148\"><strong><span class=\"citation-5 recitation\">Nachhaltige Materialien:<\/span><\/strong><span class=\"citation-5 recitation citation-end-5\"> Dieser Kapuzenpullover aus recyceltem Polyester und TENCEL\u2122 Lyocell ist eine umweltbewusste Wahl.<\/span><span class=\"button-container hide-from-message-actions ng-star-inserted\"> \u00a0<\/span>\n<div class=\"container ng-tns-c2960411664-85 hide\">\n<div class=\"carousel-container ng-tns-c2960411664-85\"><\/div>\n<\/div>\n<\/li>\n<li data-sourcepos=\"11:1-12:0\"><strong><span class=\"citation-6 recitation\">Fair Trade Certified\u2122 Gen\u00e4ht:<\/span><\/strong><span class=\"citation-6 recitation citation-end-6\"> Das bedeutet, dass die Menschen, die das Kleidungsst\u00fcck hergestellt haben, eine Pr\u00e4mie f\u00fcr ihre Arbeit erhielten.<\/span><span class=\"button-container hide-from-message-actions ng-star-inserted\">\u00a0<\/span>\n<div class=\"container ng-tns-c2960411664-86 hide\">\n<div class=\"carousel-container ng-tns-c2960411664-86\"><\/div>\n<\/div>\n<\/li>\n<\/ul>\n<h3 data-sourcepos=\"13:1-13:30\"><strong>Warum es eine beliebte Wahl ist Glorya Lang\u00e4rmeliges Kapuzenoberteil f\u00fcr Damen:<\/strong><\/h3>\n<ul data-sourcepos=\"15:1-19:0\">\n<li data-sourcepos=\"15:1-15:151\"><strong>Komfort f\u00fcr Bewegung:<\/strong> <span class=\"citation-7 recitation citation-end-7\">Der leichte, dehnbare Stoff macht sie ideal f\u00fcr Aktivit\u00e4ten wie Wandern, Yoga oder einfach nur f\u00fcr Besorgungen.<\/span><span class=\"button-container hide-from-message-actions ng-star-inserted\">\u00a0<\/span>\n<div class=\"container ng-tns-c2960411664-87 hide\">\n<div class=\"carousel-container ng-tns-c2960411664-87\"><\/div>\n<\/div>\n<\/li>\n<li data-sourcepos=\"16:1-16:101\"><strong>Alltagskleidung:<\/strong> Sein l\u00e4ssiger Stil und seine bequeme Passform machen ihn zu einer guten Wahl f\u00fcr den Alltag.<\/li>\n<li data-sourcepos=\"17:1-17:91\"><strong>Layering-St\u00fcck:<\/strong> Bei k\u00fchlerem Wetter l\u00e4sst er sich perfekt unter Jacken oder Westen tragen.<\/li>\n<li data-sourcepos=\"18:1-19:0\"><strong>Qualit\u00e4t und Langlebigkeit:<\/strong> Patagonia ist f\u00fcr die Herstellung hochwertiger und langlebiger Produkte bekannt.<\/li>\n<\/ul>\n<h3 data-sourcepos=\"20:1-20:21\"><strong>Bezugsquellen f\u00fcr Glorya Langarm-Oberteil mit Kapuze - Damen:<\/strong><\/h3>\n<p data-sourcepos=\"22:1-22:86\">Sie finden das Patagonia Long-Sleeve Glorya Hooded Top normalerweise bei diesen H\u00e4ndlern:<\/p>\n<ul data-sourcepos=\"24:1-27:0\">\n<li data-sourcepos=\"24:1-24:80\"><strong>Website von Patagonia:<\/strong> Dies ist die offizielle Quelle f\u00fcr Patagonia-Produkte.<\/li>\n<li data-sourcepos=\"25:1-25:114\"><strong>Einzelh\u00e4ndler im Freien:<\/strong> <span class=\"citation-8 recitation citation-end-8\">L\u00e4den wie REI, Backcountry und Moosejaw f\u00fchren h\u00e4ufig Kleidung von Patagonia.<\/span><span class=\"button-container hide-from-message-actions ng-star-inserted\">\u00a0<\/span>\n<div class=\"container ng-tns-c2960411664-88 hide\">\n<div class=\"carousel-container ng-tns-c2960411664-88\"><\/div>\n<\/div>\n<\/li>\n<li data-sourcepos=\"26:1-27:0\"><strong>Kaufh\u00e4user:<\/strong> Einige Kaufh\u00e4user f\u00fchren auch Produkte von Patagonia.<\/li>\n<\/ul>\n<p data-sourcepos=\"28:1-28:153\">Wenn Sie auf der Suche nach einem bequemen, vielseitigen und nachhaltig hergestellten Kapuzenpullover sind, ist das Patagonia Long-Sleeve Glorya Hooded Top auf jeden Fall eine \u00dcberlegung wert.<\/p>\n<\/div>\n<div class=\"skeleton-loader-container\"><\/div>\n<div class=\"response-footer gap complete\">\n<div class=\"container ng-tns-c2960411664-79\">\n<div class=\"carousel-container ng-tns-c2960411664-79\">\n<div class=\"carousel-content ng-tns-c2960411664-79\">\n<div class=\"sources-carousel-source ng-tns-c2960411664-79 ng-star-inserted\" data-test-id=\"sources-carousel-source\">\n<div class=\"source-card-container\">\n<div class=\"source-card-content\">\n<div class=\"source-card-body\">\n<div class=\"source-card-header\">\n<div class=\"source-card-title\"><\/div>\n<\/div>\n<\/div>\n<\/div>\n<\/div>\n<\/div>\n<\/div>\n<\/div>\n<\/div>\n<\/div>","protected":false},"excerpt":{"rendered":"<table style=\"height: 661px;\" width=\"527\">\n<tbody>\n<tr>\n<td width=\"146\"><strong><b>Produkt<\/b><\/strong>\u00a0<strong><b>Name:<\/b><\/strong><\/td>\n<td width=\"601\"><strong>Glorya Langarm-Oberteil mit Kapuze - Damen<\/strong><\/td>\n<\/tr>\n<tr>\n<td width=\"146\"><strong><b>Materlal:<\/b><\/strong><\/td>\n<td width=\"601\">Stricken<\/td>\n<\/tr>\n<tr>\n<td width=\"146\"><strong><b>Die Technik:<\/b><\/strong><\/td>\n<td width=\"601\">Gestickt<\/td>\n<\/tr>\n<tr>\n<td width=\"146\"><strong><b>Stil:<\/b><\/strong><\/td>\n<td width=\"601\">L\u00e4ssig<\/td>\n<\/tr>\n<tr>\n<td width=\"146\"><strong><b>Farbe<\/b><\/strong><strong><b>:<\/b><\/strong><\/td>\n<td width=\"601\">\u00a0Benutzerdefinierte Farben<\/td>\n<\/tr>\n<tr>\n<td width=\"146\"><strong><b>Gr\u00f6\u00dfe:<\/b><\/strong><\/td>\n<td width=\"601\">S \/M \/L \/XL \/2XL<\/td>\n<\/tr>\n<tr>\n<td width=\"146\"><strong><b>OEM\/ODM:<\/b><\/strong><\/td>\n<td width=\"601\">Annehmbar<\/td>\n<\/tr>\n<tr>\n<td width=\"146\"><strong><b>Qualit\u00e4t:<\/b><\/strong><\/td>\n<td width=\"601\">100% Hohe Qualit\u00e4t<\/td>\n<\/tr>\n<tr>\n<td width=\"146\"><strong><b>M<\/b><\/strong><strong><b>OQ:<\/b><\/strong><\/td>\n<td width=\"601\">200 St\u00fcck<\/td>\n<\/tr>\n<\/tbody>\n<\/table>","protected":false},"featured_media":2006,"template":"","meta":[],"product_brand":[],"product_cat":[39],"product_tag":[],"class_list":{"0":"post-2005","1":"product","2":"type-product","3":"status-publish","4":"has-post-thumbnail","6":"product_cat-womens-clothing","8":"first","9":"instock","10":"shipping-taxable","11":"product-type-simple"},"_links":{"self":[{"href":"https:\/\/mj-clothing.com\/de\/wp-json\/wp\/v2\/product\/2005","targetHints":{"allow":["GET"]}}],"collection":[{"href":"https:\/\/mj-clothing.com\/de\/wp-json\/wp\/v2\/product"}],"about":[{"href":"https:\/\/mj-clothing.com\/de\/wp-json\/wp\/v2\/types\/product"}],"wp:featuredmedia":[{"embeddable":true,"href":"https:\/\/mj-clothing.com\/de\/wp-json\/wp\/v2\/media\/2006"}],"wp:attachment":[{"href":"https:\/\/mj-clothing.com\/de\/wp-json\/wp\/v2\/media?parent=2005"}],"wp:term":[{"taxonomy":"product_brand","embeddable":true,"href":"https:\/\/mj-clothing.com\/de\/wp-json\/wp\/v2\/product_brand?post=2005"},{"taxonomy":"product_cat","embeddable":true,"href":"https:\/\/mj-clothing.com\/de\/wp-json\/wp\/v2\/product_cat?post=2005"},{"taxonomy":"product_tag","embeddable":true,"href":"https:\/\/mj-clothing.com\/de\/wp-json\/wp\/v2\/product_tag?post=2005"}],"curies":[{"name":"wp","href":"https:\/\/api.w.org\/{rel}","templated":true}]}}