{"id":2008,"date":"2024-12-17T08:49:20","date_gmt":"2024-12-17T08:49:20","guid":{"rendered":"https:\/\/mj-clothing.com\/?post_type=product&#038;p=2008"},"modified":"2024-12-17T08:56:51","modified_gmt":"2024-12-17T08:56:51","slug":"womens-cashmere-long-coat","status":"publish","type":"product","link":"https:\/\/mj-clothing.com\/de\/manufacturer\/womens-cashmere-long-coat\/","title":{"rendered":"Langer Kaschmirmantel f\u00fcr Frauen"},"content":{"rendered":"<div id=\"model-response-message-contentr_21586b4a0aa106d5\" class=\"markdown markdown-main-panel response-optimization\" dir=\"ltr\">\n<p data-sourcepos=\"1:1-1:191\">Ein langer Kaschmirmantel f\u00fcr Damen ist der Inbegriff von Luxus, W\u00e4rme und zeitlosem Stil. Er ist eine wichtige Investition, die jede Wintergarderobe aufwerten kann. Hier ist, was sie so besonders macht:<\/p>\n<h3 data-sourcepos=\"3:1-3:17\"><strong>Warum ein langer Mantel aus Kaschmir f\u00fcr Frauen?<\/strong><\/h3>\n<ul data-sourcepos=\"5:1-9:0\">\n<li data-sourcepos=\"5:1-5:146\"><strong><span class=\"citation-0 recitation\">Unvergleichliche Weichheit:<\/span><\/strong><span class=\"citation-0 recitation citation-end-0\"> Kaschmirfasern sind unglaublich fein und f\u00fchlen sich auf der Haut luxuri\u00f6s weich und glatt an.<\/span><span class=\"button-container hide-from-message-actions ng-star-inserted\"> \u00a0<\/span>\n<div class=\"container ng-tns-c2960411664-95 hide\">\n<div class=\"carousel-container ng-tns-c2960411664-95\"><\/div>\n<\/div>\n<\/li>\n<li data-sourcepos=\"6:1-6:147\"><strong><span class=\"citation-1 recitation\">Au\u00dfergew\u00f6hnliche W\u00e4rme:<\/span><\/strong><span class=\"citation-1 recitation citation-end-1\"> Trotz seines geringen Gewichts bietet Kaschmir eine hervorragende Isolierung und h\u00e4lt Sie warm, ohne dass Sie sich unf\u00f6rmig f\u00fchlen.<\/span><span class=\"button-container hide-from-message-actions ng-star-inserted\">\u00a0<\/span>\n<div class=\"container ng-tns-c2960411664-96 hide\">\n<div class=\"carousel-container ng-tns-c2960411664-96\"><\/div>\n<\/div>\n<\/li>\n<li data-sourcepos=\"7:1-7:152\"><strong>Leicht und bequem:<\/strong> <span class=\"citation-2 recitation citation-end-2\">Kleidungsst\u00fccke aus Kaschmir sind f\u00fcr ihre Leichtigkeit bekannt, so dass sie auch \u00fcber l\u00e4ngere Zeitr\u00e4ume hinweg angenehm zu tragen sind.<\/span><span class=\"button-container hide-from-message-actions ng-star-inserted\">\u00a0 \u00a0<\/span>\n<div class=\"container ng-tns-c2960411664-97 hide\">\n<div class=\"carousel-container ng-tns-c2960411664-97\"><\/div>\n<\/div>\n<\/li>\n<li data-sourcepos=\"8:1-9:0\"><strong><span class=\"citation-3 recitation\">Langlebigkeit:<\/span><\/strong><span class=\"citation-3 recitation citation-end-3\"> Bei richtiger Pflege kann ein hochwertiger Kaschmirmantel viele Jahre lang halten und ist somit eine lohnende Investition.<\/span><span class=\"button-container hide-from-message-actions ng-star-inserted\">\u00a0 \u00a0<\/span>\n<div class=\"container ng-tns-c2960411664-98 hide\">\n<div class=\"carousel-container ng-tns-c2960411664-98\"><\/div>\n<\/div>\n<\/li>\n<\/ul>\n<h3 data-sourcepos=\"10:1-10:41\"><strong>Die wichtigsten Merkmale eines langen Kaschmirmantels f\u00fcr Frauen:<\/strong><\/h3>\n<ul data-sourcepos=\"12:1-22:0\">\n<li data-sourcepos=\"12:1-12:85\"><strong>L\u00e4nge:<\/strong> F\u00e4llt in der Regel unter das Knie und bietet maximale Abdeckung und W\u00e4rme.<\/li>\n<li data-sourcepos=\"13:1-16:93\"><strong>Klassische Stile:<\/strong> H\u00e4ufig werden zeitlose Silhouetten wie:\n<ul data-sourcepos=\"14:5-16:93\">\n<li data-sourcepos=\"14:5-14:88\"><strong>Einreihig:<\/strong> Ein klassischer und vielseitiger Stil mit einer einzigen Knopfreihe.<\/li>\n<li data-sourcepos=\"15:5-15:87\"><strong>Zweireihig:<\/strong> <span class=\"citation-4 recitation citation-end-4\">Ein formellerer Stil mit zwei Reihen von Kn\u00f6pfen.<\/span><span class=\"button-container hide-from-message-actions ng-star-inserted\">\u00a0 \u00a0<\/span>\n<div class=\"container ng-tns-c2960411664-99 hide\">\n<div class=\"carousel-container ng-tns-c2960411664-99\"><\/div>\n<\/div>\n<\/li>\n<li data-sourcepos=\"16:5-16:93\"><strong><span class=\"citation-5 recitation\">Wickelmantel:<\/span><\/strong><span class=\"citation-5 recitation citation-end-5\"> Ein l\u00e4ssiger und eleganter Stil, der mit einem G\u00fcrtel gebunden werden kann.<\/span><span class=\"button-container hide-from-message-actions ng-star-inserted\"> \u00a0<\/span>\n<div class=\"container ng-tns-c2960411664-100 hide\">\n<div class=\"carousel-container ng-tns-c2960411664-100\">\n<div class=\"carousel-content ng-tns-c2960411664-100\">\n<div class=\"sources-carousel-source ng-tns-c2960411664-100 hide ng-star-inserted\" data-test-id=\"sources-carousel-source\"><\/div>\n<\/div>\n<\/div>\n<\/div>\n<\/li>\n<\/ul>\n<\/li>\n<li data-sourcepos=\"17:1-20:67\"><strong>Halsband-Optionen:<\/strong> Kann verschiedene Kragenformen haben, wie z.B.:\n<ul data-sourcepos=\"18:5-20:67\">\n<li data-sourcepos=\"18:5-18:69\"><strong><span class=\"citation-6 recitation\">Revers mit Kerbe:<\/span><\/strong><span class=\"citation-6 recitation citation-end-6\"> Ein klassisches und vielseitiges Halsband.<\/span><span class=\"button-container hide-from-message-actions ng-star-inserted\">\u00a0<\/span>\n<div class=\"container ng-tns-c2960411664-101 hide\">\n<div class=\"carousel-container ng-tns-c2960411664-101\"><\/div>\n<\/div>\n<\/li>\n<li data-sourcepos=\"19:5-19:57\"><strong>Schalkragen:<\/strong> Ein entspannter und gem\u00fctlicher Kragen.<\/li>\n<li data-sourcepos=\"20:5-20:67\"><strong>Stehkragen:<\/strong> Sorgt f\u00fcr zus\u00e4tzliche W\u00e4rme im Nackenbereich.<\/li>\n<\/ul>\n<\/li>\n<li data-sourcepos=\"21:1-22:0\"><strong>Minimale Detaillierung:<\/strong> Oft sind es klare Linien und minimale Details, die den luxuri\u00f6sen Stoff zur Geltung bringen.<\/li>\n<\/ul>\n<h3 data-sourcepos=\"23:1-23:56\"><strong>Was Sie beim Kauf eines langen Damenmantels aus Kaschmir beachten sollten:<\/strong><\/h3>\n<ul data-sourcepos=\"25:1-30:0\">\n<li data-sourcepos=\"25:1-25:129\"><strong>Kaschmir Qualit\u00e4t:<\/strong> Achten Sie auf M\u00e4ntel aus 100%-Kaschmir oder einem hohen Anteil an Kaschmir in Kombination mit anderen feinen Fasern.<\/li>\n<li data-sourcepos=\"26:1-26:134\"><strong>Gewicht:<\/strong> Das Gewicht des Kaschmirs wirkt sich auf seine W\u00e4rme und seinen Fall aus. Schwereres Kaschmir ist im Allgemeinen w\u00e4rmer, kann aber auch volumin\u00f6ser sein.<\/li>\n<li data-sourcepos=\"27:1-27:89\"><strong>Konstruktion:<\/strong> Pr\u00fcfen Sie die Qualit\u00e4t der N\u00e4hte und des Futters, um die Haltbarkeit zu gew\u00e4hrleisten.<\/li>\n<li data-sourcepos=\"28:1-28:99\"><strong>Passen:<\/strong> W\u00e4hlen Sie einen Mantel, der gut \u00fcber die Schultern passt und sich bequem \u00fcberziehen l\u00e4sst.<\/li>\n<li data-sourcepos=\"29:1-30:0\"><strong>Preis:<\/strong> <span class=\"citation-7 recitation citation-end-7\">Kaschmirm\u00e4ntel sind eine Investition, daher sollten Sie sich darauf einstellen, dass Sie einen erheblichen Betrag ausgeben m\u00fcssen.<\/span> Bei richtiger Pflege wird es jedoch viele Jahre halten.<span class=\"button-container hide-from-message-actions ng-star-inserted\">\u00a0<\/span>\n<div class=\"container ng-tns-c2960411664-102 hide\">\n<div class=\"carousel-container ng-tns-c2960411664-102\"><\/div>\n<\/div>\n<\/li>\n<\/ul>\n<h3 data-sourcepos=\"31:1-31:46\"><strong>Wo Sie lange M\u00e4ntel aus Kaschmir f\u00fcr Frauen finden:<\/strong><\/h3>\n<ul data-sourcepos=\"33:1-37:0\">\n<li data-sourcepos=\"33:1-33:80\"><strong>Hochwertige Kaufh\u00e4user:<\/strong> Nordstrom, Saks Fifth Avenue, Bloomingdale's<\/li>\n<li data-sourcepos=\"34:1-34:52\"><strong>Luxusmarken:<\/strong> Max Mara, Loro Piana, The Row<\/li>\n<li data-sourcepos=\"35:1-35:80\"><strong>Spezialisierte Kaschmirh\u00e4ndler:<\/strong> <span class=\"citation-8 recitation citation-end-8\">GOBI Kaschmir, Sofia Kaschmir<\/span><span class=\"button-container hide-from-message-actions ng-star-inserted\">\u00a0 \u00a0<\/span>\n<div class=\"container ng-tns-c2960411664-103 hide\">\n<div class=\"carousel-container ng-tns-c2960411664-103\"><\/div>\n<\/div>\n<\/li>\n<li data-sourcepos=\"36:1-37:0\"><strong>Online-H\u00e4ndler:<\/strong> Farfetch, Net-a-Porter, Mytheresa<\/li>\n<\/ul>\n<p data-sourcepos=\"38:1-38:122\">Ein langer Damenmantel aus Kaschmir ist eine luxuri\u00f6se und zeitlose Investition, die Sie jahrelang warm und stilvoll halten wird.<\/p>\n<\/div>\n<div class=\"response-footer gap complete\">\n<div class=\"container ng-tns-c2960411664-94\">\n<div class=\"carousel-container ng-tns-c2960411664-94\">\n<div class=\"carousel-content ng-tns-c2960411664-94\">\n<div class=\"sources-carousel-source ng-tns-c2960411664-94 ng-star-inserted\" data-test-id=\"sources-carousel-source\">\n<div class=\"source-card-container\">\n<div class=\"source-card-content\">\n<div class=\"source-card-body\">\n<div class=\"source-card-header\">\n<div class=\"source-card-title\"><\/div>\n<\/div>\n<\/div>\n<\/div>\n<\/div>\n<\/div>\n<\/div>\n<\/div>\n<\/div>\n<\/div>","protected":false},"excerpt":{"rendered":"<table style=\"height: 596px;\" width=\"487\">\n<tbody>\n<tr>\n<td width=\"146\"><strong><b>Produkt<\/b><\/strong>\u00a0<strong><b>Name:<\/b><\/strong><\/td>\n<td width=\"601\"><strong>Langer Kaschmirmantel f\u00fcr Frauen<\/strong><\/td>\n<\/tr>\n<tr>\n<td width=\"146\"><strong><b>Materlal:<\/b><\/strong><\/td>\n<td width=\"601\">Stricken<\/td>\n<\/tr>\n<tr>\n<td width=\"146\"><strong><b>Die Technik:<\/b><\/strong><\/td>\n<td width=\"601\">Gestickt<\/td>\n<\/tr>\n<tr>\n<td width=\"146\"><strong><b>Stil:<\/b><\/strong><\/td>\n<td width=\"601\">L\u00e4ssig<\/td>\n<\/tr>\n<tr>\n<td width=\"146\"><strong><b>Farbe<\/b><\/strong><strong><b>:<\/b><\/strong><\/td>\n<td width=\"601\">\u00a0Benutzerdefinierte Farben<\/td>\n<\/tr>\n<tr>\n<td width=\"146\"><strong><b>Gr\u00f6\u00dfe:<\/b><\/strong><\/td>\n<td width=\"601\">S \/M \/L \/XL \/2XL<\/td>\n<\/tr>\n<tr>\n<td width=\"146\"><strong><b>OEM\/ODM:<\/b><\/strong><\/td>\n<td width=\"601\">Annehmbar<\/td>\n<\/tr>\n<tr>\n<td width=\"146\"><strong><b>Qualit\u00e4t:<\/b><\/strong><\/td>\n<td width=\"601\">100% Hohe Qualit\u00e4t<\/td>\n<\/tr>\n<tr>\n<td width=\"146\"><strong><b>M<\/b><\/strong><strong><b>OQ:<\/b><\/strong><\/td>\n<td width=\"601\">200 St\u00fcck<\/td>\n<\/tr>\n<\/tbody>\n<\/table>","protected":false},"featured_media":2009,"template":"","meta":[],"product_brand":[],"product_cat":[39],"product_tag":[],"class_list":{"0":"post-2008","1":"product","2":"type-product","3":"status-publish","4":"has-post-thumbnail","6":"product_cat-womens-clothing","8":"first","9":"instock","10":"shipping-taxable","11":"product-type-simple"},"_links":{"self":[{"href":"https:\/\/mj-clothing.com\/de\/wp-json\/wp\/v2\/product\/2008","targetHints":{"allow":["GET"]}}],"collection":[{"href":"https:\/\/mj-clothing.com\/de\/wp-json\/wp\/v2\/product"}],"about":[{"href":"https:\/\/mj-clothing.com\/de\/wp-json\/wp\/v2\/types\/product"}],"wp:featuredmedia":[{"embeddable":true,"href":"https:\/\/mj-clothing.com\/de\/wp-json\/wp\/v2\/media\/2009"}],"wp:attachment":[{"href":"https:\/\/mj-clothing.com\/de\/wp-json\/wp\/v2\/media?parent=2008"}],"wp:term":[{"taxonomy":"product_brand","embeddable":true,"href":"https:\/\/mj-clothing.com\/de\/wp-json\/wp\/v2\/product_brand?post=2008"},{"taxonomy":"product_cat","embeddable":true,"href":"https:\/\/mj-clothing.com\/de\/wp-json\/wp\/v2\/product_cat?post=2008"},{"taxonomy":"product_tag","embeddable":true,"href":"https:\/\/mj-clothing.com\/de\/wp-json\/wp\/v2\/product_tag?post=2008"}],"curies":[{"name":"wp","href":"https:\/\/api.w.org\/{rel}","templated":true}]}}