{"id":2010,"date":"2024-12-17T08:55:56","date_gmt":"2024-12-17T08:55:56","guid":{"rendered":"https:\/\/mj-clothing.com\/?post_type=product&#038;p=2010"},"modified":"2024-12-17T08:55:56","modified_gmt":"2024-12-17T08:55:56","slug":"black-long-wool-coat-womens","status":"publish","type":"product","link":"https:\/\/mj-clothing.com\/de\/manufacturer\/black-long-wool-coat-womens\/","title":{"rendered":"Schwarzer langer Wollmantel f\u00fcr Frauen"},"content":{"rendered":"<p data-sourcepos=\"1:1-1:191\">Der Black Long Wool Coat Women's ist ein echtes Muss f\u00fcr jede Frau im Kleiderschrank. Er ist ein klassisches St\u00fcck, das Funktionalit\u00e4t, W\u00e4rme und zeitlosen Stil vereint. Hier ist eine Aufschl\u00fcsselung, was sie so gro\u00dfartig macht:<\/p>\n<h3 data-sourcepos=\"3:1-3:13\"><strong>Warum ein schwarzer langer Wollmantel f\u00fcr Frauen aus Wolle?<\/strong><\/h3>\n<ul data-sourcepos=\"5:1-9:0\">\n<li data-sourcepos=\"5:1-5:116\"><strong><span class=\"citation-0 recitation\">W\u00e4rme:<\/span><\/strong><span class=\"citation-0 recitation citation-end-0\"> Wolle ist ein nat\u00fcrlicher Isolator, der auch bei sehr kalten Temperaturen hervorragend w\u00e4rmt.<\/span><span class=\"button-container hide-from-message-actions ng-star-inserted\"> \u00a0<\/span>\n<div class=\"container ng-tns-c2960411664-110 hide\">\n<div class=\"carousel-container ng-tns-c2960411664-110\"><\/div>\n<\/div>\n<\/li>\n<li data-sourcepos=\"6:1-6:114\"><strong><span class=\"citation-1 recitation\">Langlebigkeit:<\/span><\/strong><span class=\"citation-1 recitation citation-end-1\"> Wollfasern sind stark und widerstandsf\u00e4hig und machen Wollm\u00e4ntel haltbar und langlebig.<\/span><span class=\"button-container hide-from-message-actions ng-star-inserted\"> \u00a0<\/span>\n<div class=\"container ng-tns-c2960411664-111 hide\">\n<div class=\"carousel-container ng-tns-c2960411664-111\"><\/div>\n<\/div>\n<\/li>\n<li data-sourcepos=\"7:1-7:130\"><strong><span class=\"citation-2 recitation\">Wasserbest\u00e4ndigkeit:<\/span><\/strong><span class=\"citation-2 recitation citation-end-2\"> Wolle hat nat\u00fcrliche wasserabweisende Eigenschaften und h\u00e4lt Sie auch bei leichtem Regen oder Schnee trocken.<\/span><span class=\"button-container hide-from-message-actions ng-star-inserted\"> \u00a0<\/span>\n<div class=\"container ng-tns-c2960411664-112 hide\">\n<div class=\"carousel-container ng-tns-c2960411664-112\"><\/div>\n<\/div>\n<\/li>\n<li data-sourcepos=\"8:1-9:0\"><strong><span class=\"citation-3 recitation\">Atmungsaktivit\u00e4t:<\/span><\/strong><span class=\"citation-3 recitation citation-end-3\"> Wolle ist atmungsaktiv und hilft, die K\u00f6rpertemperatur zu regulieren und \u00dcberhitzung zu vermeiden.<\/span><span class=\"button-container hide-from-message-actions ng-star-inserted\">\u00a0 \u00a0<\/span>\n<div class=\"container ng-tns-c2960411664-113 hide\">\n<div class=\"carousel-container ng-tns-c2960411664-113\"><\/div>\n<\/div>\n<\/li>\n<\/ul>\n<h3 data-sourcepos=\"10:1-10:43\"><strong>Die wichtigsten Merkmale einesBlack Long Wool Coat Women's:<\/strong><\/h3>\n<ul data-sourcepos=\"12:1-23:0\">\n<li data-sourcepos=\"12:1-12:137\"><strong>L\u00e4nge:<\/strong> F\u00e4llt in der Regel unter das Knie und bietet maximale Bedeckung und W\u00e4rme. Diese L\u00e4nge ist auch sehr schmeichelhaft und streckend.<\/li>\n<li data-sourcepos=\"13:1-13:125\"><strong>Farbe:<\/strong> Schwarz ist unglaublich vielseitig und passt zu allem. Es ist eine klassische Wahl, die nie aus der Mode kommen wird.<\/li>\n<li data-sourcepos=\"14:1-18:62\"><strong>Klassische Stile:<\/strong> Zu den g\u00e4ngigen Stilen geh\u00f6ren:\n<ul data-sourcepos=\"15:5-18:62\">\n<li data-sourcepos=\"15:5-15:89\"><strong>Einreihig:<\/strong> Ein zeitloser und vielseitiger Stil mit einer einzigen Knopfreihe.<\/li>\n<li data-sourcepos=\"16:5-16:102\"><strong>Zweireihig:<\/strong> <span class=\"citation-4 recitation citation-end-4\">Ein formelleres und strukturiertes Modell mit zwei Knopfreihen.<\/span><span class=\"button-container hide-from-message-actions ng-star-inserted\">\u00a0<\/span>\n<div class=\"container ng-tns-c2960411664-114 hide\">\n<div class=\"carousel-container ng-tns-c2960411664-114\"><\/div>\n<\/div>\n<\/li>\n<li data-sourcepos=\"17:5-17:93\"><strong><span class=\"citation-5 recitation\">Wickelmantel:<\/span><\/strong><span class=\"citation-5 recitation citation-end-5\"> Ein l\u00e4ssiger und eleganter Stil, der mit einem G\u00fcrtel gebunden werden kann.<\/span><span class=\"button-container hide-from-message-actions ng-star-inserted\"> \u00a0<\/span>\n<div class=\"container ng-tns-c2960411664-115 hide\">\n<div class=\"carousel-container ng-tns-c2960411664-115\"><\/div>\n<\/div>\n<\/li>\n<li data-sourcepos=\"18:5-18:62\"><strong>Chesterfield:<\/strong> Ein formeller Stil mit Samtkragen.<\/li>\n<\/ul>\n<\/li>\n<li data-sourcepos=\"19:1-23:0\"><strong>Halsband-Optionen:<\/strong>\n<ul data-sourcepos=\"20:5-23:0\">\n<li data-sourcepos=\"20:5-20:69\"><strong><span class=\"citation-6 recitation\">Revers mit Kerbe:<\/span><\/strong><span class=\"citation-6 recitation citation-end-6\"> Ein klassisches und vielseitiges Halsband.<\/span><span class=\"button-container hide-from-message-actions ng-star-inserted\"> \u00a0<\/span>\n<div class=\"container ng-tns-c2960411664-116 hide\">\n<div class=\"carousel-container ng-tns-c2960411664-116\"><\/div>\n<\/div>\n<\/li>\n<li data-sourcepos=\"21:5-21:71\"><strong><span class=\"citation-7 recitation\">Spitzes Revers:<\/span><\/strong><span class=\"citation-7 recitation citation-end-7\"> Ein formeller und dramatischer Kragen.<\/span><span class=\"button-container hide-from-message-actions ng-star-inserted\"> \u00a0<\/span>\n<div class=\"container ng-tns-c2960411664-117 hide\">\n<div class=\"carousel-container ng-tns-c2960411664-117\"><\/div>\n<\/div>\n<\/li>\n<li data-sourcepos=\"22:5-23:0\"><strong>Stehkragen:<\/strong> Sorgt f\u00fcr zus\u00e4tzliche W\u00e4rme im Nackenbereich.<\/li>\n<\/ul>\n<\/li>\n<\/ul>\n<h3 data-sourcepos=\"24:1-24:58\"><strong>Was Sie beim Kauf eines Schwarzen langen Wollmantels f\u00fcr Damen beachten sollten:<\/strong><\/h3>\n<ul data-sourcepos=\"26:1-31:0\">\n<li data-sourcepos=\"26:1-26:101\"><strong>Qualit\u00e4t der Wolle:<\/strong> Achten Sie auf M\u00e4ntel aus hochwertiger Wolle, wie Merinowolle oder Schurwolle.<\/li>\n<li data-sourcepos=\"27:1-27:75\"><strong>Auskleidung:<\/strong> Ein gutes Futter erh\u00f6ht die W\u00e4rmeleistung und Haltbarkeit des Mantels.<\/li>\n<li data-sourcepos=\"28:1-28:99\"><strong>Passen:<\/strong> Achten Sie darauf, dass der Mantel gut an den Schultern anliegt und sich bequem \u00fcberziehen l\u00e4sst.<\/li>\n<li data-sourcepos=\"29:1-29:72\"><strong>Einzelheiten:<\/strong> Achten Sie auf Details wie Taschen, Kn\u00f6pfe und G\u00fcrtelschlaufen.<\/li>\n<li data-sourcepos=\"30:1-31:0\"><strong><span class=\"citation-8 recitation\">Preis:<\/span><\/strong><span class=\"citation-8 recitation citation-end-8\"> Ein hochwertiger Wollmantel ist eine Investition, die jedoch viele Jahre lang h\u00e4lt.<\/span><span class=\"button-container hide-from-message-actions ng-star-inserted\">\u00a0 \u00a0<\/span>\n<div class=\"container ng-tns-c2960411664-118 hide\">\n<div class=\"carousel-container ng-tns-c2960411664-118\"><\/div>\n<\/div>\n<\/li>\n<\/ul>\n<h3 data-sourcepos=\"32:1-32:40\"><strong>So stylen Sie einen schwarzen langen Wollmantel f\u00fcr Damen:<\/strong><\/h3>\n<ul data-sourcepos=\"34:1-37:0\">\n<li data-sourcepos=\"34:1-34:85\"><strong>L\u00e4ssig:<\/strong> Kombinieren Sie es mit Jeans, einem Pullover und Stiefeln f\u00fcr einen klassischen Alltagslook.<\/li>\n<li data-sourcepos=\"35:1-35:95\"><strong>Business Casual:<\/strong> Tragen Sie es \u00fcber einer Bluse und einer Hose oder einem Rock f\u00fcr einen professionellen Look.<\/li>\n<li data-sourcepos=\"36:1-37:0\"><strong>Schick:<\/strong> Tragen Sie es \u00fcber einem Kleid oder einer Abendgarderobe f\u00fcr einen raffinierten Look.<\/li>\n<\/ul>\n<p data-sourcepos=\"38:1-38:217\"><span class=\"citation-9 recitation citation-end-9\">Ein schwarzer langer Wollmantel ist ein vielseitiges und unverzichtbares Kleidungsst\u00fcck, das Sie w\u00e4hrend der Wintersaison warm und stilvoll h\u00e4lt.<\/span> Es ist eine lohnende Investition, die Sie noch viele Jahre lang tragen k\u00f6nnen.<span class=\"button-container hide-from-message-actions ng-star-inserted\"> \u00a0 <\/span><\/p>","protected":false},"excerpt":{"rendered":"<table style=\"height: 647px;\" width=\"508\">\n<tbody>\n<tr>\n<td width=\"146\"><strong><b>Produkt<\/b><\/strong>\u00a0<strong><b>Name:<\/b><\/strong><\/td>\n<td width=\"601\"><strong>Schwarzer langer Wollmantel f\u00fcr Frauen<\/strong><\/td>\n<\/tr>\n<tr>\n<td width=\"146\"><strong><b>Materlal:<\/b><\/strong><\/td>\n<td width=\"601\">Stricken<\/td>\n<\/tr>\n<tr>\n<td width=\"146\"><strong><b>Die Technik:<\/b><\/strong><\/td>\n<td width=\"601\">Gestickt<\/td>\n<\/tr>\n<tr>\n<td width=\"146\"><strong><b>Stil:<\/b><\/strong><\/td>\n<td width=\"601\">L\u00e4ssig<\/td>\n<\/tr>\n<tr>\n<td width=\"146\"><strong><b>Farbe<\/b><\/strong><strong><b>:<\/b><\/strong><\/td>\n<td width=\"601\">\u00a0Benutzerdefinierte Farben<\/td>\n<\/tr>\n<tr>\n<td width=\"146\"><strong><b>Gr\u00f6\u00dfe:<\/b><\/strong><\/td>\n<td width=\"601\">S \/M \/L \/XL \/2XL<\/td>\n<\/tr>\n<tr>\n<td width=\"146\"><strong><b>OEM\/ODM:<\/b><\/strong><\/td>\n<td width=\"601\">Annehmbar<\/td>\n<\/tr>\n<tr>\n<td width=\"146\"><strong><b>Qualit\u00e4t:<\/b><\/strong><\/td>\n<td width=\"601\">100% Hohe Qualit\u00e4t<\/td>\n<\/tr>\n<tr>\n<td width=\"146\"><strong><b>M<\/b><\/strong><strong><b>OQ:<\/b><\/strong><\/td>\n<td width=\"601\">200 St\u00fcck<\/td>\n<\/tr>\n<\/tbody>\n<\/table>","protected":false},"featured_media":2011,"template":"","meta":[],"product_brand":[],"product_cat":[39],"product_tag":[],"class_list":{"0":"post-2010","1":"product","2":"type-product","3":"status-publish","4":"has-post-thumbnail","6":"product_cat-womens-clothing","8":"first","9":"instock","10":"shipping-taxable","11":"product-type-simple"},"_links":{"self":[{"href":"https:\/\/mj-clothing.com\/de\/wp-json\/wp\/v2\/product\/2010","targetHints":{"allow":["GET"]}}],"collection":[{"href":"https:\/\/mj-clothing.com\/de\/wp-json\/wp\/v2\/product"}],"about":[{"href":"https:\/\/mj-clothing.com\/de\/wp-json\/wp\/v2\/types\/product"}],"wp:featuredmedia":[{"embeddable":true,"href":"https:\/\/mj-clothing.com\/de\/wp-json\/wp\/v2\/media\/2011"}],"wp:attachment":[{"href":"https:\/\/mj-clothing.com\/de\/wp-json\/wp\/v2\/media?parent=2010"}],"wp:term":[{"taxonomy":"product_brand","embeddable":true,"href":"https:\/\/mj-clothing.com\/de\/wp-json\/wp\/v2\/product_brand?post=2010"},{"taxonomy":"product_cat","embeddable":true,"href":"https:\/\/mj-clothing.com\/de\/wp-json\/wp\/v2\/product_cat?post=2010"},{"taxonomy":"product_tag","embeddable":true,"href":"https:\/\/mj-clothing.com\/de\/wp-json\/wp\/v2\/product_tag?post=2010"}],"curies":[{"name":"wp","href":"https:\/\/api.w.org\/{rel}","templated":true}]}}