{"id":2032,"date":"2024-12-18T02:47:46","date_gmt":"2024-12-18T02:47:46","guid":{"rendered":"https:\/\/mj-clothing.com\/?post_type=product&#038;p=2032"},"modified":"2024-12-18T02:47:47","modified_gmt":"2024-12-18T02:47:47","slug":"womens-long-double-breasted-wool-coat","status":"publish","type":"product","link":"https:\/\/mj-clothing.com\/de\/manufacturer\/womens-long-double-breasted-wool-coat\/","title":{"rendered":"Langer doppelreihiger Wollmantel f\u00fcr Damen"},"content":{"rendered":"<div id=\"model-response-message-contentr_64d87a431fd566f8\" class=\"markdown markdown-main-panel response-optimization\" dir=\"ltr\">\n<p data-sourcepos=\"1:1-1:372\"><span class=\"citation-0 recitation citation-end-0\">Der lange, doppelreihige Wollmantel f\u00fcr Damen ist ein klassisches und stilvolles Kleidungsst\u00fcck, das perfekt f\u00fcr die k\u00e4lteren Monate ist.<\/span> <span class=\"citation-1 recitation citation-end-1\">Er ist in der Regel aus einem warmen und strapazierf\u00e4higen Wollstoff gefertigt und wird mit einem Zweireiher mit Kn\u00f6pfen oder einem Rei\u00dfverschluss geschlossen.<\/span> Diese Art von Mantel ist oft l\u00e4nger als eine traditionelle Jacke und reicht bis unter die H\u00fcfte oder sogar bis zu den Knien.<span class=\"button-container hide-from-message-actions ng-star-inserted\"> \u00a0<\/span><\/p>\n<div class=\"container ng-tns-c3353360079-19 hide\">\n<div class=\"carousel-container ng-tns-c3353360079-19\">\n<div class=\"carousel-content ng-tns-c3353360079-19\">\n<div class=\"sources-carousel-source ng-tns-c3353360079-19 hide ng-star-inserted\" data-test-id=\"sources-carousel-source\"><\/div>\n<div class=\"sources-carousel-source ng-tns-c3353360079-19 hide ng-star-inserted\" data-test-id=\"sources-carousel-source\"><\/div>\n<\/div>\n<\/div>\n<\/div>\n<h3 data-sourcepos=\"3:1-3:82\">Hier sind einige der Vorteile des Tragens eines langen doppelreihigen Wollmantels f\u00fcr Frauen:<\/h3>\n<ul data-sourcepos=\"5:1-9:0\">\n<li data-sourcepos=\"5:1-5:121\"><strong><span class=\"citation-2 recitation\">W\u00e4rme:<\/span><\/strong><span class=\"citation-2 recitation citation-end-2\"> Wolle ist ein hervorragender Isolator, so dass ein Wollmantel auch bei k\u00e4ltestem Wetter warm h\u00e4lt.<\/span><span class=\"button-container hide-from-message-actions ng-star-inserted\"> \u00a0<\/span><\/li>\n<li data-sourcepos=\"5:1-5:121\"><span class=\"button-container hide-from-message-actions ng-star-inserted\"><strong style=\"font-size: 14.4px;\"><span class=\"citation-3 recitation\">Langlebigkeit:<\/span><\/strong><span class=\"citation-3 recitation citation-end-3\" style=\"font-size: 14.4px;\"> Wolle ist ein starkes und haltbares Material, so dass ein Wollmantel viele Jahre lang halten wird.<\/span><span class=\"button-container hide-from-message-actions ng-star-inserted\" style=\"font-size: 14.4px;\">\u00a0<\/span><\/span>\n<div class=\"container ng-tns-c3353360079-21 hide\">\n<div class=\"carousel-container ng-tns-c3353360079-21\"><\/div>\n<\/div>\n<\/li>\n<li data-sourcepos=\"7:1-7:124\"><strong><span class=\"citation-4 recitation\">Stil:<\/span><\/strong><span class=\"citation-4 recitation citation-end-4\"> Ein langer, doppelreihiger Wollmantel ist ein zeitloses und elegantes Kleidungsst\u00fcck, das sowohl nach oben als auch nach unten getragen werden kann.<\/span><span class=\"button-container hide-from-message-actions ng-star-inserted\">\u00a0<\/span>\n<div class=\"container ng-tns-c3353360079-22 hide\">\n<div class=\"carousel-container ng-tns-c3353360079-22\"><\/div>\n<\/div>\n<\/li>\n<li data-sourcepos=\"8:1-9:0\"><strong>Vielseitigkeit:<\/strong> <span class=\"citation-5 recitation citation-end-5\">Ein Wollmantel kann zu einer Vielzahl von Anl\u00e4ssen getragen werden, von legeren Ausfl\u00fcgen bis hin zu formellen Veranstaltungen.<\/span><span class=\"button-container hide-from-message-actions ng-star-inserted\">\u00a0<\/span>\n<div class=\"container ng-tns-c3353360079-23 hide\">\n<div class=\"carousel-container ng-tns-c3353360079-23\">\n<div class=\"carousel-content ng-tns-c3353360079-23\">\n<div class=\"sources-carousel-source ng-tns-c3353360079-23 hide ng-star-inserted\" data-test-id=\"sources-carousel-source\"><\/div>\n<\/div>\n<\/div>\n<\/div>\n<\/li>\n<\/ul>\n<p data-sourcepos=\"10:1-10:119\">Wenn Sie auf der Suche nach einem stilvollen und praktischen Wintermantel sind, ist ein langer zweireihiger Wollmantel f\u00fcr Damen eine gute Wahl.<\/p>\n<\/div>\n<div class=\"skeleton-loader-container\"><\/div>\n<div class=\"response-footer gap complete\">\n<div class=\"container ng-tns-c3353360079-17\">\n<div class=\"carousel-container ng-tns-c3353360079-17\">\n<div class=\"carousel-content ng-tns-c3353360079-17\">\n<div class=\"sources-carousel-source ng-tns-c3353360079-17 ng-star-inserted\" data-test-id=\"sources-carousel-source\">\n<div class=\"source-card-container\">\n<div class=\"source-card-content\">\n<div class=\"source-card-body\">\n<div class=\"source-card-header\">\n<div class=\"source-card-title\"><\/div>\n<\/div>\n<\/div>\n<\/div>\n<\/div>\n<\/div>\n<\/div>\n<\/div>\n<\/div>\n<\/div>","protected":false},"excerpt":{"rendered":"<table style=\"height: 577px;\" width=\"542\">\n<tbody>\n<tr>\n<td width=\"146\"><strong><b>Produkt<\/b><\/strong>\u00a0<strong><b>Name:<\/b><\/strong><\/td>\n<td width=\"601\"><strong>Langer doppelreihiger Wollmantel f\u00fcr Damen<\/strong><\/td>\n<\/tr>\n<tr>\n<td width=\"146\"><strong><b>Materlal:<\/b><\/strong><\/td>\n<td width=\"601\">Stricken<\/td>\n<\/tr>\n<tr>\n<td width=\"146\"><strong><b>Die Technik:<\/b><\/strong><\/td>\n<td width=\"601\">Gestickt<\/td>\n<\/tr>\n<tr>\n<td width=\"146\"><strong><b>Stil:<\/b><\/strong><\/td>\n<td width=\"601\">L\u00e4ssig<\/td>\n<\/tr>\n<tr>\n<td width=\"146\"><strong><b>Farbe<\/b><\/strong><strong><b>:<\/b><\/strong><\/td>\n<td width=\"601\">\u00a0Benutzerdefinierte Farben<\/td>\n<\/tr>\n<tr>\n<td width=\"146\"><strong><b>Gr\u00f6\u00dfe:<\/b><\/strong><\/td>\n<td width=\"601\">S \/M \/L \/XL \/2XL<\/td>\n<\/tr>\n<tr>\n<td width=\"146\"><strong><b>OEM\/ODM:<\/b><\/strong><\/td>\n<td width=\"601\">Annehmbar<\/td>\n<\/tr>\n<tr>\n<td width=\"146\"><strong><b>Qualit\u00e4t:<\/b><\/strong><\/td>\n<td width=\"601\">100% Hohe Qualit\u00e4t<\/td>\n<\/tr>\n<tr>\n<td width=\"146\"><strong><b>M<\/b><\/strong><strong><b>OQ:<\/b><\/strong><\/td>\n<td width=\"601\">200 St\u00fcck<\/td>\n<\/tr>\n<\/tbody>\n<\/table>","protected":false},"featured_media":2035,"template":"","meta":[],"product_brand":[],"product_cat":[39],"product_tag":[],"class_list":{"0":"post-2032","1":"product","2":"type-product","3":"status-publish","4":"has-post-thumbnail","6":"product_cat-womens-clothing","8":"first","9":"instock","10":"shipping-taxable","11":"product-type-simple"},"_links":{"self":[{"href":"https:\/\/mj-clothing.com\/de\/wp-json\/wp\/v2\/product\/2032","targetHints":{"allow":["GET"]}}],"collection":[{"href":"https:\/\/mj-clothing.com\/de\/wp-json\/wp\/v2\/product"}],"about":[{"href":"https:\/\/mj-clothing.com\/de\/wp-json\/wp\/v2\/types\/product"}],"wp:featuredmedia":[{"embeddable":true,"href":"https:\/\/mj-clothing.com\/de\/wp-json\/wp\/v2\/media\/2035"}],"wp:attachment":[{"href":"https:\/\/mj-clothing.com\/de\/wp-json\/wp\/v2\/media?parent=2032"}],"wp:term":[{"taxonomy":"product_brand","embeddable":true,"href":"https:\/\/mj-clothing.com\/de\/wp-json\/wp\/v2\/product_brand?post=2032"},{"taxonomy":"product_cat","embeddable":true,"href":"https:\/\/mj-clothing.com\/de\/wp-json\/wp\/v2\/product_cat?post=2032"},{"taxonomy":"product_tag","embeddable":true,"href":"https:\/\/mj-clothing.com\/de\/wp-json\/wp\/v2\/product_tag?post=2032"}],"curies":[{"name":"wp","href":"https:\/\/api.w.org\/{rel}","templated":true}]}}