{"id":2037,"date":"2024-12-18T02:59:21","date_gmt":"2024-12-18T02:59:21","guid":{"rendered":"https:\/\/mj-clothing.com\/?post_type=product&#038;p=2037"},"modified":"2024-12-18T03:22:38","modified_gmt":"2024-12-18T03:22:38","slug":"womens-heated-long-coat","status":"publish","type":"product","link":"https:\/\/mj-clothing.com\/de\/manufacturer\/womens-heated-long-coat\/","title":{"rendered":"Beheizter langer Mantel f\u00fcr Frauen"},"content":{"rendered":"<p data-sourcepos=\"1:1-1:216\">Ein beheizter langer Damenmantel ist eine Art von Oberbekleidung, die bei kaltem Wetter f\u00fcr au\u00dfergew\u00f6hnliche W\u00e4rme sorgt. Er verf\u00fcgt \u00fcber integrierte Heizelemente, die von einer Batterie betrieben werden, die normalerweise in einer diskreten Tasche untergebracht ist.<\/p>\n<h3 data-sourcepos=\"3:1-3:35\"><strong>Das ist das Besondere an ihnen:<\/strong><\/h3>\n<ul data-sourcepos=\"5:1-8:0\">\n<li data-sourcepos=\"5:1-5:222\"><strong>\u00dcberlegene W\u00e4rme:<\/strong> Die eingebauten Heizelemente erzeugen W\u00e4rme und erh\u00f6hen die Isolierf\u00e4higkeit des Mantels erheblich. Das macht sie ideal f\u00fcr extrem kalte Klimazonen oder Outdoor-Aktivit\u00e4ten bei eisigen Temperaturen.<\/li>\n<li data-sourcepos=\"6:1-6:159\"><strong>Komfort:<\/strong> Viele Modelle bieten einstellbare W\u00e4rmestufen, mit denen Sie den Grad der W\u00e4rme je nach Vorliebe und St\u00e4rke der Erk\u00e4ltung anpassen k\u00f6nnen.<\/li>\n<li data-sourcepos=\"7:1-8:0\"><strong>Vielseitigkeit:<\/strong> Je nach Design und Material des Mantels lassen sie sich f\u00fcr verschiedene Anl\u00e4sse stylen, von legeren Ausfl\u00fcgen bis hin zu formelleren Anl\u00e4ssen.<\/li>\n<\/ul>\n<h3 data-sourcepos=\"9:1-9:56\"><strong>Was ist bei der Auswahl eines beheizten langen Damenmantels zu beachten?<\/strong><\/h3>\n<ul data-sourcepos=\"11:1-15:0\">\n<li data-sourcepos=\"11:1-11:198\"><strong>Heizungstechnik:<\/strong> Verschiedene Marken verwenden unterschiedliche Heiztechnologien. Informieren Sie sich \u00fcber die spezifische Technologie, die in dem Mantel, f\u00fcr den Sie sich interessieren, verwendet wird, um seine Leistungs- und Sicherheitsmerkmale zu verstehen.<\/li>\n<li data-sourcepos=\"12:1-12:182\"><strong>Lebensdauer der Batterie:<\/strong> Die Lebensdauer des Akkus ist entscheidend. Achten Sie darauf, wie lange der Akku bei verschiedenen W\u00e4rmeeinstellungen h\u00e4lt, um sicherzustellen, dass er Ihren Anforderungen f\u00fcr die Dauer Ihrer Aktivit\u00e4ten entspricht.<\/li>\n<li data-sourcepos=\"13:1-13:174\"><strong>Komfort und Passform:<\/strong> W\u00e4hlen Sie einen Mantel, der gut passt und angenehm zu tragen ist. Achten Sie auf Funktionen wie verstellbare \u00c4rmelabschl\u00fcsse, Kapuzen und Kordelz\u00fcge, um die Passform und W\u00e4rme zu verbessern.<\/li>\n<li data-sourcepos=\"14:1-15:0\"><strong>Stil und Design:<\/strong> W\u00e4hlen Sie einen Mantel, der zu Ihrem pers\u00f6nlichen Stil und den Anl\u00e4ssen, zu denen Sie ihn tragen werden, passt.<\/li>\n<\/ul>\n<p data-sourcepos=\"16:1-16:186\">Wenn Sie in einem sehr kalten Klima leben oder im Winter h\u00e4ufig im Freien aktiv sind, kann ein beheizter langer Damenmantel eine wertvolle Investition sein, um warm und bequem zu bleiben.<\/p>","protected":false},"excerpt":{"rendered":"<table style=\"height: 602px;\" width=\"581\">\n<tbody>\n<tr>\n<td width=\"146\"><strong><b>Produkt<\/b><\/strong>\u00a0<strong><b>Name:<\/b><\/strong><\/td>\n<td width=\"601\"><strong>Beheizter langer Mantel f\u00fcr Frauen<\/strong><\/td>\n<\/tr>\n<tr>\n<td width=\"146\"><strong><b>Materlal:<\/b><\/strong><\/td>\n<td width=\"601\">Stricken<\/td>\n<\/tr>\n<tr>\n<td width=\"146\"><strong><b>Die Technik:<\/b><\/strong><\/td>\n<td width=\"601\">Gestickt<\/td>\n<\/tr>\n<tr>\n<td width=\"146\"><strong><b>Stil:<\/b><\/strong><\/td>\n<td width=\"601\">L\u00e4ssig<\/td>\n<\/tr>\n<tr>\n<td width=\"146\"><strong><b>Farbe<\/b><\/strong><strong><b>:<\/b><\/strong><\/td>\n<td width=\"601\">\u00a0Benutzerdefinierte Farben<\/td>\n<\/tr>\n<tr>\n<td width=\"146\"><strong><b>Gr\u00f6\u00dfe:<\/b><\/strong><\/td>\n<td width=\"601\">S \/M \/L \/XL \/2XL<\/td>\n<\/tr>\n<tr>\n<td width=\"146\"><strong><b>OEM\/ODM:<\/b><\/strong><\/td>\n<td width=\"601\">Annehmbar<\/td>\n<\/tr>\n<tr>\n<td width=\"146\"><strong><b>Qualit\u00e4t:<\/b><\/strong><\/td>\n<td width=\"601\">100% Hohe Qualit\u00e4t<\/td>\n<\/tr>\n<tr>\n<td width=\"146\"><strong><b>M<\/b><\/strong><strong><b>OQ:<\/b><\/strong><\/td>\n<td width=\"601\">200 St\u00fcck<\/td>\n<\/tr>\n<\/tbody>\n<\/table>","protected":false},"featured_media":2040,"template":"","meta":[],"product_brand":[],"product_cat":[39],"product_tag":[],"class_list":{"0":"post-2037","1":"product","2":"type-product","3":"status-publish","4":"has-post-thumbnail","6":"product_cat-womens-clothing","8":"first","9":"instock","10":"shipping-taxable","11":"product-type-simple"},"_links":{"self":[{"href":"https:\/\/mj-clothing.com\/de\/wp-json\/wp\/v2\/product\/2037","targetHints":{"allow":["GET"]}}],"collection":[{"href":"https:\/\/mj-clothing.com\/de\/wp-json\/wp\/v2\/product"}],"about":[{"href":"https:\/\/mj-clothing.com\/de\/wp-json\/wp\/v2\/types\/product"}],"wp:featuredmedia":[{"embeddable":true,"href":"https:\/\/mj-clothing.com\/de\/wp-json\/wp\/v2\/media\/2040"}],"wp:attachment":[{"href":"https:\/\/mj-clothing.com\/de\/wp-json\/wp\/v2\/media?parent=2037"}],"wp:term":[{"taxonomy":"product_brand","embeddable":true,"href":"https:\/\/mj-clothing.com\/de\/wp-json\/wp\/v2\/product_brand?post=2037"},{"taxonomy":"product_cat","embeddable":true,"href":"https:\/\/mj-clothing.com\/de\/wp-json\/wp\/v2\/product_cat?post=2037"},{"taxonomy":"product_tag","embeddable":true,"href":"https:\/\/mj-clothing.com\/de\/wp-json\/wp\/v2\/product_tag?post=2037"}],"curies":[{"name":"wp","href":"https:\/\/api.w.org\/{rel}","templated":true}]}}