{"id":2041,"date":"2024-12-18T03:08:39","date_gmt":"2024-12-18T03:08:39","guid":{"rendered":"https:\/\/mj-clothing.com\/?post_type=product&#038;p=2041"},"modified":"2024-12-18T03:23:38","modified_gmt":"2024-12-18T03:23:38","slug":"womens-long-wrap-coat","status":"publish","type":"product","link":"https:\/\/mj-clothing.com\/de\/manufacturer\/womens-long-wrap-coat\/","title":{"rendered":"Langer Wickelmantel f\u00fcr Frauen"},"content":{"rendered":"<p data-sourcepos=\"1:1-1:121\">Ein langer Wickelmantel f\u00fcr Damen ist eine stilvolle und vielseitige Oberbekleidung, die einen Hauch von Eleganz und Raffinesse vermittelt.<\/p>\n<h3 data-sourcepos=\"3:1-3:17\"><strong>Langer Wickelmantel f\u00fcr Frauen Hauptmerkmale:<\/strong><\/h3>\n<ul data-sourcepos=\"5:1-9:0\">\n<li data-sourcepos=\"5:1-5:132\"><strong>Wickeldesign:<\/strong> Das charakteristische Merkmal ist der Wickel-Stil, bei dem der Mantel \u00fcberlappt und in der Regel in der Taille gebunden oder geg\u00fcrtet wird.<\/li>\n<li data-sourcepos=\"6:1-6:83\"><strong>L\u00e4nge:<\/strong> Sie reicht bis unterhalb der H\u00fcfte, oft bis zu den Knien oder sogar bis zur Mitte der Wade.<\/li>\n<li data-sourcepos=\"7:1-7:126\"><strong>Vielfalt der Materialien:<\/strong> Sie k\u00f6nnen aus verschiedenen Stoffen hergestellt werden, darunter Wolle, Kaschmir, Baumwollmischungen und sogar Kunstpelz.<\/li>\n<li data-sourcepos=\"8:1-9:0\"><strong><span class=\"citation-0 interactive-span-selected-v2\">Vielseitigkeit:<\/span><\/strong><span class=\"citation-0 citation-end-0 interactive-span-selected-v2\"> Sie lassen sich nach Belieben stylen und eignen sich f\u00fcr eine Vielzahl von Anl\u00e4ssen, von Freizeitausfl\u00fcgen bis hin zu formellen Veranstaltungen. <\/span>\n<div class=\"container ng-tns-c3353360079-34\">\n<div class=\"carousel-container ng-tns-c3353360079-34\">\n<div class=\"carousel-content ng-tns-c3353360079-34\">\n<div class=\"sources-carousel-source ng-tns-c3353360079-34 ng-star-inserted\" data-test-id=\"sources-carousel-source\">\n<div class=\"source-card-container\">\n<div class=\"source-card-content\">\n<div class=\"source-card-body\">\n<div class=\"source-card-header\"><\/div>\n<\/div>\n<div class=\"source-card-footer\">\n<div class=\"source-card-attribution\"><\/div>\n<\/div>\n<\/div>\n<\/div>\n<\/div>\n<\/div>\n<\/div>\n<\/div>\n<\/li>\n<\/ul>\n<h3 data-sourcepos=\"10:1-10:24\"><strong>Warum Frauen sie lieben:<\/strong><\/h3>\n<ul data-sourcepos=\"12:1-15:0\">\n<li data-sourcepos=\"12:1-12:108\"><strong>Schmeichelnde Silhouette:<\/strong> Die Wickeloptik betont die Taille und schafft eine schmeichelhafte Sanduhrform.<\/li>\n<li data-sourcepos=\"13:1-13:64\"><strong>Komfort:<\/strong> Sie bieten oft einen bequemen und entspannten Sitz.<\/li>\n<li data-sourcepos=\"14:1-15:0\"><strong>Stil:<\/strong> Sie verleihen jedem Outfit einen Hauch von Weiblichkeit und Eleganz.<\/li>\n<\/ul>\n<h3 data-sourcepos=\"16:1-16:17\"><strong>Styling-Tipps:<\/strong><\/h3>\n<ul data-sourcepos=\"18:1-20:0\">\n<li data-sourcepos=\"18:1-18:101\"><strong>Kombiniert mit:<\/strong> Jeans und Stiefel f\u00fcr einen legeren Look oder ein Kleid und Abs\u00e4tze f\u00fcr ein eleganteres Ensemble.<\/li>\n<li data-sourcepos=\"19:1-20:0\"><strong>Ausstatten:<\/strong> Vervollst\u00e4ndigen Sie den Look mit einem Schal, Handschuhen und einem schicken Hut.<\/li>\n<\/ul>\n<p data-sourcepos=\"21:1-21:140\">Wenn Sie auf der Suche nach einem modischen und vielseitigen Mantel f\u00fcr Ihre Wintergarderobe sind, ist der Women's Long Wrap Coat auf jeden Fall eine \u00dcberlegung wert.<\/p>","protected":false},"excerpt":{"rendered":"<table style=\"height: 617px;\" width=\"599\">\n<tbody>\n<tr>\n<td width=\"146\"><strong><b>Produkt<\/b><\/strong>\u00a0<strong><b>Name:<\/b><\/strong><\/td>\n<td width=\"601\"><strong>Langer Wickelmantel f\u00fcr Frauen<\/strong><\/td>\n<\/tr>\n<tr>\n<td width=\"146\"><strong><b>Materlal:<\/b><\/strong><\/td>\n<td width=\"601\">Stricken<\/td>\n<\/tr>\n<tr>\n<td width=\"146\"><strong><b>Die Technik:<\/b><\/strong><\/td>\n<td width=\"601\">Gestickt<\/td>\n<\/tr>\n<tr>\n<td width=\"146\"><strong><b>Stil:<\/b><\/strong><\/td>\n<td width=\"601\">L\u00e4ssig<\/td>\n<\/tr>\n<tr>\n<td width=\"146\"><strong><b>Farbe<\/b><\/strong><strong><b>:<\/b><\/strong><\/td>\n<td width=\"601\">\u00a0Benutzerdefinierte Farben<\/td>\n<\/tr>\n<tr>\n<td width=\"146\"><strong><b>Gr\u00f6\u00dfe:<\/b><\/strong><\/td>\n<td width=\"601\">S \/M \/L \/XL \/2XL<\/td>\n<\/tr>\n<tr>\n<td width=\"146\"><strong><b>OEM\/ODM:<\/b><\/strong><\/td>\n<td width=\"601\">Annehmbar<\/td>\n<\/tr>\n<tr>\n<td width=\"146\"><strong><b>Qualit\u00e4t:<\/b><\/strong><\/td>\n<td width=\"601\">100% Hohe Qualit\u00e4t<\/td>\n<\/tr>\n<tr>\n<td width=\"146\"><strong><b>M<\/b><\/strong><strong><b>OQ:<\/b><\/strong><\/td>\n<td width=\"601\">200 St\u00fcck<\/td>\n<\/tr>\n<\/tbody>\n<\/table>","protected":false},"featured_media":2042,"template":"","meta":[],"product_brand":[],"product_cat":[39],"product_tag":[],"class_list":{"0":"post-2041","1":"product","2":"type-product","3":"status-publish","4":"has-post-thumbnail","6":"product_cat-womens-clothing","8":"first","9":"instock","10":"shipping-taxable","11":"product-type-simple"},"_links":{"self":[{"href":"https:\/\/mj-clothing.com\/de\/wp-json\/wp\/v2\/product\/2041","targetHints":{"allow":["GET"]}}],"collection":[{"href":"https:\/\/mj-clothing.com\/de\/wp-json\/wp\/v2\/product"}],"about":[{"href":"https:\/\/mj-clothing.com\/de\/wp-json\/wp\/v2\/types\/product"}],"wp:featuredmedia":[{"embeddable":true,"href":"https:\/\/mj-clothing.com\/de\/wp-json\/wp\/v2\/media\/2042"}],"wp:attachment":[{"href":"https:\/\/mj-clothing.com\/de\/wp-json\/wp\/v2\/media?parent=2041"}],"wp:term":[{"taxonomy":"product_brand","embeddable":true,"href":"https:\/\/mj-clothing.com\/de\/wp-json\/wp\/v2\/product_brand?post=2041"},{"taxonomy":"product_cat","embeddable":true,"href":"https:\/\/mj-clothing.com\/de\/wp-json\/wp\/v2\/product_cat?post=2041"},{"taxonomy":"product_tag","embeddable":true,"href":"https:\/\/mj-clothing.com\/de\/wp-json\/wp\/v2\/product_tag?post=2041"}],"curies":[{"name":"wp","href":"https:\/\/api.w.org\/{rel}","templated":true}]}}