{"id":2044,"date":"2024-12-18T03:15:03","date_gmt":"2024-12-18T03:15:03","guid":{"rendered":"https:\/\/mj-clothing.com\/?post_type=product&#038;p=2044"},"modified":"2024-12-18T03:23:05","modified_gmt":"2024-12-18T03:23:05","slug":"womens-petite-long-winter-coats","status":"publish","type":"product","link":"https:\/\/mj-clothing.com\/de\/manufacturer\/womens-petite-long-winter-coats\/","title":{"rendered":"Lange Winterm\u00e4ntel f\u00fcr Damen Petite"},"content":{"rendered":"<p data-sourcepos=\"1:1-1:158\">Lange Winterm\u00e4ntel f\u00fcr Damen sind speziell f\u00fcr kleinere Frauen konzipiert, um eine gute Passform und eine schmeichelhafte Silhouette zu gew\u00e4hrleisten. Das macht sie so besonders:<\/p>\n<ul data-sourcepos=\"3:1-6:0\">\n<li data-sourcepos=\"3:1-3:155\"><strong>Proportioniert f\u00fcr k\u00fcrzere Frames:<\/strong> Diese M\u00e4ntel wurden mit Blick auf k\u00fcrzere Oberk\u00f6rper und Schrittl\u00e4ngen entworfen, damit sie zierliche Figuren nicht erdr\u00fccken.<\/li>\n<li data-sourcepos=\"4:1-4:144\"><strong>Ideale L\u00e4nge:<\/strong> Sie gelten zwar immer noch als \"lang\", sind aber in der L\u00e4nge so angepasst, dass sie nicht \u00fcber den Boden schleifen oder zu volumin\u00f6s wirken.<\/li>\n<li data-sourcepos=\"5:1-6:0\"><strong>Verbesserte Passform:<\/strong> Merkmale wie k\u00fcrzere \u00c4rmel und eine angepasste Taillenweite sorgen daf\u00fcr, dass der Mantel bequem und proportional sitzt.<\/li>\n<\/ul>\n<h3 data-sourcepos=\"7:1-7:19\"><strong>Beliebte Stile:<\/strong><\/h3>\n<ul data-sourcepos=\"9:1-12:0\">\n<li data-sourcepos=\"9:1-9:102\"><strong>Petite Wollm\u00e4ntel:<\/strong> Klassisch und zeitlos, oft in Form von Peacoats oder zweireihigen M\u00e4nteln.<\/li>\n<li data-sourcepos=\"10:1-10:118\"><strong>Petite Pufferm\u00e4ntel:<\/strong> Sie bieten hervorragende W\u00e4rme und sind in verschiedenen L\u00e4ngen und Stilen erh\u00e4ltlich, von elegant bis leger.<\/li>\n<li data-sourcepos=\"11:1-12:0\"><strong>Petite Parkas:<\/strong> Ideal f\u00fcr k\u00e4ltere Klimazonen, oft mit Kapuzen, Pelzbesatz und mehreren Taschen ausgestattet.<\/li>\n<\/ul>\n<h3 data-sourcepos=\"13:1-13:23\"><strong>Wo finden Sie lange Winterm\u00e4ntel f\u00fcr Frauen in Petite:<\/strong><\/h3>\n<p data-sourcepos=\"15:1-15:54\">Viele Einzelh\u00e4ndler bieten Gr\u00f6\u00dfen f\u00fcr Kleinw\u00fcchsige an, unter anderem:<\/p>\n<ul data-sourcepos=\"17:1-20:0\">\n<li data-sourcepos=\"17:1-17:58\"><strong>Kaufh\u00e4user:<\/strong> Nordstrom, Macy's, Bloomingdale's<\/li>\n<li data-sourcepos=\"18:1-18:52\"><strong>Spezialisierte Einzelh\u00e4ndler:<\/strong> Ann Taylor, Loft, Talbots<\/li>\n<li data-sourcepos=\"19:1-20:0\"><strong>Online-Einzelh\u00e4ndler:<\/strong> ASOS, Nordstrom Rack, Amazon<\/li>\n<\/ul>\n<h3 data-sourcepos=\"21:1-21:22\"><strong>Tipps f\u00fcr die Auswahl:<\/strong><\/h3>\n<ul data-sourcepos=\"23:1-26:0\">\n<li data-sourcepos=\"23:1-23:102\"><strong>Betrachten Sie den Stoff:<\/strong> Achten Sie auf warme und strapazierf\u00e4hige Materialien wie Wolle, Daunen oder synthetische Isolierung.<\/li>\n<li data-sourcepos=\"24:1-24:106\"><strong>\u00dcberpr\u00fcfen Sie die L\u00e4nge:<\/strong> Achten Sie darauf, dass der Mantel an der richtigen Stelle an Ihren Beinen anliegt, damit er nicht \"ertrinkt\".<\/li>\n<li data-sourcepos=\"25:1-26:0\"><strong>Probieren Sie es an:<\/strong> Probieren Sie einen zierlichen Mantel immer an, um sicherzustellen, dass er richtig sitzt und Ihrer Figur schmeichelt.<\/li>\n<\/ul>\n<p data-sourcepos=\"27:1-27:121\">Durch die Wahl eines gut sitzenden langen Wintermantels f\u00fcr Damen in Petite-Gr\u00f6\u00dfe k\u00f6nnen kleinere Frauen in den k\u00e4lteren Monaten warm und stilvoll bleiben.<\/p>","protected":false},"excerpt":{"rendered":"<table style=\"height: 572px;\" width=\"534\">\n<tbody>\n<tr>\n<td width=\"146\"><strong><b>Produkt<\/b><\/strong>\u00a0<strong><b>Name:<\/b><\/strong><\/td>\n<td width=\"601\"><strong>Lange Winterm\u00e4ntel f\u00fcr Damen Petite<\/strong><\/td>\n<\/tr>\n<tr>\n<td width=\"146\"><strong><b>Materlal:<\/b><\/strong><\/td>\n<td width=\"601\">Stricken<\/td>\n<\/tr>\n<tr>\n<td width=\"146\"><strong><b>Die Technik:<\/b><\/strong><\/td>\n<td width=\"601\">Gestickt<\/td>\n<\/tr>\n<tr>\n<td width=\"146\"><strong><b>Stil:<\/b><\/strong><\/td>\n<td width=\"601\">L\u00e4ssig<\/td>\n<\/tr>\n<tr>\n<td width=\"146\"><strong><b>Farbe<\/b><\/strong><strong><b>:<\/b><\/strong><\/td>\n<td width=\"601\">\u00a0Benutzerdefinierte Farben<\/td>\n<\/tr>\n<tr>\n<td width=\"146\"><strong><b>Gr\u00f6\u00dfe:<\/b><\/strong><\/td>\n<td width=\"601\">S \/M \/L \/XL \/2XL<\/td>\n<\/tr>\n<tr>\n<td width=\"146\"><strong><b>OEM\/ODM:<\/b><\/strong><\/td>\n<td width=\"601\">Annehmbar<\/td>\n<\/tr>\n<tr>\n<td width=\"146\"><strong><b>Qualit\u00e4t:<\/b><\/strong><\/td>\n<td width=\"601\">100% Hohe Qualit\u00e4t<\/td>\n<\/tr>\n<tr>\n<td width=\"146\"><strong><b>M<\/b><\/strong><strong><b>OQ:<\/b><\/strong><\/td>\n<td width=\"601\">200 St\u00fcck<\/td>\n<\/tr>\n<\/tbody>\n<\/table>","protected":false},"featured_media":2045,"template":"","meta":[],"product_brand":[],"product_cat":[39],"product_tag":[],"class_list":{"0":"post-2044","1":"product","2":"type-product","3":"status-publish","4":"has-post-thumbnail","6":"product_cat-womens-clothing","8":"first","9":"instock","10":"shipping-taxable","11":"product-type-simple"},"_links":{"self":[{"href":"https:\/\/mj-clothing.com\/de\/wp-json\/wp\/v2\/product\/2044","targetHints":{"allow":["GET"]}}],"collection":[{"href":"https:\/\/mj-clothing.com\/de\/wp-json\/wp\/v2\/product"}],"about":[{"href":"https:\/\/mj-clothing.com\/de\/wp-json\/wp\/v2\/types\/product"}],"wp:featuredmedia":[{"embeddable":true,"href":"https:\/\/mj-clothing.com\/de\/wp-json\/wp\/v2\/media\/2045"}],"wp:attachment":[{"href":"https:\/\/mj-clothing.com\/de\/wp-json\/wp\/v2\/media?parent=2044"}],"wp:term":[{"taxonomy":"product_brand","embeddable":true,"href":"https:\/\/mj-clothing.com\/de\/wp-json\/wp\/v2\/product_brand?post=2044"},{"taxonomy":"product_cat","embeddable":true,"href":"https:\/\/mj-clothing.com\/de\/wp-json\/wp\/v2\/product_cat?post=2044"},{"taxonomy":"product_tag","embeddable":true,"href":"https:\/\/mj-clothing.com\/de\/wp-json\/wp\/v2\/product_tag?post=2044"}],"curies":[{"name":"wp","href":"https:\/\/api.w.org\/{rel}","templated":true}]}}