{"id":2066,"date":"2024-12-19T03:05:05","date_gmt":"2024-12-19T03:05:05","guid":{"rendered":"https:\/\/mj-clothing.com\/?post_type=product&#038;p=2066"},"modified":"2024-12-19T03:05:05","modified_gmt":"2024-12-19T03:05:05","slug":"spring-coats-for-ladies","status":"publish","type":"product","link":"https:\/\/mj-clothing.com\/de\/manufacturer\/spring-coats-for-ladies\/","title":{"rendered":"Fr\u00fchlingsm\u00e4ntel f\u00fcr Damen"},"content":{"rendered":"<p data-sourcepos=\"1:1-1:154\">Fr\u00fchlingsm\u00e4ntel f\u00fcr Damen sind eine sch\u00f6ne Jahreszeit, und es ist die perfekte Zeit, um Ihre Garderobe mit einigen stilvollen Fr\u00fchlingsm\u00e4nteln aufzufrischen. Hier sind ein paar beliebte Optionen f\u00fcr Damen:<\/p>\n<h3 data-sourcepos=\"3:1-3:19\"><strong>1. Fr\u00fchlingsm\u00e4ntel f\u00fcr Damen:<\/strong><\/h3>\n<ul data-sourcepos=\"5:1-8:0\">\n<li style=\"list-style-type: none;\">\n<ul data-sourcepos=\"5:1-8:0\">\n<li data-sourcepos=\"5:1-5:94\"><strong>Klassisch und zeitlos:<\/strong> Ein Trenchcoat ist ein unverzichtbarer Bestandteil der Garderobe, der sowohl nach oben als auch nach unten getragen werden kann.<\/li>\n<li data-sourcepos=\"6:1-6:60\"><strong>Vielseitig:<\/strong> Er ist sowohl f\u00fcr regnerische als auch f\u00fcr sonnige Tage geeignet.<\/li>\n<li data-sourcepos=\"7:1-8:0\"><strong>Stilvoll:<\/strong> W\u00e4hlen Sie aus einer Vielzahl von Farben und Stilen, die Ihrem pers\u00f6nlichen Geschmack entsprechen.<\/li>\n<\/ul>\n<\/li>\n<\/ul>\n<div class=\"attachment-container search-images\">\n<div class=\"image-container hide-from-message-actions ng-star-inserted\"><strong style=\"color: #555555; font-size: 14.4px;\">2. Jeansjacke:<\/strong><\/div>\n<\/div>\n<ul data-sourcepos=\"13:1-16:0\">\n<li style=\"list-style-type: none;\">\n<ul data-sourcepos=\"13:1-16:0\">\n<li data-sourcepos=\"13:1-13:91\"><strong>L\u00e4ssig und cool:<\/strong> Eine Jeansjacke ist eine gute M\u00f6glichkeit, Ihrem Outfit einen Hauch von Sch\u00e4rfe zu verleihen.<\/li>\n<li data-sourcepos=\"14:1-14:65\"><strong>Vielseitig:<\/strong> Er kann mit Jeans, Kleidern oder R\u00f6cken kombiniert werden.<\/li>\n<li data-sourcepos=\"15:1-16:0\"><strong>Bequem:<\/strong> Denim ist ein haltbarer und bequemer Stoff.<\/li>\n<\/ul>\n<\/li>\n<\/ul>\n<div class=\"attachment-container search-images\">\n<div class=\"image-container hide-from-message-actions ng-star-inserted\">\n<div class=\"caption ellipsis gds-label-m-alt ng-star-inserted\" aria-hidden=\"true\"><strong style=\"color: #555555; font-size: 14.4px;\">3.Spring M\u00e4ntel f\u00fcr Damen Blazer:<\/strong><\/div>\n<\/div>\n<\/div>\n<ul data-sourcepos=\"21:1-24:0\">\n<li style=\"list-style-type: none;\">\n<ul data-sourcepos=\"21:1-24:0\">\n<li data-sourcepos=\"21:1-21:75\"><strong>Schick und anspruchsvoll:<\/strong> Ein Blazer ist eine gro\u00dfartige M\u00f6glichkeit, Ihren Look aufzuwerten.<\/li>\n<li data-sourcepos=\"22:1-22:80\"><strong>Vielseitig:<\/strong> Er kann zur Arbeit, zum Abendessen oder an einem l\u00e4ssigen Wochenende getragen werden.<\/li>\n<li data-sourcepos=\"23:1-24:0\"><strong>Stilvoll:<\/strong> W\u00e4hlen Sie aus einer Vielzahl von Farben, Mustern und Stilen.<\/li>\n<\/ul>\n<\/li>\n<\/ul>\n<div class=\"attachment-container search-images\">\n<div class=\"image-container hide-from-message-actions ng-star-inserted\">\n<div class=\"caption ellipsis gds-label-m-alt ng-star-inserted\" aria-hidden=\"true\"><strong style=\"color: #555555; font-size: 14.4px;\">4. Fr\u00fchlingsm\u00e4ntel f\u00fcr Damen Lederjacke:<\/strong><\/div>\n<\/div>\n<\/div>\n<ul data-sourcepos=\"29:1-32:0\">\n<li style=\"list-style-type: none;\">\n<ul data-sourcepos=\"29:1-32:0\">\n<li data-sourcepos=\"29:1-29:89\"><strong>Ausgefallen und cool:<\/strong> Eine Lederjacke ist eine gro\u00dfartige M\u00f6glichkeit, Ihrem Outfit eine gewisse Attit\u00fcde zu verleihen.<\/li>\n<li data-sourcepos=\"30:1-30:46\"><strong>Vielseitig:<\/strong> Es kann nach oben oder unten gekleidet werden.<\/li>\n<li data-sourcepos=\"31:1-32:0\"><strong>Stilvoll:<\/strong> W\u00e4hlen Sie aus einer Vielzahl von Farben und Stilen.<\/li>\n<\/ul>\n<\/li>\n<\/ul>\n<div class=\"attachment-container search-images\">\n<div class=\"image-container hide-from-message-actions ng-star-inserted\">\n<div class=\"caption ellipsis gds-label-m-alt ng-star-inserted\" aria-hidden=\"true\"><strong style=\"color: #555555; font-size: 14.4px;\">5. Pufferjacke:<\/strong><\/div>\n<\/div>\n<\/div>\n<ul data-sourcepos=\"37:1-40:0\">\n<li style=\"list-style-type: none;\">\n<ul data-sourcepos=\"37:1-40:0\">\n<li data-sourcepos=\"37:1-37:87\"><strong>Warm und gem\u00fctlich:<\/strong> Eine Pufferjacke ist eine gute M\u00f6glichkeit, um an k\u00fchlen Fr\u00fchlingstagen warm zu bleiben.<\/li>\n<li data-sourcepos=\"38:1-38:66\"><strong>Vielseitig:<\/strong> Es kann mit Jeans, Leggings oder R\u00f6cken kombiniert werden.<\/li>\n<li data-sourcepos=\"39:1-40:0\"><strong>Stilvoll:<\/strong> W\u00e4hlen Sie aus einer Vielzahl von Farben und Stilen.<\/li>\n<\/ul>\n<\/li>\n<\/ul>\n<div class=\"attachment-container search-images\"><\/div>\n<p data-sourcepos=\"43:1-43:46\"><strong>Tipps f\u00fcr die Wahl des perfekten Fr\u00fchlingsmantels:<\/strong><\/p>\n<ul data-sourcepos=\"45:1-49:0\">\n<li data-sourcepos=\"45:1-45:184\"><strong>Ber\u00fccksichtigen Sie Ihr Klima:<\/strong> Wenn Sie in einem warmen Klima leben, sollten Sie einen leichteren Mantel w\u00e4hlen. Wenn Sie in einem k\u00e4lteren Klima leben, sollten Sie einen schwereren Mantel w\u00e4hlen.<\/li>\n<li data-sourcepos=\"46:1-46:188\"><strong>Denken Sie an Ihren Lebensstil:<\/strong> Wenn Sie aktiv sind, sollten Sie einen Mantel w\u00e4hlen, in dem Sie sich leicht bewegen k\u00f6nnen. Wenn Sie in einem professionellen Umfeld arbeiten, sollten Sie einen formelleren Mantel w\u00e4hlen.<\/li>\n<li data-sourcepos=\"47:1-47:87\"><strong>W\u00e4hlen Sie eine Farbe, die Ihnen gef\u00e4llt:<\/strong> Es ist wahrscheinlicher, dass du einen Mantel tr\u00e4gst, den du liebst.<\/li>\n<li data-sourcepos=\"48:1-49:0\"><strong>Achten Sie auf die Passform:<\/strong> Ein gut sitzender Mantel sieht gut aus und f\u00fchlt sich gut an.<\/li>\n<\/ul>\n<p data-sourcepos=\"50:1-50:202\">Ganz gleich, welchen Stil Sie bevorzugen, es gibt einen perfekten Fr\u00fchlingsmantel f\u00fcr Sie. Bei einer so gro\u00dfen Auswahl finden Sie sicher den perfekten Mantel, der Sie die ganze Saison \u00fcber warm und stilvoll h\u00e4lt.<\/p>","protected":false},"excerpt":{"rendered":"<table style=\"height: 611px;\" width=\"429\">\n<tbody>\n<tr>\n<td width=\"146\"><strong><b>Produkt<\/b><\/strong>\u00a0<strong><b>Name:<\/b><\/strong><\/td>\n<td width=\"601\"><strong>Fr\u00fchlingsm\u00e4ntel f\u00fcr Damen<\/strong><\/td>\n<\/tr>\n<tr>\n<td width=\"146\"><strong><b>Materlal:<\/b><\/strong><\/td>\n<td width=\"601\">Stricken<\/td>\n<\/tr>\n<tr>\n<td width=\"146\"><strong><b>Die Technik:<\/b><\/strong><\/td>\n<td width=\"601\">Gestickt<\/td>\n<\/tr>\n<tr>\n<td width=\"146\"><strong><b>Stil:<\/b><\/strong><\/td>\n<td width=\"601\">L\u00e4ssig<\/td>\n<\/tr>\n<tr>\n<td width=\"146\"><strong><b>Farbe<\/b><\/strong><strong><b>:<\/b><\/strong><\/td>\n<td width=\"601\">\u00a0Benutzerdefinierte Farben<\/td>\n<\/tr>\n<tr>\n<td width=\"146\"><strong><b>Gr\u00f6\u00dfe:<\/b><\/strong><\/td>\n<td width=\"601\">S \/M \/L \/XL \/2XL<\/td>\n<\/tr>\n<tr>\n<td width=\"146\"><strong><b>OEM\/ODM:<\/b><\/strong><\/td>\n<td width=\"601\">Annehmbar<\/td>\n<\/tr>\n<tr>\n<td width=\"146\"><strong><b>Qualit\u00e4t:<\/b><\/strong><\/td>\n<td width=\"601\">100% Hohe Qualit\u00e4t<\/td>\n<\/tr>\n<tr>\n<td width=\"146\"><strong><b>M<\/b><\/strong><strong><b>OQ:<\/b><\/strong><\/td>\n<td width=\"601\">200 St\u00fcck<\/td>\n<\/tr>\n<\/tbody>\n<\/table>","protected":false},"featured_media":2075,"template":"","meta":[],"product_brand":[],"product_cat":[39],"product_tag":[],"class_list":{"0":"post-2066","1":"product","2":"type-product","3":"status-publish","4":"has-post-thumbnail","6":"product_cat-womens-clothing","8":"first","9":"instock","10":"shipping-taxable","11":"product-type-simple"},"_links":{"self":[{"href":"https:\/\/mj-clothing.com\/de\/wp-json\/wp\/v2\/product\/2066","targetHints":{"allow":["GET"]}}],"collection":[{"href":"https:\/\/mj-clothing.com\/de\/wp-json\/wp\/v2\/product"}],"about":[{"href":"https:\/\/mj-clothing.com\/de\/wp-json\/wp\/v2\/types\/product"}],"wp:featuredmedia":[{"embeddable":true,"href":"https:\/\/mj-clothing.com\/de\/wp-json\/wp\/v2\/media\/2075"}],"wp:attachment":[{"href":"https:\/\/mj-clothing.com\/de\/wp-json\/wp\/v2\/media?parent=2066"}],"wp:term":[{"taxonomy":"product_brand","embeddable":true,"href":"https:\/\/mj-clothing.com\/de\/wp-json\/wp\/v2\/product_brand?post=2066"},{"taxonomy":"product_cat","embeddable":true,"href":"https:\/\/mj-clothing.com\/de\/wp-json\/wp\/v2\/product_cat?post=2066"},{"taxonomy":"product_tag","embeddable":true,"href":"https:\/\/mj-clothing.com\/de\/wp-json\/wp\/v2\/product_tag?post=2066"}],"curies":[{"name":"wp","href":"https:\/\/api.w.org\/{rel}","templated":true}]}}