{"id":2076,"date":"2024-12-19T03:26:08","date_gmt":"2024-12-19T03:26:08","guid":{"rendered":"https:\/\/mj-clothing.com\/?post_type=product&#038;p=2076"},"modified":"2024-12-19T03:33:03","modified_gmt":"2024-12-19T03:33:03","slug":"spring-trench-coats-for-ladies","status":"publish","type":"product","link":"https:\/\/mj-clothing.com\/de\/manufacturer\/spring-trench-coats-for-ladies\/","title":{"rendered":"Fr\u00fchling Trenchcoats f\u00fcr Damen"},"content":{"rendered":"<p data-sourcepos=\"1:1-1:134\">Fr\u00fchlings-Trenchcoats f\u00fcr Damen sind ein klassisches Kleidungsst\u00fcck, das man sowohl nach oben als auch nach unten tragen kann. Hier sind einige beliebte Modelle, die Sie in Betracht ziehen sollten:<\/p>\n<h3 data-sourcepos=\"3:1-3:27\"><strong>1. Klassischer Trenchcoat:<\/strong><\/h3>\n<ul data-sourcepos=\"5:1-8:0\">\n<li style=\"list-style-type: none;\">\n<ul data-sourcepos=\"5:1-8:0\">\n<li data-sourcepos=\"5:1-5:116\"><strong>Zeitlos und elegant:<\/strong> Der klassische Trenchcoat ist ein vielseitiges Kleidungsst\u00fcck, das zu einer Vielzahl von Outfits getragen werden kann.<\/li>\n<li data-sourcepos=\"6:1-6:101\"><strong>Vielseitig:<\/strong> Er kann mit einem Rock und hohen Abs\u00e4tzen oder mit Jeans und Turnschuhen kombiniert werden.<\/li>\n<li data-sourcepos=\"7:1-8:0\"><strong>Funktionell:<\/strong> Dank des wasserabweisenden Materials und des G\u00fcrtels, der den Wind abh\u00e4lt, ist sie perfekt f\u00fcr regnerische oder windige Tage geeignet.<\/li>\n<\/ul>\n<\/li>\n<\/ul>\n<div class=\"attachment-container search-images\"><strong style=\"color: #555555; font-size: 14.4px;\">2. Trenchcoat mit G\u00fcrtel:<\/strong><\/div>\n<ul data-sourcepos=\"13:1-16:0\">\n<li style=\"list-style-type: none;\">\n<ul data-sourcepos=\"13:1-16:0\">\n<li data-sourcepos=\"13:1-13:86\"><strong>Schmeichelhaft f\u00fcr die Figur:<\/strong> Der G\u00fcrtel schn\u00fcrt die Taille ein und sorgt f\u00fcr eine schmeichelhafte Silhouette.<\/li>\n<li data-sourcepos=\"14:1-14:79\"><strong>Stilvoll:<\/strong> Es ist eine tolle M\u00f6glichkeit, jedem Outfit einen Hauch von Raffinesse zu verleihen.<\/li>\n<li data-sourcepos=\"15:1-16:0\"><strong>Praktisch:<\/strong> Der G\u00fcrtel kann zur Anpassung der Passform gestrafft oder gelockert werden.<\/li>\n<\/ul>\n<\/li>\n<\/ul>\n<div class=\"attachment-container search-images\">\n<div class=\"image-container hide-from-message-actions ng-star-inserted\">\n<h3 class=\"caption ellipsis gds-label-m-alt ng-star-inserted\" aria-hidden=\"true\"><strong style=\"color: #555555; font-size: 14.4px;\">3. Leichter Trenchcoat:<\/strong><\/h3>\n<\/div>\n<\/div>\n<ul data-sourcepos=\"21:1-24:0\">\n<li style=\"list-style-type: none;\">\n<ul data-sourcepos=\"21:1-24:0\">\n<li data-sourcepos=\"21:1-21:108\"><strong>Perfekt f\u00fcr w\u00e4rmeres Wetter:<\/strong> Ein leichter Trenchcoat ist ideal f\u00fcr Fr\u00fchlingstage, an denen es nicht zu kalt ist.<\/li>\n<li data-sourcepos=\"22:1-22:73\"><strong>Vielseitig:<\/strong> Je nach Anlass kann es nach oben oder nach unten gekleidet werden.<\/li>\n<li data-sourcepos=\"23:1-24:0\"><strong>Bequem:<\/strong> Der leichte Stoff macht es leicht, sich darin zu bewegen.<\/li>\n<\/ul>\n<\/li>\n<\/ul>\n<div class=\"attachment-container search-images\">\n<div class=\"image-container hide-from-message-actions ng-star-inserted\">\n<h3 class=\"caption ellipsis gds-label-m-alt ng-star-inserted\" aria-hidden=\"true\"><strong style=\"color: #555555; font-size: 14.4px;\">4. Farbiger Trenchcoat:<\/strong><\/h3>\n<\/div>\n<\/div>\n<ul data-sourcepos=\"29:1-32:0\">\n<li style=\"list-style-type: none;\">\n<ul data-sourcepos=\"29:1-32:0\">\n<li data-sourcepos=\"29:1-29:102\"><strong>Trendig und stilvoll:<\/strong> Ein farbiger Trenchcoat ist eine gro\u00dfartige M\u00f6glichkeit, Ihrer Garderobe einen Farbakzent zu verleihen.<\/li>\n<li data-sourcepos=\"30:1-30:77\"><strong>Vielseitig:<\/strong> Es kann mit neutralen Farben oder anderen leuchtenden Farben kombiniert werden.<\/li>\n<li data-sourcepos=\"31:1-32:0\"><strong>Ein echter Hingucker:<\/strong> Er wird sicher alle Blicke auf sich ziehen.<\/li>\n<\/ul>\n<\/li>\n<\/ul>\n<div class=\"attachment-container search-images\">\n<div class=\"image-container hide-from-message-actions ng-star-inserted\">\n<h3 class=\"caption ellipsis gds-label-m-alt ng-star-inserted\" aria-hidden=\"true\"><strong style=\"color: #555555; font-size: 14.4px;\">Tipps f\u00fcr die Wahl des perfekten Fr\u00fchlings-Trenchcoats f\u00fcr Damen:<\/strong><\/h3>\n<\/div>\n<\/div>\n<ul data-sourcepos=\"37:1-41:0\">\n<li data-sourcepos=\"37:1-37:102\"><strong>Ber\u00fccksichtigen Sie den Stoff:<\/strong> Achten Sie auf einen leichten, wasserabweisenden Stoff, der angenehm zu tragen ist.<\/li>\n<li data-sourcepos=\"38:1-38:87\"><strong>W\u00e4hlen Sie die richtige Passform:<\/strong> Der Mantel sollte gut sitzen und weder zu eng noch zu weit sein.<\/li>\n<li data-sourcepos=\"39:1-39:109\"><strong>W\u00e4hlen Sie die richtige L\u00e4nge:<\/strong> Die L\u00e4nge des Mantels sollte Ihrer K\u00f6rpergr\u00f6\u00dfe und dem Anlass angemessen sein.<\/li>\n<li data-sourcepos=\"40:1-41:0\"><strong>Ausstatten:<\/strong> F\u00fcgen Sie einen Schal, einen G\u00fcrtel oder einen Hut hinzu, um Ihren Look zu personalisieren.<\/li>\n<\/ul>\n<p data-sourcepos=\"42:1-42:134\">Mit so vielen verschiedenen Stilen und Farben zur Auswahl, Fr\u00fchling Trenchcoats f\u00fcr Damen sind Sie sicher, den perfekten Fr\u00fchling Trenchcoat zu finden, um Ihre Garderobe zu vervollst\u00e4ndigen.<\/p>","protected":false},"excerpt":{"rendered":"<table style=\"height: 631px;\" width=\"523\">\n<tbody>\n<tr>\n<td width=\"146\"><strong><b>Produkt<\/b><\/strong>\u00a0<strong><b>Name:<\/b><\/strong><\/td>\n<td width=\"601\"><strong>Fr\u00fchling Trenchcoats f\u00fcr Damen<\/strong><\/td>\n<\/tr>\n<tr>\n<td width=\"146\"><strong><b>Materlal:<\/b><\/strong><\/td>\n<td width=\"601\">Stricken<\/td>\n<\/tr>\n<tr>\n<td width=\"146\"><strong><b>Die Technik:<\/b><\/strong><\/td>\n<td width=\"601\">Gestickt<\/td>\n<\/tr>\n<tr>\n<td width=\"146\"><strong><b>Stil:<\/b><\/strong><\/td>\n<td width=\"601\">L\u00e4ssig<\/td>\n<\/tr>\n<tr>\n<td width=\"146\"><strong><b>Farbe<\/b><\/strong><strong><b>:<\/b><\/strong><\/td>\n<td width=\"601\">\u00a0Benutzerdefinierte Farben<\/td>\n<\/tr>\n<tr>\n<td width=\"146\"><strong><b>Gr\u00f6\u00dfe:<\/b><\/strong><\/td>\n<td width=\"601\">S \/M \/L \/XL \/2XL<\/td>\n<\/tr>\n<tr>\n<td width=\"146\"><strong><b>OEM\/ODM:<\/b><\/strong><\/td>\n<td width=\"601\">Annehmbar<\/td>\n<\/tr>\n<tr>\n<td width=\"146\"><strong><b>Qualit\u00e4t:<\/b><\/strong><\/td>\n<td width=\"601\">100% Hohe Qualit\u00e4t<\/td>\n<\/tr>\n<tr>\n<td width=\"146\"><strong><b>M<\/b><\/strong><strong><b>OQ:<\/b><\/strong><\/td>\n<td width=\"601\">200 St\u00fcck<\/td>\n<\/tr>\n<\/tbody>\n<\/table>","protected":false},"featured_media":2077,"template":"","meta":[],"product_brand":[],"product_cat":[39],"product_tag":[],"class_list":{"0":"post-2076","1":"product","2":"type-product","3":"status-publish","4":"has-post-thumbnail","6":"product_cat-womens-clothing","8":"first","9":"instock","10":"shipping-taxable","11":"product-type-simple"},"_links":{"self":[{"href":"https:\/\/mj-clothing.com\/de\/wp-json\/wp\/v2\/product\/2076","targetHints":{"allow":["GET"]}}],"collection":[{"href":"https:\/\/mj-clothing.com\/de\/wp-json\/wp\/v2\/product"}],"about":[{"href":"https:\/\/mj-clothing.com\/de\/wp-json\/wp\/v2\/types\/product"}],"wp:featuredmedia":[{"embeddable":true,"href":"https:\/\/mj-clothing.com\/de\/wp-json\/wp\/v2\/media\/2077"}],"wp:attachment":[{"href":"https:\/\/mj-clothing.com\/de\/wp-json\/wp\/v2\/media?parent=2076"}],"wp:term":[{"taxonomy":"product_brand","embeddable":true,"href":"https:\/\/mj-clothing.com\/de\/wp-json\/wp\/v2\/product_brand?post=2076"},{"taxonomy":"product_cat","embeddable":true,"href":"https:\/\/mj-clothing.com\/de\/wp-json\/wp\/v2\/product_cat?post=2076"},{"taxonomy":"product_tag","embeddable":true,"href":"https:\/\/mj-clothing.com\/de\/wp-json\/wp\/v2\/product_tag?post=2076"}],"curies":[{"name":"wp","href":"https:\/\/api.w.org\/{rel}","templated":true}]}}