{"id":1630,"date":"2024-12-12T01:46:18","date_gmt":"2024-12-12T01:46:18","guid":{"rendered":"https:\/\/mj-clothing.com\/?post_type=product&#038;p=1630"},"modified":"2024-12-17T07:22:20","modified_gmt":"2024-12-17T07:22:20","slug":"mens-long-sleeve-shirt","status":"publish","type":"product","link":"https:\/\/mj-clothing.com\/es\/manufacturer\/mens-long-sleeve-shirt\/","title":{"rendered":"Camisa de manga larga para hombre"},"content":{"rendered":"<p><span class=\"citation-0 recitation citation-end-0\">Una camisa de manga larga para hombre es una prenda vers\u00e1til que puede vestirse de forma elegante o informal, seg\u00fan la ocasi\u00f3n y el tejido.<\/span> Es un b\u00e1sico de armario que todo hombre deber\u00eda tener.<\/p>\n<h3 data-sourcepos=\"5:1-5:38\"><strong>Tipos de camisas de manga larga para hombre:<\/strong><\/h3>\n<ul data-sourcepos=\"7:1-15:0\">\n<li data-sourcepos=\"7:1-8:30\"><strong><span class=\"citation-1 recitation\">Franela:<\/span><\/strong><span class=\"citation-1 recitation citation-end-1\"> Las camisas de franela, una opci\u00f3n cl\u00e1sica para el oto\u00f1o y el invierno, est\u00e1n confeccionadas con un tejido suave y c\u00e1lido, perfecto para vestir a capas.<\/span>\n<div class=\"container\"><\/div>\n<p><span class=\"citation-2 recitation citation-end-2\">Est\u00e1n disponibles en una gran variedad de estampados, desde cuadros escoceses hasta colores lisos.<\/span><\/li>\n<li data-sourcepos=\"7:1-8:30\"><strong>Oxford:<\/strong> Camisa de vestir confeccionada con un tejido tupido de algod\u00f3n. <span class=\"citation-3 recitation citation-end-3\">Las camisas Oxford se suelen llevar en el mundo de los negocios, pero tambi\u00e9n se pueden llevar de forma informal.<\/span>\n<div class=\"container\"><\/div>\n<\/li>\n<li data-sourcepos=\"7:1-8:30\"><strong>Chambray:<\/strong> <span class=\"citation-4 recitation citation-end-4\">Una camisa ligera y desenfadada confeccionada con un tejido de algod\u00f3n similar a la tela vaquera.<\/span> Las camisas de chambray son perfectas para la primavera y el verano.<\/li>\n<li data-sourcepos=\"7:1-8:30\"><strong><span class=\"citation-5 recitation\">Camiseta:<\/span><\/strong><span class=\"citation-5 recitation citation-end-5\"> Una camisa b\u00e1sica y vers\u00e1til que puede llevarse sola o como capa bajo otras prendas.<\/span>\n<div class=\"container\"><span style=\"font-size: 14.4px;\">Las camisetas de manga larga son ideales para el tiempo m\u00e1s fresco.<\/span><\/div>\n<\/li>\n<li data-sourcepos=\"7:1-8:30\">\n<p data-sourcepos=\"16:1-16:43\"><strong>C\u00f3mo estilizar una camisa de manga larga para hombre:<\/strong><\/p>\n<ul data-sourcepos=\"18:1-21:0\">\n<li data-sourcepos=\"18:1-18:110\"><strong><span class=\"citation-6 recitation\">Disfr\u00e1zate:<\/span><\/strong><span class=\"citation-6 recitation citation-end-6\"> Combina una camisa oxford de manga larga con una corbata y unos pantalones de vestir para un look formal.<\/span><\/li>\n<li data-sourcepos=\"18:1-18:110\"><strong style=\"font-size: 14.4px;\"><span class=\"citation-7 recitation\">Disimula:<\/span><\/strong><span class=\"citation-7 recitation citation-end-7\" style=\"font-size: 14.4px;\"> Ponte una camisa de franela con vaqueros y botas para un look informal y rudo.<\/span><\/li>\n<li data-sourcepos=\"18:1-18:110\"><strong>Ponle capas:<\/strong> Ponte una camiseta de manga larga debajo de una camisa de franela o un jersey para abrigarte m\u00e1s.<\/li>\n<li data-sourcepos=\"18:1-18:110\">\n<p data-sourcepos=\"22:1-22:46\"><strong>Consejos para comprar una camisa de manga larga para hombre:<\/strong><\/p>\n<ul data-sourcepos=\"24:1-27:0\">\n<li data-sourcepos=\"24:1-24:95\"><strong>Ten en cuenta el tejido:<\/strong> Elige un tejido apropiado para la estaci\u00f3n y la ocasi\u00f3n.<\/li>\n<li data-sourcepos=\"25:1-25:126\"><strong>Presta atenci\u00f3n al ajuste:<\/strong> La camisa debe quedar bien ajustada en los hombros y el pecho, y debe ser lo bastante larga para poder meterla por dentro.<\/li>\n<li data-sourcepos=\"26:1-27:0\"><strong>Comprueba el collar\u00edn:<\/strong> El cuello debe quedar plano contra el cuello y no estar ni demasiado apretado ni demasiado suelto.<\/li>\n<\/ul>\n<\/li>\n<\/ul>\n<\/li>\n<\/ul>","protected":false},"excerpt":{"rendered":"<table style=\"height: 593px;\" width=\"513\">\n<tbody>\n<tr>\n<td width=\"146\"><strong><b>Producto<\/b><\/strong>\u00a0<strong><b>Nombre:<\/b><\/strong><\/td>\n<td width=\"601\"><strong>Camisa de manga larga para hombre<\/strong><\/td>\n<\/tr>\n<tr>\n<td width=\"146\"><strong><b>Materlal:<\/b><\/strong><\/td>\n<td width=\"601\">Poli\u00e9ster\/algod\u00f3n<\/td>\n<\/tr>\n<tr>\n<td width=\"146\"><strong><b>T\u00e9cnica:<\/b><\/strong><\/td>\n<td width=\"601\">Impresi\u00f3n y tinte<\/td>\n<\/tr>\n<tr>\n<td width=\"146\"><strong><b>Estilo:<\/b><\/strong><\/td>\n<td width=\"601\">Casual<\/td>\n<\/tr>\n<tr>\n<td width=\"146\"><strong><b>Color<\/b><\/strong><strong><b>:<\/b><\/strong><\/td>\n<td width=\"601\">\u00a0Colores personalizados<\/td>\n<\/tr>\n<tr>\n<td width=\"146\"><strong><b>Tama\u00f1o:<\/b><\/strong><\/td>\n<td width=\"601\">S \/M \/L \/XL \/2XL<\/td>\n<\/tr>\n<tr>\n<td width=\"146\"><strong><b>OEM\/ODM:<\/b><\/strong><\/td>\n<td width=\"601\">Aceptable<\/td>\n<\/tr>\n<tr>\n<td width=\"146\"><strong><b>Calidad:<\/b><\/strong><\/td>\n<td width=\"601\">100% Alta calidad<\/td>\n<\/tr>\n<tr>\n<td width=\"146\"><strong><b>M<\/b><\/strong><strong><b>OQ:<\/b><\/strong><\/td>\n<td width=\"601\">200 unidades<\/td>\n<\/tr>\n<\/tbody>\n<\/table>","protected":false},"featured_media":1746,"template":"","meta":[],"product_brand":[],"product_cat":[38],"product_tag":[],"class_list":{"0":"post-1630","1":"product","2":"type-product","3":"status-publish","4":"has-post-thumbnail","6":"product_cat-mens-clothing","8":"first","9":"instock","10":"shipping-taxable","11":"product-type-simple"},"_links":{"self":[{"href":"https:\/\/mj-clothing.com\/es\/wp-json\/wp\/v2\/product\/1630","targetHints":{"allow":["GET"]}}],"collection":[{"href":"https:\/\/mj-clothing.com\/es\/wp-json\/wp\/v2\/product"}],"about":[{"href":"https:\/\/mj-clothing.com\/es\/wp-json\/wp\/v2\/types\/product"}],"wp:featuredmedia":[{"embeddable":true,"href":"https:\/\/mj-clothing.com\/es\/wp-json\/wp\/v2\/media\/1746"}],"wp:attachment":[{"href":"https:\/\/mj-clothing.com\/es\/wp-json\/wp\/v2\/media?parent=1630"}],"wp:term":[{"taxonomy":"product_brand","embeddable":true,"href":"https:\/\/mj-clothing.com\/es\/wp-json\/wp\/v2\/product_brand?post=1630"},{"taxonomy":"product_cat","embeddable":true,"href":"https:\/\/mj-clothing.com\/es\/wp-json\/wp\/v2\/product_cat?post=1630"},{"taxonomy":"product_tag","embeddable":true,"href":"https:\/\/mj-clothing.com\/es\/wp-json\/wp\/v2\/product_tag?post=1630"}],"curies":[{"name":"wp","href":"https:\/\/api.w.org\/{rel}","templated":true}]}}