{"id":1662,"date":"2024-12-12T03:40:11","date_gmt":"2024-12-12T03:40:11","guid":{"rendered":"https:\/\/mj-clothing.com\/?post_type=product&#038;p=1662"},"modified":"2024-12-17T07:20:07","modified_gmt":"2024-12-17T07:20:07","slug":"mens-lounge-shirts","status":"publish","type":"product","link":"https:\/\/mj-clothing.com\/es\/manufacturer\/mens-lounge-shirts\/","title":{"rendered":"Camisas para hombre"},"content":{"rendered":"<div class=\"user-query-container ng-star-inserted\">\n<div id=\"user-query-content-5\" class=\"query-content\">\n<div class=\"query-text ng-star-inserted\" dir=\"ltr\" role=\"heading\" aria-level=\"2\">\n<h2 class=\"query-text-line ng-star-inserted\">Camisas para hombre<\/h2>\n<\/div>\n<\/div>\n<div class=\"button-gutter\"><span class=\"citation-0 recitation citation-end-0\" style=\"font-size: 14.4px; color: #555555;\">Las camisas de sal\u00f3n para hombre son prendas c\u00f3modas y elegantes dise\u00f1adas para la relajaci\u00f3n y el ocio.<\/span><span style=\"font-size: 14.4px; color: #555555;\"> Es perfecta para estar por casa, hacer recados o simplemente disfrutar de un d\u00eda informal.<\/span><\/div>\n<div>\n<p data-sourcepos=\"3:1-3:61\">He aqu\u00ed algunas caracter\u00edsticas y estilos clave de las camisas de sal\u00f3n para hombre:<\/p>\n<p data-sourcepos=\"5:1-5:17\"><strong>Caracter\u00edsticas principales:<\/strong><\/p>\n<ul data-sourcepos=\"7:1-10:0\">\n<li data-sourcepos=\"7:1-7:123\"><strong><span class=\"citation-1 recitation\">Comodidad:<\/span><\/strong><span class=\"citation-1 recitation citation-end-1\"> Las camisas de estar por casa suelen estar confeccionadas con tejidos suaves y transpirables, como el algod\u00f3n, la franela o el jersey.<\/span><\/li>\n<li data-sourcepos=\"7:1-7:123\"><strong>Corte relajado:<\/strong> Suelen tener un corte relajado o sobredimensionado para ofrecer la m\u00e1xima comodidad.<\/li>\n<li data-sourcepos=\"7:1-7:123\"><strong>Estilo informal:<\/strong> Las camisas de sal\u00f3n est\u00e1n disponibles en una gran variedad de estilos informales, como colores lisos, rayas y estampados.\n<p data-sourcepos=\"11:1-11:19\"><strong>Estilos populares:<\/strong><\/p>\n<\/li>\n<li data-sourcepos=\"7:1-7:123\">\n<p data-sourcepos=\"11:1-11:19\"><strong style=\"color: #333333; font-size: 14.4px;\">Camisa de franela:<\/strong><span style=\"color: #333333; font-size: 14.4px;\"> Las camisas de franela, un cl\u00e1sico para el fr\u00edo, son perfectas para acurrucarse en el sof\u00e1.<\/span><\/p>\n<\/li>\n<li data-sourcepos=\"7:1-7:123\"><strong><span class=\"citation-2 recitation\">Camisa Oxford:<\/span><\/strong><span class=\"citation-2 recitation citation-end-2\"> Una opci\u00f3n m\u00e1s elegante, las camisas oxford pueden vestirse de forma elegante o informal.<\/span><\/li>\n<li data-sourcepos=\"7:1-7:123\"><strong><span class=\"citation-3 recitation\">Jersey Shirt:<\/span><\/strong><span class=\"citation-3 recitation citation-end-3\"> Suaves y el\u00e1sticas, las camisetas de punto son ideales para estar por casa.<sup class=\"superscript visible\" data-turn-source-index=\"4\">\u00a0<\/sup><\/span><\/li>\n<li data-sourcepos=\"7:1-7:123\"><strong><span class=\"citation-4 recitation\">Camisa Henley:<\/span><\/strong><span class=\"citation-4 recitation citation-end-4\"> Una opci\u00f3n informal y c\u00f3moda, las camisas Henley son perfectas para un look relajado.<\/span>\n<div class=\"container\">\n<p data-sourcepos=\"22:1-22:38\"><strong>C\u00f3mo estilizar una camisa de sal\u00f3n para hombre:<\/strong><\/p>\n<ul data-sourcepos=\"24:1-27:0\">\n<li data-sourcepos=\"24:1-24:88\"><strong>Look informal:<\/strong> Combina una camisa de franela o jersey con vaqueros o pantalones de ch\u00e1ndal y zapatillas deportivas.<\/li>\n<li data-sourcepos=\"25:1-25:85\"><strong>Look elevado:<\/strong> Combina una camisa oxford con chinos o pantalones de vestir y mocasines.<\/li>\n<li data-sourcepos=\"26:1-27:0\"><strong>Look en capas:<\/strong> Combina una camisa de franela con una camiseta para conseguir un look acogedor y elegante.<\/li>\n<\/ul>\n<\/div>\n<\/li>\n<\/ul>\n<\/div>\n<\/div>","protected":false},"excerpt":{"rendered":"<table style=\"height: 527px;\" width=\"492\">\n<tbody>\n<tr>\n<td width=\"146\"><strong><b>Producto<\/b><\/strong>\u00a0<strong><b>Nombre:<\/b><\/strong><\/td>\n<td width=\"601\"><strong>Camisas para hombre<\/strong><\/td>\n<\/tr>\n<tr>\n<td width=\"146\"><strong><b>Materlal:<\/b><\/strong><\/td>\n<td width=\"601\">Poli\u00e9ster\/algod\u00f3n<\/td>\n<\/tr>\n<tr>\n<td width=\"146\"><strong><b>T\u00e9cnica:<\/b><\/strong><\/td>\n<td width=\"601\">Impresi\u00f3n y tinte<\/td>\n<\/tr>\n<tr>\n<td width=\"146\"><strong><b>Estilo:<\/b><\/strong><\/td>\n<td width=\"601\">Casual<\/td>\n<\/tr>\n<tr>\n<td width=\"146\"><strong><b>Color<\/b><\/strong><strong><b>:<\/b><\/strong><\/td>\n<td width=\"601\">\u00a0Colores personalizados<\/td>\n<\/tr>\n<tr>\n<td width=\"146\"><strong><b>Tama\u00f1o:<\/b><\/strong><\/td>\n<td width=\"601\">S \/M \/L \/XL \/2XL<\/td>\n<\/tr>\n<tr>\n<td width=\"146\"><strong><b>OEM\/ODM:<\/b><\/strong><\/td>\n<td width=\"601\">Aceptable<\/td>\n<\/tr>\n<tr>\n<td width=\"146\"><strong><b>Calidad:<\/b><\/strong><\/td>\n<td width=\"601\">100% Alta calidad<\/td>\n<\/tr>\n<tr>\n<td width=\"146\"><strong><b>M<\/b><\/strong><strong><b>OQ:<\/b><\/strong><\/td>\n<td width=\"601\">200 unidades<\/td>\n<\/tr>\n<\/tbody>\n<\/table>","protected":false},"featured_media":1747,"template":"","meta":[],"product_brand":[],"product_cat":[38],"product_tag":[],"class_list":{"0":"post-1662","1":"product","2":"type-product","3":"status-publish","4":"has-post-thumbnail","6":"product_cat-mens-clothing","8":"first","9":"instock","10":"shipping-taxable","11":"product-type-simple"},"_links":{"self":[{"href":"https:\/\/mj-clothing.com\/es\/wp-json\/wp\/v2\/product\/1662","targetHints":{"allow":["GET"]}}],"collection":[{"href":"https:\/\/mj-clothing.com\/es\/wp-json\/wp\/v2\/product"}],"about":[{"href":"https:\/\/mj-clothing.com\/es\/wp-json\/wp\/v2\/types\/product"}],"wp:featuredmedia":[{"embeddable":true,"href":"https:\/\/mj-clothing.com\/es\/wp-json\/wp\/v2\/media\/1747"}],"wp:attachment":[{"href":"https:\/\/mj-clothing.com\/es\/wp-json\/wp\/v2\/media?parent=1662"}],"wp:term":[{"taxonomy":"product_brand","embeddable":true,"href":"https:\/\/mj-clothing.com\/es\/wp-json\/wp\/v2\/product_brand?post=1662"},{"taxonomy":"product_cat","embeddable":true,"href":"https:\/\/mj-clothing.com\/es\/wp-json\/wp\/v2\/product_cat?post=1662"},{"taxonomy":"product_tag","embeddable":true,"href":"https:\/\/mj-clothing.com\/es\/wp-json\/wp\/v2\/product_tag?post=1662"}],"curies":[{"name":"wp","href":"https:\/\/api.w.org\/{rel}","templated":true}]}}