{"id":1687,"date":"2024-12-12T06:29:02","date_gmt":"2024-12-12T06:29:02","guid":{"rendered":"https:\/\/mj-clothing.com\/?post_type=product&#038;p=1687"},"modified":"2024-12-13T03:09:53","modified_gmt":"2024-12-13T03:09:53","slug":"mens-linnen-ecru-shirt","status":"publish","type":"product","link":"https:\/\/mj-clothing.com\/es\/manufacturer\/mens-linnen-ecru-shirt\/","title":{"rendered":"Mens Linnen Ecru Shirt"},"content":{"rendered":"<h2><strong>Mens Linnen Ecru Shirt<\/strong><\/h2>\n<p><span class=\"citation-0 recitation citation-end-0\">La camisa para hombre Linnen Ecru es una prenda elegante y vers\u00e1til, perfecta para el tiempo c\u00e1lido.<\/span> He aqu\u00ed por qu\u00e9:<\/p>\n<h3 data-sourcepos=\"3:1-3:14\"><strong>\u00a0 \u00a0 \u00a0 \u00bfPor qu\u00e9 lino?<\/strong><\/h3>\n<ul data-sourcepos=\"5:1-9:0\">\n<li data-sourcepos=\"5:1-5:157\"><strong>Transpirabilidad:<\/strong> <span class=\"citation-1 recitation citation-end-1\">El lino es una fibra natural que absorbe muy bien la humedad y permite que el aire circule, manteni\u00e9ndole fresco y c\u00f3modo.<\/span><\/li>\n<li data-sourcepos=\"5:1-5:157\"><strong style=\"font-size: 14.4px;\"><span class=\"citation-2 recitation\">Durabilidad:<\/span><\/strong><span class=\"citation-2 recitation citation-end-2\" style=\"font-size: 14.4px;\"> A pesar de su aspecto delicado, el lino es sorprendentemente resistente y duradero.<\/span><\/li>\n<li data-sourcepos=\"5:1-5:157\"><strong><span class=\"citation-3 recitation\">Suavidad:<\/span><\/strong><span class=\"citation-3 recitation citation-end-3\"> El lino se vuelve m\u00e1s suave con cada lavado, por lo que resulta cada vez m\u00e1s c\u00f3modo con el paso del tiempo.<\/span><\/li>\n<li data-sourcepos=\"5:1-5:157\"><strong style=\"font-size: 14.4px;\">Resistente a las arrugas:<\/strong><span style=\"font-size: 14.4px;\"> Aunque el lino es conocido por sus arrugas naturales, \u00e9stas contribuyen a su encanto informal y relajado.<\/span><br \/>\n<h3 data-sourcepos=\"10:1-10:13\"><strong>\u00bfPor qu\u00e9 crudo?<\/strong><\/h3>\n<\/li>\n<li data-sourcepos=\"5:1-5:157\"><strong>Versatilidad:<\/strong> <span class=\"citation-4 recitation citation-end-4\">El crudo, un color beige claro o blanco roto, es incre\u00edblemente vers\u00e1til.<\/span>Combina bien con una gran variedad de colores, desde vaqueros oscuros a chinos claros.<\/li>\n<li data-sourcepos=\"13:1-13:96\"><strong>Intemporal:<\/strong> El tono neutro del crudo lo convierte en una pieza atemporal que nunca pasa de moda.<\/li>\n<li data-sourcepos=\"14:1-15:0\"><strong>F\u00e1cil de peinar:<\/strong> <span class=\"citation-5 recitation citation-end-5\"><span class=\"citation-5 recitation citation-end-5\"><span class=\"citation-5 recitation citation-end-5\">Puede vestirse de forma elegante o informal, por lo que es perfecto para diversas ocasiones.<\/span><\/span><\/span><br \/>\n<h3 data-sourcepos=\"16:1-16:36\"><strong>\u00bfC\u00f3mo llevar una camisa para hombre en color crudo de Linnen?<\/strong><\/h3>\n<\/li>\n<li data-sourcepos=\"14:1-15:0\"><strong>Casual:<\/strong> Comb\u00ednalo con vaqueros, chinos o pantalones cortos y zapatillas para un look relajado y cotidiano.<\/li>\n<li data-sourcepos=\"14:1-15:0\"><strong>Smart Casual:<\/strong> Comb\u00ednalo con unos pantalones de sastrer\u00eda y unos mocasines para conseguir un conjunto sofisticado y desenfadado a la vez.<\/li>\n<li data-sourcepos=\"14:1-15:0\"><strong>Tropical:<\/strong> P\u00f3ntelo con pantalones o shorts de lino en un color que contraste para conseguir un conjunto veraniego y desenfadado.<\/li>\n<\/ul>","protected":false},"excerpt":{"rendered":"<p>Material: poli\u00e9ster\/algod\u00f3n\/lino<\/p>\n<p>T\u00e9cnicas: Bordado<\/p>\n<p>Estilo: Casual<\/p>\n<p>Color\uff1aNegro y colores personalizados<\/p>\n<p>Talla: S \/M \/L \/XL \/2XL<\/p>","protected":false},"featured_media":1750,"template":"","meta":[],"product_brand":[],"product_cat":[38],"product_tag":[],"class_list":{"0":"post-1687","1":"product","2":"type-product","3":"status-publish","4":"has-post-thumbnail","6":"product_cat-mens-clothing","8":"first","9":"instock","10":"shipping-taxable","11":"product-type-simple"},"_links":{"self":[{"href":"https:\/\/mj-clothing.com\/es\/wp-json\/wp\/v2\/product\/1687","targetHints":{"allow":["GET"]}}],"collection":[{"href":"https:\/\/mj-clothing.com\/es\/wp-json\/wp\/v2\/product"}],"about":[{"href":"https:\/\/mj-clothing.com\/es\/wp-json\/wp\/v2\/types\/product"}],"wp:featuredmedia":[{"embeddable":true,"href":"https:\/\/mj-clothing.com\/es\/wp-json\/wp\/v2\/media\/1750"}],"wp:attachment":[{"href":"https:\/\/mj-clothing.com\/es\/wp-json\/wp\/v2\/media?parent=1687"}],"wp:term":[{"taxonomy":"product_brand","embeddable":true,"href":"https:\/\/mj-clothing.com\/es\/wp-json\/wp\/v2\/product_brand?post=1687"},{"taxonomy":"product_cat","embeddable":true,"href":"https:\/\/mj-clothing.com\/es\/wp-json\/wp\/v2\/product_cat?post=1687"},{"taxonomy":"product_tag","embeddable":true,"href":"https:\/\/mj-clothing.com\/es\/wp-json\/wp\/v2\/product_tag?post=1687"}],"curies":[{"name":"wp","href":"https:\/\/api.w.org\/{rel}","templated":true}]}}