{"id":1759,"date":"2024-12-14T02:59:47","date_gmt":"2024-12-14T02:59:47","guid":{"rendered":"https:\/\/mj-clothing.com\/?post_type=product&#038;p=1759"},"modified":"2024-12-17T07:16:49","modified_gmt":"2024-12-17T07:16:49","slug":"black-denim-jacket","status":"publish","type":"product","link":"https:\/\/mj-clothing.com\/es\/manufacturer\/black-denim-jacket\/","title":{"rendered":"Chaqueta vaquera negra"},"content":{"rendered":"<h2 data-sourcepos=\"1:1-1:173\">Chaqueta vaquera negra<\/h2>\n<p data-sourcepos=\"1:1-1:173\">Una cazadora vaquera negra es una prenda vers\u00e1til que puede realzar cualquier conjunto. Es una prenda cl\u00e1sica y atemporal que puede combinarse con cualquier estilo, por lo que es imprescindible en cualquier armario.<\/p>\n<p data-sourcepos=\"3:1-3:54\"><strong>A continuaci\u00f3n te explicamos por qu\u00e9 una cazadora vaquera negra es una gran elecci\u00f3n:<\/strong><\/p>\n<ul data-sourcepos=\"5:1-9:0\">\n<li data-sourcepos=\"5:1-5:94\"><strong>Versatilidad:<\/strong> Puede combinarse con vaqueros, chinos o incluso con un traje para un look m\u00e1s formal.<\/li>\n<li data-sourcepos=\"6:1-6:70\"><strong>Intemporal:<\/strong> El denim negro es un cl\u00e1sico que nunca pasa de moda.<\/li>\n<li data-sourcepos=\"7:1-7:76\"><strong>Durabilidad:<\/strong> El vaquero es un tejido resistente al desgaste.<\/li>\n<li data-sourcepos=\"8:1-9:0\"><strong>Edgy:<\/strong> El denim negro a\u00f1ade un toque de vanguardia a cualquier atuendo.<\/li>\n<\/ul>\n<p data-sourcepos=\"10:1-10:38\"><strong>C\u00f3mo llevar una cazadora vaquera negra:<\/strong><\/p>\n<ul data-sourcepos=\"12:1-16:0\">\n<li data-sourcepos=\"12:1-12:84\"><strong>Look informal:<\/strong> Comb\u00ednalo con unos vaqueros, una camiseta y unas zapatillas para un look desenfadado.<\/li>\n<li data-sourcepos=\"13:1-13:99\"><strong>Smart Casual:<\/strong> P\u00f3ntelo con chinos, una camisa abotonada y mocasines para un look m\u00e1s elegante.<\/li>\n<li data-sourcepos=\"14:1-14:95\"><strong>Look atrevido:<\/strong> Comb\u00ednalo con unos pantalones de cuero, una camiseta gr\u00e1fica y unas botas para darle un toque rockero.<\/li>\n<li data-sourcepos=\"15:1-16:0\"><strong>Look formal:<\/strong> P\u00f3ntelo sobre una chaqueta de traje para darle un toque \u00fanico a tu vestimenta formal.<\/li>\n<\/ul>\n<p data-sourcepos=\"17:1-17:43\"><strong>Consejos para elegir una cazadora vaquera negra:<\/strong><\/p>\n<ul data-sourcepos=\"19:1-22:0\">\n<li data-sourcepos=\"19:1-19:71\"><strong>En forma:<\/strong> Elige una chaqueta que te quede bien y favorezca la forma de tu cuerpo.<\/li>\n<li data-sourcepos=\"20:1-20:78\"><strong>Material:<\/strong> Busca un vaquero de alta calidad que sea duradero y c\u00f3modo.<\/li>\n<li data-sourcepos=\"21:1-22:0\"><strong>Estilo:<\/strong> Ten en cuenta tu estilo personal y elige una chaqueta que refleje tus gustos.<\/li>\n<\/ul>","protected":false},"excerpt":{"rendered":"<table style=\"height: 491px;\" width=\"498\">\n<tbody>\n<tr>\n<td width=\"146\"><strong><b>Producto<\/b><\/strong>\u00a0<strong><b>Nombre:<\/b><\/strong><\/td>\n<td width=\"601\"><strong>Chaqueta vaquera negra<\/strong><\/td>\n<\/tr>\n<tr>\n<td width=\"146\"><strong><b>Materlal:<\/b><\/strong><\/td>\n<td width=\"601\">Poli\u00e9ster\/algod\u00f3n<\/td>\n<\/tr>\n<tr>\n<td width=\"146\"><strong><b>T\u00e9cnica:<\/b><\/strong><\/td>\n<td width=\"601\">Impresi\u00f3n y tinte<\/td>\n<\/tr>\n<tr>\n<td width=\"146\"><strong><b>Estilo:<\/b><\/strong><\/td>\n<td width=\"601\">Casual<\/td>\n<\/tr>\n<tr>\n<td width=\"146\"><strong><b>Color<\/b><\/strong><strong><b>:<\/b><\/strong><\/td>\n<td width=\"601\">\u00a0Colores personalizados<\/td>\n<\/tr>\n<tr>\n<td width=\"146\"><strong><b>Tama\u00f1o:<\/b><\/strong><\/td>\n<td width=\"601\">S \/M \/L \/XL \/2XL<\/td>\n<\/tr>\n<tr>\n<td width=\"146\"><strong><b>OEM\/ODM:<\/b><\/strong><\/td>\n<td width=\"601\">Aceptable<\/td>\n<\/tr>\n<tr>\n<td width=\"146\"><strong><b>Calidad:<\/b><\/strong><\/td>\n<td width=\"601\">100% Alta calidad<\/td>\n<\/tr>\n<tr>\n<td width=\"146\"><strong><b>M<\/b><\/strong><strong><b>OQ:<\/b><\/strong><\/td>\n<td width=\"601\">200 unidades<\/td>\n<\/tr>\n<\/tbody>\n<\/table>","protected":false},"featured_media":1760,"template":"","meta":[],"product_brand":[],"product_cat":[38],"product_tag":[],"class_list":{"0":"post-1759","1":"product","2":"type-product","3":"status-publish","4":"has-post-thumbnail","6":"product_cat-mens-clothing","8":"first","9":"instock","10":"shipping-taxable","11":"product-type-simple"},"_links":{"self":[{"href":"https:\/\/mj-clothing.com\/es\/wp-json\/wp\/v2\/product\/1759","targetHints":{"allow":["GET"]}}],"collection":[{"href":"https:\/\/mj-clothing.com\/es\/wp-json\/wp\/v2\/product"}],"about":[{"href":"https:\/\/mj-clothing.com\/es\/wp-json\/wp\/v2\/types\/product"}],"wp:featuredmedia":[{"embeddable":true,"href":"https:\/\/mj-clothing.com\/es\/wp-json\/wp\/v2\/media\/1760"}],"wp:attachment":[{"href":"https:\/\/mj-clothing.com\/es\/wp-json\/wp\/v2\/media?parent=1759"}],"wp:term":[{"taxonomy":"product_brand","embeddable":true,"href":"https:\/\/mj-clothing.com\/es\/wp-json\/wp\/v2\/product_brand?post=1759"},{"taxonomy":"product_cat","embeddable":true,"href":"https:\/\/mj-clothing.com\/es\/wp-json\/wp\/v2\/product_cat?post=1759"},{"taxonomy":"product_tag","embeddable":true,"href":"https:\/\/mj-clothing.com\/es\/wp-json\/wp\/v2\/product_tag?post=1759"}],"curies":[{"name":"wp","href":"https:\/\/api.w.org\/{rel}","templated":true}]}}