{"id":1761,"date":"2024-12-14T03:02:38","date_gmt":"2024-12-14T03:02:38","guid":{"rendered":"https:\/\/mj-clothing.com\/?post_type=product&#038;p=1761"},"modified":"2024-12-17T07:15:13","modified_gmt":"2024-12-17T07:15:13","slug":"floral-quilted-jacket","status":"publish","type":"product","link":"https:\/\/mj-clothing.com\/es\/manufacturer\/floral-quilted-jacket\/","title":{"rendered":"Chaqueta acolchada floral"},"content":{"rendered":"<h2 data-sourcepos=\"1:1-1:143\">Chaqueta acolchada floral<\/h2>\n<p data-sourcepos=\"1:1-1:143\">Una chaqueta acolchada de flores es una prenda elegante y acogedora que puede a\u00f1adir un toque de feminidad y calidez a cualquier conjunto. He aqu\u00ed por qu\u00e9 te puede encantar una:<\/p>\n<p data-sourcepos=\"3:1-3:39\"><strong>\u00bfPor qu\u00e9 elegir una chaqueta acolchada de flores?<\/strong><\/p>\n<ul data-sourcepos=\"5:1-9:0\">\n<li data-sourcepos=\"5:1-5:159\"><strong>Elegante y vers\u00e1til:<\/strong> Es una mezcla perfecta de comodidad y moda. Puedes combinarlo con una falda y botas o con unos vaqueros y zapatillas.<\/li>\n<li data-sourcepos=\"6:1-6:100\"><strong>C\u00e1lido y acogedor:<\/strong> Su dise\u00f1o acolchado y su forro, a menudo aislante, lo hacen ideal para el tiempo m\u00e1s fresco.<\/li>\n<li data-sourcepos=\"7:1-7:86\"><strong>Femenino y rom\u00e1ntico:<\/strong> El estampado floral a\u00f1ade un toque de suavidad y elegancia.<\/li>\n<li data-sourcepos=\"8:1-9:0\"><strong>De moda:<\/strong> Los estampados florales siempre est\u00e1n de moda, sobre todo en primavera y oto\u00f1o.<\/li>\n<\/ul>\n<p data-sourcepos=\"10:1-10:41\"><strong>C\u00f3mo llevar una chaqueta acolchada de flores:<\/strong><\/p>\n<ul data-sourcepos=\"12:1-15:0\">\n<li data-sourcepos=\"12:1-12:82\"><strong>Casual Chic:<\/strong> Comb\u00ednalo con unos vaqueros, una camiseta y unas zapatillas para un look relajado.<\/li>\n<li data-sourcepos=\"13:1-13:85\"><strong>Boho Chic:<\/strong> P\u00f3ntelo sobre un vestido vaporoso y a\u00f1ade unos botines para darle un aire bohemio.<\/li>\n<li data-sourcepos=\"14:1-15:0\"><strong>Smart Casual:<\/strong> P\u00f3ntelo con un jersey, pantalones y mocasines para un look elegante.<\/li>\n<\/ul>\n<p data-sourcepos=\"16:1-16:46\"><strong>Consejos para elegir una chaqueta acolchada de flores:<\/strong><\/p>\n<ul data-sourcepos=\"18:1-22:0\">\n<li data-sourcepos=\"18:1-18:93\"><strong>Elige el ajuste adecuado:<\/strong> Aseg\u00farate de que la chaqueta te queda bien y no sobrecarga tu figura.<\/li>\n<li data-sourcepos=\"19:1-19:80\"><strong>Considera la ocasi\u00f3n:<\/strong> Elige un estampado y un color que se adapten a la ocasi\u00f3n.<\/li>\n<li data-sourcepos=\"20:1-20:105\"><strong>Presta atenci\u00f3n al tejido:<\/strong> Opta por un tejido duradero y c\u00f3modo, como el algod\u00f3n o el poli\u00e9ster.<\/li>\n<li data-sourcepos=\"21:1-22:0\"><strong>Accesorios:<\/strong> A\u00f1ade un pa\u00f1uelo, un sombrero o un bolso para completar tu look.<\/li>\n<\/ul>","protected":false},"excerpt":{"rendered":"<table style=\"height: 542px;\" width=\"483\">\n<tbody>\n<tr>\n<td width=\"146\"><strong><b>Producto<\/b><\/strong>\u00a0<strong><b>Nombre:<\/b><\/strong><\/td>\n<td width=\"601\"><strong>Chaqueta acolchada floral<\/strong><\/td>\n<\/tr>\n<tr>\n<td width=\"146\"><strong><b>Materlal:<\/b><\/strong><\/td>\n<td width=\"601\">Poli\u00e9ster\/algod\u00f3n<\/td>\n<\/tr>\n<tr>\n<td width=\"146\"><strong><b>T\u00e9cnica:<\/b><\/strong><\/td>\n<td width=\"601\">Impresi\u00f3n y tinte<\/td>\n<\/tr>\n<tr>\n<td width=\"146\"><strong><b>Estilo:<\/b><\/strong><\/td>\n<td width=\"601\">Casual<\/td>\n<\/tr>\n<tr>\n<td width=\"146\"><strong><b>Color<\/b><\/strong><strong><b>:<\/b><\/strong><\/td>\n<td width=\"601\">\u00a0Colores personalizados<\/td>\n<\/tr>\n<tr>\n<td width=\"146\"><strong><b>Tama\u00f1o:<\/b><\/strong><\/td>\n<td width=\"601\">S \/M \/L \/XL \/2XL<\/td>\n<\/tr>\n<tr>\n<td width=\"146\"><strong><b>OEM\/ODM:<\/b><\/strong><\/td>\n<td width=\"601\">Aceptable<\/td>\n<\/tr>\n<tr>\n<td width=\"146\"><strong><b>Calidad:<\/b><\/strong><\/td>\n<td width=\"601\">100% Alta calidad<\/td>\n<\/tr>\n<tr>\n<td width=\"146\"><strong><b>M<\/b><\/strong><strong><b>OQ:<\/b><\/strong><\/td>\n<td width=\"601\">200 unidades<\/td>\n<\/tr>\n<\/tbody>\n<\/table>","protected":false},"featured_media":1762,"template":"","meta":[],"product_brand":[],"product_cat":[38],"product_tag":[],"class_list":{"0":"post-1761","1":"product","2":"type-product","3":"status-publish","4":"has-post-thumbnail","6":"product_cat-mens-clothing","8":"first","9":"instock","10":"shipping-taxable","11":"product-type-simple"},"_links":{"self":[{"href":"https:\/\/mj-clothing.com\/es\/wp-json\/wp\/v2\/product\/1761","targetHints":{"allow":["GET"]}}],"collection":[{"href":"https:\/\/mj-clothing.com\/es\/wp-json\/wp\/v2\/product"}],"about":[{"href":"https:\/\/mj-clothing.com\/es\/wp-json\/wp\/v2\/types\/product"}],"wp:featuredmedia":[{"embeddable":true,"href":"https:\/\/mj-clothing.com\/es\/wp-json\/wp\/v2\/media\/1762"}],"wp:attachment":[{"href":"https:\/\/mj-clothing.com\/es\/wp-json\/wp\/v2\/media?parent=1761"}],"wp:term":[{"taxonomy":"product_brand","embeddable":true,"href":"https:\/\/mj-clothing.com\/es\/wp-json\/wp\/v2\/product_brand?post=1761"},{"taxonomy":"product_cat","embeddable":true,"href":"https:\/\/mj-clothing.com\/es\/wp-json\/wp\/v2\/product_cat?post=1761"},{"taxonomy":"product_tag","embeddable":true,"href":"https:\/\/mj-clothing.com\/es\/wp-json\/wp\/v2\/product_tag?post=1761"}],"curies":[{"name":"wp","href":"https:\/\/api.w.org\/{rel}","templated":true}]}}