{"id":1763,"date":"2024-12-14T03:06:05","date_gmt":"2024-12-14T03:06:05","guid":{"rendered":"https:\/\/mj-clothing.com\/?post_type=product&#038;p=1763"},"modified":"2024-12-17T07:11:45","modified_gmt":"2024-12-17T07:11:45","slug":"black-tweed-jacket","status":"publish","type":"product","link":"https:\/\/mj-clothing.com\/es\/manufacturer\/black-tweed-jacket\/","title":{"rendered":"Chaqueta de tweed negra"},"content":{"rendered":"<h2 data-sourcepos=\"1:1-1:113\">Chaqueta de tweed negra<\/h2>\n<p data-sourcepos=\"1:1-1:113\">Una chaqueta negra de tweed es una prenda vers\u00e1til y elegante que puede realzar cualquier conjunto. He aqu\u00ed por qu\u00e9 te puede encantar una:<\/p>\n<p data-sourcepos=\"3:1-3:36\"><strong>\u00bfPor qu\u00e9 elegir una chaqueta de tweed negro?<\/strong><\/p>\n<ul data-sourcepos=\"5:1-9:0\">\n<li data-sourcepos=\"5:1-5:101\"><strong>Elegancia atemporal:<\/strong> El tweed negro es un tejido cl\u00e1sico y sofisticado que nunca pasa de moda.<\/li>\n<li data-sourcepos=\"6:1-6:95\"><strong>Estilo vers\u00e1til:<\/strong> Puede vestirse de forma elegante o informal, por lo que es perfecto para diversas ocasiones.<\/li>\n<li data-sourcepos=\"7:1-7:103\"><strong>Calidez y confort:<\/strong> El tweed es un tejido duradero y aislante, por lo que resulta ideal para los climas m\u00e1s fr\u00edos.<\/li>\n<li data-sourcepos=\"8:1-9:0\"><strong>Look texturizado:<\/strong> El tejido \u00fanico del tweed a\u00f1ade inter\u00e9s visual a tu atuendo.<\/li>\n<\/ul>\n<p data-sourcepos=\"10:1-10:38\"><strong>C\u00f3mo llevar una chaqueta negra de tweed:<\/strong><\/p>\n<ul data-sourcepos=\"12:1-15:0\">\n<li data-sourcepos=\"12:1-12:93\"><strong>Smart Casual:<\/strong> Comb\u00ednalo con chinos, una camisa abotonada y mocasines para un look refinado.<\/li>\n<li data-sourcepos=\"13:1-13:102\"><strong>Business Casual:<\/strong> P\u00f3ntelo con pantalones de vestir, una camisa de vestir y una corbata para un conjunto profesional.<\/li>\n<li data-sourcepos=\"14:1-15:0\"><strong>Casual Chic:<\/strong> Comb\u00ednalo con vaqueros, una camiseta y zapatillas para un estilo desenfadado.<\/li>\n<\/ul>\n<p data-sourcepos=\"16:1-16:43\"><strong>Consejos para elegir una chaqueta de tweed negro:<\/strong><\/p>\n<ul data-sourcepos=\"18:1-22:0\">\n<li data-sourcepos=\"18:1-18:71\"><strong>En forma:<\/strong> Elige una chaqueta que te quede bien y favorezca la forma de tu cuerpo.<\/li>\n<li data-sourcepos=\"19:1-19:109\"><strong>Patr\u00f3n:<\/strong> Ten en cuenta el estampado del tweed, ya sea el cl\u00e1sico de espiga o un dise\u00f1o m\u00e1s moderno.<\/li>\n<li data-sourcepos=\"20:1-20:76\"><strong>Peso:<\/strong> El peso del tweed determinar\u00e1 el grado de abrigo de la chaqueta.<\/li>\n<li data-sourcepos=\"21:1-22:0\"><strong>Accesorios:<\/strong> Complem\u00e9ntalo con un pa\u00f1uelo de bolsillo, una corbata o un pa\u00f1uelo para darle un toque personal.<\/li>\n<\/ul>","protected":false},"excerpt":{"rendered":"<table style=\"height: 587px;\" width=\"485\">\n<tbody>\n<tr>\n<td width=\"146\"><strong><b>Producto<\/b><\/strong>\u00a0<strong><b>Nombre:<\/b><\/strong><\/td>\n<td width=\"601\"><strong>Chaqueta de tweed negra<\/strong><\/td>\n<\/tr>\n<tr>\n<td width=\"146\"><strong><b>Materlal:<\/b><\/strong><\/td>\n<td width=\"601\">Poli\u00e9ster\/algod\u00f3n<\/td>\n<\/tr>\n<tr>\n<td width=\"146\"><strong><b>T\u00e9cnica:<\/b><\/strong><\/td>\n<td width=\"601\">Impresi\u00f3n y tinte<\/td>\n<\/tr>\n<tr>\n<td width=\"146\"><strong><b>Estilo:<\/b><\/strong><\/td>\n<td width=\"601\">Casual<\/td>\n<\/tr>\n<tr>\n<td width=\"146\"><strong><b>Color<\/b><\/strong><strong><b>:<\/b><\/strong><\/td>\n<td width=\"601\">\u00a0Colores personalizados<\/td>\n<\/tr>\n<tr>\n<td width=\"146\"><strong><b>Tama\u00f1o:<\/b><\/strong><\/td>\n<td width=\"601\">S \/M \/L \/XL \/2XL<\/td>\n<\/tr>\n<tr>\n<td width=\"146\"><strong><b>OEM\/ODM:<\/b><\/strong><\/td>\n<td width=\"601\">Aceptable<\/td>\n<\/tr>\n<tr>\n<td width=\"146\"><strong><b>Calidad:<\/b><\/strong><\/td>\n<td width=\"601\">100% Alta calidad<\/td>\n<\/tr>\n<tr>\n<td width=\"146\"><strong><b>M<\/b><\/strong><strong><b>OQ:<\/b><\/strong><\/td>\n<td width=\"601\">200 unidades<\/td>\n<\/tr>\n<\/tbody>\n<\/table>","protected":false},"featured_media":1764,"template":"","meta":[],"product_brand":[],"product_cat":[38],"product_tag":[],"class_list":{"0":"post-1763","1":"product","2":"type-product","3":"status-publish","4":"has-post-thumbnail","6":"product_cat-mens-clothing","8":"first","9":"instock","10":"shipping-taxable","11":"product-type-simple"},"_links":{"self":[{"href":"https:\/\/mj-clothing.com\/es\/wp-json\/wp\/v2\/product\/1763","targetHints":{"allow":["GET"]}}],"collection":[{"href":"https:\/\/mj-clothing.com\/es\/wp-json\/wp\/v2\/product"}],"about":[{"href":"https:\/\/mj-clothing.com\/es\/wp-json\/wp\/v2\/types\/product"}],"wp:featuredmedia":[{"embeddable":true,"href":"https:\/\/mj-clothing.com\/es\/wp-json\/wp\/v2\/media\/1764"}],"wp:attachment":[{"href":"https:\/\/mj-clothing.com\/es\/wp-json\/wp\/v2\/media?parent=1763"}],"wp:term":[{"taxonomy":"product_brand","embeddable":true,"href":"https:\/\/mj-clothing.com\/es\/wp-json\/wp\/v2\/product_brand?post=1763"},{"taxonomy":"product_cat","embeddable":true,"href":"https:\/\/mj-clothing.com\/es\/wp-json\/wp\/v2\/product_cat?post=1763"},{"taxonomy":"product_tag","embeddable":true,"href":"https:\/\/mj-clothing.com\/es\/wp-json\/wp\/v2\/product_tag?post=1763"}],"curies":[{"name":"wp","href":"https:\/\/api.w.org\/{rel}","templated":true}]}}