{"id":1765,"date":"2024-12-14T03:13:20","date_gmt":"2024-12-14T03:13:20","guid":{"rendered":"https:\/\/mj-clothing.com\/?post_type=product&#038;p=1765"},"modified":"2024-12-17T07:10:04","modified_gmt":"2024-12-17T07:10:04","slug":"vintage-jacket","status":"publish","type":"product","link":"https:\/\/mj-clothing.com\/es\/manufacturer\/vintage-jacket\/","title":{"rendered":"Chaqueta Vintage"},"content":{"rendered":"<p data-sourcepos=\"1:1-1:110\">Una chaqueta vintage es una pieza atemporal que puede dar un toque \u00fanico a cualquier conjunto. He aqu\u00ed por qu\u00e9 te puede encantar una:<\/p>\n<h3 data-sourcepos=\"3:1-3:32\"><strong>\u00bfPor qu\u00e9 elegir una chaqueta vintage?<\/strong><\/h3>\n<ul data-sourcepos=\"5:1-9:0\">\n<li data-sourcepos=\"5:1-5:118\"><strong>Estilo \u00fanico:<\/strong>\u00a0 Las chaquetas suelen tener dise\u00f1os y detalles distintivos que no encontrar\u00e1s en la ropa moderna.<\/li>\n<li data-sourcepos=\"6:1-6:111\"><strong>Alta calidad:<\/strong> Muchas chaquetas est\u00e1n fabricadas con materiales de alta calidad que han superado la prueba del tiempo.<\/li>\n<li data-sourcepos=\"7:1-7:125\"><strong>Moda sostenible:<\/strong> Si eliges lo vintage, reduces tu impacto medioambiental y das una segunda vida a una prenda.<\/li>\n<li data-sourcepos=\"8:1-9:0\"><strong>Car\u00e1cter e historia:<\/strong> Una chaqueta puede contar una historia, a\u00f1adir un toque de nostalgia y personalidad a tu vestuario.<\/li>\n<\/ul>\n<h3 data-sourcepos=\"10:1-10:34\"><strong>C\u00f3mo llevar una chaqueta vintage:<\/strong><\/h3>\n<ul data-sourcepos=\"12:1-16:0\">\n<li data-sourcepos=\"12:1-12:79\"><strong>Casual:<\/strong> Comb\u00ednalo con unos vaqueros, una camiseta y unas zapatillas para un look desenfadado.<\/li>\n<li data-sourcepos=\"13:1-13:98\"><strong>Smart Casual:<\/strong> P\u00f3ntelo con unos chinos, una camisa abotonada y unos mocasines para lucir un conjunto elegante.<\/li>\n<li data-sourcepos=\"14:1-14:93\"><strong>Edgy:<\/strong> Comb\u00ednalo con unos pantalones de cuero, una camiseta gr\u00e1fica y unas botas para darle un aire rockero.<\/li>\n<li data-sourcepos=\"15:1-16:0\"><strong>Formal:<\/strong> P\u00f3ntelo sobre una chaqueta de traje para darle un toque \u00fanico a tu vestimenta formal.<\/li>\n<\/ul>\n<h3 data-sourcepos=\"17:1-17:39\"><strong>Consejos para elegir una chaqueta vintage:<\/strong><\/h3>\n<ul data-sourcepos=\"19:1-23:0\">\n<li data-sourcepos=\"19:1-19:82\"><strong>En forma:<\/strong> Aseg\u00farese de que la chaqueta le queda bien, teniendo en cuenta posibles modificaciones.<\/li>\n<li data-sourcepos=\"20:1-20:64\"><strong>Estado:<\/strong> Compruebe si hay da\u00f1os, manchas o desgaste.<\/li>\n<li data-sourcepos=\"21:1-21:93\"><strong>Estilo:<\/strong> Ten en cuenta tu estilo personal y elige una chaqueta que complemente tu vestuario.<\/li>\n<li data-sourcepos=\"22:1-23:0\"><strong>Material:<\/strong> Busca materiales de alta calidad como el cuero, la lana o el tejido vaquero.<\/li>\n<\/ul>\n<h3 data-sourcepos=\"24:1-24:34\"><strong>D\u00f3nde encontrar una chaqueta vintage:<\/strong><\/h3>\n<ul data-sourcepos=\"26:1-30:0\">\n<li data-sourcepos=\"26:1-26:76\"><strong>Tiendas de segunda mano:<\/strong> Un gran lugar para encontrar joyas ocultas a precios asequibles.<\/li>\n<li data-sourcepos=\"27:1-27:89\"><strong>Tiendas de consignaci\u00f3n:<\/strong> Estas tiendas suelen tener colecciones seleccionadas de ropa vintage.<\/li>\n<li data-sourcepos=\"28:1-28:97\"><strong>Mercados en l\u00ednea:<\/strong> Sitios web como eBay y Etsy ofrecen una amplia selecci\u00f3n de chaquetas.<\/li>\n<li data-sourcepos=\"29:1-30:0\"><strong>Tiendas de ropa vintage:<\/strong> Tiendas especializadas en moda vintage.<\/li>\n<\/ul>\n<div class=\"attachment-container search-images\">\n<div class=\"image-container hide-from-message-actions ng-star-inserted\">\n<div class=\"overlay-container ng-star-inserted\"><\/div>\n<\/div>\n<\/div>","protected":false},"excerpt":{"rendered":"<table style=\"height: 442px;\" width=\"514\">\n<tbody>\n<tr>\n<td width=\"146\"><strong><b>Producto<\/b><\/strong>\u00a0<strong><b>Nombre:<\/b><\/strong><\/td>\n<td width=\"601\"><strong>Chaqueta Vintage<\/strong><\/td>\n<\/tr>\n<tr>\n<td width=\"146\"><strong><b>Materlal:<\/b><\/strong><\/td>\n<td width=\"601\">Poli\u00e9ster\/algod\u00f3n<\/td>\n<\/tr>\n<tr>\n<td width=\"146\"><strong><b>T\u00e9cnica:<\/b><\/strong><\/td>\n<td width=\"601\">Impresi\u00f3n y tinte<\/td>\n<\/tr>\n<tr>\n<td width=\"146\"><strong><b>Estilo:<\/b><\/strong><\/td>\n<td width=\"601\">Casual<\/td>\n<\/tr>\n<tr>\n<td width=\"146\"><strong><b>Color<\/b><\/strong><strong><b>:<\/b><\/strong><\/td>\n<td width=\"601\">\u00a0Colores personalizados<\/td>\n<\/tr>\n<tr>\n<td width=\"146\"><strong><b>Tama\u00f1o:<\/b><\/strong><\/td>\n<td width=\"601\">S \/M \/L \/XL \/2XL<\/td>\n<\/tr>\n<tr>\n<td width=\"146\"><strong><b>OEM\/ODM:<\/b><\/strong><\/td>\n<td width=\"601\">Aceptable<\/td>\n<\/tr>\n<tr>\n<td width=\"146\"><strong><b>Calidad:<\/b><\/strong><\/td>\n<td width=\"601\">100% Alta calidad<\/td>\n<\/tr>\n<tr>\n<td width=\"146\"><strong><b>M<\/b><\/strong><strong><b>OQ:<\/b><\/strong><\/td>\n<td width=\"601\">200 unidades<\/td>\n<\/tr>\n<\/tbody>\n<\/table>","protected":false},"featured_media":1769,"template":"","meta":[],"product_brand":[],"product_cat":[38],"product_tag":[],"class_list":{"0":"post-1765","1":"product","2":"type-product","3":"status-publish","4":"has-post-thumbnail","6":"product_cat-mens-clothing","8":"first","9":"instock","10":"shipping-taxable","11":"product-type-simple"},"_links":{"self":[{"href":"https:\/\/mj-clothing.com\/es\/wp-json\/wp\/v2\/product\/1765","targetHints":{"allow":["GET"]}}],"collection":[{"href":"https:\/\/mj-clothing.com\/es\/wp-json\/wp\/v2\/product"}],"about":[{"href":"https:\/\/mj-clothing.com\/es\/wp-json\/wp\/v2\/types\/product"}],"wp:featuredmedia":[{"embeddable":true,"href":"https:\/\/mj-clothing.com\/es\/wp-json\/wp\/v2\/media\/1769"}],"wp:attachment":[{"href":"https:\/\/mj-clothing.com\/es\/wp-json\/wp\/v2\/media?parent=1765"}],"wp:term":[{"taxonomy":"product_brand","embeddable":true,"href":"https:\/\/mj-clothing.com\/es\/wp-json\/wp\/v2\/product_brand?post=1765"},{"taxonomy":"product_cat","embeddable":true,"href":"https:\/\/mj-clothing.com\/es\/wp-json\/wp\/v2\/product_cat?post=1765"},{"taxonomy":"product_tag","embeddable":true,"href":"https:\/\/mj-clothing.com\/es\/wp-json\/wp\/v2\/product_tag?post=1765"}],"curies":[{"name":"wp","href":"https:\/\/api.w.org\/{rel}","templated":true}]}}