{"id":1774,"date":"2024-12-14T03:23:26","date_gmt":"2024-12-14T03:23:26","guid":{"rendered":"https:\/\/mj-clothing.com\/?post_type=product&#038;p=1774"},"modified":"2024-12-17T07:06:57","modified_gmt":"2024-12-17T07:06:57","slug":"shell-jacket","status":"publish","type":"product","link":"https:\/\/mj-clothing.com\/es\/manufacturer\/shell-jacket\/","title":{"rendered":"Chaqueta Shell"},"content":{"rendered":"<p data-sourcepos=\"1:1-1:266\">Una chaqueta shell es una capa exterior ligera, impermeable y cortaviento dise\u00f1ada para protegerle de los elementos. Se trata de una prenda vers\u00e1til que se puede llevar en distintas condiciones meteorol\u00f3gicas, por lo que es una elecci\u00f3n popular para actividades al aire libre y para el d\u00eda a d\u00eda.<\/p>\n<h3 data-sourcepos=\"3:1-3:35\"><strong>Caracter\u00edsticas clave de una chaqueta Shell:<\/strong><\/h3>\n<ul data-sourcepos=\"5:1-9:0\">\n<li data-sourcepos=\"5:1-5:218\"><strong>Impermeable y cortaviento:<\/strong> La funci\u00f3n principal de una chaqueta es mantenerte seco y protegido del viento. Suele estar fabricada con materiales impermeables y transpirables, como Gore-Tex o tecnolog\u00edas similares.<\/li>\n<li data-sourcepos=\"6:1-6:155\"><strong>Transpirabilidad:<\/strong> Adem\u00e1s de mantenerte seco, una buena chaqueta tambi\u00e9n permite que salga el vapor de humedad, evitando que te sientas h\u00famedo e inc\u00f3modo.<\/li>\n<li data-sourcepos=\"7:1-7:97\"><strong>Durabilidad:<\/strong> Las chaquetas Shell est\u00e1n dise\u00f1adas para soportar condiciones clim\u00e1ticas adversas y un uso intensivo.<\/li>\n<li data-sourcepos=\"8:1-9:0\"><strong>Empaquetabilidad:<\/strong> Muchas chaquetas son ligeras y f\u00e1ciles de transportar cuando no se utilizan.<\/li>\n<\/ul>\n<h3 data-sourcepos=\"10:1-10:32\"><strong>C\u00f3mo llevar una chaqueta de abrigo:<\/strong><\/h3>\n<ul data-sourcepos=\"12:1-15:0\">\n<li data-sourcepos=\"12:1-12:96\"><strong>Casual:<\/strong> Comb\u00ednalo con unos vaqueros, una camiseta y unas zapatillas para un look c\u00f3modo y funcional.<\/li>\n<li data-sourcepos=\"13:1-13:112\"><strong>Smart Casual:<\/strong> Comb\u00ednalo con un jersey, unos pantalones chinos y una camisa de botones para conseguir un conjunto elegante y pr\u00e1ctico.<\/li>\n<li data-sourcepos=\"14:1-15:0\"><strong>Actividades al aire libre:<\/strong> Ll\u00e9valo con pantalones de monta\u00f1a, un forro polar y botas resistentes para protegerte de los elementos.<\/li>\n<\/ul>\n<h3 data-sourcepos=\"16:1-16:37\"><strong>Marcas populares de chaquetas:<\/strong><\/h3>\n<ul data-sourcepos=\"18:1-21:0\">\n<li data-sourcepos=\"18:1-18:58\"><strong>Marcas de exterior:<\/strong> Patagonia, The North Face, Arc'teryx<\/li>\n<li data-sourcepos=\"19:1-19:46\"><strong>Marcas t\u00e9cnicas:<\/strong> Gore-Tex, Helly Hansen<\/li>\n<li data-sourcepos=\"20:1-21:0\"><strong>Marcas de estilo de vida:<\/strong> Columbia, Timberland, Jack Wolfskin<\/li>\n<\/ul>","protected":false},"excerpt":{"rendered":"<table style=\"height: 515px;\" width=\"509\">\n<tbody>\n<tr>\n<td width=\"146\"><strong><b>Producto<\/b><\/strong>\u00a0<strong><b>Nombre:<\/b><\/strong><\/td>\n<td width=\"601\"><strong>Chaqueta Shell<\/strong><\/td>\n<\/tr>\n<tr>\n<td width=\"146\"><strong><b>Materlal:<\/b><\/strong><\/td>\n<td width=\"601\">Poli\u00e9ster\/algod\u00f3n<\/td>\n<\/tr>\n<tr>\n<td width=\"146\"><strong><b>T\u00e9cnica:<\/b><\/strong><\/td>\n<td width=\"601\">Impresi\u00f3n y tinte<\/td>\n<\/tr>\n<tr>\n<td width=\"146\"><strong><b>Estilo:<\/b><\/strong><\/td>\n<td width=\"601\">Casual<\/td>\n<\/tr>\n<tr>\n<td width=\"146\"><strong><b>Color<\/b><\/strong><strong><b>:<\/b><\/strong><\/td>\n<td width=\"601\">\u00a0Colores personalizados<\/td>\n<\/tr>\n<tr>\n<td width=\"146\"><strong><b>Tama\u00f1o:<\/b><\/strong><\/td>\n<td width=\"601\">S \/M \/L \/XL \/2XL<\/td>\n<\/tr>\n<tr>\n<td width=\"146\"><strong><b>OEM\/ODM:<\/b><\/strong><\/td>\n<td width=\"601\">Aceptable<\/td>\n<\/tr>\n<tr>\n<td width=\"146\"><strong><b>Calidad:<\/b><\/strong><\/td>\n<td width=\"601\">100% Alta calidad<\/td>\n<\/tr>\n<tr>\n<td width=\"146\"><strong><b>M<\/b><\/strong><strong><b>OQ:<\/b><\/strong><\/td>\n<td width=\"601\">200 unidades<\/td>\n<\/tr>\n<\/tbody>\n<\/table>","protected":false},"featured_media":1776,"template":"","meta":[],"product_brand":[],"product_cat":[38],"product_tag":[],"class_list":{"0":"post-1774","1":"product","2":"type-product","3":"status-publish","4":"has-post-thumbnail","6":"product_cat-mens-clothing","8":"first","9":"instock","10":"shipping-taxable","11":"product-type-simple"},"_links":{"self":[{"href":"https:\/\/mj-clothing.com\/es\/wp-json\/wp\/v2\/product\/1774","targetHints":{"allow":["GET"]}}],"collection":[{"href":"https:\/\/mj-clothing.com\/es\/wp-json\/wp\/v2\/product"}],"about":[{"href":"https:\/\/mj-clothing.com\/es\/wp-json\/wp\/v2\/types\/product"}],"wp:featuredmedia":[{"embeddable":true,"href":"https:\/\/mj-clothing.com\/es\/wp-json\/wp\/v2\/media\/1776"}],"wp:attachment":[{"href":"https:\/\/mj-clothing.com\/es\/wp-json\/wp\/v2\/media?parent=1774"}],"wp:term":[{"taxonomy":"product_brand","embeddable":true,"href":"https:\/\/mj-clothing.com\/es\/wp-json\/wp\/v2\/product_brand?post=1774"},{"taxonomy":"product_cat","embeddable":true,"href":"https:\/\/mj-clothing.com\/es\/wp-json\/wp\/v2\/product_cat?post=1774"},{"taxonomy":"product_tag","embeddable":true,"href":"https:\/\/mj-clothing.com\/es\/wp-json\/wp\/v2\/product_tag?post=1774"}],"curies":[{"name":"wp","href":"https:\/\/api.w.org\/{rel}","templated":true}]}}