{"id":1777,"date":"2024-12-14T03:30:07","date_gmt":"2024-12-14T03:30:07","guid":{"rendered":"https:\/\/mj-clothing.com\/?post_type=product&#038;p=1777"},"modified":"2024-12-17T07:04:15","modified_gmt":"2024-12-17T07:04:15","slug":"cropped-leather-jacket","status":"publish","type":"product","link":"https:\/\/mj-clothing.com\/es\/manufacturer\/cropped-leather-jacket\/","title":{"rendered":"Chaqueta de cuero recortada"},"content":{"rendered":"<p data-sourcepos=\"1:1-1:117\">Una cazadora de cuero recortada es una prenda elegante y vers\u00e1til que puede realzar cualquier conjunto. A continuaci\u00f3n te explicamos por qu\u00e9 te puede encantar:<\/p>\n<h3 data-sourcepos=\"3:1-3:40\"><strong>\u00bfPor qu\u00e9 elegir una chaqueta de cuero recortada?<\/strong><\/h3>\n<ul data-sourcepos=\"5:1-9:0\">\n<li data-sourcepos=\"5:1-5:120\"><strong><span class=\"citation-0 recitation\">Moderno y a la moda:<\/span><\/strong><span class=\"citation-0 recitation citation-end-0\"> Las chaquetas recortadas son una tendencia popular que puede a\u00f1adir un toque contempor\u00e1neo a tu look.<\/span><\/li>\n<li data-sourcepos=\"5:1-5:120\"><strong style=\"font-size: 14.4px;\">Estilo vers\u00e1til:<\/strong><span style=\"font-size: 14.4px;\"> Puede vestirse de forma elegante o informal, por lo que es perfecto para diversas ocasiones.<\/span><\/li>\n<li data-sourcepos=\"7:1-7:113\"><strong><span class=\"citation-1 recitation\">Ajuste favorecedor:<\/span><\/strong><span class=\"citation-1 recitation citation-end-1\"> Una chaqueta recortada puede acentuar tu cintura y crear una silueta favorecedora.<\/span><\/li>\n<li data-sourcepos=\"7:1-7:113\"><strong style=\"font-size: 14.4px;\">Elegante y chic:<\/strong><span style=\"font-size: 14.4px;\"> La piel a\u00f1ade un toque de dureza y sofisticaci\u00f3n.<\/span><\/li>\n<\/ul>\n<h3 data-sourcepos=\"10:1-10:42\"><strong>C\u00f3mo llevar una chaqueta de cuero recortada:<\/strong><\/h3>\n<ul data-sourcepos=\"12:1-15:0\">\n<li data-sourcepos=\"12:1-12:82\"><strong>Casual Chic:<\/strong> Comb\u00ednalo con unos vaqueros, una camiseta y unas zapatillas para un look relajado.<\/li>\n<li data-sourcepos=\"13:1-13:102\"><strong>Smart Casual:<\/strong> P\u00f3ntelo con una falda, una blusa y unos botines para conseguir un conjunto femenino y elegante.<\/li>\n<li data-sourcepos=\"14:1-15:0\"><strong>Look atrevido:<\/strong> Comb\u00ednalo con unos pantalones de cuero, una camiseta gr\u00e1fica y unas botas para darle un aire rockero.<\/li>\n<\/ul>\n<h3 data-sourcepos=\"16:1-16:47\"><strong>Consejos para elegir una chaqueta de cuero recortada:<\/strong><\/h3>\n<ul data-sourcepos=\"18:1-22:0\">\n<li data-sourcepos=\"18:1-18:71\"><strong>En forma:<\/strong> Elige una chaqueta que te quede bien y favorezca la forma de tu cuerpo.<\/li>\n<li data-sourcepos=\"19:1-19:60\"><strong>Material:<\/strong> Opta por pieles de alta calidad que duren.<\/li>\n<li data-sourcepos=\"20:1-20:87\"><strong>Estilo:<\/strong> Ten en cuenta tu estilo personal y elige una chaqueta que refleje tus gustos.<\/li>\n<li data-sourcepos=\"21:1-22:0\"><strong>Color:<\/strong> El negro es una opci\u00f3n cl\u00e1sica, pero tambi\u00e9n puedes considerar otros colores como el marr\u00f3n o el burdeos.<\/li>\n<\/ul>","protected":false},"excerpt":{"rendered":"<table style=\"height: 523px;\" width=\"508\">\n<tbody>\n<tr>\n<td width=\"146\"><strong><b>Producto<\/b><\/strong>\u00a0<strong><b>Nombre:<\/b><\/strong><\/td>\n<td width=\"601\"><strong>Chaqueta de cuero recortada<\/strong><\/td>\n<\/tr>\n<tr>\n<td width=\"146\"><strong><b>Materlal:<\/b><\/strong><\/td>\n<td width=\"601\">Poli\u00e9ster\/algod\u00f3n<\/td>\n<\/tr>\n<tr>\n<td width=\"146\"><strong><b>T\u00e9cnica:<\/b><\/strong><\/td>\n<td width=\"601\">Piel<\/td>\n<\/tr>\n<tr>\n<td width=\"146\"><strong><b>Estilo:<\/b><\/strong><\/td>\n<td width=\"601\">Casual<\/td>\n<\/tr>\n<tr>\n<td width=\"146\"><strong><b>Color<\/b><\/strong><strong><b>:<\/b><\/strong><\/td>\n<td width=\"601\">\u00a0Colores personalizados<\/td>\n<\/tr>\n<tr>\n<td width=\"146\"><strong><b>Tama\u00f1o:<\/b><\/strong><\/td>\n<td width=\"601\">S \/M \/L \/XL \/2XL<\/td>\n<\/tr>\n<tr>\n<td width=\"146\"><strong><b>OEM\/ODM:<\/b><\/strong><\/td>\n<td width=\"601\">Aceptable<\/td>\n<\/tr>\n<tr>\n<td width=\"146\"><strong><b>Calidad:<\/b><\/strong><\/td>\n<td width=\"601\">100% Alta calidad<\/td>\n<\/tr>\n<tr>\n<td width=\"146\"><strong><b>M<\/b><\/strong><strong><b>OQ:<\/b><\/strong><\/td>\n<td width=\"601\">200 unidades<\/td>\n<\/tr>\n<\/tbody>\n<\/table>","protected":false},"featured_media":1781,"template":"","meta":[],"product_brand":[],"product_cat":[38],"product_tag":[],"class_list":{"0":"post-1777","1":"product","2":"type-product","3":"status-publish","4":"has-post-thumbnail","6":"product_cat-mens-clothing","8":"first","9":"instock","10":"shipping-taxable","11":"product-type-simple"},"_links":{"self":[{"href":"https:\/\/mj-clothing.com\/es\/wp-json\/wp\/v2\/product\/1777","targetHints":{"allow":["GET"]}}],"collection":[{"href":"https:\/\/mj-clothing.com\/es\/wp-json\/wp\/v2\/product"}],"about":[{"href":"https:\/\/mj-clothing.com\/es\/wp-json\/wp\/v2\/types\/product"}],"wp:featuredmedia":[{"embeddable":true,"href":"https:\/\/mj-clothing.com\/es\/wp-json\/wp\/v2\/media\/1781"}],"wp:attachment":[{"href":"https:\/\/mj-clothing.com\/es\/wp-json\/wp\/v2\/media?parent=1777"}],"wp:term":[{"taxonomy":"product_brand","embeddable":true,"href":"https:\/\/mj-clothing.com\/es\/wp-json\/wp\/v2\/product_brand?post=1777"},{"taxonomy":"product_cat","embeddable":true,"href":"https:\/\/mj-clothing.com\/es\/wp-json\/wp\/v2\/product_cat?post=1777"},{"taxonomy":"product_tag","embeddable":true,"href":"https:\/\/mj-clothing.com\/es\/wp-json\/wp\/v2\/product_tag?post=1777"}],"curies":[{"name":"wp","href":"https:\/\/api.w.org\/{rel}","templated":true}]}}