{"id":1804,"date":"2024-12-14T06:55:24","date_gmt":"2024-12-14T06:55:24","guid":{"rendered":"https:\/\/mj-clothing.com\/?post_type=product&#038;p=1804"},"modified":"2024-12-17T06:56:31","modified_gmt":"2024-12-17T06:56:31","slug":"mens-cashmere-sweater","status":"publish","type":"product","link":"https:\/\/mj-clothing.com\/es\/manufacturer\/mens-cashmere-sweater\/","title":{"rendered":"Jersey de cachemira para hombre"},"content":{"rendered":"<p data-sourcepos=\"1:1-1:177\"><span class=\"citation-0 recitation citation-end-0\">Un jersey de cachemira para hombre es una prenda lujosa y atemporal que ofrece una comodidad y calidez inigualables.<\/span> A continuaci\u00f3n te explicamos por qu\u00e9 deber\u00edas plantearte invertir en uno:<span class=\"button-container hide-from-message-actions ng-star-inserted\"> \u00a0<\/span><\/p>\n<div class=\"container ng-tns-c2946245707-329 hide\">\n<div class=\"carousel-container ng-tns-c2946245707-329\">\n<div class=\"carousel-content ng-tns-c2946245707-329\">\n<div class=\"sources-carousel-source ng-tns-c2946245707-329 hide ng-star-inserted\" data-test-id=\"sources-carousel-source\"><\/div>\n<\/div>\n<\/div>\n<\/div>\n<h3 data-sourcepos=\"3:1-3:34\"><strong>\u00bfPor qu\u00e9 elegir un jersey de cachemira para hombre?<\/strong><\/h3>\n<ul data-sourcepos=\"5:1-9:0\">\n<li data-sourcepos=\"5:1-5:124\"><strong><span class=\"citation-1 recitation\">Suavidad excepcional:<\/span><\/strong><span class=\"citation-1 recitation citation-end-1\"> La cachemira es famosa por su textura incre\u00edblemente suave, que hace que sea un placer llevarla puesta.<\/span><\/li>\n<li data-sourcepos=\"5:1-5:124\"><span class=\"button-container hide-from-message-actions ng-star-inserted\"><strong style=\"font-size: 14.4px;\"><span class=\"citation-2 recitation\">Calidez superior:<\/span><\/strong><span class=\"citation-2 recitation citation-end-2\" style=\"font-size: 14.4px;\"> A pesar de su ligereza, la cachemira es un excelente aislante que mantiene el calor cuando hace fr\u00edo.<\/span><\/span>\n<div class=\"container ng-tns-c2946245707-331 hide\">\n<div class=\"carousel-container ng-tns-c2946245707-331\"><\/div>\n<\/div>\n<\/li>\n<li data-sourcepos=\"7:1-7:122\"><strong>Durabilidad:<\/strong> <span class=\"citation-3 recitation citation-end-3\">La cachemira de alta calidad es sorprendentemente duradera y puede durar muchos a\u00f1os con los cuidados adecuados.<\/span><span class=\"button-container hide-from-message-actions ng-star-inserted\">\u00a0<\/span>\n<div class=\"container ng-tns-c2946245707-332 hide\">\n<div class=\"carousel-container ng-tns-c2946245707-332\"><\/div>\n<\/div>\n<\/li>\n<li data-sourcepos=\"8:1-9:0\"><strong><span class=\"citation-4 recitation\">Hipoalerg\u00e9nico:<\/span><\/strong><span class=\"citation-4 recitation citation-end-4\"> La cachemira es hipoalerg\u00e9nica, por lo que es adecuada para las personas con piel sensible.<\/span><span class=\"button-container hide-from-message-actions ng-star-inserted\">\u00a0<\/span>\n<div class=\"container ng-tns-c2946245707-333 hide\">\n<div class=\"carousel-container ng-tns-c2946245707-333\">\n<div class=\"carousel-content ng-tns-c2946245707-333\">\n<div class=\"sources-carousel-source ng-tns-c2946245707-333 hide ng-star-inserted\" data-test-id=\"sources-carousel-source\"><\/div>\n<\/div>\n<\/div>\n<\/div>\n<\/li>\n<\/ul>\n<h3 data-sourcepos=\"10:1-10:36\"><strong>C\u00f3mo combinar un jersey de cachemira para hombre:<\/strong><\/h3>\n<ul data-sourcepos=\"12:1-15:0\">\n<li data-sourcepos=\"12:1-12:77\">\n<h3><strong>Casual:<\/strong> Comb\u00ednalo con unos vaqueros, una camiseta y unas zapatillas para un look relajado.<\/h3>\n<\/li>\n<li data-sourcepos=\"13:1-13:96\"><strong>Smart Casual:<\/strong> P\u00f3ntelo con unos chinos, una camisa abotonada y unos mocasines para un conjunto elegante.<\/li>\n<li data-sourcepos=\"14:1-15:0\"><strong>Formal:<\/strong> P\u00f3ntelo sobre una camisa de vestir y una corbata para un look sofisticado.<\/li>\n<\/ul>\n<h3 data-sourcepos=\"16:1-16:42\"><strong>D\u00f3nde encontrar jers\u00e9is de cachemira para hombre:<\/strong><\/h3>\n<ul data-sourcepos=\"18:1-21:0\">\n<li data-sourcepos=\"18:1-18:90\"><strong>Grandes almacenes de gama alta:<\/strong> Busca marcas de lujo especializadas en prendas de punto fino.<\/li>\n<li data-sourcepos=\"19:1-19:132\"><strong><span class=\"citation-5 recitation\">Minoristas en l\u00ednea:<\/span><\/strong><span class=\"citation-5 recitation citation-end-5\"> Sitios web como Amazon, Etsy y otros minoristas en l\u00ednea ofrecen una amplia gama de jers\u00e9is de cachemira.<\/span><\/li>\n<li data-sourcepos=\"19:1-19:132\"><strong style=\"font-size: 14.4px;\">Tiendas especializadas:<\/strong><span style=\"font-size: 14.4px;\"> Las tiendas especializadas en fibras de lujo y moda sostenible pueden tener jers\u00e9is de cachemira.<\/span><\/li>\n<\/ul>\n<h3 data-sourcepos=\"22:1-22:41\"><strong>Consejos para elegir un jersey de cachemira para hombre:<\/strong><\/h3>\n<ul data-sourcepos=\"24:1-28:0\">\n<li data-sourcepos=\"24:1-24:94\"><strong>Calidad:<\/strong> Busque cachemira de alta calidad, suave, lisa y sin imperfecciones.<\/li>\n<li data-sourcepos=\"25:1-25:95\"><strong>Peso:<\/strong> Ten en cuenta el peso del jersey, ya que los m\u00e1s pesados proporcionar\u00e1n m\u00e1s calor.<\/li>\n<li data-sourcepos=\"26:1-26:72\"><strong>En forma:<\/strong> Elige un jersey que te quede bien y favorezca la forma de tu cuerpo.<\/li>\n<li data-sourcepos=\"27:1-28:0\"><strong>Estilo:<\/strong> Seleccione un estilo que se adapte a su gusto personal, ya sea cuello redondo, cuello en V o cuello alto.<\/li>\n<\/ul>\n<h4 data-sourcepos=\"29:1-29:37\"><strong>C\u00f3mo cuidar su jersey de cachemira:<\/strong><\/h4>\n<ul data-sourcepos=\"31:1-34:0\">\n<li data-sourcepos=\"31:1-31:50\">Lavar a mano en agua fr\u00eda con un detergente suave.<\/li>\n<li data-sourcepos=\"32:1-32:31\">Secar en plano para evitar que se estire.<\/li>\n<li data-sourcepos=\"33:1-34:0\">Conservar en lugar fresco y seco, protegido de la luz solar directa.<\/li>\n<\/ul>\n<p data-sourcepos=\"35:1-35:144\">Al invertir en un jersey de cachemira de alta calidad, no s\u00f3lo estar\u00e1s adquiriendo una prenda elegante y c\u00f3moda, sino tambi\u00e9n una pieza de lujo atemporal.<\/p>\n<div class=\"attachment-container search-images\">\n<div class=\"image-container hide-from-message-actions ng-star-inserted\">\n<div class=\"overlay-container ng-star-inserted\"><\/div>\n<\/div>\n<\/div>","protected":false},"excerpt":{"rendered":"<table style=\"height: 529px;\" width=\"500\">\n<tbody>\n<tr>\n<td width=\"146\"><strong><b>Producto<\/b><\/strong>\u00a0<strong><b>Nombre:<\/b><\/strong><\/td>\n<td width=\"601\"><strong>Jersey de cachemira para hombre<\/strong><\/td>\n<\/tr>\n<tr>\n<td width=\"146\"><strong><b>Materlal:<\/b><\/strong><\/td>\n<td width=\"601\">Poli\u00e9ster\/algod\u00f3n<\/td>\n<\/tr>\n<tr>\n<td width=\"146\"><strong><b>T\u00e9cnica:<\/b><\/strong><\/td>\n<td width=\"601\">Tejido<\/td>\n<\/tr>\n<tr>\n<td width=\"146\"><strong><b>Estilo:<\/b><\/strong><\/td>\n<td width=\"601\">Casual<\/td>\n<\/tr>\n<tr>\n<td width=\"146\"><strong><b>Color<\/b><\/strong><strong><b>:<\/b><\/strong><\/td>\n<td width=\"601\">\u00a0Colores personalizados<\/td>\n<\/tr>\n<tr>\n<td width=\"146\"><strong><b>Tama\u00f1o:<\/b><\/strong><\/td>\n<td width=\"601\">S \/M \/L \/XL \/2XL<\/td>\n<\/tr>\n<tr>\n<td width=\"146\"><strong><b>OEM\/ODM:<\/b><\/strong><\/td>\n<td width=\"601\">Aceptable<\/td>\n<\/tr>\n<tr>\n<td width=\"146\"><strong><b>Calidad:<\/b><\/strong><\/td>\n<td width=\"601\">100% Alta calidad<\/td>\n<\/tr>\n<tr>\n<td width=\"146\"><strong><b>M<\/b><\/strong><strong><b>OQ:<\/b><\/strong><\/td>\n<td width=\"601\">200 unidades<\/td>\n<\/tr>\n<\/tbody>\n<\/table>","protected":false},"featured_media":1805,"template":"","meta":[],"product_brand":[],"product_cat":[38],"product_tag":[],"class_list":{"0":"post-1804","1":"product","2":"type-product","3":"status-publish","4":"has-post-thumbnail","6":"product_cat-mens-clothing","8":"first","9":"instock","10":"shipping-taxable","11":"product-type-simple"},"_links":{"self":[{"href":"https:\/\/mj-clothing.com\/es\/wp-json\/wp\/v2\/product\/1804","targetHints":{"allow":["GET"]}}],"collection":[{"href":"https:\/\/mj-clothing.com\/es\/wp-json\/wp\/v2\/product"}],"about":[{"href":"https:\/\/mj-clothing.com\/es\/wp-json\/wp\/v2\/types\/product"}],"wp:featuredmedia":[{"embeddable":true,"href":"https:\/\/mj-clothing.com\/es\/wp-json\/wp\/v2\/media\/1805"}],"wp:attachment":[{"href":"https:\/\/mj-clothing.com\/es\/wp-json\/wp\/v2\/media?parent=1804"}],"wp:term":[{"taxonomy":"product_brand","embeddable":true,"href":"https:\/\/mj-clothing.com\/es\/wp-json\/wp\/v2\/product_brand?post=1804"},{"taxonomy":"product_cat","embeddable":true,"href":"https:\/\/mj-clothing.com\/es\/wp-json\/wp\/v2\/product_cat?post=1804"},{"taxonomy":"product_tag","embeddable":true,"href":"https:\/\/mj-clothing.com\/es\/wp-json\/wp\/v2\/product_tag?post=1804"}],"curies":[{"name":"wp","href":"https:\/\/api.w.org\/{rel}","templated":true}]}}