{"id":1806,"date":"2024-12-14T06:59:55","date_gmt":"2024-12-14T06:59:55","guid":{"rendered":"https:\/\/mj-clothing.com\/?post_type=product&#038;p=1806"},"modified":"2024-12-17T06:54:59","modified_gmt":"2024-12-17T06:54:59","slug":"mens-slim-fit-sweater","status":"publish","type":"product","link":"https:\/\/mj-clothing.com\/es\/manufacturer\/mens-slim-fit-sweater\/","title":{"rendered":"Su\u00e9ter ajustado para hombre"},"content":{"rendered":"<p data-sourcepos=\"1:1-1:224\"><span class=\"citation-0 recitation citation-end-0\">Un jersey slim fit para hombre es una prenda vers\u00e1til que ofrece un aspecto elegante y moderno.<\/span> <span class=\"citation-1 recitation citation-end-1\">Est\u00e1 dise\u00f1ada para ajustarse m\u00e1s al cuerpo, acentuando tu f\u00edsico a la vez que proporciona comodidad y calidez.<\/span><\/p>\n<h3 data-sourcepos=\"1:1-1:224\"><strong>\u00a0 \u00a0 \u00bfPor qu\u00e9 elegir un jersey ajustado para hombre?<\/strong><\/h3>\n<ul data-sourcepos=\"5:1-9:0\">\n<li data-sourcepos=\"5:1-5:95\"><strong><span class=\"citation-2 recitation\">Elegante y moderno:<\/span><\/strong><span class=\"citation-2 recitation citation-end-2\"> Un jersey de corte entallado que ofrece un aspecto contempor\u00e1neo y elegante.<\/span>\n<div class=\"container ng-tns-c2946245707-350 hide\">\n<div class=\"carousel-container ng-tns-c2946245707-350\"><\/div>\n<\/div>\n<\/li>\n<li data-sourcepos=\"6:1-6:103\"><strong>Ajuste favorecedor:<\/strong> Puede ayudar a acentuar tu f\u00edsico y crear una silueta m\u00e1s estilizada.<\/li>\n<li data-sourcepos=\"7:1-7:89\"><strong>Versatilidad:<\/strong> Puede vestirse de forma elegante o informal, por lo que es perfecto para diversas ocasiones.<\/li>\n<li data-sourcepos=\"8:1-9:0\"><strong>Comodidad:<\/strong> A pesar de su estilo entallado, un jersey slim fit bien confeccionado puede resultar incre\u00edblemente c\u00f3modo.<\/li>\n<\/ul>\n<h3 data-sourcepos=\"10:1-10:36\"><strong>C\u00f3mo combinar un jersey ajustado para hombre:<\/strong><\/h3>\n<ul data-sourcepos=\"12:1-15:0\">\n<li data-sourcepos=\"12:1-12:77\"><strong>Casual:<\/strong> Comb\u00ednalo con unos vaqueros, una camiseta y unas zapatillas para un look relajado.<\/li>\n<li data-sourcepos=\"13:1-13:96\"><strong>Smart Casual:<\/strong> P\u00f3ntelo con unos chinos, una camisa abotonada y unos mocasines para un conjunto elegante.<\/li>\n<li data-sourcepos=\"14:1-15:0\"><strong>Formal:<\/strong> P\u00f3ntelo sobre una camisa de vestir y una corbata para un look sofisticado.<\/li>\n<\/ul>\n<h3 data-sourcepos=\"16:1-16:41\"><strong>Consejos para elegir un jersey ajustado para hombre:<\/strong><\/h3>\n<ul data-sourcepos=\"18:1-22:0\">\n<li data-sourcepos=\"18:1-18:164\"><strong>Material:<\/strong> Ten en cuenta el material, ya que afectar\u00e1 a la calidez, comodidad y durabilidad del jersey. <span class=\"citation-3 recitation citation-end-3\">La lana, la cachemira y el algod\u00f3n son opciones populares.<\/span><\/li>\n<li data-sourcepos=\"18:1-18:164\"><strong style=\"font-size: 14.4px;\">En forma:<\/strong><span style=\"font-size: 14.4px;\"> Aseg\u00farate de que el jersey te queda bien, sin apretarte ni holgarte demasiado.<\/span><\/li>\n<li data-sourcepos=\"20:1-20:103\"><strong>Estilo:<\/strong> Elige un estilo que se adapte a tus gustos personales, como cuello redondo, cuello en V o cuello alto.<\/li>\n<li data-sourcepos=\"21:1-22:0\"><strong>Color:<\/strong> Ten en cuenta el color y el estampado del jersey para complementar tu vestuario.<\/li>\n<\/ul>\n<p data-sourcepos=\"23:1-23:96\"><strong>Acu\u00e9rdate:<\/strong> Un jersey slim fit bien ajustado puede elevar tu estilo y hacerte lucir lo mejor posible.<\/p>","protected":false},"excerpt":{"rendered":"<table style=\"height: 520px;\" width=\"518\">\n<tbody>\n<tr>\n<td width=\"146\"><strong><b>Producto<\/b><\/strong>\u00a0<strong><b>Nombre:<\/b><\/strong><\/td>\n<td width=\"601\"><strong>Su\u00e9ter ajustado para hombre<\/strong><\/td>\n<\/tr>\n<tr>\n<td width=\"146\"><strong><b>Materlal:<\/b><\/strong><\/td>\n<td width=\"601\">Poli\u00e9ster\/algod\u00f3n<\/td>\n<\/tr>\n<tr>\n<td width=\"146\"><strong><b>T\u00e9cnica:<\/b><\/strong><\/td>\n<td width=\"601\">Tejido<\/td>\n<\/tr>\n<tr>\n<td width=\"146\"><strong><b>Estilo:<\/b><\/strong><\/td>\n<td width=\"601\">Casual<\/td>\n<\/tr>\n<tr>\n<td width=\"146\"><strong><b>Color<\/b><\/strong><strong><b>:<\/b><\/strong><\/td>\n<td width=\"601\">\u00a0Colores personalizados<\/td>\n<\/tr>\n<tr>\n<td width=\"146\"><strong><b>Tama\u00f1o:<\/b><\/strong><\/td>\n<td width=\"601\">S \/M \/L \/XL \/2XL<\/td>\n<\/tr>\n<tr>\n<td width=\"146\"><strong><b>OEM\/ODM:<\/b><\/strong><\/td>\n<td width=\"601\">Aceptable<\/td>\n<\/tr>\n<tr>\n<td width=\"146\"><strong><b>Calidad:<\/b><\/strong><\/td>\n<td width=\"601\">100% Alta calidad<\/td>\n<\/tr>\n<tr>\n<td width=\"146\"><strong><b>M<\/b><\/strong><strong><b>OQ:<\/b><\/strong><\/td>\n<td width=\"601\">200 unidades<\/td>\n<\/tr>\n<\/tbody>\n<\/table>","protected":false},"featured_media":1807,"template":"","meta":[],"product_brand":[],"product_cat":[38],"product_tag":[],"class_list":{"0":"post-1806","1":"product","2":"type-product","3":"status-publish","4":"has-post-thumbnail","6":"product_cat-mens-clothing","8":"first","9":"instock","10":"shipping-taxable","11":"product-type-simple"},"_links":{"self":[{"href":"https:\/\/mj-clothing.com\/es\/wp-json\/wp\/v2\/product\/1806","targetHints":{"allow":["GET"]}}],"collection":[{"href":"https:\/\/mj-clothing.com\/es\/wp-json\/wp\/v2\/product"}],"about":[{"href":"https:\/\/mj-clothing.com\/es\/wp-json\/wp\/v2\/types\/product"}],"wp:featuredmedia":[{"embeddable":true,"href":"https:\/\/mj-clothing.com\/es\/wp-json\/wp\/v2\/media\/1807"}],"wp:attachment":[{"href":"https:\/\/mj-clothing.com\/es\/wp-json\/wp\/v2\/media?parent=1806"}],"wp:term":[{"taxonomy":"product_brand","embeddable":true,"href":"https:\/\/mj-clothing.com\/es\/wp-json\/wp\/v2\/product_brand?post=1806"},{"taxonomy":"product_cat","embeddable":true,"href":"https:\/\/mj-clothing.com\/es\/wp-json\/wp\/v2\/product_cat?post=1806"},{"taxonomy":"product_tag","embeddable":true,"href":"https:\/\/mj-clothing.com\/es\/wp-json\/wp\/v2\/product_tag?post=1806"}],"curies":[{"name":"wp","href":"https:\/\/api.w.org\/{rel}","templated":true}]}}