{"id":1809,"date":"2024-12-14T07:05:10","date_gmt":"2024-12-14T07:05:10","guid":{"rendered":"https:\/\/mj-clothing.com\/?post_type=product&#038;p=1809"},"modified":"2024-12-17T06:53:15","modified_gmt":"2024-12-17T06:53:15","slug":"mens-quilted-sweater","status":"publish","type":"product","link":"https:\/\/mj-clothing.com\/es\/manufacturer\/mens-quilted-sweater\/","title":{"rendered":"Jersey acolchado para hombre"},"content":{"rendered":"<p data-sourcepos=\"1:1-1:189\"><span class=\"citation-0 recitation citation-end-0\">Un jersey acolchado para hombre es una prenda elegante y funcional que ofrece tanto calidez como una est\u00e9tica \u00fanica.<\/span> A continuaci\u00f3n te explicamos por qu\u00e9 deber\u00edas plantearte a\u00f1adir uno a tu armario:<span class=\"button-container hide-from-message-actions ng-star-inserted\"> \u00a0<\/span><\/p>\n<h3 data-sourcepos=\"3:1-3:33\"><strong>\u00a0 \u00bfPor qu\u00e9 elegir un jersey acolchado para hombre?<\/strong><\/h3>\n<ul data-sourcepos=\"5:1-9:0\">\n<li data-sourcepos=\"5:1-5:139\"><strong>Calidez y confort:<\/strong> <span class=\"citation-1 recitation citation-end-1\">El dise\u00f1o acolchado atrapa el aire, proporcionando un excelente aislamiento y manteni\u00e9ndote caliente en los climas m\u00e1s fr\u00edos.<\/span><span class=\"button-container hide-from-message-actions ng-star-inserted\"> \u00a0<\/span>\n<div class=\"container ng-tns-c2946245707-367 hide\">\n<div class=\"carousel-container ng-tns-c2946245707-367\"><\/div>\n<\/div>\n<\/li>\n<li data-sourcepos=\"6:1-6:129\"><strong>Estilo y versatilidad:<\/strong> <span class=\"citation-2 recitation citation-end-2\">Los jers\u00e9is acolchados pueden vestirse de forma elegante o informal, por lo que resultan adecuados para diversas ocasiones.<\/span><\/li>\n<li data-sourcepos=\"6:1-6:129\"><strong style=\"font-size: 14.4px;\">Est\u00e9tica \u00fanica:<\/strong><span style=\"font-size: 14.4px;\"> El estampado acolchado a\u00f1ade inter\u00e9s visual y textura a tu atuendo.<\/span><\/li>\n<li data-sourcepos=\"8:1-9:0\"><strong>Durabilidad:<\/strong> <span class=\"citation-3 recitation citation-end-3\">Los jers\u00e9is acolchados suelen estar fabricados con materiales duraderos, lo que garantiza su resistencia al desgaste habitual.<\/span><span class=\"button-container hide-from-message-actions ng-star-inserted\">\u00a0<\/span>\n<div class=\"container ng-tns-c2946245707-369 hide\">\n<div class=\"carousel-container ng-tns-c2946245707-369\">\n<div class=\"carousel-content ng-tns-c2946245707-369\">\n<div class=\"sources-carousel-source ng-tns-c2946245707-369 hide ng-star-inserted\" data-test-id=\"sources-carousel-source\"><\/div>\n<\/div>\n<\/div>\n<\/div>\n<\/li>\n<\/ul>\n<h3 data-sourcepos=\"10:1-10:35\"><strong>C\u00f3mo llevar un jersey acolchado para hombre:<\/strong><\/h3>\n<ul data-sourcepos=\"12:1-15:0\">\n<li data-sourcepos=\"12:1-12:77\"><strong>Casual:<\/strong> Comb\u00ednalo con unos vaqueros, una camiseta y unas zapatillas para un look relajado.<\/li>\n<li data-sourcepos=\"13:1-13:96\"><strong>Smart Casual:<\/strong> P\u00f3ntelo con unos chinos, una camisa abotonada y unos mocasines para un conjunto elegante.<\/li>\n<li data-sourcepos=\"14:1-15:0\"><strong>Actividades al aire libre:<\/strong> P\u00f3ntelo sobre un forro polar o una sudadera con capucha para abrigarte mejor en tus aventuras al aire libre.<\/li>\n<\/ul>\n<h3 data-sourcepos=\"16:1-16:41\"><strong>D\u00f3nde encontrar jers\u00e9is acolchados para hombre:<\/strong><\/h3>\n<ul data-sourcepos=\"18:1-21:0\">\n<li data-sourcepos=\"18:1-18:86\"><strong>Grandes almacenes:<\/strong> Busca marcas que ofrezcan una gran variedad de estilos y materiales.<\/li>\n<li data-sourcepos=\"19:1-19:131\"><strong><span class=\"citation-4 recitation\">Minoristas en l\u00ednea:<\/span><\/strong><span class=\"citation-4 recitation citation-end-4\"> Sitios web como Amazon, eBay y otros minoristas en l\u00ednea ofrecen una amplia gama de jers\u00e9is acolchados.<\/span><span class=\"button-container hide-from-message-actions ng-star-inserted\">\u00a0<\/span>\n<div class=\"container ng-tns-c2946245707-370 hide\">\n<div class=\"carousel-container ng-tns-c2946245707-370\">\n<div class=\"carousel-content ng-tns-c2946245707-370\">\n<div class=\"sources-carousel-source ng-tns-c2946245707-370 hide ng-star-inserted\" data-test-id=\"sources-carousel-source\"><\/div>\n<\/div>\n<\/div>\n<\/div>\n<\/li>\n<li data-sourcepos=\"20:1-21:0\"><strong>Tiendas de ropa de exterior:<\/strong> Las tiendas especializadas en equipamiento para actividades al aire libre suelen tener jers\u00e9is acolchados dise\u00f1ados para actividades espec\u00edficas.<\/li>\n<\/ul>\n<h3 data-sourcepos=\"22:1-22:40\"><strong>Consejos para elegir un jersey acolchado:<\/strong><\/h3>\n<ul data-sourcepos=\"24:1-28:0\">\n<li data-sourcepos=\"24:1-24:169\"><strong>Material:<\/strong> Ten en cuenta el material del edred\u00f3n, ya que afectar\u00e1 a la calidez y durabilidad del jersey. La lana, el forro polar y los materiales sint\u00e9ticos son opciones habituales.<\/li>\n<li data-sourcepos=\"25:1-25:70\"><strong>En forma:<\/strong> Elige un jersey que te quede bien y sea c\u00f3modo de llevar.<\/li>\n<li data-sourcepos=\"26:1-26:102\"><strong>Estilo:<\/strong> Selecciona un estilo que se adapte a tus gustos personales, como una cremallera completa, media cremallera o jersey.<\/li>\n<li data-sourcepos=\"27:1-28:0\"><strong>Color y dibujo:<\/strong> Ten en cuenta el color y el estampado de la colcha para complementar tu vestuario.<\/li>\n<\/ul>\n<p data-sourcepos=\"29:1-29:193\">Al invertir en un jersey acolchado de alta calidad, no s\u00f3lo estar\u00e1s adquiriendo una prenda elegante y funcional, sino tambi\u00e9n una prenda que te mantendr\u00e1 abrigado y c\u00f3modo durante a\u00f1os.<\/p>","protected":false},"excerpt":{"rendered":"<table style=\"height: 486px;\" width=\"466\">\n<tbody>\n<tr>\n<td width=\"146\"><strong><b>Producto<\/b><\/strong>\u00a0<strong><b>Nombre:<\/b><\/strong><\/td>\n<td width=\"601\"><strong>Jersey acolchado para hombre<\/strong><\/td>\n<\/tr>\n<tr>\n<td width=\"146\"><strong><b>Materlal:<\/b><\/strong><\/td>\n<td width=\"601\">Poli\u00e9ster\/algod\u00f3n<\/td>\n<\/tr>\n<tr>\n<td width=\"146\"><strong><b>T\u00e9cnica:<\/b><\/strong><\/td>\n<td width=\"601\">Tejido<\/td>\n<\/tr>\n<tr>\n<td width=\"146\"><strong><b>Estilo:<\/b><\/strong><\/td>\n<td width=\"601\">Casual<\/td>\n<\/tr>\n<tr>\n<td width=\"146\"><strong><b>Color<\/b><\/strong><strong><b>:<\/b><\/strong><\/td>\n<td width=\"601\">\u00a0Colores personalizados<\/td>\n<\/tr>\n<tr>\n<td width=\"146\"><strong><b>Tama\u00f1o:<\/b><\/strong><\/td>\n<td width=\"601\">S \/M \/L \/XL \/2XL<\/td>\n<\/tr>\n<tr>\n<td width=\"146\"><strong><b>OEM\/ODM:<\/b><\/strong><\/td>\n<td width=\"601\">Aceptable<\/td>\n<\/tr>\n<tr>\n<td width=\"146\"><strong><b>Calidad:<\/b><\/strong><\/td>\n<td width=\"601\">100% Alta calidad<\/td>\n<\/tr>\n<tr>\n<td width=\"146\"><strong><b>M<\/b><\/strong><strong><b>OQ:<\/b><\/strong><\/td>\n<td width=\"601\">200 unidades<\/td>\n<\/tr>\n<\/tbody>\n<\/table>","protected":false},"featured_media":1810,"template":"","meta":[],"product_brand":[],"product_cat":[38],"product_tag":[],"class_list":{"0":"post-1809","1":"product","2":"type-product","3":"status-publish","4":"has-post-thumbnail","6":"product_cat-mens-clothing","8":"first","9":"instock","10":"shipping-taxable","11":"product-type-simple"},"_links":{"self":[{"href":"https:\/\/mj-clothing.com\/es\/wp-json\/wp\/v2\/product\/1809","targetHints":{"allow":["GET"]}}],"collection":[{"href":"https:\/\/mj-clothing.com\/es\/wp-json\/wp\/v2\/product"}],"about":[{"href":"https:\/\/mj-clothing.com\/es\/wp-json\/wp\/v2\/types\/product"}],"wp:featuredmedia":[{"embeddable":true,"href":"https:\/\/mj-clothing.com\/es\/wp-json\/wp\/v2\/media\/1810"}],"wp:attachment":[{"href":"https:\/\/mj-clothing.com\/es\/wp-json\/wp\/v2\/media?parent=1809"}],"wp:term":[{"taxonomy":"product_brand","embeddable":true,"href":"https:\/\/mj-clothing.com\/es\/wp-json\/wp\/v2\/product_brand?post=1809"},{"taxonomy":"product_cat","embeddable":true,"href":"https:\/\/mj-clothing.com\/es\/wp-json\/wp\/v2\/product_cat?post=1809"},{"taxonomy":"product_tag","embeddable":true,"href":"https:\/\/mj-clothing.com\/es\/wp-json\/wp\/v2\/product_tag?post=1809"}],"curies":[{"name":"wp","href":"https:\/\/api.w.org\/{rel}","templated":true}]}}