{"id":1811,"date":"2024-12-14T07:29:45","date_gmt":"2024-12-14T07:29:45","guid":{"rendered":"https:\/\/mj-clothing.com\/?post_type=product&#038;p=1811"},"modified":"2024-12-17T06:51:19","modified_gmt":"2024-12-17T06:51:19","slug":"mens-hooded-cotton-jacket","status":"publish","type":"product","link":"https:\/\/mj-clothing.com\/es\/manufacturer\/mens-hooded-cotton-jacket\/","title":{"rendered":"Chaqueta de algod\u00f3n con capucha para hombre"},"content":{"rendered":"<p data-sourcepos=\"1:1-1:194\"><span class=\"citation-0 recitation citation-end-0\">Una chaqueta de algod\u00f3n con capucha para hombre es una prenda vers\u00e1til y elegante que se puede llevar en distintas condiciones meteorol\u00f3gicas.<\/span> A continuaci\u00f3n te explicamos por qu\u00e9 deber\u00edas plantearte a\u00f1adir uno a tu armario:<span class=\"button-container hide-from-message-actions ng-star-inserted\">\u00a0<\/span><\/p>\n<div class=\"container ng-tns-c2946245707-384 hide\">\n<div class=\"carousel-container ng-tns-c2946245707-384\">\n<div class=\"carousel-content ng-tns-c2946245707-384\">\n<div class=\"sources-carousel-source ng-tns-c2946245707-384 hide ng-star-inserted\" data-test-id=\"sources-carousel-source\"><\/div>\n<\/div>\n<\/div>\n<\/div>\n<h3 data-sourcepos=\"3:1-3:38\"><strong>\u00bfPor qu\u00e9 elegir una chaqueta de algod\u00f3n con capucha para hombre?<\/strong><\/h3>\n<ul data-sourcepos=\"5:1-9:0\">\n<li data-sourcepos=\"5:1-5:128\"><strong><span class=\"citation-1 recitation\">Confort y calidez:<\/span><\/strong><span class=\"citation-1 recitation citation-end-1\"> El algod\u00f3n es un material transpirable y c\u00f3modo que puede mantenerte caliente cuando hace fresco.<\/span><\/li>\n<li data-sourcepos=\"5:1-5:128\"><strong style=\"font-size: 14.4px;\">Versatilidad:<\/strong><span style=\"font-size: 14.4px;\"> Una chaqueta de algod\u00f3n con capucha puede vestirse de forma elegante o informal, por lo que es perfecta tanto para ocasiones informales como semiformales.<\/span><\/li>\n<li data-sourcepos=\"7:1-7:97\"><strong>Protecci\u00f3n contra los elementos:<\/strong> La capucha proporciona protecci\u00f3n adicional contra la lluvia, el viento y el fr\u00edo.<\/li>\n<li data-sourcepos=\"8:1-9:0\"><strong>Estilo:<\/strong> Las chaquetas con capucha pueden a\u00f1adir un toque de estilo a cualquier conjunto.<\/li>\n<\/ul>\n<h3 data-sourcepos=\"10:1-10:40\"><strong>C\u00f3mo llevar una chaqueta de algod\u00f3n con capucha:<\/strong><\/h3>\n<ul data-sourcepos=\"12:1-15:0\">\n<li data-sourcepos=\"12:1-12:77\"><strong>Casual:<\/strong> Comb\u00ednalo con unos vaqueros, una camiseta y unas zapatillas para un look relajado.<\/li>\n<li data-sourcepos=\"13:1-13:96\"><strong>Smart Casual:<\/strong> P\u00f3ntelo con unos chinos, una camisa abotonada y unos mocasines para un conjunto elegante.<\/li>\n<li data-sourcepos=\"14:1-15:0\"><strong>Actividades al aire libre:<\/strong> P\u00f3ntelo sobre un forro polar o una sudadera con capucha para abrigarte mejor en tus aventuras al aire libre.<\/li>\n<\/ul>\n<h3 data-sourcepos=\"16:1-16:46\"><strong>D\u00f3nde encontrar chaquetas de algod\u00f3n con capucha para hombre:<\/strong><\/h3>\n<ul data-sourcepos=\"18:1-21:0\">\n<li data-sourcepos=\"18:1-18:86\"><strong>Grandes almacenes:<\/strong> Busca marcas que ofrezcan una gran variedad de estilos y materiales.<\/li>\n<li data-sourcepos=\"19:1-19:136\"><strong><span class=\"citation-2 recitation\">Minoristas en l\u00ednea:<\/span><\/strong><span class=\"citation-2 recitation citation-end-2\"> Sitios web como Amazon, eBay y otros minoristas en l\u00ednea ofrecen una amplia gama de chaquetas de algod\u00f3n con capucha.<\/span><span class=\"button-container hide-from-message-actions ng-star-inserted\"> \u00a0<\/span>\n<div class=\"container ng-tns-c2946245707-386 hide\">\n<div class=\"carousel-container ng-tns-c2946245707-386\"><\/div>\n<\/div>\n<\/li>\n<li data-sourcepos=\"20:1-21:0\"><strong>Tiendas de ropa de exterior:<\/strong> Las tiendas especializadas en equipamiento para actividades al aire libre suelen tener chaquetas de algod\u00f3n con capucha dise\u00f1adas para actividades espec\u00edficas.<\/li>\n<\/ul>\n<h3 data-sourcepos=\"22:1-22:45\"><strong>Consejos para elegir una chaqueta de algod\u00f3n con capucha para hombre:<\/strong><\/h3>\n<ul data-sourcepos=\"24:1-28:0\">\n<li data-sourcepos=\"24:1-24:123\"><strong>Material:<\/strong> Ten en cuenta el peso y el grosor del algod\u00f3n, ya que afectar\u00e1 a la calidez y la durabilidad de la chaqueta.<\/li>\n<li data-sourcepos=\"25:1-25:69\"><strong>En forma:<\/strong> Elige una chaqueta que te quede bien y sea c\u00f3moda de llevar.<\/li>\n<li data-sourcepos=\"26:1-26:108\"><strong>Estilo:<\/strong> Elige un estilo que se adapte a tus gustos personales, como una cazadora bomber, una cazadora de campo o una parka.<\/li>\n<li data-sourcepos=\"27:1-28:0\"><strong>Caracter\u00edsticas:<\/strong> Considera caracter\u00edsticas adicionales como bolsillos, capucha con cord\u00f3n y pu\u00f1os y dobladillo de canal\u00e9.<\/li>\n<\/ul>\n<p data-sourcepos=\"29:1-29:198\">Al invertir en una chaqueta de algod\u00f3n con capucha de alta calidad, no s\u00f3lo estar\u00e1s adquiriendo una prenda elegante y funcional, sino tambi\u00e9n una prenda que te mantendr\u00e1 abrigado y c\u00f3modo durante a\u00f1os.<\/p>\n<div class=\"attachment-container search-images\">\n<div class=\"image-container hide-from-message-actions ng-star-inserted\">\n<div class=\"overlay-container ng-star-inserted\"><\/div>\n<\/div>\n<\/div>","protected":false},"excerpt":{"rendered":"<table style=\"height: 509px;\" width=\"553\">\n<tbody>\n<tr>\n<td width=\"146\"><strong><b>Producto<\/b><\/strong>\u00a0<strong><b>Nombre:<\/b><\/strong><\/td>\n<td width=\"601\"><strong>Chaqueta de algod\u00f3n con capucha para hombre<\/strong><\/td>\n<\/tr>\n<tr>\n<td width=\"146\"><strong><b>Materlal:<\/b><\/strong><\/td>\n<td width=\"601\">Poli\u00e9ster\/algod\u00f3n<\/td>\n<\/tr>\n<tr>\n<td width=\"146\"><strong><b>T\u00e9cnica:<\/b><\/strong><\/td>\n<td width=\"601\">Algod\u00f3n liso<\/td>\n<\/tr>\n<tr>\n<td width=\"146\"><strong><b>Estilo:<\/b><\/strong><\/td>\n<td width=\"601\">Casual<\/td>\n<\/tr>\n<tr>\n<td width=\"146\"><strong><b>Color<\/b><\/strong><strong><b>:<\/b><\/strong><\/td>\n<td width=\"601\">\u00a0Colores personalizados<\/td>\n<\/tr>\n<tr>\n<td width=\"146\"><strong><b>Tama\u00f1o:<\/b><\/strong><\/td>\n<td width=\"601\">S \/M \/L \/XL \/2XL<\/td>\n<\/tr>\n<tr>\n<td width=\"146\"><strong><b>OEM\/ODM:<\/b><\/strong><\/td>\n<td width=\"601\">Aceptable<\/td>\n<\/tr>\n<tr>\n<td width=\"146\"><strong><b>Calidad:<\/b><\/strong><\/td>\n<td width=\"601\">100% Alta calidad<\/td>\n<\/tr>\n<tr>\n<td width=\"146\"><strong><b>M<\/b><\/strong><strong><b>OQ:<\/b><\/strong><\/td>\n<td width=\"601\">200 unidades<\/td>\n<\/tr>\n<\/tbody>\n<\/table>","protected":false},"featured_media":1812,"template":"","meta":[],"product_brand":[],"product_cat":[38],"product_tag":[],"class_list":{"0":"post-1811","1":"product","2":"type-product","3":"status-publish","4":"has-post-thumbnail","6":"product_cat-mens-clothing","8":"first","9":"instock","10":"shipping-taxable","11":"product-type-simple"},"_links":{"self":[{"href":"https:\/\/mj-clothing.com\/es\/wp-json\/wp\/v2\/product\/1811","targetHints":{"allow":["GET"]}}],"collection":[{"href":"https:\/\/mj-clothing.com\/es\/wp-json\/wp\/v2\/product"}],"about":[{"href":"https:\/\/mj-clothing.com\/es\/wp-json\/wp\/v2\/types\/product"}],"wp:featuredmedia":[{"embeddable":true,"href":"https:\/\/mj-clothing.com\/es\/wp-json\/wp\/v2\/media\/1812"}],"wp:attachment":[{"href":"https:\/\/mj-clothing.com\/es\/wp-json\/wp\/v2\/media?parent=1811"}],"wp:term":[{"taxonomy":"product_brand","embeddable":true,"href":"https:\/\/mj-clothing.com\/es\/wp-json\/wp\/v2\/product_brand?post=1811"},{"taxonomy":"product_cat","embeddable":true,"href":"https:\/\/mj-clothing.com\/es\/wp-json\/wp\/v2\/product_cat?post=1811"},{"taxonomy":"product_tag","embeddable":true,"href":"https:\/\/mj-clothing.com\/es\/wp-json\/wp\/v2\/product_tag?post=1811"}],"curies":[{"name":"wp","href":"https:\/\/api.w.org\/{rel}","templated":true}]}}