{"id":1813,"date":"2024-12-14T07:39:40","date_gmt":"2024-12-14T07:39:40","guid":{"rendered":"https:\/\/mj-clothing.com\/?post_type=product&#038;p=1813"},"modified":"2024-12-17T06:49:41","modified_gmt":"2024-12-17T06:49:41","slug":"flannel-lined-jacket","status":"publish","type":"product","link":"https:\/\/mj-clothing.com\/es\/manufacturer\/flannel-lined-jacket\/","title":{"rendered":"Chaqueta forrada de franela"},"content":{"rendered":"<h2 data-sourcepos=\"1:1-1:46\">Chaquetas forradas de franela para hombre: Un cl\u00e1sico acogedor<\/h2>\n<p data-sourcepos=\"3:1-3:223\"><span class=\"citation-0 recitation citation-end-0\">Una chaqueta con forro de franela es una prenda de abrigo cl\u00e1sica que ofrece calidez, comodidad y estilo.<\/span> Es perfecto para los fr\u00edos d\u00edas de oto\u00f1o e invierno en los que necesitas un poco m\u00e1s de calor sin renunciar al estilo.<\/p>\n<p data-sourcepos=\"3:1-3:223\"><strong>\u00a0 \u00a0 \u00a0\u00bfPor qu\u00e9 elegir una chaqueta con forro de franela?<\/strong><\/p>\n<ul data-sourcepos=\"7:1-11:0\">\n<li data-sourcepos=\"7:1-7:103\"><strong>Calor:<\/strong> <span class=\"citation-1 recitation citation-end-1\">El forro de franela proporciona un excelente aislamiento, manteni\u00e9ndote caliente y acogedor.<\/span><span class=\"button-container hide-from-message-actions ng-star-inserted\">\u00a0<\/span>\n<div class=\"container ng-tns-c2946245707-430 hide\">\n<div class=\"carousel-container ng-tns-c2946245707-430\"><\/div>\n<\/div>\n<\/li>\n<li data-sourcepos=\"8:1-8:103\"><strong>Comodidad:<\/strong> <span class=\"citation-2 recitation citation-end-2\">La franela es un tejido suave y c\u00f3modo que proporciona un tacto agradable sobre la piel.<\/span><span class=\"button-container hide-from-message-actions ng-star-inserted\"> \u00a0<\/span>\n<div class=\"container ng-tns-c2946245707-431 hide\">\n<div class=\"carousel-container ng-tns-c2946245707-431\"><\/div>\n<\/div>\n<\/li>\n<li data-sourcepos=\"9:1-9:119\"><strong>Estilo:<\/strong> <span class=\"citation-3 recitation citation-end-3\">Las chaquetas forradas de franela pueden vestirse de forma elegante o informal, lo que las hace vers\u00e1tiles para diversas ocasiones.<\/span><span class=\"button-container hide-from-message-actions ng-star-inserted\"> \u00a0<\/span>\n<div class=\"container ng-tns-c2946245707-432 hide\">\n<div class=\"carousel-container ng-tns-c2946245707-432\"><\/div>\n<\/div>\n<\/li>\n<li data-sourcepos=\"10:1-11:0\"><strong><span class=\"citation-4 recitation\">Durabilidad:<\/span><\/strong><span class=\"citation-4 recitation citation-end-4\"> La franela es un tejido duradero que soporta el desgaste habitual.<\/span><span class=\"button-container hide-from-message-actions ng-star-inserted\">\u00a0<\/span>\n<div class=\"container ng-tns-c2946245707-433 hide\">\n<div class=\"carousel-container ng-tns-c2946245707-433\">\n<div class=\"carousel-content ng-tns-c2946245707-433\">\n<div class=\"sources-carousel-source ng-tns-c2946245707-433 hide ng-star-inserted\" data-test-id=\"sources-carousel-source\"><\/div>\n<\/div>\n<\/div>\n<\/div>\n<\/li>\n<\/ul>\n<p data-sourcepos=\"12:1-12:40\"><strong>C\u00f3mo llevar una chaqueta de franela:<\/strong><\/p>\n<ul data-sourcepos=\"14:1-17:0\">\n<li data-sourcepos=\"14:1-14:77\"><strong>Casual:<\/strong> Comb\u00ednalo con unos vaqueros, una camiseta y unas zapatillas para un look relajado.<\/li>\n<li data-sourcepos=\"15:1-15:96\"><strong>Smart Casual:<\/strong> P\u00f3ntelo con unos chinos, una camisa abotonada y unos mocasines para un conjunto elegante.<\/li>\n<li data-sourcepos=\"16:1-17:0\"><strong>Actividades al aire libre:<\/strong> P\u00f3ntelo sobre un forro polar o una sudadera con capucha para abrigarte mejor en tus aventuras al aire libre.<\/li>\n<\/ul>\n<p data-sourcepos=\"18:1-18:46\"><strong>D\u00f3nde encontrar chaquetas forradas de franela para hombre:<\/strong><\/p>\n<ul data-sourcepos=\"20:1-23:0\">\n<li data-sourcepos=\"20:1-20:86\"><strong>Grandes almacenes:<\/strong> Busca marcas que ofrezcan una gran variedad de estilos y materiales.<\/li>\n<li data-sourcepos=\"21:1-21:136\"><strong><span class=\"citation-5 recitation\">Minoristas en l\u00ednea:<\/span><\/strong><span class=\"citation-5 recitation citation-end-5\"> Sitios web como Amazon, eBay y otros minoristas en l\u00ednea ofrecen una amplia gama de chaquetas forradas de franela.<\/span><span class=\"button-container hide-from-message-actions ng-star-inserted\">\u00a0<\/span>\n<div class=\"container ng-tns-c2946245707-434 hide\">\n<div class=\"carousel-container ng-tns-c2946245707-434\"><\/div>\n<\/div>\n<\/li>\n<li data-sourcepos=\"22:1-23:0\"><strong>Tiendas de ropa de exterior:<\/strong> Las tiendas especializadas en equipamiento para actividades al aire libre suelen tener chaquetas forradas de franela dise\u00f1adas para actividades espec\u00edficas.<\/li>\n<\/ul>\n<p data-sourcepos=\"24:1-24:45\"><strong>Consejos para elegir una chaqueta forrada de franela:<\/strong><\/p>\n<ul data-sourcepos=\"26:1-30:0\">\n<li data-sourcepos=\"26:1-26:128\"><strong>Material:<\/strong> Ten en cuenta el peso y el grosor del forro de franela, ya que afectar\u00e1 a la calidez y la comodidad de la chaqueta.<\/li>\n<li data-sourcepos=\"27:1-27:69\"><strong>En forma:<\/strong> Elige una chaqueta que te quede bien y sea c\u00f3moda de llevar.<\/li>\n<li data-sourcepos=\"28:1-28:108\"><strong>Estilo:<\/strong> Elige un estilo que se adapte a tus gustos personales, como una cazadora bomber, una cazadora de campo o una parka.<\/li>\n<li data-sourcepos=\"29:1-30:0\"><strong>Caracter\u00edsticas:<\/strong> Considera caracter\u00edsticas adicionales como bolsillos, capucha con cord\u00f3n y pu\u00f1os y dobladillo de canal\u00e9.<\/li>\n<\/ul>\n<p data-sourcepos=\"31:1-31:198\">Al invertir en una chaqueta con forro de franela de alta calidad, no s\u00f3lo estar\u00e1 adquiriendo una prenda elegante y funcional, sino tambi\u00e9n una prenda que le mantendr\u00e1 abrigado y c\u00f3modo durante a\u00f1os.<\/p>","protected":false},"excerpt":{"rendered":"<table style=\"height: 478px;\" width=\"452\">\n<tbody>\n<tr>\n<td width=\"146\"><strong><b>Producto<\/b><\/strong>\u00a0<strong><b>Nombre:<\/b><\/strong><\/td>\n<td width=\"601\"><strong>Chaqueta forrada de franela<\/strong><\/td>\n<\/tr>\n<tr>\n<td width=\"146\"><strong><b>Materlal:<\/b><\/strong><\/td>\n<td width=\"601\">Poli\u00e9ster\/algod\u00f3n<\/td>\n<\/tr>\n<tr>\n<td width=\"146\"><strong><b>T\u00e9cnica:<\/b><\/strong><\/td>\n<td width=\"601\">Algod\u00f3n liso<\/td>\n<\/tr>\n<tr>\n<td width=\"146\"><strong><b>Estilo:<\/b><\/strong><\/td>\n<td width=\"601\">Casual<\/td>\n<\/tr>\n<tr>\n<td width=\"146\"><strong><b>Color<\/b><\/strong><strong><b>:<\/b><\/strong><\/td>\n<td width=\"601\">\u00a0Colores personalizados<\/td>\n<\/tr>\n<tr>\n<td width=\"146\"><strong><b>Tama\u00f1o:<\/b><\/strong><\/td>\n<td width=\"601\">S \/M \/L \/XL \/2XL<\/td>\n<\/tr>\n<tr>\n<td width=\"146\"><strong><b>OEM\/ODM:<\/b><\/strong><\/td>\n<td width=\"601\">Aceptable<\/td>\n<\/tr>\n<tr>\n<td width=\"146\"><strong><b>Calidad:<\/b><\/strong><\/td>\n<td width=\"601\">100% Alta calidad<\/td>\n<\/tr>\n<tr>\n<td width=\"146\"><strong><b>M<\/b><\/strong><strong><b>OQ:<\/b><\/strong><\/td>\n<td width=\"601\">200 unidades<\/td>\n<\/tr>\n<\/tbody>\n<\/table>","protected":false},"featured_media":1814,"template":"","meta":[],"product_brand":[],"product_cat":[38],"product_tag":[],"class_list":{"0":"post-1813","1":"product","2":"type-product","3":"status-publish","4":"has-post-thumbnail","6":"product_cat-mens-clothing","8":"first","9":"instock","10":"shipping-taxable","11":"product-type-simple"},"_links":{"self":[{"href":"https:\/\/mj-clothing.com\/es\/wp-json\/wp\/v2\/product\/1813","targetHints":{"allow":["GET"]}}],"collection":[{"href":"https:\/\/mj-clothing.com\/es\/wp-json\/wp\/v2\/product"}],"about":[{"href":"https:\/\/mj-clothing.com\/es\/wp-json\/wp\/v2\/types\/product"}],"wp:featuredmedia":[{"embeddable":true,"href":"https:\/\/mj-clothing.com\/es\/wp-json\/wp\/v2\/media\/1814"}],"wp:attachment":[{"href":"https:\/\/mj-clothing.com\/es\/wp-json\/wp\/v2\/media?parent=1813"}],"wp:term":[{"taxonomy":"product_brand","embeddable":true,"href":"https:\/\/mj-clothing.com\/es\/wp-json\/wp\/v2\/product_brand?post=1813"},{"taxonomy":"product_cat","embeddable":true,"href":"https:\/\/mj-clothing.com\/es\/wp-json\/wp\/v2\/product_cat?post=1813"},{"taxonomy":"product_tag","embeddable":true,"href":"https:\/\/mj-clothing.com\/es\/wp-json\/wp\/v2\/product_tag?post=1813"}],"curies":[{"name":"wp","href":"https:\/\/api.w.org\/{rel}","templated":true}]}}