{"id":1819,"date":"2024-12-14T07:53:41","date_gmt":"2024-12-14T07:53:41","guid":{"rendered":"https:\/\/mj-clothing.com\/?post_type=product&#038;p=1819"},"modified":"2024-12-17T06:39:12","modified_gmt":"2024-12-17T06:39:12","slug":"royal-blue-jacket","status":"publish","type":"product","link":"https:\/\/mj-clothing.com\/es\/manufacturer\/royal-blue-jacket\/","title":{"rendered":"Chaqueta azul real"},"content":{"rendered":"<p data-sourcepos=\"1:1-1:164\">Una chaqueta azul real es una prenda vers\u00e1til que puede realzar cualquier conjunto. Es un color rico y vibrante que puede a\u00f1adir un toque de sofisticaci\u00f3n y estilo a tu vestuario.<\/p>\n<h3 data-sourcepos=\"3:1-3:35\"><strong>\u00bfPor qu\u00e9 elegir una chaqueta azul real?<\/strong><\/h3>\n<ul data-sourcepos=\"5:1-8:0\">\n<li data-sourcepos=\"5:1-5:106\"><strong>Versatilidad:<\/strong> Una chaqueta azul real puede vestirse de forma elegante o informal, por lo que es perfecta para diversas ocasiones.<\/li>\n<li data-sourcepos=\"6:1-6:72\"><strong>Sofisticaci\u00f3n:<\/strong> El rico color a\u00f1ade un toque de elegancia y clase.<\/li>\n<li data-sourcepos=\"7:1-8:0\"><strong>Estilo \u00fanico:<\/strong> Destaca entre la multitud y es toda una declaraci\u00f3n de intenciones.<\/li>\n<\/ul>\n<h3 data-sourcepos=\"9:1-9:37\"><strong>C\u00f3mo llevar una chaqueta azul marino:<\/strong><\/h3>\n<ul data-sourcepos=\"11:1-14:0\">\n<li data-sourcepos=\"11:1-11:77\"><strong>Casual:<\/strong> Comb\u00ednalo con unos vaqueros, una camiseta y unas zapatillas para un look relajado.<\/li>\n<li data-sourcepos=\"12:1-12:96\"><strong>Smart Casual:<\/strong> P\u00f3ntelo con unos chinos, una camisa abotonada y unos mocasines para un conjunto elegante.<\/li>\n<li data-sourcepos=\"13:1-14:0\"><strong>Formal:<\/strong> P\u00f3ntelo sobre una chaqueta de traje para darle un toque \u00fanico a tu vestimenta formal.<\/li>\n<\/ul>\n<h3 data-sourcepos=\"15:1-15:42\"><strong>Consejos para elegir una chaqueta azul real:<\/strong><\/h3>\n<ul data-sourcepos=\"17:1-20:0\">\n<li data-sourcepos=\"17:1-17:154\"><strong>Material:<\/strong> Ten en cuenta el material, ya que influir\u00e1 en el calor, la durabilidad y el aspecto general de la chaqueta. La lana, el algod\u00f3n y el cuero son opciones populares.<\/li>\n<li data-sourcepos=\"18:1-18:71\"><strong>En forma:<\/strong> Elige una chaqueta que te quede bien y favorezca la forma de tu cuerpo.<\/li>\n<li data-sourcepos=\"19:1-20:0\"><strong>Estilo:<\/strong> Elige un estilo que se adapte a tus gustos personales, como una cazadora bomber, una cazadora de campo o una americana.<\/li>\n<\/ul>","protected":false},"excerpt":{"rendered":"<table style=\"height: 563px;\" width=\"468\">\n<tbody>\n<tr>\n<td width=\"146\"><strong><b>Producto<\/b><\/strong>\u00a0<strong><b>Nombre:<\/b><\/strong><\/td>\n<td width=\"601\"><strong>Chaqueta azul real<\/strong><\/td>\n<\/tr>\n<tr>\n<td width=\"146\"><strong><b>Materlal:<\/b><\/strong><\/td>\n<td width=\"601\">Poli\u00e9ster\/algod\u00f3n<\/td>\n<\/tr>\n<tr>\n<td width=\"146\"><strong><b>T\u00e9cnica:<\/b><\/strong><\/td>\n<td width=\"601\">Algod\u00f3n liso<\/td>\n<\/tr>\n<tr>\n<td width=\"146\"><strong><b>Estilo:<\/b><\/strong><\/td>\n<td width=\"601\">Casual<\/td>\n<\/tr>\n<tr>\n<td width=\"146\"><strong><b>Color<\/b><\/strong><strong><b>:<\/b><\/strong><\/td>\n<td width=\"601\">\u00a0Colores personalizados<\/td>\n<\/tr>\n<tr>\n<td width=\"146\"><strong><b>Tama\u00f1o:<\/b><\/strong><\/td>\n<td width=\"601\">S \/M \/L \/XL \/2XL<\/td>\n<\/tr>\n<tr>\n<td width=\"146\"><strong><b>OEM\/ODM:<\/b><\/strong><\/td>\n<td width=\"601\">Aceptable<\/td>\n<\/tr>\n<tr>\n<td width=\"146\"><strong><b>Calidad:<\/b><\/strong><\/td>\n<td width=\"601\">100% Alta calidad<\/td>\n<\/tr>\n<tr>\n<td width=\"146\"><strong><b>M<\/b><\/strong><strong><b>OQ:<\/b><\/strong><\/td>\n<td width=\"601\">200 unidades<\/td>\n<\/tr>\n<\/tbody>\n<\/table>","protected":false},"featured_media":1820,"template":"","meta":[],"product_brand":[],"product_cat":[38],"product_tag":[],"class_list":{"0":"post-1819","1":"product","2":"type-product","3":"status-publish","4":"has-post-thumbnail","6":"product_cat-mens-clothing","8":"first","9":"instock","10":"shipping-taxable","11":"product-type-simple"},"_links":{"self":[{"href":"https:\/\/mj-clothing.com\/es\/wp-json\/wp\/v2\/product\/1819","targetHints":{"allow":["GET"]}}],"collection":[{"href":"https:\/\/mj-clothing.com\/es\/wp-json\/wp\/v2\/product"}],"about":[{"href":"https:\/\/mj-clothing.com\/es\/wp-json\/wp\/v2\/types\/product"}],"wp:featuredmedia":[{"embeddable":true,"href":"https:\/\/mj-clothing.com\/es\/wp-json\/wp\/v2\/media\/1820"}],"wp:attachment":[{"href":"https:\/\/mj-clothing.com\/es\/wp-json\/wp\/v2\/media?parent=1819"}],"wp:term":[{"taxonomy":"product_brand","embeddable":true,"href":"https:\/\/mj-clothing.com\/es\/wp-json\/wp\/v2\/product_brand?post=1819"},{"taxonomy":"product_cat","embeddable":true,"href":"https:\/\/mj-clothing.com\/es\/wp-json\/wp\/v2\/product_cat?post=1819"},{"taxonomy":"product_tag","embeddable":true,"href":"https:\/\/mj-clothing.com\/es\/wp-json\/wp\/v2\/product_tag?post=1819"}],"curies":[{"name":"wp","href":"https:\/\/api.w.org\/{rel}","templated":true}]}}