{"id":1821,"date":"2024-12-14T08:09:47","date_gmt":"2024-12-14T08:09:47","guid":{"rendered":"https:\/\/mj-clothing.com\/?post_type=product&#038;p=1821"},"modified":"2024-12-17T06:35:17","modified_gmt":"2024-12-17T06:35:17","slug":"thermal-jacket","status":"publish","type":"product","link":"https:\/\/mj-clothing.com\/es\/manufacturer\/thermal-jacket\/","title":{"rendered":"Chaqueta t\u00e9rmica"},"content":{"rendered":"<h2 data-sourcepos=\"1:1-1:38\">Chaquetas t\u00e9rmicas: Imprescindibles en invierno<\/h2>\n<p data-sourcepos=\"3:1-3:216\">Una chaqueta t\u00e9rmica es una prenda vers\u00e1til dise\u00f1ada para mantener el calor y la comodidad cuando hace fr\u00edo. Las hay de distintos estilos, materiales y niveles de aislamiento para adaptarse a diferentes necesidades y preferencias.<\/p>\n<p data-sourcepos=\"5:1-5:36\"><strong>Caracter\u00edsticas principales de las chaquetas t\u00e9rmicas:<\/strong><\/p>\n<ul data-sourcepos=\"7:1-11:0\">\n<li data-sourcepos=\"7:1-7:93\"><strong>Calor:<\/strong> Las chaquetas t\u00e9rmicas est\u00e1n dise\u00f1adas para atrapar el calor y mantenerte caliente en condiciones de fr\u00edo.<\/li>\n<li data-sourcepos=\"8:1-8:119\"><strong>Resistencia al agua:<\/strong> Muchas chaquetas t\u00e9rmicas son resistentes al agua o incluso impermeables, por lo que te protegen de la lluvia y la nieve.<\/li>\n<li data-sourcepos=\"9:1-9:87\"><strong>Resistencia al viento:<\/strong> Suelen llevar tejidos resistentes al viento para bloquear los vientos fr\u00edos.<\/li>\n<li data-sourcepos=\"10:1-11:0\"><strong>Transpirabilidad:<\/strong> Las buenas chaquetas t\u00e9rmicas permiten que la humedad salga, manteni\u00e9ndote seco y c\u00f3modo.<\/li>\n<\/ul>\n<p data-sourcepos=\"12:1-12:29\"><strong>Tipos de chaquetas t\u00e9rmicas:<\/strong><\/p>\n<ul data-sourcepos=\"14:1-17:0\">\n<li data-sourcepos=\"14:1-14:129\"><strong>Chaquetas Puffer:<\/strong> Estas chaquetas est\u00e1n rellenas de materiales aislantes, como plum\u00f3n o fibras sint\u00e9ticas, que proporcionan el m\u00e1ximo calor.<\/li>\n<li data-sourcepos=\"15:1-15:120\"><strong>Chaquetas Soft-Shell:<\/strong> Estas chaquetas est\u00e1n fabricadas con una combinaci\u00f3n de materiales que ofrecen tanto calor como flexibilidad.<\/li>\n<li data-sourcepos=\"16:1-17:0\"><strong>Chaquetas aislantes:<\/strong> Estas chaquetas utilizan diversas tecnolog\u00edas de aislamiento para mantenerte caliente, como PrimaLoft o Thinsulate.<\/li>\n<\/ul>\n<p data-sourcepos=\"18:1-18:35\"><strong>C\u00f3mo elegir una chaqueta t\u00e9rmica:<\/strong><\/p>\n<ol data-sourcepos=\"20:1-24:0\">\n<li data-sourcepos=\"20:1-20:158\"><strong>Considera el clima:<\/strong> Si vives en un clima muy fr\u00edo, opta por una chaqueta muy aislante. Para climas m\u00e1s templados, puede bastar con una chaqueta m\u00e1s ligera.<\/li>\n<li data-sourcepos=\"21:1-21:155\"><strong>Nivel de actividad:<\/strong> Si piensas realizar actividades al aire libre, elige una chaqueta con caracter\u00edsticas como capuchas ajustables, bolsillos y ventilaci\u00f3n.<\/li>\n<li data-sourcepos=\"22:1-22:90\"><strong>En forma:<\/strong> Aseg\u00farese de que la chaqueta se ajusta bien, permitiendo la superposici\u00f3n de capas sin sentirse restringido.<\/li>\n<li data-sourcepos=\"23:1-24:0\"><strong>Material:<\/strong> Ten en cuenta el material de la capa exterior y el aislamiento. Los materiales impermeables y cortavientos son ideales para condiciones clim\u00e1ticas adversas.<\/li>\n<\/ol>\n<p data-sourcepos=\"25:1-25:37\"><strong>Consejos de estilismo para chaquetas t\u00e9rmicas:<\/strong><\/p>\n<ul data-sourcepos=\"27:1-30:0\">\n<li data-sourcepos=\"27:1-27:90\"><strong>Casual:<\/strong> Comb\u00ednalo con vaqueros, un jersey y botas para un look c\u00f3modo y elegante.<\/li>\n<li data-sourcepos=\"28:1-28:100\"><strong>Smart Casual:<\/strong> P\u00f3ntelo con unos chinos, una camisa abotonada y unas zapatillas para un look m\u00e1s elegante.<\/li>\n<li data-sourcepos=\"29:1-30:0\"><strong>Actividades al aire libre:<\/strong> P\u00f3ntelo sobre un forro polar o una sudadera con capucha para abrigarte mejor en tus aventuras al aire libre.<\/li>\n<\/ul>\n<p data-sourcepos=\"31:1-31:105\">Si eliges la chaqueta t\u00e9rmica adecuada, podr\u00e1s mantenerte abrigado, c\u00f3modo y con estilo, haga el tiempo que haga.<\/p>\n<div class=\"attachment-container search-images\">\n<div class=\"image-container hide-from-message-actions ng-star-inserted\">\n<div class=\"overlay-container ng-star-inserted\"><\/div>\n<\/div>\n<\/div>","protected":false},"excerpt":{"rendered":"<table style=\"height: 510px;\" width=\"461\">\n<tbody>\n<tr>\n<td width=\"146\"><strong><b>Producto<\/b><\/strong>\u00a0<strong><b>Nombre:<\/b><\/strong><\/td>\n<td width=\"601\"><strong>Chaqueta t\u00e9rmica<\/strong><\/td>\n<\/tr>\n<tr>\n<td width=\"146\"><strong><b>Materlal:<\/b><\/strong><\/td>\n<td width=\"601\">Poli\u00e9ster\/algod\u00f3n<\/td>\n<\/tr>\n<tr>\n<td width=\"146\"><strong><b>T\u00e9cnica:<\/b><\/strong><\/td>\n<td width=\"601\">Algod\u00f3n liso<\/td>\n<\/tr>\n<tr>\n<td width=\"146\"><strong><b>Estilo:<\/b><\/strong><\/td>\n<td width=\"601\">Casual<\/td>\n<\/tr>\n<tr>\n<td width=\"146\"><strong><b>Color<\/b><\/strong><strong><b>:<\/b><\/strong><\/td>\n<td width=\"601\">\u00a0Colores personalizados<\/td>\n<\/tr>\n<tr>\n<td width=\"146\"><strong><b>Tama\u00f1o:<\/b><\/strong><\/td>\n<td width=\"601\">S \/M \/L \/XL \/2XL<\/td>\n<\/tr>\n<tr>\n<td width=\"146\"><strong><b>OEM\/ODM:<\/b><\/strong><\/td>\n<td width=\"601\">Aceptable<\/td>\n<\/tr>\n<tr>\n<td width=\"146\"><strong><b>Calidad:<\/b><\/strong><\/td>\n<td width=\"601\">100% Alta calidad<\/td>\n<\/tr>\n<tr>\n<td width=\"146\"><strong><b>M<\/b><\/strong><strong><b>OQ:<\/b><\/strong><\/td>\n<td width=\"601\">200 unidades<\/td>\n<\/tr>\n<\/tbody>\n<\/table>","protected":false},"featured_media":1822,"template":"","meta":[],"product_brand":[],"product_cat":[38],"product_tag":[],"class_list":{"0":"post-1821","1":"product","2":"type-product","3":"status-publish","4":"has-post-thumbnail","6":"product_cat-mens-clothing","8":"first","9":"instock","10":"shipping-taxable","11":"product-type-simple"},"_links":{"self":[{"href":"https:\/\/mj-clothing.com\/es\/wp-json\/wp\/v2\/product\/1821","targetHints":{"allow":["GET"]}}],"collection":[{"href":"https:\/\/mj-clothing.com\/es\/wp-json\/wp\/v2\/product"}],"about":[{"href":"https:\/\/mj-clothing.com\/es\/wp-json\/wp\/v2\/types\/product"}],"wp:featuredmedia":[{"embeddable":true,"href":"https:\/\/mj-clothing.com\/es\/wp-json\/wp\/v2\/media\/1822"}],"wp:attachment":[{"href":"https:\/\/mj-clothing.com\/es\/wp-json\/wp\/v2\/media?parent=1821"}],"wp:term":[{"taxonomy":"product_brand","embeddable":true,"href":"https:\/\/mj-clothing.com\/es\/wp-json\/wp\/v2\/product_brand?post=1821"},{"taxonomy":"product_cat","embeddable":true,"href":"https:\/\/mj-clothing.com\/es\/wp-json\/wp\/v2\/product_cat?post=1821"},{"taxonomy":"product_tag","embeddable":true,"href":"https:\/\/mj-clothing.com\/es\/wp-json\/wp\/v2\/product_tag?post=1821"}],"curies":[{"name":"wp","href":"https:\/\/api.w.org\/{rel}","templated":true}]}}