{"id":1825,"date":"2024-12-16T02:30:24","date_gmt":"2024-12-16T02:30:24","guid":{"rendered":"https:\/\/mj-clothing.com\/?post_type=product&#038;p=1825"},"modified":"2024-12-17T06:30:13","modified_gmt":"2024-12-17T06:30:13","slug":"alchemai-hoodie","status":"publish","type":"product","link":"https:\/\/mj-clothing.com\/es\/manufacturer\/alchemai-hoodie\/","title":{"rendered":"Sudadera con capucha Alchemai"},"content":{"rendered":"<h3 data-sourcepos=\"1:1-1:266\">Sudadera con capucha Alchemai<\/h3>\n<p data-sourcepos=\"1:1-1:266\">La sudadera con capucha Alchemai es una prenda elegante y c\u00f3moda, perfecta para el d\u00eda a d\u00eda. Est\u00e1 fabricada con materiales de alta calidad y disponible en varios colores. La sudadera con capucha tambi\u00e9n es muy asequible, por lo que es una gran opci\u00f3n para las personas con un presupuesto ajustado.<\/p>\n<p data-sourcepos=\"3:1-3:57\">Estas son algunas de las principales caracter\u00edsticas de la sudadera con capucha Alchemai:<\/p>\n<ul data-sourcepos=\"5:1-10:0\">\n<li data-sourcepos=\"5:1-5:153\"><strong>Fabricado con materiales de alta calidad:<\/strong> La sudadera con capucha est\u00e1 confeccionada en un suave y c\u00f3modo material polar perfecto para mantenerte abrigado en los d\u00edas fr\u00edos.<\/li>\n<li data-sourcepos=\"6:1-6:122\"><strong>Disponible en varios colores:<\/strong> Puedes elegir entre una gran variedad de colores para encontrar la sudadera perfecta para tu estilo.<\/li>\n<li data-sourcepos=\"7:1-7:97\"><strong>Asequible:<\/strong> La sudadera con capucha es muy asequible, lo que la convierte en una gran opci\u00f3n para las personas con un presupuesto ajustado.<\/li>\n<li data-sourcepos=\"8:1-8:103\"><strong>C\u00f3modo:<\/strong> La sudadera es muy c\u00f3moda de llevar, gracias a su dise\u00f1o suave y holgado.<\/li>\n<li data-sourcepos=\"9:1-10:0\"><strong>Con estilo:<\/strong> Adem\u00e1s, la sudadera con capucha es muy elegante y se puede llevar tanto de forma elegante como informal.<\/li>\n<\/ul>\n<p data-sourcepos=\"11:1-11:174\">Si buscas una sudadera con capucha elegante y c\u00f3moda que adem\u00e1s sea asequible, la sudadera con capucha Alchemai es una gran opci\u00f3n. Puedes encontrarla online o en tu tienda m\u00e1s cercana.<\/p>","protected":false},"excerpt":{"rendered":"<table style=\"height: 538px;\" width=\"470\">\n<tbody>\n<tr>\n<td width=\"146\"><strong><b>Producto<\/b><\/strong>\u00a0<strong><b>Nombre:<\/b><\/strong><\/td>\n<td width=\"601\"><strong>Sudadera con capucha Alchemai<\/strong><\/td>\n<\/tr>\n<tr>\n<td width=\"146\"><strong><b>Materlal:<\/b><\/strong><\/td>\n<td width=\"601\">Poli\u00e9ster\/algod\u00f3n<\/td>\n<\/tr>\n<tr>\n<td width=\"146\"><strong><b>T\u00e9cnica:<\/b><\/strong><\/td>\n<td width=\"601\">Impresi\u00f3n y tinte<\/td>\n<\/tr>\n<tr>\n<td width=\"146\"><strong><b>Estilo:<\/b><\/strong><\/td>\n<td width=\"601\">Casual<\/td>\n<\/tr>\n<tr>\n<td width=\"146\"><strong><b>Color<\/b><\/strong><strong><b>:<\/b><\/strong><\/td>\n<td width=\"601\">\u00a0Colores personalizados<\/td>\n<\/tr>\n<tr>\n<td width=\"146\"><strong><b>Tama\u00f1o:<\/b><\/strong><\/td>\n<td width=\"601\">S \/M \/L \/XL \/2XL<\/td>\n<\/tr>\n<tr>\n<td width=\"146\"><strong><b>OEM\/ODM:<\/b><\/strong><\/td>\n<td width=\"601\">Aceptable<\/td>\n<\/tr>\n<tr>\n<td width=\"146\"><strong><b>Calidad:<\/b><\/strong><\/td>\n<td width=\"601\">100% Alta calidad<\/td>\n<\/tr>\n<tr>\n<td width=\"146\"><strong><b>M<\/b><\/strong><strong><b>OQ:<\/b><\/strong><\/td>\n<td width=\"601\">200 unidades<\/td>\n<\/tr>\n<\/tbody>\n<\/table>","protected":false},"featured_media":1826,"template":"","meta":[],"product_brand":[],"product_cat":[38],"product_tag":[],"class_list":{"0":"post-1825","1":"product","2":"type-product","3":"status-publish","4":"has-post-thumbnail","6":"product_cat-mens-clothing","8":"first","9":"instock","10":"shipping-taxable","11":"product-type-simple"},"_links":{"self":[{"href":"https:\/\/mj-clothing.com\/es\/wp-json\/wp\/v2\/product\/1825","targetHints":{"allow":["GET"]}}],"collection":[{"href":"https:\/\/mj-clothing.com\/es\/wp-json\/wp\/v2\/product"}],"about":[{"href":"https:\/\/mj-clothing.com\/es\/wp-json\/wp\/v2\/types\/product"}],"wp:featuredmedia":[{"embeddable":true,"href":"https:\/\/mj-clothing.com\/es\/wp-json\/wp\/v2\/media\/1826"}],"wp:attachment":[{"href":"https:\/\/mj-clothing.com\/es\/wp-json\/wp\/v2\/media?parent=1825"}],"wp:term":[{"taxonomy":"product_brand","embeddable":true,"href":"https:\/\/mj-clothing.com\/es\/wp-json\/wp\/v2\/product_brand?post=1825"},{"taxonomy":"product_cat","embeddable":true,"href":"https:\/\/mj-clothing.com\/es\/wp-json\/wp\/v2\/product_cat?post=1825"},{"taxonomy":"product_tag","embeddable":true,"href":"https:\/\/mj-clothing.com\/es\/wp-json\/wp\/v2\/product_tag?post=1825"}],"curies":[{"name":"wp","href":"https:\/\/api.w.org\/{rel}","templated":true}]}}