{"id":1830,"date":"2024-12-16T02:45:38","date_gmt":"2024-12-16T02:45:38","guid":{"rendered":"https:\/\/mj-clothing.com\/?post_type=product&#038;p=1830"},"modified":"2024-12-17T06:28:33","modified_gmt":"2024-12-17T06:28:33","slug":"plaid-sweatshirt","status":"publish","type":"product","link":"https:\/\/mj-clothing.com\/es\/manufacturer\/plaid-sweatshirt\/","title":{"rendered":"Sudadera de cuadros"},"content":{"rendered":"<p data-sourcepos=\"1:1-1:178\">Las sudaderas de cuadros son una prenda cl\u00e1sica y vers\u00e1til que se puede llevar tanto elegante como informal. Son perfectas para el oto\u00f1o y el invierno, y se pueden llevar en multitud de ocasiones.<\/p>\n<h3 data-sourcepos=\"3:1-3:70\"><strong>Aqu\u00ed tienes algunos aspectos que debes tener en cuenta a la hora de elegir una sudadera a cuadros:<\/strong><\/h3>\n<ul data-sourcepos=\"5:1-9:0\">\n<li data-sourcepos=\"5:1-5:137\"><strong>Color:<\/strong> Los cuadros escoceses est\u00e1n disponibles en una gran variedad de colores y estampados. Elige un color que te guste y que combine bien con el resto de tu ropa.<\/li>\n<li data-sourcepos=\"6:1-6:119\"><strong>En forma:<\/strong> Elige un corte c\u00f3modo y favorecedor. No te conviene una sudadera demasiado ajustada ni demasiado holgada.<\/li>\n<li data-sourcepos=\"7:1-7:101\"><strong>Material:<\/strong> Busca una sudadera hecha de un material de alta calidad que sea suave y c\u00f3modo.<\/li>\n<li data-sourcepos=\"8:1-9:0\"><strong>Estilo:<\/strong> Las sudaderas de cuadros vienen en una gran variedad de estilos, desde el cl\u00e1sico al moderno. Elige un estilo que te guste y se adapte a tu estilo personal.<\/li>\n<\/ul>\n<h3 data-sourcepos=\"10:1-10:51\"><strong>Aqu\u00ed tienes algunas formas de llevar una sudadera de cuadros:<\/strong><\/h3>\n<ul data-sourcepos=\"12:1-15:0\">\n<li data-sourcepos=\"12:1-12:96\"><strong>Casual:<\/strong> Combina una sudadera de cuadros escoceses con vaqueros y zapatillas deportivas para un look casual y c\u00f3modo.<\/li>\n<li data-sourcepos=\"13:1-13:78\"><strong>Elegante:<\/strong> Combina una sudadera de cuadros escoceses con una falda o un vestido.<\/li>\n<li data-sourcepos=\"14:1-15:0\"><strong>En capas:<\/strong> Combina una sudadera de cuadros escoceses con una camiseta o camisa de manga larga para conseguir un look elegante y c\u00e1lido.<\/li>\n<\/ul>\n<h3 data-sourcepos=\"16:1-16:50\"><strong>Aqu\u00ed tienes algunos estilos populares de sudaderas a cuadros:<\/strong><\/h3>\n<ul data-sourcepos=\"18:1-21:0\">\n<li data-sourcepos=\"18:1-18:48\"><strong>Sudaderas con capucha:<\/strong> Una opci\u00f3n cl\u00e1sica y c\u00f3moda.<\/li>\n<li data-sourcepos=\"19:1-19:49\"><strong>Cuello redondo:<\/strong> Una opci\u00f3n m\u00e1s relajada e informal.<\/li>\n<li data-sourcepos=\"20:1-21:0\"><strong>Cremallera:<\/strong> Una opci\u00f3n vers\u00e1til que puede vestirse de forma elegante o informal.<\/li>\n<\/ul>\n<h3 data-sourcepos=\"22:1-22:60\"><strong>Aqu\u00ed tienes algunos consejos para cuidar tu sudadera de cuadros:<\/strong><\/h3>\n<ul data-sourcepos=\"24:1-27:0\">\n<li data-sourcepos=\"24:1-24:55\">Lava la sudadera en agua fr\u00eda con un programa delicado.<\/li>\n<li data-sourcepos=\"25:1-25:21\">Evite utilizar lej\u00eda.<\/li>\n<li data-sourcepos=\"26:1-27:0\">Secar en secadora a baja temperatura o colgar para secar.<\/li>\n<\/ul>\n<p data-sourcepos=\"28:1-28:130\">Con tantos estilos y colores diferentes para elegir, seguro que encuentras la sudadera a cuadros perfecta para a\u00f1adir a tu armario.<\/p>","protected":false},"excerpt":{"rendered":"<table style=\"height: 421px;\" width=\"443\">\n<tbody>\n<tr>\n<td width=\"146\"><strong><b>Producto<\/b><\/strong>\u00a0<strong><b>Nombre:<\/b><\/strong><\/td>\n<td width=\"601\"><strong>Sudadera de cuadros<\/strong><\/td>\n<\/tr>\n<tr>\n<td width=\"146\"><strong><b>Materlal:<\/b><\/strong><\/td>\n<td width=\"601\">Poli\u00e9ster\/algod\u00f3n<\/td>\n<\/tr>\n<tr>\n<td width=\"146\"><strong><b>T\u00e9cnica:<\/b><\/strong><\/td>\n<td width=\"601\">Impresi\u00f3n y tinte<\/td>\n<\/tr>\n<tr>\n<td width=\"146\"><strong><b>Estilo:<\/b><\/strong><\/td>\n<td width=\"601\">Casual<\/td>\n<\/tr>\n<tr>\n<td width=\"146\"><strong><b>Color<\/b><\/strong><strong><b>:<\/b><\/strong><\/td>\n<td width=\"601\">\u00a0Colores personalizados<\/td>\n<\/tr>\n<tr>\n<td width=\"146\"><strong><b>Tama\u00f1o:<\/b><\/strong><\/td>\n<td width=\"601\">S \/M \/L \/XL \/2XL<\/td>\n<\/tr>\n<tr>\n<td width=\"146\"><strong><b>OEM\/ODM:<\/b><\/strong><\/td>\n<td width=\"601\">Aceptable<\/td>\n<\/tr>\n<tr>\n<td width=\"146\"><strong><b>Calidad:<\/b><\/strong><\/td>\n<td width=\"601\">100% Alta calidad<\/td>\n<\/tr>\n<tr>\n<td width=\"146\"><strong><b>M<\/b><\/strong><strong><b>OQ:<\/b><\/strong><\/td>\n<td width=\"601\">200 unidades<\/td>\n<\/tr>\n<\/tbody>\n<\/table>","protected":false},"featured_media":1831,"template":"","meta":[],"product_brand":[],"product_cat":[38],"product_tag":[],"class_list":{"0":"post-1830","1":"product","2":"type-product","3":"status-publish","4":"has-post-thumbnail","6":"product_cat-mens-clothing","8":"first","9":"instock","10":"shipping-taxable","11":"product-type-simple"},"_links":{"self":[{"href":"https:\/\/mj-clothing.com\/es\/wp-json\/wp\/v2\/product\/1830","targetHints":{"allow":["GET"]}}],"collection":[{"href":"https:\/\/mj-clothing.com\/es\/wp-json\/wp\/v2\/product"}],"about":[{"href":"https:\/\/mj-clothing.com\/es\/wp-json\/wp\/v2\/types\/product"}],"wp:featuredmedia":[{"embeddable":true,"href":"https:\/\/mj-clothing.com\/es\/wp-json\/wp\/v2\/media\/1831"}],"wp:attachment":[{"href":"https:\/\/mj-clothing.com\/es\/wp-json\/wp\/v2\/media?parent=1830"}],"wp:term":[{"taxonomy":"product_brand","embeddable":true,"href":"https:\/\/mj-clothing.com\/es\/wp-json\/wp\/v2\/product_brand?post=1830"},{"taxonomy":"product_cat","embeddable":true,"href":"https:\/\/mj-clothing.com\/es\/wp-json\/wp\/v2\/product_cat?post=1830"},{"taxonomy":"product_tag","embeddable":true,"href":"https:\/\/mj-clothing.com\/es\/wp-json\/wp\/v2\/product_tag?post=1830"}],"curies":[{"name":"wp","href":"https:\/\/api.w.org\/{rel}","templated":true}]}}