{"id":1834,"date":"2024-12-16T03:01:13","date_gmt":"2024-12-16T03:01:13","guid":{"rendered":"https:\/\/mj-clothing.com\/?post_type=product&#038;p=1834"},"modified":"2024-12-17T06:27:12","modified_gmt":"2024-12-17T06:27:12","slug":"pullover-hoodie","status":"publish","type":"product","link":"https:\/\/mj-clothing.com\/es\/manufacturer\/pullover-hoodie\/","title":{"rendered":"Sudadera con capucha"},"content":{"rendered":"<p data-sourcepos=\"1:1-1:345\"><span class=\"citation-0 recitation citation-end-0\">Una sudadera con capucha es una prenda informal y c\u00f3moda, perfecta para el d\u00eda a d\u00eda.<\/span> <span class=\"citation-1 recitation citation-end-1\">Suele llevar capucha, bolsillo canguro y pu\u00f1os y cintura el\u00e1sticos.<\/span> <span class=\"citation-2 recitation citation-end-2\">Las sudaderas con capucha suelen estar fabricadas con materiales suaves y c\u00e1lidos, como el forro polar o el algod\u00f3n, por lo que son ideales para los d\u00edas m\u00e1s fr\u00edos.<\/span><\/p>\n<h3 data-sourcepos=\"3:1-3:38\"><strong>Caracter\u00edsticas principales de un jersey-capucha:<\/strong><\/h3>\n<ul data-sourcepos=\"5:1-9:0\">\n<li data-sourcepos=\"5:1-5:61\"><strong>Capucha:<\/strong> Proporciona calor y protecci\u00f3n contra los elementos.<\/li>\n<li data-sourcepos=\"6:1-6:125\"><strong><span class=\"citation-3 recitation\">Bolsillo canguro:<\/span><\/strong><span class=\"citation-3 recitation citation-end-3\"> Un gran bolsillo frontal perfecto para mantener las manos calientes o llevar peque\u00f1os objetos.<\/span><span class=\"button-container hide-from-message-actions ng-star-inserted\"> \u00a0<\/span>\n<div class=\"container ng-tns-c2946245707-75 hide\">\n<div class=\"carousel-container ng-tns-c2946245707-75\"><\/div>\n<\/div>\n<\/li>\n<li data-sourcepos=\"7:1-7:74\"><strong>Pu\u00f1os y cintura el\u00e1sticos:<\/strong> Garantiza un ajuste c\u00f3modo y ce\u00f1ido.<\/li>\n<li data-sourcepos=\"8:1-9:0\"><strong><span class=\"citation-4 recitation\">Material suave y c\u00e1lido:<\/span><\/strong><span class=\"citation-4 recitation citation-end-4\"> Suelen estar fabricados con vell\u00f3n o algod\u00f3n para un confort \u00f3ptimo.<\/span>\n<div class=\"container ng-tns-c2946245707-76 hide\">\n<div class=\"carousel-container ng-tns-c2946245707-76\">\n<div class=\"carousel-content ng-tns-c2946245707-76\">\n<div class=\"sources-carousel-source ng-tns-c2946245707-76 hide ng-star-inserted\" data-test-id=\"sources-carousel-source\"><\/div>\n<\/div>\n<\/div>\n<\/div>\n<\/li>\n<\/ul>\n<h3 data-sourcepos=\"10:1-10:35\"><strong>C\u00f3mo llevar un jersey con capucha:<\/strong><\/h3>\n<p data-sourcepos=\"12:1-12:118\"><span class=\"citation-5 recitation citation-end-5\">Las sudaderas con capucha son incre\u00edblemente vers\u00e1tiles y se pueden combinar de muchas maneras.<\/span> He aqu\u00ed algunas ideas:<\/p>\n<p data-sourcepos=\"12:1-12:118\"><strong>Casual:<\/strong> Combina una sudadera con capucha con unos vaqueros y unas zapatillas para un look relajado y c\u00f3modo.<\/p>\n<ul data-sourcepos=\"14:1-18:0\">\n<li data-sourcepos=\"15:1-15:93\"><strong>Deportivo:<\/strong> Lleva un jersey-guantes con pantalones de ch\u00e1ndal o joggers para un look deportivo y activo.<\/li>\n<li data-sourcepos=\"16:1-16:92\"><strong>En capas:<\/strong> Ponte un jersey con capucha sobre una camiseta o una camisa de manga larga para ir m\u00e1s abrigado.<\/li>\n<li data-sourcepos=\"17:1-18:0\"><strong>Casual elegante:<\/strong> Combina una sudadera con capucha con una cazadora de cuero, unos vaqueros oscuros y unas botas.<\/li>\n<\/ul>\n<h3 data-sourcepos=\"19:1-19:39\"><strong>Marcas populares de Pullover-Hoodies:<\/strong><\/h3>\n<ul data-sourcepos=\"21:1-26:0\">\n<li data-sourcepos=\"21:1-21:77\"><strong><span class=\"citation-6 recitation\">Campe\u00f3n:<\/span><\/strong><span class=\"citation-6 recitation citation-end-6\"> Conocidos por su alta calidad y sus estilos cl\u00e1sicos.<\/span><span class=\"button-container hide-from-message-actions ng-star-inserted\"> \u00a0<\/span>\n<div class=\"container ng-tns-c2946245707-78 hide\">\n<div class=\"carousel-container ng-tns-c2946245707-78\"><\/div>\n<\/div>\n<\/li>\n<li data-sourcepos=\"22:1-22:81\"><strong>Nike:<\/strong> Ofrece una amplia gama de sudaderas con capucha en varios estilos y colores.<\/li>\n<li data-sourcepos=\"23:1-23:58\"><strong>Adidas:<\/strong> Conocidos por sus dise\u00f1os atl\u00e9ticos y deportivos.<\/li>\n<li data-sourcepos=\"24:1-24:63\"><strong>H&amp;M:<\/strong> Ofrece jerseys asequibles y modernos.<\/li>\n<li data-sourcepos=\"25:1-26:0\"><strong>Zara:<\/strong> Ofrece jers\u00e9is con estilo y a la moda.<\/li>\n<\/ul>","protected":false},"excerpt":{"rendered":"<table style=\"height: 508px;\" width=\"446\">\n<tbody>\n<tr>\n<td width=\"146\"><strong><b>Producto<\/b><\/strong>\u00a0<strong><b>Nombre:<\/b><\/strong><\/td>\n<td width=\"601\"><strong>Sudadera con capucha<\/strong><\/td>\n<\/tr>\n<tr>\n<td width=\"146\"><strong><b>Materlal:<\/b><\/strong><\/td>\n<td width=\"601\">Poli\u00e9ster\/algod\u00f3n<\/td>\n<\/tr>\n<tr>\n<td width=\"146\"><strong><b>T\u00e9cnica:<\/b><\/strong><\/td>\n<td width=\"601\">Impresi\u00f3n y tinte<\/td>\n<\/tr>\n<tr>\n<td width=\"146\"><strong><b>Estilo:<\/b><\/strong><\/td>\n<td width=\"601\">Casual<\/td>\n<\/tr>\n<tr>\n<td width=\"146\"><strong><b>Color<\/b><\/strong><strong><b>:<\/b><\/strong><\/td>\n<td width=\"601\">\u00a0Colores personalizados<\/td>\n<\/tr>\n<tr>\n<td width=\"146\"><strong><b>Tama\u00f1o:<\/b><\/strong><\/td>\n<td width=\"601\">S \/M \/L \/XL \/2XL<\/td>\n<\/tr>\n<tr>\n<td width=\"146\"><strong><b>OEM\/ODM:<\/b><\/strong><\/td>\n<td width=\"601\">Aceptable<\/td>\n<\/tr>\n<tr>\n<td width=\"146\"><strong><b>Calidad:<\/b><\/strong><\/td>\n<td width=\"601\">100% Alta calidad<\/td>\n<\/tr>\n<tr>\n<td width=\"146\"><strong><b>M<\/b><\/strong><strong><b>OQ:<\/b><\/strong><\/td>\n<td width=\"601\">200 unidades<\/td>\n<\/tr>\n<\/tbody>\n<\/table>","protected":false},"featured_media":1836,"template":"","meta":[],"product_brand":[],"product_cat":[38],"product_tag":[],"class_list":{"0":"post-1834","1":"product","2":"type-product","3":"status-publish","4":"has-post-thumbnail","6":"product_cat-mens-clothing","8":"first","9":"instock","10":"shipping-taxable","11":"product-type-simple"},"_links":{"self":[{"href":"https:\/\/mj-clothing.com\/es\/wp-json\/wp\/v2\/product\/1834","targetHints":{"allow":["GET"]}}],"collection":[{"href":"https:\/\/mj-clothing.com\/es\/wp-json\/wp\/v2\/product"}],"about":[{"href":"https:\/\/mj-clothing.com\/es\/wp-json\/wp\/v2\/types\/product"}],"wp:featuredmedia":[{"embeddable":true,"href":"https:\/\/mj-clothing.com\/es\/wp-json\/wp\/v2\/media\/1836"}],"wp:attachment":[{"href":"https:\/\/mj-clothing.com\/es\/wp-json\/wp\/v2\/media?parent=1834"}],"wp:term":[{"taxonomy":"product_brand","embeddable":true,"href":"https:\/\/mj-clothing.com\/es\/wp-json\/wp\/v2\/product_brand?post=1834"},{"taxonomy":"product_cat","embeddable":true,"href":"https:\/\/mj-clothing.com\/es\/wp-json\/wp\/v2\/product_cat?post=1834"},{"taxonomy":"product_tag","embeddable":true,"href":"https:\/\/mj-clothing.com\/es\/wp-json\/wp\/v2\/product_tag?post=1834"}],"curies":[{"name":"wp","href":"https:\/\/api.w.org\/{rel}","templated":true}]}}