{"id":1837,"date":"2024-12-16T03:05:25","date_gmt":"2024-12-16T03:05:25","guid":{"rendered":"https:\/\/mj-clothing.com\/?post_type=product&#038;p=1837"},"modified":"2024-12-17T06:26:09","modified_gmt":"2024-12-17T06:26:09","slug":"akimbo-hoodie","status":"publish","type":"product","link":"https:\/\/mj-clothing.com\/es\/manufacturer\/akimbo-hoodie\/","title":{"rendered":"Sudadera Akimbo"},"content":{"rendered":"<p data-sourcepos=\"1:1-1:237\">La sudadera con capucha Akimbo es un estilo popular conocido por su ajuste relajado y de gran tama\u00f1o y su material suave y c\u00f3modo. Suele estar confeccionada con forro polar o algod\u00f3n de alta calidad y cuenta con capucha con cord\u00f3n, bolsillo canguro y pu\u00f1os y cintura de canal\u00e9.<\/p>\n<h3 data-sourcepos=\"3:1-3:38\"><strong>Caracter\u00edsticas principales de la sudadera con capucha Akimbo:<\/strong><\/h3>\n<ul data-sourcepos=\"5:1-10:0\">\n<li data-sourcepos=\"5:1-5:77\"><strong>Ajuste sobredimensionado:<\/strong> Un corte holgado y c\u00f3modo perfecto para llevar a capas.<\/li>\n<li data-sourcepos=\"6:1-6:91\"><strong>Material blando:<\/strong> Suelen estar fabricados con vell\u00f3n o algod\u00f3n de alta calidad para ofrecer la m\u00e1xima comodidad.<\/li>\n<li data-sourcepos=\"7:1-7:89\"><strong>Capucha con cord\u00f3n:<\/strong> Capucha ajustable para mayor calidez y protecci\u00f3n contra los elementos.<\/li>\n<li data-sourcepos=\"8:1-8:111\"><strong><span class=\"citation-0 recitation\">Bolsillo canguro:<\/span><\/strong><span class=\"citation-0 recitation citation-end-0\"> Un espacioso bolsillo frontal para mantener las manos calientes o guardar peque\u00f1os objetos.<\/span><span class=\"button-container hide-from-message-actions ng-star-inserted\"> \u00a0<\/span>\n<div class=\"container ng-tns-c2946245707-91 hide\">\n<div class=\"carousel-container ng-tns-c2946245707-91\"><\/div>\n<\/div>\n<\/li>\n<li data-sourcepos=\"9:1-10:0\"><strong>Pu\u00f1os y cintura de canal\u00e9:<\/strong> Garantiza un ajuste ce\u00f1ido y c\u00f3modo.<\/li>\n<\/ul>\n<h3 data-sourcepos=\"11:1-11:35\"><strong>C\u00f3mo llevar la sudadera Akimbo:<\/strong><\/h3>\n<p data-sourcepos=\"13:1-13:103\">La sudadera con capucha Akimbo es una prenda vers\u00e1til que se puede combinar de muchas maneras. Aqu\u00ed tienes algunas ideas:<\/p>\n<ul data-sourcepos=\"15:1-18:0\">\n<li data-sourcepos=\"15:1-15:105\"><strong>Casual:<\/strong> Comb\u00ednala con vaqueros, pantalones de ch\u00e1ndal o joggers y zapatillas para un look relajado y c\u00f3modo.<\/li>\n<li data-sourcepos=\"16:1-16:77\"><strong>En capas:<\/strong> P\u00f3ntelo por encima de una camiseta o camisa de manga larga para ir m\u00e1s abrigado.<\/li>\n<li data-sourcepos=\"17:1-18:0\"><strong>Casual elegante:<\/strong> Comb\u00ednalo con una chaqueta de cuero, unos vaqueros oscuros y unas botas.<\/li>\n<\/ul>","protected":false},"excerpt":{"rendered":"<table style=\"height: 490px;\" width=\"435\">\n<tbody>\n<tr>\n<td width=\"146\"><strong><b>Producto<\/b><\/strong>\u00a0<strong><b>Nombre:<\/b><\/strong><\/td>\n<td width=\"601\"><strong>Sudadera Akimbo<\/strong><\/td>\n<\/tr>\n<tr>\n<td width=\"146\"><strong><b>Materlal:<\/b><\/strong><\/td>\n<td width=\"601\">Poli\u00e9ster\/algod\u00f3n<\/td>\n<\/tr>\n<tr>\n<td width=\"146\"><strong><b>T\u00e9cnica:<\/b><\/strong><\/td>\n<td width=\"601\">Impresi\u00f3n y tinte<\/td>\n<\/tr>\n<tr>\n<td width=\"146\"><strong><b>Estilo:<\/b><\/strong><\/td>\n<td width=\"601\">Casual<\/td>\n<\/tr>\n<tr>\n<td width=\"146\"><strong><b>Color<\/b><\/strong><strong><b>:<\/b><\/strong><\/td>\n<td width=\"601\">\u00a0Colores personalizados<\/td>\n<\/tr>\n<tr>\n<td width=\"146\"><strong><b>Tama\u00f1o:<\/b><\/strong><\/td>\n<td width=\"601\">S \/M \/L \/XL \/2XL<\/td>\n<\/tr>\n<tr>\n<td width=\"146\"><strong><b>OEM\/ODM:<\/b><\/strong><\/td>\n<td width=\"601\">Aceptable<\/td>\n<\/tr>\n<tr>\n<td width=\"146\"><strong><b>Calidad:<\/b><\/strong><\/td>\n<td width=\"601\">100% Alta calidad<\/td>\n<\/tr>\n<tr>\n<td width=\"146\"><strong><b>M<\/b><\/strong><strong><b>OQ:<\/b><\/strong><\/td>\n<td width=\"601\">200 unidades<\/td>\n<\/tr>\n<\/tbody>\n<\/table>","protected":false},"featured_media":1839,"template":"","meta":[],"product_brand":[],"product_cat":[38],"product_tag":[],"class_list":{"0":"post-1837","1":"product","2":"type-product","3":"status-publish","4":"has-post-thumbnail","6":"product_cat-mens-clothing","8":"first","9":"instock","10":"shipping-taxable","11":"product-type-simple"},"_links":{"self":[{"href":"https:\/\/mj-clothing.com\/es\/wp-json\/wp\/v2\/product\/1837","targetHints":{"allow":["GET"]}}],"collection":[{"href":"https:\/\/mj-clothing.com\/es\/wp-json\/wp\/v2\/product"}],"about":[{"href":"https:\/\/mj-clothing.com\/es\/wp-json\/wp\/v2\/types\/product"}],"wp:featuredmedia":[{"embeddable":true,"href":"https:\/\/mj-clothing.com\/es\/wp-json\/wp\/v2\/media\/1839"}],"wp:attachment":[{"href":"https:\/\/mj-clothing.com\/es\/wp-json\/wp\/v2\/media?parent=1837"}],"wp:term":[{"taxonomy":"product_brand","embeddable":true,"href":"https:\/\/mj-clothing.com\/es\/wp-json\/wp\/v2\/product_brand?post=1837"},{"taxonomy":"product_cat","embeddable":true,"href":"https:\/\/mj-clothing.com\/es\/wp-json\/wp\/v2\/product_cat?post=1837"},{"taxonomy":"product_tag","embeddable":true,"href":"https:\/\/mj-clothing.com\/es\/wp-json\/wp\/v2\/product_tag?post=1837"}],"curies":[{"name":"wp","href":"https:\/\/api.w.org\/{rel}","templated":true}]}}