{"id":1843,"date":"2024-12-16T03:21:20","date_gmt":"2024-12-16T03:21:20","guid":{"rendered":"https:\/\/mj-clothing.com\/?post_type=product&#038;p=1843"},"modified":"2024-12-17T06:40:16","modified_gmt":"2024-12-17T06:40:16","slug":"golf-hoodie","status":"publish","type":"product","link":"https:\/\/mj-clothing.com\/es\/manufacturer\/golf-hoodie\/","title":{"rendered":"Sudadera Golf"},"content":{"rendered":"<p data-sourcepos=\"1:1-1:192\">Una sudadera de golf con capucha es un tipo de prenda deportiva dise\u00f1ada espec\u00edficamente para golfistas, que combina la comodidad y calidez de una sudadera tradicional con caracter\u00edsticas de rendimiento adecuadas para el campo de golf.<\/p>\n<h3 data-sourcepos=\"3:1-3:34\"><strong>Caracter\u00edsticas clave de una sudadera con capucha de golf:<\/strong><\/h3>\n<ul data-sourcepos=\"5:1-10:0\">\n<li data-sourcepos=\"5:1-5:283\"><strong>Tejidos de alto rendimiento:<\/strong> Las sudaderas de golf suelen estar confeccionadas con tejidos de alto rendimiento, como el poli\u00e9ster o una mezcla de poli\u00e9ster y algod\u00f3n. Estos tejidos est\u00e1n dise\u00f1ados para absorber la humedad, ser transpirables y el\u00e1sticos, y mantener a los golfistas secos, c\u00f3modos y sin restricciones durante su swing.<\/li>\n<li data-sourcepos=\"6:1-6:207\"><strong>Resistencia a la intemperie:<\/strong> Muchos ch\u00e1ndales de golf son impermeables o repelentes al agua, lo que protege a los golfistas de la lluvia ligera o la llovizna. Algunos tambi\u00e9n incorporan aislamiento t\u00e9rmico para mantener el calor en los d\u00edas m\u00e1s fr\u00edos.<\/li>\n<li data-sourcepos=\"7:1-7:100\"><strong>Protecci\u00f3n solar:<\/strong> Algunas sudaderas de golf ofrecen protecci\u00f3n UV para proteger a los golfistas de los da\u00f1inos rayos del sol.<\/li>\n<li data-sourcepos=\"8:1-8:162\"><strong>Dise\u00f1o funcional:<\/strong> Las sudaderas de golf suelen incluir bolsillos con cremallera para guardar objetos de valor, capuchas ajustables y orificios para los pulgares para mantener las mangas en su sitio.<\/li>\n<li data-sourcepos=\"9:1-10:0\"><strong>Dise\u00f1o elegante:<\/strong> Los ch\u00e1ndales de golf est\u00e1n disponibles en una gran variedad de estilos, colores y estampados, lo que permite a los golfistas expresar su estilo personal sin renunciar a la funcionalidad.<\/li>\n<\/ul>\n<h3 data-sourcepos=\"11:1-11:31\"><strong>Cu\u00e1ndo llevar una sudadera de golf:<\/strong><\/h3>\n<p data-sourcepos=\"13:1-13:112\">Los ch\u00e1ndales de golf son vers\u00e1tiles y se pueden llevar en una gran variedad de condiciones meteorol\u00f3gicas. Son especialmente \u00fatiles para:<\/p>\n<ul data-sourcepos=\"15:1-18:0\">\n<li data-sourcepos=\"15:1-15:87\"><strong>Tiempo m\u00e1s fresco:<\/strong> Las sudaderas de golf pueden proporcionar calor y comodidad durante las rondas m\u00e1s fr\u00edas.<\/li>\n<li data-sourcepos=\"16:1-16:101\"><strong>Tiempo lluvioso:<\/strong> Las sudaderas de golf con capucha resistentes al agua pueden mantener a los golfistas secos y c\u00f3modos bajo una lluvia ligera.<\/li>\n<li data-sourcepos=\"17:1-18:0\"><strong>Capas:<\/strong> Los ch\u00e1ndales de golf se pueden combinar con otras prendas de golf para crear un conjunto personalizado para diferentes condiciones clim\u00e1ticas.<\/li>\n<\/ul>\n<p data-sourcepos=\"19:1-19:138\">Al elegir una sudadera con capucha de golf que satisfaga sus necesidades y preferencias espec\u00edficas, puede mejorar su comodidad y rendimiento en el campo de golf.<\/p>","protected":false},"excerpt":{"rendered":"<table style=\"height: 543px;\" width=\"471\">\n<tbody>\n<tr>\n<td width=\"146\"><strong><b>Producto<\/b><\/strong>\u00a0<strong><b>Nombre:<\/b><\/strong><\/td>\n<td width=\"601\">\n<p data-sourcepos=\"3:1-3:34\"><strong>Sudadera Golf<\/strong><\/p>\n<\/td>\n<\/tr>\n<tr>\n<td width=\"146\"><strong><b>Materlal:<\/b><\/strong><\/td>\n<td width=\"601\">Poli\u00e9ster\/algod\u00f3n<\/td>\n<\/tr>\n<tr>\n<td width=\"146\"><strong><b>T\u00e9cnica: <\/b><\/strong><\/td>\n<td width=\"601\">Impresi\u00f3n y tinte<\/td>\n<\/tr>\n<tr>\n<td width=\"146\"><strong><b>Estilo: <\/b><\/strong><\/td>\n<td width=\"601\">Casual<\/td>\n<\/tr>\n<tr>\n<td width=\"146\"><strong><b>Color<\/b><\/strong><strong><b>:<\/b><\/strong><\/td>\n<td width=\"601\">Blanco y colores personalizados<\/td>\n<\/tr>\n<tr>\n<td width=\"146\"><strong><b>Tama\u00f1o:<\/b><\/strong><\/td>\n<td width=\"601\">S \/M \/L \/XL \/2XL<\/td>\n<\/tr>\n<tr>\n<td width=\"146\"><strong><b>OEM\/ODM:<\/b><\/strong><\/td>\n<td width=\"601\">Aceptable<\/td>\n<\/tr>\n<tr>\n<td width=\"146\"><strong><b>Calidad:<\/b><\/strong><\/td>\n<td width=\"601\">100% Alta calidad<\/td>\n<\/tr>\n<tr>\n<td width=\"146\"><strong><b>M<\/b><\/strong><strong><b>OQ:<\/b><\/strong><\/td>\n<td width=\"601\">200 unidades<\/td>\n<\/tr>\n<\/tbody>\n<\/table>","protected":false},"featured_media":1844,"template":"","meta":[],"product_brand":[],"product_cat":[38],"product_tag":[],"class_list":{"0":"post-1843","1":"product","2":"type-product","3":"status-publish","4":"has-post-thumbnail","6":"product_cat-mens-clothing","8":"first","9":"instock","10":"shipping-taxable","11":"product-type-simple"},"_links":{"self":[{"href":"https:\/\/mj-clothing.com\/es\/wp-json\/wp\/v2\/product\/1843","targetHints":{"allow":["GET"]}}],"collection":[{"href":"https:\/\/mj-clothing.com\/es\/wp-json\/wp\/v2\/product"}],"about":[{"href":"https:\/\/mj-clothing.com\/es\/wp-json\/wp\/v2\/types\/product"}],"wp:featuredmedia":[{"embeddable":true,"href":"https:\/\/mj-clothing.com\/es\/wp-json\/wp\/v2\/media\/1844"}],"wp:attachment":[{"href":"https:\/\/mj-clothing.com\/es\/wp-json\/wp\/v2\/media?parent=1843"}],"wp:term":[{"taxonomy":"product_brand","embeddable":true,"href":"https:\/\/mj-clothing.com\/es\/wp-json\/wp\/v2\/product_brand?post=1843"},{"taxonomy":"product_cat","embeddable":true,"href":"https:\/\/mj-clothing.com\/es\/wp-json\/wp\/v2\/product_cat?post=1843"},{"taxonomy":"product_tag","embeddable":true,"href":"https:\/\/mj-clothing.com\/es\/wp-json\/wp\/v2\/product_tag?post=1843"}],"curies":[{"name":"wp","href":"https:\/\/api.w.org\/{rel}","templated":true}]}}