{"id":1846,"date":"2024-12-16T03:37:19","date_gmt":"2024-12-16T03:37:19","guid":{"rendered":"https:\/\/mj-clothing.com\/?post_type=product&#038;p=1846"},"modified":"2024-12-17T06:24:41","modified_gmt":"2024-12-17T06:24:41","slug":"weighted-hoodie","status":"publish","type":"product","link":"https:\/\/mj-clothing.com\/es\/manufacturer\/weighted-hoodie\/","title":{"rendered":"Sudadera con capucha"},"content":{"rendered":"<p data-sourcepos=\"1:1-1:292\"><span class=\"citation-0 recitation citation-end-0\">Una sudadera lastrada es un tipo de prenda que incorpora materiales lastrados, normalmente cuentas de vidrio o bolitas de pl\u00e1stico, en el tejido para proporcionar un efecto tranquilizador y de conexi\u00f3n a tierra.<\/span> <span class=\"citation-1 recitation citation-end-1\">Esta suave presi\u00f3n puede ayudar a reducir la ansiedad, mejorar la concentraci\u00f3n y favorecer un mejor sue\u00f1o.<\/span><span class=\"button-container hide-from-message-actions ng-star-inserted\"> \u00a0<\/span><\/p>\n<h3 data-sourcepos=\"3:1-3:38\"><strong>Caracter\u00edsticas clave de una sudadera con capucha lastrada:<\/strong><\/h3>\n<ul data-sourcepos=\"5:1-10:0\">\n<li data-sourcepos=\"5:1-5:145\"><strong>Materiales ponderados:<\/strong> <span class=\"citation-2 recitation citation-end-2\">Peque\u00f1as cuentas o bolitas se distribuyen uniformemente por toda la capucha, proporcionando una presi\u00f3n suave y calmante.<\/span><span class=\"button-container hide-from-message-actions ng-star-inserted\"> \u00a0<\/span>\n<div class=\"container ng-tns-c2946245707-171 hide\">\n<div class=\"carousel-container ng-tns-c2946245707-171\"><\/div>\n<\/div>\n<\/li>\n<li data-sourcepos=\"6:1-6:93\"><strong>Comodidad:<\/strong> <span class=\"citation-3 recitation citation-end-3\">La sudadera con capucha est\u00e1 dise\u00f1ada para ser suave, acogedora y c\u00f3moda de llevar.<\/span><span class=\"button-container hide-from-message-actions ng-star-inserted\"> \u00a0<\/span>\n<div class=\"container ng-tns-c2946245707-172 hide\">\n<div class=\"carousel-container ng-tns-c2946245707-172\"><\/div>\n<\/div>\n<\/li>\n<li data-sourcepos=\"7:1-7:108\"><strong>Versatilidad:<\/strong> <span class=\"citation-4 recitation citation-end-4\">Puede llevarse durante el d\u00eda para relajarse o por la noche para dormir mejor.<\/span><span class=\"button-container hide-from-message-actions ng-star-inserted\"> \u00a0<\/span>\n<div class=\"container ng-tns-c2946245707-173 hide\">\n<div class=\"carousel-container ng-tns-c2946245707-173\"><\/div>\n<\/div>\n<\/li>\n<li data-sourcepos=\"8:1-8:127\"><strong>Efecto calmante:<\/strong> <span class=\"citation-5 recitation citation-end-5\">El peso puede ayudar a reducir el estr\u00e9s y la ansiedad, fomentando una sensaci\u00f3n de paz y bienestar.<\/span><span class=\"button-container hide-from-message-actions ng-star-inserted\">\u00a0<\/span>\n<div class=\"container ng-tns-c2946245707-174 hide\">\n<div class=\"carousel-container ng-tns-c2946245707-174\"><\/div>\n<\/div>\n<\/li>\n<li data-sourcepos=\"9:1-10:0\"><strong><span class=\"citation-6 recitation\">Enfoque mejorado:<\/span><\/strong><span class=\"citation-6 recitation citation-end-6\"> La suave presi\u00f3n puede ayudar a mejorar la atenci\u00f3n y la concentraci\u00f3n.<\/span><span class=\"button-container hide-from-message-actions ng-star-inserted\"> \u00a0<\/span>\n<div class=\"container ng-tns-c2946245707-175 hide\">\n<div class=\"carousel-container ng-tns-c2946245707-175\"><\/div>\n<\/div>\n<\/li>\n<\/ul>\n<h3 data-sourcepos=\"11:1-11:36\"><strong>C\u00f3mo elegir una sudadera con peso:<\/strong><\/h3>\n<ul data-sourcepos=\"13:1-17:0\">\n<li data-sourcepos=\"13:1-13:82\"><strong>Peso:<\/strong> El peso de la sudadera debe ser aproximadamente 5-10% de tu peso corporal.<\/li>\n<li data-sourcepos=\"14:1-14:75\"><strong>Material:<\/strong> Busca un material suave y transpirable, como el algod\u00f3n o el forro polar.<\/li>\n<li data-sourcepos=\"15:1-15:92\"><strong>Distribuci\u00f3n del peso:<\/strong> Aseg\u00farate de que el peso se distribuye uniformemente por toda la sudadera.<\/li>\n<li data-sourcepos=\"16:1-17:0\"><strong>Comodidad:<\/strong> La sudadera debe ajustarse c\u00f3modamente y no quedar ni demasiado apretada ni demasiado holgada.<\/li>\n<\/ul>\n<h3 data-sourcepos=\"18:1-18:33\"><strong>C\u00f3mo usar una sudadera con peso:<\/strong><\/h3>\n<ul data-sourcepos=\"20:1-23:0\">\n<li data-sourcepos=\"20:1-20:72\"><strong>Relajaci\u00f3n:<\/strong> Ponte la sudadera con capucha mientras te relajas en el sof\u00e1 o en la cama.<\/li>\n<li data-sourcepos=\"21:1-21:81\"><strong><span class=\"citation-7 recitation\">Duerme:<\/span><\/strong><span class=\"citation-7 recitation citation-end-7\"> Utiliza la sudadera con capucha como somn\u00edfero para mejorar la calidad del sue\u00f1o.<\/span><span class=\"button-container hide-from-message-actions ng-star-inserted\"> \u00a0<\/span>\n<div class=\"container ng-tns-c2946245707-176 hide\">\n<div class=\"carousel-container ng-tns-c2946245707-176\"><\/div>\n<\/div>\n<\/li>\n<li data-sourcepos=\"22:1-23:0\"><strong><span class=\"citation-8 recitation\">Enfoque:<\/span><\/strong><span class=\"citation-8 recitation citation-end-8\"> Lleva la sudadera con capucha mientras estudias, trabajas o realizas otras actividades que requieran concentraci\u00f3n.<\/span><span class=\"button-container hide-from-message-actions ng-star-inserted\">\u00a0 \u00a0<\/span>\n<div class=\"container ng-tns-c2946245707-177 hide\">\n<div class=\"carousel-container ng-tns-c2946245707-177\"><\/div>\n<\/div>\n<\/li>\n<\/ul>\n<h3 data-sourcepos=\"24:1-24:40\"><strong>Beneficios del uso de una sudadera con capucha lastrada:<\/strong><\/h3>\n<ul data-sourcepos=\"26:1-30:0\">\n<li data-sourcepos=\"26:1-26:92\"><strong>Reducci\u00f3n de la ansiedad:<\/strong> <span class=\"citation-9 recitation citation-end-9\">La suave presi\u00f3n puede ayudar a calmar el sistema nervioso.<\/span><span class=\"button-container hide-from-message-actions ng-star-inserted\"> \u00a0<\/span>\n<div class=\"container ng-tns-c2946245707-178 hide\">\n<div class=\"carousel-container ng-tns-c2946245707-178\"><\/div>\n<\/div>\n<\/li>\n<li data-sourcepos=\"27:1-27:87\"><strong><span class=\"citation-10 recitation\">Mejora el sue\u00f1o:<\/span><\/strong><span class=\"citation-10 recitation citation-end-10\"> El peso puede favorecer un sue\u00f1o m\u00e1s profundo y reparador.<\/span><span class=\"button-container hide-from-message-actions ng-star-inserted\">\u00a0<\/span>\n<div class=\"container ng-tns-c2946245707-179 hide\">\n<div class=\"carousel-container ng-tns-c2946245707-179\"><\/div>\n<\/div>\n<\/li>\n<li data-sourcepos=\"28:1-28:101\"><strong><span class=\"citation-11 recitation\">Mejor enfoque:<\/span><\/strong><span class=\"citation-11 recitation citation-end-11\"> La presi\u00f3n puede ayudar a mejorar la concentraci\u00f3n y la capacidad de atenci\u00f3n.<\/span><span class=\"button-container hide-from-message-actions ng-star-inserted\">\u00a0 \u00a0<\/span>\n<div class=\"container ng-tns-c2946245707-180 hide\">\n<div class=\"carousel-container ng-tns-c2946245707-180\"><\/div>\n<\/div>\n<\/li>\n<li data-sourcepos=\"29:1-30:0\"><strong><span class=\"citation-12 recitation\">Reducci\u00f3n del estr\u00e9s:<\/span><\/strong><span class=\"citation-12 recitation citation-end-12\"> Su efecto calmante puede ayudar a reducir los niveles de estr\u00e9s.<\/span><span class=\"button-container hide-from-message-actions ng-star-inserted\">\u00a0<\/span>\n<div class=\"container ng-tns-c2946245707-181 hide\">\n<div class=\"carousel-container ng-tns-c2946245707-181\"><\/div>\n<\/div>\n<\/li>\n<\/ul>\n<p data-sourcepos=\"31:1-31:269\">Si buscas una forma natural de reducir el estr\u00e9s y la ansiedad, una sudadera con peso puede ser una buena opci\u00f3n para ti. Sin embargo, es importante que consultes con un profesional sanitario antes de utilizar un producto lastrado, sobre todo si tienes alg\u00fan problema de salud subyacente.<\/p>","protected":false},"excerpt":{"rendered":"<table style=\"height: 478px;\" width=\"402\">\n<tbody>\n<tr>\n<td width=\"146\"><strong><b>Producto<\/b><\/strong>\u00a0<strong><b>Nombre:<\/b><\/strong><\/td>\n<td width=\"601\"><strong>Sudadera con capucha<\/strong><\/td>\n<\/tr>\n<tr>\n<td width=\"146\"><strong><b>Materlal:<\/b><\/strong><\/td>\n<td width=\"601\">Poli\u00e9ster\/algod\u00f3n<\/td>\n<\/tr>\n<tr>\n<td width=\"146\"><strong><b>T\u00e9cnica:<\/b><\/strong><\/td>\n<td width=\"601\">Impresi\u00f3n y tinte<\/td>\n<\/tr>\n<tr>\n<td width=\"146\"><strong><b>Estilo:<\/b><\/strong><\/td>\n<td width=\"601\">Casual<\/td>\n<\/tr>\n<tr>\n<td width=\"146\"><strong><b>Color<\/b><\/strong><strong><b>:<\/b><\/strong><\/td>\n<td width=\"601\">\u00a0Colores personalizados<\/td>\n<\/tr>\n<tr>\n<td width=\"146\"><strong><b>Tama\u00f1o:<\/b><\/strong><\/td>\n<td width=\"601\">S \/M \/L \/XL \/2XL<\/td>\n<\/tr>\n<tr>\n<td width=\"146\"><strong><b>OEM\/ODM:<\/b><\/strong><\/td>\n<td width=\"601\">Aceptable<\/td>\n<\/tr>\n<tr>\n<td width=\"146\"><strong><b>Calidad:<\/b><\/strong><\/td>\n<td width=\"601\">100% Alta calidad<\/td>\n<\/tr>\n<tr>\n<td width=\"146\"><strong><b>M<\/b><\/strong><strong><b>OQ:<\/b><\/strong><\/td>\n<td width=\"601\">200 unidades<\/td>\n<\/tr>\n<\/tbody>\n<\/table>","protected":false},"featured_media":1848,"template":"","meta":[],"product_brand":[],"product_cat":[38],"product_tag":[],"class_list":{"0":"post-1846","1":"product","2":"type-product","3":"status-publish","4":"has-post-thumbnail","6":"product_cat-mens-clothing","8":"first","9":"instock","10":"shipping-taxable","11":"product-type-simple"},"_links":{"self":[{"href":"https:\/\/mj-clothing.com\/es\/wp-json\/wp\/v2\/product\/1846","targetHints":{"allow":["GET"]}}],"collection":[{"href":"https:\/\/mj-clothing.com\/es\/wp-json\/wp\/v2\/product"}],"about":[{"href":"https:\/\/mj-clothing.com\/es\/wp-json\/wp\/v2\/types\/product"}],"wp:featuredmedia":[{"embeddable":true,"href":"https:\/\/mj-clothing.com\/es\/wp-json\/wp\/v2\/media\/1848"}],"wp:attachment":[{"href":"https:\/\/mj-clothing.com\/es\/wp-json\/wp\/v2\/media?parent=1846"}],"wp:term":[{"taxonomy":"product_brand","embeddable":true,"href":"https:\/\/mj-clothing.com\/es\/wp-json\/wp\/v2\/product_brand?post=1846"},{"taxonomy":"product_cat","embeddable":true,"href":"https:\/\/mj-clothing.com\/es\/wp-json\/wp\/v2\/product_cat?post=1846"},{"taxonomy":"product_tag","embeddable":true,"href":"https:\/\/mj-clothing.com\/es\/wp-json\/wp\/v2\/product_tag?post=1846"}],"curies":[{"name":"wp","href":"https:\/\/api.w.org\/{rel}","templated":true}]}}