{"id":1853,"date":"2024-12-16T06:19:44","date_gmt":"2024-12-16T06:19:44","guid":{"rendered":"https:\/\/mj-clothing.com\/?post_type=product&#038;p=1853"},"modified":"2024-12-17T06:22:58","modified_gmt":"2024-12-17T06:22:58","slug":"drake-hoodie","status":"publish","type":"product","link":"https:\/\/mj-clothing.com\/es\/manufacturer\/drake-hoodie\/","title":{"rendered":"Sudadera Drake"},"content":{"rendered":"<p data-sourcepos=\"1:1-1:226\"><span class=\"citation-0 recitation citation-end-0\">Drake Hoodie, el c\u00e9lebre rapero canadiense, ha inspirado toda una gama de art\u00edculos, incluidas sudaderas con capucha.<\/span> <span class=\"citation-1 recitation citation-end-1\">Estas sudaderas suelen llevar su emblem\u00e1tico logotipo, las ilustraciones de sus \u00e1lbumes o las letras de sus canciones.<\/span><\/p>\n<h3 data-sourcepos=\"1:1-1:226\"><strong>Caracter\u00edsticas principales de una sudadera con capucha Drake:<\/strong><\/h3>\n<ul data-sourcepos=\"5:1-9:0\">\n<li data-sourcepos=\"5:1-5:125\"><strong><span class=\"citation-2 recitation\">Material de alta calidad:<\/span><\/strong><span class=\"citation-2 recitation citation-end-2\"> Suelen estar fabricados con materiales de primera calidad, como algod\u00f3n o forro polar, para mayor comodidad y durabilidad.<\/span><span class=\"button-container hide-from-message-actions ng-star-inserted\"> \u00a0<\/span><\/li>\n<li data-sourcepos=\"5:1-5:125\"><span class=\"button-container hide-from-message-actions ng-star-inserted\"><strong style=\"font-size: 14.4px;\"><span class=\"citation-3 recitation\">Dise\u00f1o elegante:<\/span><\/strong><span class=\"citation-3 recitation citation-end-3\" style=\"font-size: 14.4px;\"> Incorpora dise\u00f1os de moda, gr\u00e1ficos atrevidos y la est\u00e9tica caracter\u00edstica de Drake.<\/span><span class=\"button-container hide-from-message-actions ng-star-inserted\" style=\"font-size: 14.4px;\"> \u00a0<\/span><\/span>\n<div class=\"container ng-tns-c2946245707-199 hide\">\n<div class=\"carousel-container ng-tns-c2946245707-199\"><\/div>\n<\/div>\n<\/li>\n<li data-sourcepos=\"7:1-7:80\"><strong>Ajuste c\u00f3modo:<\/strong> Proporciona un ajuste relajado y c\u00f3modo para el uso diario.<\/li>\n<li data-sourcepos=\"8:1-9:0\"><strong>Atractivo para los fans:<\/strong> <span class=\"citation-4 recitation citation-end-4\">Presenta im\u00e1genes y marcas ic\u00f3nicas de Drake.<\/span><span class=\"button-container hide-from-message-actions ng-star-inserted\"> \u00a0<\/span>\n<div class=\"container ng-tns-c2946245707-200 hide\">\n<div class=\"carousel-container ng-tns-c2946245707-200\"><\/div>\n<\/div>\n<\/li>\n<\/ul>\n<h3 data-sourcepos=\"10:1-10:32\"><strong>D\u00f3nde comprar una sudadera con capucha de Drake:<\/strong><\/h3>\n<ul data-sourcepos=\"12:1-15:0\">\n<li data-sourcepos=\"12:1-12:146\"><strong>Tiendas oficiales:<\/strong> <span class=\"citation-5 recitation citation-end-5\">La tienda oficial de Drake o los distribuidores autorizados suelen vender sudaderas con capucha con licencia oficial.<\/span><span class=\"button-container hide-from-message-actions ng-star-inserted\">\u00a0 \u00a0<\/span>\n<div class=\"container ng-tns-c2946245707-201 hide\">\n<div class=\"carousel-container ng-tns-c2946245707-201\"><\/div>\n<\/div>\n<\/li>\n<li data-sourcepos=\"13:1-13:162\"><strong><span class=\"citation-6 recitation\">Mercados en l\u00ednea:<\/span><\/strong><span class=\"citation-6 recitation citation-end-6\"> Plataformas como eBay, StockX y Grailed ofrecen una amplia gama de Drake -hoodies, incluidos art\u00edculos de edici\u00f3n limitada y vintage.<\/span><span class=\"button-container hide-from-message-actions ng-star-inserted\"> \u00a0<\/span>\n<div class=\"container ng-tns-c2946245707-202 hide\">\n<div class=\"carousel-container ng-tns-c2946245707-202\"><\/div>\n<\/div>\n<\/li>\n<li data-sourcepos=\"14:1-15:0\"><strong>Tiendas de reventa:<\/strong> Echa un vistazo a las boutiques locales de ropa de calle y a las tiendas de segunda mano.<\/li>\n<\/ul>\n<h3 data-sourcepos=\"16:1-16:35\"><strong>Consejos para comprar una sudadera Drake:<\/strong><\/h3>\n<ul data-sourcepos=\"18:1-22:0\">\n<li data-sourcepos=\"18:1-18:101\"><strong>Autenticidad:<\/strong> Verifica la autenticidad de la sudadera comprobando si lleva etiquetas y marcas oficiales.<\/li>\n<li data-sourcepos=\"19:1-19:85\"><strong>Estado:<\/strong> Si compras una sudadera de segunda mano, comprueba que no presente signos de desgaste o da\u00f1os.<\/li>\n<li data-sourcepos=\"20:1-20:84\"><strong>Talla:<\/strong> Consulte la tabla de tallas proporcionada por el vendedor para garantizar un ajuste adecuado.<\/li>\n<li data-sourcepos=\"21:1-22:0\"><strong>Precio:<\/strong> Investiga los precios actuales del mercado para evitar pagar de m\u00e1s.<\/li>\n<\/ul>\n<p data-sourcepos=\"23:1-23:123\">Siguiendo estos consejos, podr\u00e1s encontrar la sudadera con capucha de Drake perfecta para mostrar tu amor por el artista y elevar tu estilo.<\/p>","protected":false},"excerpt":{"rendered":"<table style=\"height: 547px;\" width=\"443\">\n<tbody>\n<tr>\n<td width=\"146\"><strong><b>Producto<\/b><\/strong>\u00a0<strong><b>Nombre:<\/b><\/strong><\/td>\n<td width=\"601\"><strong>Sudadera Drake<\/strong><\/td>\n<\/tr>\n<tr>\n<td width=\"146\"><strong><b>Materlal:<\/b><\/strong><\/td>\n<td width=\"601\">Poli\u00e9ster\/algod\u00f3n<\/td>\n<\/tr>\n<tr>\n<td width=\"146\"><strong><b>T\u00e9cnica:<\/b><\/strong><\/td>\n<td width=\"601\">Impresi\u00f3n y tinte<\/td>\n<\/tr>\n<tr>\n<td width=\"146\"><strong><b>Estilo:<\/b><\/strong><\/td>\n<td width=\"601\">Casual<\/td>\n<\/tr>\n<tr>\n<td width=\"146\"><strong><b>Color<\/b><\/strong><strong><b>:<\/b><\/strong><\/td>\n<td width=\"601\">\u00a0Negro y colores personalizados<\/td>\n<\/tr>\n<tr>\n<td width=\"146\"><strong><b>Tama\u00f1o:<\/b><\/strong><\/td>\n<td width=\"601\">S \/M \/L \/XL \/2XL<\/td>\n<\/tr>\n<tr>\n<td width=\"146\"><strong><b>OEM\/ODM:<\/b><\/strong><\/td>\n<td width=\"601\">Aceptable<\/td>\n<\/tr>\n<tr>\n<td width=\"146\"><strong><b>Calidad:<\/b><\/strong><\/td>\n<td width=\"601\">100% Alta calidad<\/td>\n<\/tr>\n<tr>\n<td width=\"146\"><strong><b>M<\/b><\/strong><strong><b>OQ:<\/b><\/strong><\/td>\n<td width=\"601\">200 unidades<\/td>\n<\/tr>\n<\/tbody>\n<\/table>","protected":false},"featured_media":1857,"template":"","meta":[],"product_brand":[],"product_cat":[38],"product_tag":[],"class_list":{"0":"post-1853","1":"product","2":"type-product","3":"status-publish","4":"has-post-thumbnail","6":"product_cat-mens-clothing","8":"first","9":"instock","10":"shipping-taxable","11":"product-type-simple"},"_links":{"self":[{"href":"https:\/\/mj-clothing.com\/es\/wp-json\/wp\/v2\/product\/1853","targetHints":{"allow":["GET"]}}],"collection":[{"href":"https:\/\/mj-clothing.com\/es\/wp-json\/wp\/v2\/product"}],"about":[{"href":"https:\/\/mj-clothing.com\/es\/wp-json\/wp\/v2\/types\/product"}],"wp:featuredmedia":[{"embeddable":true,"href":"https:\/\/mj-clothing.com\/es\/wp-json\/wp\/v2\/media\/1857"}],"wp:attachment":[{"href":"https:\/\/mj-clothing.com\/es\/wp-json\/wp\/v2\/media?parent=1853"}],"wp:term":[{"taxonomy":"product_brand","embeddable":true,"href":"https:\/\/mj-clothing.com\/es\/wp-json\/wp\/v2\/product_brand?post=1853"},{"taxonomy":"product_cat","embeddable":true,"href":"https:\/\/mj-clothing.com\/es\/wp-json\/wp\/v2\/product_cat?post=1853"},{"taxonomy":"product_tag","embeddable":true,"href":"https:\/\/mj-clothing.com\/es\/wp-json\/wp\/v2\/product_tag?post=1853"}],"curies":[{"name":"wp","href":"https:\/\/api.w.org\/{rel}","templated":true}]}}